{"id":22670,"date":"2024-10-08T14:42:28","date_gmt":"2024-10-08T14:42:28","guid":{"rendered":"https:\/\/www.fundacionrafanadal.org\/?page_id=22670"},"modified":"2024-10-08T14:42:38","modified_gmt":"2024-10-08T14:42:38","slug":"the-third-edition-of-the-rafa-nadal-foundation-awards-driven-by-telefonica-kicks-off-and-is-presented-at-the-movistar-space-in-madrid","status":"publish","type":"page","link":"https:\/\/fundacionrafanadal.quelinka.es\/en\/get-to-know\/news\/news-2024\/the-third-edition-of-the-rafa-nadal-foundation-awards-driven-by-telefonica-kicks-off-and-is-presented-at-the-movistar-space-in-madrid\/","title":{"rendered":"The third edition of the Rafa Nadal Foundation Awards, driven by Telef\u00f3nica, kicks off and is presented at the Movistar Space in Madrid"},"content":{"rendered":"\n<div class=\"wp-block-media-text alignfull is-stacked-on-mobile is-image-fill has-background\" style=\"background-color:#ddac31\"><figure class=\"wp-block-media-text__media\" style=\"background-image:url(https:\/\/www.fundacionrafanadal.quelinka.es\/wp-content\/uploads\/2022\/07\/ISM08879.png);background-position:50% 50%\"><img loading=\"lazy\" decoding=\"async\" width=\"900\" height=\"399\" src=\"https:\/\/www.fundacionrafanadal.quelinka.es\/wp-content\/uploads\/2022\/07\/ISM08879.png\" alt=\"\" class=\"wp-image-9879 size-full\" srcset=\"https:\/\/fundacionrafanadal.quelinka.es\/wp-content\/uploads\/2022\/07\/ISM08879.png 900w, https:\/\/fundacionrafanadal.quelinka.es\/wp-content\/uploads\/2022\/07\/ISM08879-300x133.png 300w, https:\/\/fundacionrafanadal.quelinka.es\/wp-content\/uploads\/2022\/07\/ISM08879-768x340.png 768w\" sizes=\"auto, (max-width: 900px) 100vw, 900px\" \/><\/figure><div class=\"wp-block-media-text__content\">\n<div style=\"height:30px\" aria-hidden=\"true\" class=\"wp-block-spacer\"><\/div>\n\n\n\n<h2 class=\"has-ast-global-color-5-color has-text-color wp-block-heading\" style=\"font-size:48px\"><strong>News<\/strong><\/h2>\n\n\n\n<div style=\"height:200px\" aria-hidden=\"true\" class=\"wp-block-spacer\"><\/div>\n<\/div><\/div>\n\n\n\n<div style=\"height:50px\" aria-hidden=\"true\" class=\"wp-block-spacer\"><\/div>\n\n\n\n<div class=\"inherit-container-width wp-block-group is-layout-constrained wp-block-group-is-layout-constrained\"><div class=\"wp-block-group__inner-container\">\n<div class=\"inherit-container-width wp-block-group is-layout-constrained wp-block-group-is-layout-constrained\"><div class=\"wp-block-group__inner-container\"><div class=\"wp-block-post-date\"><time datetime=\"2024-10-08T14:42:28+02:00\">8 de October de 2024<\/time><\/div>\n\n\n<h2 class=\"wp-block-heading has-medium-font-size\" style=\"text-transform:uppercase\"><strong>THE THIRD CALL FOR THE RAFA NADAL FOUNDATION AWARDS, DRIVEN BY TELEF\u00d3NICA, KICKS OFF AND IS PRESENTED AT THE MOVISTAR SPACE IN MADRID<\/strong><\/h2>\n\n\n\n<figure class=\"wp-block-image alignwide size-full\"><img loading=\"lazy\" decoding=\"async\" width=\"1000\" height=\"800\" src=\"https:\/\/www.fundacionrafanadal.quelinka.es\/wp-content\/uploads\/2024\/10\/Foto-Familia_b.jpg\" alt=\"\" class=\"wp-image-22694\" srcset=\"https:\/\/fundacionrafanadal.quelinka.es\/wp-content\/uploads\/2024\/10\/Foto-Familia_b.jpg 1000w, https:\/\/fundacionrafanadal.quelinka.es\/wp-content\/uploads\/2024\/10\/Foto-Familia_b-300x240.jpg 300w, https:\/\/fundacionrafanadal.quelinka.es\/wp-content\/uploads\/2024\/10\/Foto-Familia_b-768x614.jpg 768w\" sizes=\"auto, (max-width: 1000px) 100vw, 1000px\" \/><\/figure>\n\n\n\n<p><strong>\u2022 With the backing of Telef\u00f3nica, the Rafa Nadal Foundation launches the third edition of its awards.<\/strong><\/p>\n\n\n\n<p><strong>\u2022 These awards aim to support projects from non-profit organizations that work to improve the quality of life for vulnerable groups.<\/strong><\/p>\n\n\n\n<p><strong>\u2022 The awards will recognize social entities in five different categories: sports and education, social innovation, health and well-being, development cooperation, and as a new addition in this edition, environmental action.<\/strong><\/p>\n\n\n\n<p>In an event filled with enthusiasm, the Rafa Nadal Foundation has kicked off the third edition of the \u201cRafa Nadal Foundation Awards.\u201d The presentation was held at the Movistar Space in Madrid, with the presence of representatives from the Rafa Nadal Foundation, Telef\u00f3nica, and the Lealtad Foundation, as well as the special participation of the Miradas Foundation, who were awarded in the Social Innovation category in the second edition of the awards.<\/p>\n\n\n\n<p><strong>Rafael Fern\u00e1ndez de Alarc\u00f3n<\/strong>, Global Marketing Director of Telef\u00f3nica, opened the event by highlighting the significant collaboration between Telef\u00f3nica and the Rafa Nadal Foundation. He emphasized the impact of these awards in the third sector and their relevance to society as a whole, underlining how this partnership helps promote social well-being.<\/p>\n\n\n\n<p><strong>Mar\u00eda Francisca Perell\u00f3<\/strong>, director of the Rafa Nadal Foundation, expressed great emotion regarding the goal of these awards and especially thanked Telef\u00f3nica for its essential support. She also highlighted the fundamental role of the Lealtad Foundation in the technical management and evaluation of the applications, as well as the inspiring example of the Miradas Foundation, winners of the Social Innovation category of the second edition of the awards.<\/p>\n\n\n\n<p>During her speech, Mar\u00eda Francisca Perell\u00f3 officially launched the third edition of the Rafa Nadal Foundation Awards and called on all organizations to submit their projects and continue working together to build a more inclusive and just society.<\/p>\n\n\n\n<figure class=\"wp-block-gallery has-nested-images columns-default is-cropped wp-block-gallery-1 is-layout-flex wp-block-gallery-is-layout-flex\">\n<figure class=\"wp-block-image size-large\"><img loading=\"lazy\" decoding=\"async\" width=\"1000\" height=\"800\" data-id=\"22686\" src=\"https:\/\/www.fundacionrafanadal.quelinka.es\/wp-content\/uploads\/2024\/10\/IMG_0740_b.jpg\" alt=\"\" class=\"wp-image-22686\" srcset=\"https:\/\/fundacionrafanadal.quelinka.es\/wp-content\/uploads\/2024\/10\/IMG_0740_b.jpg 1000w, https:\/\/fundacionrafanadal.quelinka.es\/wp-content\/uploads\/2024\/10\/IMG_0740_b-300x240.jpg 300w, https:\/\/fundacionrafanadal.quelinka.es\/wp-content\/uploads\/2024\/10\/IMG_0740_b-768x614.jpg 768w\" sizes=\"auto, (max-width: 1000px) 100vw, 1000px\" \/><\/figure>\n\n\n\n<figure class=\"wp-block-image size-large\"><img loading=\"lazy\" decoding=\"async\" width=\"1000\" height=\"800\" data-id=\"22677\" src=\"https:\/\/www.fundacionrafanadal.quelinka.es\/wp-content\/uploads\/2024\/10\/IMG_0723_b.jpg\" alt=\"\" class=\"wp-image-22677\" srcset=\"https:\/\/fundacionrafanadal.quelinka.es\/wp-content\/uploads\/2024\/10\/IMG_0723_b.jpg 1000w, https:\/\/fundacionrafanadal.quelinka.es\/wp-content\/uploads\/2024\/10\/IMG_0723_b-300x240.jpg 300w, https:\/\/fundacionrafanadal.quelinka.es\/wp-content\/uploads\/2024\/10\/IMG_0723_b-768x614.jpg 768w\" sizes=\"auto, (max-width: 1000px) 100vw, 1000px\" \/><\/figure>\n<\/figure>\n\n\n\n<p><strong>Mar\u00eda Eugenia Larregola<\/strong>, representative of the Lealtad Foundation, detailed the evaluation and selection process for the applications, encouraging all organizations to participate in the awards and submit their initiatives. She also highlighted several new features of this edition, which is aimed at micro, small, and medium-sized entities, and includes a new environmental action category.<\/p>\n\n\n\n<p><strong>Simona Palacios<\/strong>, President of the Miradas Foundation, shared her experience and the impact of their work this year with the BBMiradas project, a program for monitoring the development, detection, and intervention of autism in babies aged 4 to 36 months.<\/p>\n\n\n\n<p>The event concluded with a Q&amp;A session from the media and attendees regarding the new call for the awards.<\/p>\n\n\n\n<p>The <strong>Rafa Nadal Foundation <\/strong>thanked all attendees and collaborators for their participation in the event and encouraged third sector organizations to get involved in the third edition of the Rafa Nadal Foundation Awards.<\/p>\n\n\n\n<p><strong>For more information on the III Rafa Nadal Foundation Awards and how to participate, visit the official Foundation website at: <a href=\"http:\/\/www.fundacionrafanadal.quelinka.es\/premios-fundacion-rafa-nadal-2024\/\">www.fundacionrafanadal.quelinka.es\/premios-fundacion-rafa-nadal-2024\/<\/a><\/strong><\/p>\n<\/div><\/div>\n<\/div><\/div>\n","protected":false},"excerpt":{"rendered":"<p>THE THIRD CALL FOR THE RAFA NADAL FOUNDATION AWARDS, DRIVEN BY TELEF\u00d3NICA, KICKS OFF AND IS PRESENTED AT THE MOVISTAR SPACE IN MADRID \u2022 With the backing of Telef\u00f3nica, the Rafa Nadal Foundation launches the third edition of its awards. \u2022 These awards aim to support projects from non-profit organizations that work to improve the [&hellip;]<\/p>\n","protected":false},"author":1,"featured_media":22694,"parent":18939,"menu_order":-2,"comment_status":"closed","ping_status":"closed","template":"","meta":{"_acf_changed":false,"give_campaign_id":0,"_monsterinsights_skip_tracking":false,"_monsterinsights_sitenote_active":false,"_monsterinsights_sitenote_note":"","_monsterinsights_sitenote_category":0,"site-sidebar-layout":"default","site-content-layout":"","ast-site-content-layout":"default","site-content-style":"default","site-sidebar-style":"default","ast-global-header-display":"","ast-banner-title-visibility":"","ast-main-header-display":"","ast-hfb-above-header-display":"","ast-hfb-below-header-display":"","ast-hfb-mobile-header-display":"","site-post-title":"disabled","ast-breadcrumbs-content":"","ast-featured-img":"disabled","footer-sml-layout":"","ast-disable-related-posts":"","theme-transparent-header-meta":"","adv-header-id-meta":"","stick-header-meta":"","header-above-stick-meta":"","header-main-stick-meta":"","header-below-stick-meta":"","astra-migrate-meta-layouts":"set","ast-page-background-enabled":"default","ast-page-background-meta":{"desktop":{"background-color":"var(--ast-global-color-4)","background-image":"","background-repeat":"repeat","background-position":"center center","background-size":"auto","background-attachment":"scroll","background-type":"","background-media":"","overlay-type":"","overlay-color":"","overlay-opacity":"","overlay-gradient":""},"tablet":{"background-color":"","background-image":"","background-repeat":"repeat","background-position":"center center","background-size":"auto","background-attachment":"scroll","background-type":"","background-media":"","overlay-type":"","overlay-color":"","overlay-opacity":"","overlay-gradient":""},"mobile":{"background-color":"","background-image":"","background-repeat":"repeat","background-position":"center center","background-size":"auto","background-attachment":"scroll","background-type":"","background-media":"","overlay-type":"","overlay-color":"","overlay-opacity":"","overlay-gradient":""}},"ast-content-background-meta":{"desktop":{"background-color":"var(--ast-global-color-5)","background-image":"","background-repeat":"repeat","background-position":"center center","background-size":"auto","background-attachment":"scroll","background-type":"","background-media":"","overlay-type":"","overlay-color":"","overlay-opacity":"","overlay-gradient":""},"tablet":{"background-color":"var(--ast-global-color-5)","background-image":"","background-repeat":"repeat","background-position":"center center","background-size":"auto","background-attachment":"scroll","background-type":"","background-media":"","overlay-type":"","overlay-color":"","overlay-opacity":"","overlay-gradient":""},"mobile":{"background-color":"var(--ast-global-color-5)","background-image":"","background-repeat":"repeat","background-position":"center center","background-size":"auto","background-attachment":"scroll","background-type":"","background-media":"","overlay-type":"","overlay-color":"","overlay-opacity":"","overlay-gradient":""}},"_themeisle_gutenberg_block_has_review":false,"footnotes":""},"class_list":["post-22670","page","type-page","status-publish","has-post-thumbnail","hentry"],"acf":[],"yoast_head":"<!-- This site is optimized with the Yoast SEO plugin v26.8 - https:\/\/yoast.com\/product\/yoast-seo-wordpress\/ -->\n<title>The third edition of the Rafa Nadal Foundation Awards, driven by Telef\u00f3nica, kicks off and is presented at the Movistar Space in Madrid - Fundaci\u00f3n Rafa Nadal<\/title>\n<meta name=\"robots\" content=\"noindex, follow, max-snippet:-1, max-image-preview:large, max-video-preview:-1\" \/>\n<meta property=\"og:locale\" content=\"en_US\" \/>\n<meta property=\"og:type\" content=\"article\" \/>\n<meta property=\"og:title\" content=\"The third edition of the Rafa Nadal Foundation Awards, driven by Telef\u00f3nica, kicks off and is presented at the Movistar Space in Madrid - Fundaci\u00f3n Rafa Nadal\" \/>\n<meta property=\"og:description\" content=\"THE THIRD CALL FOR THE RAFA NADAL FOUNDATION AWARDS, DRIVEN BY TELEF\u00d3NICA, KICKS OFF AND IS PRESENTED AT THE MOVISTAR SPACE IN MADRID \u2022 With the backing of Telef\u00f3nica, the Rafa Nadal Foundation launches the third edition of its awards. \u2022 These awards aim to support projects from non-profit organizations that work to improve the [&hellip;]\" \/>\n<meta property=\"og:url\" content=\"https:\/\/fundacionrafanadal.quelinka.es\/en\/get-to-know\/news\/news-2024\/the-third-edition-of-the-rafa-nadal-foundation-awards-driven-by-telefonica-kicks-off-and-is-presented-at-the-movistar-space-in-madrid\/\" \/>\n<meta property=\"og:site_name\" content=\"Fundaci\u00f3n Rafa Nadal\" \/>\n<meta property=\"article:modified_time\" content=\"2024-10-08T14:42:38+00:00\" \/>\n<meta property=\"og:image\" content=\"https:\/\/fundacionrafanadal.quelinka.es\/wp-content\/uploads\/2024\/10\/Foto-Familia_b.jpg\" \/>\n\t<meta property=\"og:image:width\" content=\"1000\" \/>\n\t<meta property=\"og:image:height\" content=\"800\" \/>\n\t<meta property=\"og:image:type\" content=\"image\/jpeg\" \/>\n<meta name=\"twitter:card\" content=\"summary_large_image\" \/>\n<meta name=\"twitter:label1\" content=\"Est. reading time\" \/>\n\t<meta name=\"twitter:data1\" content=\"4 minutes\" \/>\n<script type=\"application\/ld+json\" class=\"yoast-schema-graph\">{\"@context\":\"https:\/\/schema.org\",\"@graph\":[{\"@type\":\"WebPage\",\"@id\":\"https:\/\/fundacionrafanadal.quelinka.es\/en\/get-to-know\/news\/news-2024\/the-third-edition-of-the-rafa-nadal-foundation-awards-driven-by-telefonica-kicks-off-and-is-presented-at-the-movistar-space-in-madrid\/\",\"url\":\"https:\/\/fundacionrafanadal.quelinka.es\/en\/get-to-know\/news\/news-2024\/the-third-edition-of-the-rafa-nadal-foundation-awards-driven-by-telefonica-kicks-off-and-is-presented-at-the-movistar-space-in-madrid\/\",\"name\":\"The third edition of the Rafa Nadal Foundation Awards, driven by Telef\u00f3nica, kicks off and is presented at the Movistar Space in Madrid - Fundaci\u00f3n Rafa Nadal\",\"isPartOf\":{\"@id\":\"https:\/\/fundacionrafanadal.quelinka.es\/en\/#website\"},\"primaryImageOfPage\":{\"@id\":\"https:\/\/fundacionrafanadal.quelinka.es\/en\/get-to-know\/news\/news-2024\/the-third-edition-of-the-rafa-nadal-foundation-awards-driven-by-telefonica-kicks-off-and-is-presented-at-the-movistar-space-in-madrid\/#primaryimage\"},\"image\":{\"@id\":\"https:\/\/fundacionrafanadal.quelinka.es\/en\/get-to-know\/news\/news-2024\/the-third-edition-of-the-rafa-nadal-foundation-awards-driven-by-telefonica-kicks-off-and-is-presented-at-the-movistar-space-in-madrid\/#primaryimage\"},\"thumbnailUrl\":\"https:\/\/fundacionrafanadal.quelinka.es\/wp-content\/uploads\/2024\/10\/Foto-Familia_b.jpg\",\"datePublished\":\"2024-10-08T14:42:28+00:00\",\"dateModified\":\"2024-10-08T14:42:38+00:00\",\"breadcrumb\":{\"@id\":\"https:\/\/fundacionrafanadal.quelinka.es\/en\/get-to-know\/news\/news-2024\/the-third-edition-of-the-rafa-nadal-foundation-awards-driven-by-telefonica-kicks-off-and-is-presented-at-the-movistar-space-in-madrid\/#breadcrumb\"},\"inLanguage\":\"en-US\",\"potentialAction\":[{\"@type\":\"ReadAction\",\"target\":[\"https:\/\/fundacionrafanadal.quelinka.es\/en\/get-to-know\/news\/news-2024\/the-third-edition-of-the-rafa-nadal-foundation-awards-driven-by-telefonica-kicks-off-and-is-presented-at-the-movistar-space-in-madrid\/\"]}]},{\"@type\":\"ImageObject\",\"inLanguage\":\"en-US\",\"@id\":\"https:\/\/fundacionrafanadal.quelinka.es\/en\/get-to-know\/news\/news-2024\/the-third-edition-of-the-rafa-nadal-foundation-awards-driven-by-telefonica-kicks-off-and-is-presented-at-the-movistar-space-in-madrid\/#primaryimage\",\"url\":\"https:\/\/fundacionrafanadal.quelinka.es\/wp-content\/uploads\/2024\/10\/Foto-Familia_b.jpg\",\"contentUrl\":\"https:\/\/fundacionrafanadal.quelinka.es\/wp-content\/uploads\/2024\/10\/Foto-Familia_b.jpg\",\"width\":1000,\"height\":800},{\"@type\":\"BreadcrumbList\",\"@id\":\"https:\/\/fundacionrafanadal.quelinka.es\/en\/get-to-know\/news\/news-2024\/the-third-edition-of-the-rafa-nadal-foundation-awards-driven-by-telefonica-kicks-off-and-is-presented-at-the-movistar-space-in-madrid\/#breadcrumb\",\"itemListElement\":[{\"@type\":\"ListItem\",\"position\":1,\"name\":\"Portada\",\"item\":\"https:\/\/fundacionrafanadal.quelinka.es\/en\/\"},{\"@type\":\"ListItem\",\"position\":2,\"name\":\"Get to know!\",\"item\":\"https:\/\/fundacionrafanadal.quelinka.es\/en\/conocenos\/\"},{\"@type\":\"ListItem\",\"position\":3,\"name\":\"News\",\"item\":\"https:\/\/fundacionrafanadal.quelinka.es\/en\/conocenos\/noticias\/\"},{\"@type\":\"ListItem\",\"position\":4,\"name\":\"News 2023\",\"item\":\"https:\/\/fundacionrafanadal.quelinka.es\/en\/conocenos\/noticias\/noticias-2024\/\"},{\"@type\":\"ListItem\",\"position\":5,\"name\":\"The third edition of the Rafa Nadal Foundation Awards, driven by Telef\u00f3nica, kicks off and is presented at the Movistar Space in Madrid\"}]},{\"@type\":\"WebSite\",\"@id\":\"https:\/\/fundacionrafanadal.quelinka.es\/en\/#website\",\"url\":\"https:\/\/fundacionrafanadal.quelinka.es\/en\/\",\"name\":\"Fundaci\u00f3n Rafa Nadal\",\"description\":\"A trav\u00e9s del deporte y la educaci\u00f3n, promovemos la integraci\u00f3n y el desarrollo personal y social de ni\u00f1os y j\u00f3venes. En Espa\u00f1a y la India.\",\"publisher\":{\"@id\":\"https:\/\/fundacionrafanadal.quelinka.es\/en\/#organization\"},\"potentialAction\":[{\"@type\":\"SearchAction\",\"target\":{\"@type\":\"EntryPoint\",\"urlTemplate\":\"https:\/\/fundacionrafanadal.quelinka.es\/en\/?s={search_term_string}\"},\"query-input\":{\"@type\":\"PropertyValueSpecification\",\"valueRequired\":true,\"valueName\":\"search_term_string\"}}],\"inLanguage\":\"en-US\"},{\"@type\":\"Organization\",\"@id\":\"https:\/\/fundacionrafanadal.quelinka.es\/en\/#organization\",\"name\":\"Fundaci\u00f3n Rafa Nadal\",\"url\":\"https:\/\/fundacionrafanadal.quelinka.es\/en\/\",\"logo\":{\"@type\":\"ImageObject\",\"inLanguage\":\"en-US\",\"@id\":\"https:\/\/fundacionrafanadal.quelinka.es\/en\/#\/schema\/logo\/image\/\",\"url\":\"https:\/\/fundacionrafanadal.quelinka.es\/wp-content\/uploads\/2022\/09\/logo-frn-web-3.png\",\"contentUrl\":\"https:\/\/fundacionrafanadal.quelinka.es\/wp-content\/uploads\/2022\/09\/logo-frn-web-3.png\",\"width\":551,\"height\":140,\"caption\":\"Fundaci\u00f3n Rafa Nadal\"},\"image\":{\"@id\":\"https:\/\/fundacionrafanadal.quelinka.es\/en\/#\/schema\/logo\/image\/\"}}]}<\/script>\n<!-- \/ Yoast SEO plugin. -->","yoast_head_json":{"title":"The third edition of the Rafa Nadal Foundation Awards, driven by Telef\u00f3nica, kicks off and is presented at the Movistar Space in Madrid - Fundaci\u00f3n Rafa Nadal","robots":{"index":"noindex","follow":"follow","max-snippet":"max-snippet:-1","max-image-preview":"max-image-preview:large","max-video-preview":"max-video-preview:-1"},"og_locale":"en_US","og_type":"article","og_title":"The third edition of the Rafa Nadal Foundation Awards, driven by Telef\u00f3nica, kicks off and is presented at the Movistar Space in Madrid - Fundaci\u00f3n Rafa Nadal","og_description":"THE THIRD CALL FOR THE RAFA NADAL FOUNDATION AWARDS, DRIVEN BY TELEF\u00d3NICA, KICKS OFF AND IS PRESENTED AT THE MOVISTAR SPACE IN MADRID \u2022 With the backing of Telef\u00f3nica, the Rafa Nadal Foundation launches the third edition of its awards. \u2022 These awards aim to support projects from non-profit organizations that work to improve the [&hellip;]","og_url":"https:\/\/fundacionrafanadal.quelinka.es\/en\/get-to-know\/news\/news-2024\/the-third-edition-of-the-rafa-nadal-foundation-awards-driven-by-telefonica-kicks-off-and-is-presented-at-the-movistar-space-in-madrid\/","og_site_name":"Fundaci\u00f3n Rafa Nadal","article_modified_time":"2024-10-08T14:42:38+00:00","og_image":[{"width":1000,"height":800,"url":"https:\/\/fundacionrafanadal.quelinka.es\/wp-content\/uploads\/2024\/10\/Foto-Familia_b.jpg","type":"image\/jpeg"}],"twitter_card":"summary_large_image","twitter_misc":{"Est. reading time":"4 minutes"},"schema":{"@context":"https:\/\/schema.org","@graph":[{"@type":"WebPage","@id":"https:\/\/fundacionrafanadal.quelinka.es\/en\/get-to-know\/news\/news-2024\/the-third-edition-of-the-rafa-nadal-foundation-awards-driven-by-telefonica-kicks-off-and-is-presented-at-the-movistar-space-in-madrid\/","url":"https:\/\/fundacionrafanadal.quelinka.es\/en\/get-to-know\/news\/news-2024\/the-third-edition-of-the-rafa-nadal-foundation-awards-driven-by-telefonica-kicks-off-and-is-presented-at-the-movistar-space-in-madrid\/","name":"The third edition of the Rafa Nadal Foundation Awards, driven by Telef\u00f3nica, kicks off and is presented at the Movistar Space in Madrid - Fundaci\u00f3n Rafa Nadal","isPartOf":{"@id":"https:\/\/fundacionrafanadal.quelinka.es\/en\/#website"},"primaryImageOfPage":{"@id":"https:\/\/fundacionrafanadal.quelinka.es\/en\/get-to-know\/news\/news-2024\/the-third-edition-of-the-rafa-nadal-foundation-awards-driven-by-telefonica-kicks-off-and-is-presented-at-the-movistar-space-in-madrid\/#primaryimage"},"image":{"@id":"https:\/\/fundacionrafanadal.quelinka.es\/en\/get-to-know\/news\/news-2024\/the-third-edition-of-the-rafa-nadal-foundation-awards-driven-by-telefonica-kicks-off-and-is-presented-at-the-movistar-space-in-madrid\/#primaryimage"},"thumbnailUrl":"https:\/\/fundacionrafanadal.quelinka.es\/wp-content\/uploads\/2024\/10\/Foto-Familia_b.jpg","datePublished":"2024-10-08T14:42:28+00:00","dateModified":"2024-10-08T14:42:38+00:00","breadcrumb":{"@id":"https:\/\/fundacionrafanadal.quelinka.es\/en\/get-to-know\/news\/news-2024\/the-third-edition-of-the-rafa-nadal-foundation-awards-driven-by-telefonica-kicks-off-and-is-presented-at-the-movistar-space-in-madrid\/#breadcrumb"},"inLanguage":"en-US","potentialAction":[{"@type":"ReadAction","target":["https:\/\/fundacionrafanadal.quelinka.es\/en\/get-to-know\/news\/news-2024\/the-third-edition-of-the-rafa-nadal-foundation-awards-driven-by-telefonica-kicks-off-and-is-presented-at-the-movistar-space-in-madrid\/"]}]},{"@type":"ImageObject","inLanguage":"en-US","@id":"https:\/\/fundacionrafanadal.quelinka.es\/en\/get-to-know\/news\/news-2024\/the-third-edition-of-the-rafa-nadal-foundation-awards-driven-by-telefonica-kicks-off-and-is-presented-at-the-movistar-space-in-madrid\/#primaryimage","url":"https:\/\/fundacionrafanadal.quelinka.es\/wp-content\/uploads\/2024\/10\/Foto-Familia_b.jpg","contentUrl":"https:\/\/fundacionrafanadal.quelinka.es\/wp-content\/uploads\/2024\/10\/Foto-Familia_b.jpg","width":1000,"height":800},{"@type":"BreadcrumbList","@id":"https:\/\/fundacionrafanadal.quelinka.es\/en\/get-to-know\/news\/news-2024\/the-third-edition-of-the-rafa-nadal-foundation-awards-driven-by-telefonica-kicks-off-and-is-presented-at-the-movistar-space-in-madrid\/#breadcrumb","itemListElement":[{"@type":"ListItem","position":1,"name":"Portada","item":"https:\/\/fundacionrafanadal.quelinka.es\/en\/"},{"@type":"ListItem","position":2,"name":"Get to know!","item":"https:\/\/fundacionrafanadal.quelinka.es\/en\/conocenos\/"},{"@type":"ListItem","position":3,"name":"News","item":"https:\/\/fundacionrafanadal.quelinka.es\/en\/conocenos\/noticias\/"},{"@type":"ListItem","position":4,"name":"News 2023","item":"https:\/\/fundacionrafanadal.quelinka.es\/en\/conocenos\/noticias\/noticias-2024\/"},{"@type":"ListItem","position":5,"name":"The third edition of the Rafa Nadal Foundation Awards, driven by Telef\u00f3nica, kicks off and is presented at the Movistar Space in Madrid"}]},{"@type":"WebSite","@id":"https:\/\/fundacionrafanadal.quelinka.es\/en\/#website","url":"https:\/\/fundacionrafanadal.quelinka.es\/en\/","name":"Fundaci\u00f3n Rafa Nadal","description":"A trav\u00e9s del deporte y la educaci\u00f3n, promovemos la integraci\u00f3n y el desarrollo personal y social de ni\u00f1os y j\u00f3venes. En Espa\u00f1a y la India.","publisher":{"@id":"https:\/\/fundacionrafanadal.quelinka.es\/en\/#organization"},"potentialAction":[{"@type":"SearchAction","target":{"@type":"EntryPoint","urlTemplate":"https:\/\/fundacionrafanadal.quelinka.es\/en\/?s={search_term_string}"},"query-input":{"@type":"PropertyValueSpecification","valueRequired":true,"valueName":"search_term_string"}}],"inLanguage":"en-US"},{"@type":"Organization","@id":"https:\/\/fundacionrafanadal.quelinka.es\/en\/#organization","name":"Fundaci\u00f3n Rafa Nadal","url":"https:\/\/fundacionrafanadal.quelinka.es\/en\/","logo":{"@type":"ImageObject","inLanguage":"en-US","@id":"https:\/\/fundacionrafanadal.quelinka.es\/en\/#\/schema\/logo\/image\/","url":"https:\/\/fundacionrafanadal.quelinka.es\/wp-content\/uploads\/2022\/09\/logo-frn-web-3.png","contentUrl":"https:\/\/fundacionrafanadal.quelinka.es\/wp-content\/uploads\/2022\/09\/logo-frn-web-3.png","width":551,"height":140,"caption":"Fundaci\u00f3n Rafa Nadal"},"image":{"@id":"https:\/\/fundacionrafanadal.quelinka.es\/en\/#\/schema\/logo\/image\/"}}]}},"campaignId":"","_links":{"self":[{"href":"https:\/\/fundacionrafanadal.quelinka.es\/en\/wp-json\/wp\/v2\/pages\/22670","targetHints":{"allow":["GET"]}}],"collection":[{"href":"https:\/\/fundacionrafanadal.quelinka.es\/en\/wp-json\/wp\/v2\/pages"}],"about":[{"href":"https:\/\/fundacionrafanadal.quelinka.es\/en\/wp-json\/wp\/v2\/types\/page"}],"author":[{"embeddable":true,"href":"https:\/\/fundacionrafanadal.quelinka.es\/en\/wp-json\/wp\/v2\/users\/1"}],"replies":[{"embeddable":true,"href":"https:\/\/fundacionrafanadal.quelinka.es\/en\/wp-json\/wp\/v2\/comments?post=22670"}],"version-history":[{"count":2,"href":"https:\/\/fundacionrafanadal.quelinka.es\/en\/wp-json\/wp\/v2\/pages\/22670\/revisions"}],"predecessor-version":[{"id":22700,"href":"https:\/\/fundacionrafanadal.quelinka.es\/en\/wp-json\/wp\/v2\/pages\/22670\/revisions\/22700"}],"up":[{"embeddable":true,"href":"https:\/\/fundacionrafanadal.quelinka.es\/en\/wp-json\/wp\/v2\/pages\/18939"}],"wp:featuredmedia":[{"embeddable":true,"href":"https:\/\/fundacionrafanadal.quelinka.es\/en\/wp-json\/wp\/v2\/media\/22694"}],"wp:attachment":[{"href":"https:\/\/fundacionrafanadal.quelinka.es\/en\/wp-json\/wp\/v2\/media?parent=22670"}],"curies":[{"name":"wp","href":"https:\/\/api.w.org\/{rel}","templated":true}]}}