{"id":24256,"date":"2025-02-13T11:59:21","date_gmt":"2025-02-13T11:59:21","guid":{"rendered":"https:\/\/www.fundacionrafanadal.org\/?page_id=24256"},"modified":"2025-02-13T11:59:33","modified_gmt":"2025-02-13T11:59:33","slug":"the-rafa-nadal-foundation-announces-the-winning-projects-of-the-3rd-rafa-nadal-foundation-awards-sponsored-by-telefonica-2","status":"publish","type":"page","link":"https:\/\/fundacionrafanadal.quelinka.es\/en\/get-to-know\/news\/news-2025\/the-rafa-nadal-foundation-announces-the-winning-projects-of-the-3rd-rafa-nadal-foundation-awards-sponsored-by-telefonica-2\/","title":{"rendered":"The Rafa Nadal Foundation Announces the Winning Projects of the 3rd Rafa Nadal Foundation Awards, Sponsored by Telef\u00f3nica"},"content":{"rendered":"\n<div class=\"inherit-container-width wp-block-group is-layout-constrained wp-block-group-is-layout-constrained\"><div class=\"wp-block-group__inner-container\">\n<div class=\"wp-block-media-text alignfull is-stacked-on-mobile is-image-fill has-background\" style=\"background-color:#ddac31\"><figure class=\"wp-block-media-text__media\" style=\"background-image:url(https:\/\/www.fundacionrafanadal.quelinka.es\/wp-content\/uploads\/2022\/07\/ISM08879.png);background-position:50% 50%\"><img loading=\"lazy\" decoding=\"async\" width=\"900\" height=\"399\" src=\"https:\/\/www.fundacionrafanadal.quelinka.es\/wp-content\/uploads\/2022\/07\/ISM08879.png\" alt=\"\" class=\"wp-image-9879 size-full\" srcset=\"https:\/\/fundacionrafanadal.quelinka.es\/wp-content\/uploads\/2022\/07\/ISM08879.png 900w, https:\/\/fundacionrafanadal.quelinka.es\/wp-content\/uploads\/2022\/07\/ISM08879-300x133.png 300w, https:\/\/fundacionrafanadal.quelinka.es\/wp-content\/uploads\/2022\/07\/ISM08879-768x340.png 768w\" sizes=\"auto, (max-width: 900px) 100vw, 900px\" \/><\/figure><div class=\"wp-block-media-text__content\">\n<div style=\"height:30px\" aria-hidden=\"true\" class=\"wp-block-spacer\"><\/div>\n\n\n\n<h2 class=\"has-ast-global-color-5-color has-text-color wp-block-heading\" style=\"font-size:48px\"><strong>News<\/strong><\/h2>\n\n\n\n<div style=\"height:200px\" aria-hidden=\"true\" class=\"wp-block-spacer\"><\/div>\n<\/div><\/div>\n\n\n\n<p><\/p>\n\n\n<div class=\"wp-block-post-date\"><time datetime=\"2025-02-13T11:59:21+02:00\">13 de February de 2025<\/time><\/div>\n\n\n<h2 class=\"wp-block-heading has-medium-font-size\" style=\"text-transform:uppercase\"><strong><strong>THE RAFA NADAL FOUNDATION<\/strong> ANNOUNCES THE WINNING PROJECTS OF THE 3RD RAFA NADAL FOUNDATION AWARDS, SPONSORED BY TELEF\u00d3NICA<\/strong><\/h2>\n\n\n\n<figure class=\"wp-block-image alignwide size-full\"><img loading=\"lazy\" decoding=\"async\" width=\"1700\" height=\"1360\" src=\"https:\/\/www.fundacionrafanadal.quelinka.es\/wp-content\/uploads\/2025\/02\/SP_logo.png\" alt=\"\" class=\"wp-image-24262\" srcset=\"https:\/\/fundacionrafanadal.quelinka.es\/wp-content\/uploads\/2025\/02\/SP_logo.png 1700w, https:\/\/fundacionrafanadal.quelinka.es\/wp-content\/uploads\/2025\/02\/SP_logo-300x240.png 300w, https:\/\/fundacionrafanadal.quelinka.es\/wp-content\/uploads\/2025\/02\/SP_logo-1024x819.png 1024w, https:\/\/fundacionrafanadal.quelinka.es\/wp-content\/uploads\/2025\/02\/SP_logo-768x614.png 768w, https:\/\/fundacionrafanadal.quelinka.es\/wp-content\/uploads\/2025\/02\/SP_logo-1536x1229.png 1536w\" sizes=\"auto, (max-width: 1700px) 100vw, 1700px\" \/><\/figure>\n\n\n\n<h2 class=\"wp-block-heading\"><strong>The Rafa Nadal Foundation ends its Study&amp;Play scholarship program after 10 years of activity in collaboration with I-Con Sports.<\/strong><\/h2>\n\n\n\n<p><\/p>\n\n\n\n<ul class=\"wp-block-list\">\n<li><strong><em>Over 200 student-athletes have benefited from these scholarships, enabling them to access universities in the United States.<\/em><\/strong><\/li>\n<\/ul>\n\n\n\n<p><\/p>\n\n\n\n<ul class=\"wp-block-list\">\n<li><strong><em>The Rafa Nadal Foundation has invested over 1 million euros in this program.<\/em><\/strong><\/li>\n<\/ul>\n\n\n\n<p><\/p>\n\n\n\n<ul class=\"wp-block-list\">\n<li><strong><em>The Rafa Nadal Foundation will continue to focus its efforts on its other four active projects.<\/em><\/strong><\/li>\n<\/ul>\n\n\n\n<p>Spain, January 27, 2025. Since its launch in 2015, the <strong>Study&amp;Play<\/strong> program has transformed the lives of <strong>more than 200 young athletes and students<\/strong> by offering them a unique opportunity to combine their university studies with their athletic careers. Today, the Rafa Nadal Foundation announces the conclusion of this project after a decade of achievements and commitment.<\/p>\n\n\n\n<p>Study&amp;Play has provided the necessary tools for young athletes to pursue scholarships at universities in the United States. This program not only allowed them to continue competing but also granted them access to high-quality education, eliminating the difficult choice between sports and studies.<\/p>\n\n\n\n<p>Additionally, the Rafa Nadal Foundation offered financial aid to students in need due to their socioeconomic and family situations, ensuring that no young person was excluded due to a lack of resources.<\/p>\n\n\n\n<h2 class=\"wp-block-heading\">Over the past 10 years, <strong>more than 1 million euros<\/strong> have been invested in this program, solidifying its impact on the present and future of its participants.<\/h2>\n\n\n\n<p>The Rafa Nadal Foundation extends its deepest gratitude to its partners at I-Con Sports, who have been key allies on this journey, as well as to all the families, students, and universities involved in this initiative.<\/p>\n\n\n\n<figure class=\"wp-block-image size-large\"><img loading=\"lazy\" decoding=\"async\" width=\"1024\" height=\"682\" src=\"https:\/\/www.fundacionrafanadal.quelinka.es\/wp-content\/uploads\/2025\/02\/SP-grupo-1024x682.png\" alt=\"\" class=\"wp-image-24259\" srcset=\"https:\/\/fundacionrafanadal.quelinka.es\/wp-content\/uploads\/2025\/02\/SP-grupo-1024x682.png 1024w, https:\/\/fundacionrafanadal.quelinka.es\/wp-content\/uploads\/2025\/02\/SP-grupo-300x200.png 300w, https:\/\/fundacionrafanadal.quelinka.es\/wp-content\/uploads\/2025\/02\/SP-grupo-768x512.png 768w, https:\/\/fundacionrafanadal.quelinka.es\/wp-content\/uploads\/2025\/02\/SP-grupo-1536x1023.png 1536w, https:\/\/fundacionrafanadal.quelinka.es\/wp-content\/uploads\/2025\/02\/SP-grupo.png 2044w\" sizes=\"auto, (max-width: 1024px) 100vw, 1024px\" \/><\/figure>\n\n\n\n<h2 class=\"wp-block-heading\">Although <strong>Study&amp;Play<\/strong> is coming to an end, the Rafa Nadal Foundation will continue to focus on its other four projects: <strong>Rafa Nadal Foundation Centers, Play All, NETS, and More Than Tenis<\/strong>, reaffirming its firm belief in the transformative power of sports.<\/h2>\n<\/div><\/div>\n","protected":false},"excerpt":{"rendered":"<p>THE RAFA NADAL FOUNDATION ANNOUNCES THE WINNING PROJECTS OF THE 3RD RAFA NADAL FOUNDATION AWARDS, SPONSORED BY TELEF\u00d3NICA The Rafa Nadal Foundation ends its Study&amp;Play scholarship program after 10 years of activity in collaboration with I-Con Sports. Spain, January 27, 2025. Since its launch in 2015, the Study&amp;Play program has transformed the lives of more [&hellip;]<\/p>\n","protected":false},"author":1,"featured_media":24262,"parent":24098,"menu_order":0,"comment_status":"closed","ping_status":"closed","template":"","meta":{"_acf_changed":false,"give_campaign_id":0,"_monsterinsights_skip_tracking":false,"_monsterinsights_sitenote_active":false,"_monsterinsights_sitenote_note":"","_monsterinsights_sitenote_category":0,"site-sidebar-layout":"default","site-content-layout":"","ast-site-content-layout":"default","site-content-style":"default","site-sidebar-style":"default","ast-global-header-display":"","ast-banner-title-visibility":"","ast-main-header-display":"","ast-hfb-above-header-display":"","ast-hfb-below-header-display":"","ast-hfb-mobile-header-display":"","site-post-title":"disabled","ast-breadcrumbs-content":"","ast-featured-img":"","footer-sml-layout":"","ast-disable-related-posts":"","theme-transparent-header-meta":"","adv-header-id-meta":"","stick-header-meta":"","header-above-stick-meta":"","header-main-stick-meta":"","header-below-stick-meta":"","astra-migrate-meta-layouts":"set","ast-page-background-enabled":"default","ast-page-background-meta":{"desktop":{"background-color":"var(--ast-global-color-4)","background-image":"","background-repeat":"repeat","background-position":"center center","background-size":"auto","background-attachment":"scroll","background-type":"","background-media":"","overlay-type":"","overlay-color":"","overlay-opacity":"","overlay-gradient":""},"tablet":{"background-color":"","background-image":"","background-repeat":"repeat","background-position":"center center","background-size":"auto","background-attachment":"scroll","background-type":"","background-media":"","overlay-type":"","overlay-color":"","overlay-opacity":"","overlay-gradient":""},"mobile":{"background-color":"","background-image":"","background-repeat":"repeat","background-position":"center center","background-size":"auto","background-attachment":"scroll","background-type":"","background-media":"","overlay-type":"","overlay-color":"","overlay-opacity":"","overlay-gradient":""}},"ast-content-background-meta":{"desktop":{"background-color":"var(--ast-global-color-5)","background-image":"","background-repeat":"repeat","background-position":"center center","background-size":"auto","background-attachment":"scroll","background-type":"","background-media":"","overlay-type":"","overlay-color":"","overlay-opacity":"","overlay-gradient":""},"tablet":{"background-color":"var(--ast-global-color-5)","background-image":"","background-repeat":"repeat","background-position":"center center","background-size":"auto","background-attachment":"scroll","background-type":"","background-media":"","overlay-type":"","overlay-color":"","overlay-opacity":"","overlay-gradient":""},"mobile":{"background-color":"var(--ast-global-color-5)","background-image":"","background-repeat":"repeat","background-position":"center center","background-size":"auto","background-attachment":"scroll","background-type":"","background-media":"","overlay-type":"","overlay-color":"","overlay-opacity":"","overlay-gradient":""}},"_themeisle_gutenberg_block_has_review":false,"footnotes":""},"class_list":["post-24256","page","type-page","status-publish","has-post-thumbnail","hentry"],"acf":[],"yoast_head":"<!-- This site is optimized with the Yoast SEO plugin v26.8 - https:\/\/yoast.com\/product\/yoast-seo-wordpress\/ -->\n<title>The Rafa Nadal Foundation Announces the Winning Projects of the 3rd Rafa Nadal Foundation Awards, Sponsored by Telef\u00f3nica - Fundaci\u00f3n Rafa Nadal<\/title>\n<meta name=\"robots\" content=\"noindex, follow, max-snippet:-1, max-image-preview:large, max-video-preview:-1\" \/>\n<meta property=\"og:locale\" content=\"en_US\" \/>\n<meta property=\"og:type\" content=\"article\" \/>\n<meta property=\"og:title\" content=\"The Rafa Nadal Foundation Announces the Winning Projects of the 3rd Rafa Nadal Foundation Awards, Sponsored by Telef\u00f3nica - Fundaci\u00f3n Rafa Nadal\" \/>\n<meta property=\"og:description\" content=\"THE RAFA NADAL FOUNDATION ANNOUNCES THE WINNING PROJECTS OF THE 3RD RAFA NADAL FOUNDATION AWARDS, SPONSORED BY TELEF\u00d3NICA The Rafa Nadal Foundation ends its Study&amp;Play scholarship program after 10 years of activity in collaboration with I-Con Sports. Spain, January 27, 2025. Since its launch in 2015, the Study&amp;Play program has transformed the lives of more [&hellip;]\" \/>\n<meta property=\"og:url\" content=\"https:\/\/fundacionrafanadal.quelinka.es\/en\/get-to-know\/news\/news-2025\/the-rafa-nadal-foundation-announces-the-winning-projects-of-the-3rd-rafa-nadal-foundation-awards-sponsored-by-telefonica-2\/\" \/>\n<meta property=\"og:site_name\" content=\"Fundaci\u00f3n Rafa Nadal\" \/>\n<meta property=\"article:modified_time\" content=\"2025-02-13T11:59:33+00:00\" \/>\n<meta property=\"og:image\" content=\"https:\/\/fundacionrafanadal.quelinka.es\/wp-content\/uploads\/2025\/02\/SP_logo.png\" \/>\n\t<meta property=\"og:image:width\" content=\"1700\" \/>\n\t<meta property=\"og:image:height\" content=\"1360\" \/>\n\t<meta property=\"og:image:type\" content=\"image\/png\" \/>\n<meta name=\"twitter:card\" content=\"summary_large_image\" \/>\n<meta name=\"twitter:label1\" content=\"Est. reading time\" \/>\n\t<meta name=\"twitter:data1\" content=\"4 minutes\" \/>\n<script type=\"application\/ld+json\" class=\"yoast-schema-graph\">{\"@context\":\"https:\/\/schema.org\",\"@graph\":[{\"@type\":\"WebPage\",\"@id\":\"https:\/\/fundacionrafanadal.quelinka.es\/en\/get-to-know\/news\/news-2025\/the-rafa-nadal-foundation-announces-the-winning-projects-of-the-3rd-rafa-nadal-foundation-awards-sponsored-by-telefonica-2\/\",\"url\":\"https:\/\/fundacionrafanadal.quelinka.es\/en\/get-to-know\/news\/news-2025\/the-rafa-nadal-foundation-announces-the-winning-projects-of-the-3rd-rafa-nadal-foundation-awards-sponsored-by-telefonica-2\/\",\"name\":\"The Rafa Nadal Foundation Announces the Winning Projects of the 3rd Rafa Nadal Foundation Awards, Sponsored by Telef\u00f3nica - Fundaci\u00f3n Rafa Nadal\",\"isPartOf\":{\"@id\":\"https:\/\/fundacionrafanadal.quelinka.es\/en\/#website\"},\"primaryImageOfPage\":{\"@id\":\"https:\/\/fundacionrafanadal.quelinka.es\/en\/get-to-know\/news\/news-2025\/the-rafa-nadal-foundation-announces-the-winning-projects-of-the-3rd-rafa-nadal-foundation-awards-sponsored-by-telefonica-2\/#primaryimage\"},\"image\":{\"@id\":\"https:\/\/fundacionrafanadal.quelinka.es\/en\/get-to-know\/news\/news-2025\/the-rafa-nadal-foundation-announces-the-winning-projects-of-the-3rd-rafa-nadal-foundation-awards-sponsored-by-telefonica-2\/#primaryimage\"},\"thumbnailUrl\":\"https:\/\/fundacionrafanadal.quelinka.es\/wp-content\/uploads\/2025\/02\/SP_logo.png\",\"datePublished\":\"2025-02-13T11:59:21+00:00\",\"dateModified\":\"2025-02-13T11:59:33+00:00\",\"breadcrumb\":{\"@id\":\"https:\/\/fundacionrafanadal.quelinka.es\/en\/get-to-know\/news\/news-2025\/the-rafa-nadal-foundation-announces-the-winning-projects-of-the-3rd-rafa-nadal-foundation-awards-sponsored-by-telefonica-2\/#breadcrumb\"},\"inLanguage\":\"en-US\",\"potentialAction\":[{\"@type\":\"ReadAction\",\"target\":[\"https:\/\/fundacionrafanadal.quelinka.es\/en\/get-to-know\/news\/news-2025\/the-rafa-nadal-foundation-announces-the-winning-projects-of-the-3rd-rafa-nadal-foundation-awards-sponsored-by-telefonica-2\/\"]}]},{\"@type\":\"ImageObject\",\"inLanguage\":\"en-US\",\"@id\":\"https:\/\/fundacionrafanadal.quelinka.es\/en\/get-to-know\/news\/news-2025\/the-rafa-nadal-foundation-announces-the-winning-projects-of-the-3rd-rafa-nadal-foundation-awards-sponsored-by-telefonica-2\/#primaryimage\",\"url\":\"https:\/\/fundacionrafanadal.quelinka.es\/wp-content\/uploads\/2025\/02\/SP_logo.png\",\"contentUrl\":\"https:\/\/fundacionrafanadal.quelinka.es\/wp-content\/uploads\/2025\/02\/SP_logo.png\",\"width\":1700,\"height\":1360},{\"@type\":\"BreadcrumbList\",\"@id\":\"https:\/\/fundacionrafanadal.quelinka.es\/en\/get-to-know\/news\/news-2025\/the-rafa-nadal-foundation-announces-the-winning-projects-of-the-3rd-rafa-nadal-foundation-awards-sponsored-by-telefonica-2\/#breadcrumb\",\"itemListElement\":[{\"@type\":\"ListItem\",\"position\":1,\"name\":\"Portada\",\"item\":\"https:\/\/fundacionrafanadal.quelinka.es\/en\/\"},{\"@type\":\"ListItem\",\"position\":2,\"name\":\"Get to know!\",\"item\":\"https:\/\/fundacionrafanadal.quelinka.es\/en\/conocenos\/\"},{\"@type\":\"ListItem\",\"position\":3,\"name\":\"News\",\"item\":\"https:\/\/fundacionrafanadal.quelinka.es\/en\/conocenos\/noticias\/\"},{\"@type\":\"ListItem\",\"position\":4,\"name\":\"News 2025\",\"item\":\"https:\/\/fundacionrafanadal.quelinka.es\/en\/get-to-know\/news\/news-2025\/\"},{\"@type\":\"ListItem\",\"position\":5,\"name\":\"The Rafa Nadal Foundation Announces the Winning Projects of the 3rd Rafa Nadal Foundation Awards, Sponsored by Telef\u00f3nica\"}]},{\"@type\":\"WebSite\",\"@id\":\"https:\/\/fundacionrafanadal.quelinka.es\/en\/#website\",\"url\":\"https:\/\/fundacionrafanadal.quelinka.es\/en\/\",\"name\":\"Fundaci\u00f3n Rafa Nadal\",\"description\":\"A trav\u00e9s del deporte y la educaci\u00f3n, promovemos la integraci\u00f3n y el desarrollo personal y social de ni\u00f1os y j\u00f3venes. En Espa\u00f1a y la India.\",\"publisher\":{\"@id\":\"https:\/\/fundacionrafanadal.quelinka.es\/en\/#organization\"},\"potentialAction\":[{\"@type\":\"SearchAction\",\"target\":{\"@type\":\"EntryPoint\",\"urlTemplate\":\"https:\/\/fundacionrafanadal.quelinka.es\/en\/?s={search_term_string}\"},\"query-input\":{\"@type\":\"PropertyValueSpecification\",\"valueRequired\":true,\"valueName\":\"search_term_string\"}}],\"inLanguage\":\"en-US\"},{\"@type\":\"Organization\",\"@id\":\"https:\/\/fundacionrafanadal.quelinka.es\/en\/#organization\",\"name\":\"Fundaci\u00f3n Rafa Nadal\",\"url\":\"https:\/\/fundacionrafanadal.quelinka.es\/en\/\",\"logo\":{\"@type\":\"ImageObject\",\"inLanguage\":\"en-US\",\"@id\":\"https:\/\/fundacionrafanadal.quelinka.es\/en\/#\/schema\/logo\/image\/\",\"url\":\"https:\/\/fundacionrafanadal.quelinka.es\/wp-content\/uploads\/2022\/09\/logo-frn-web-3.png\",\"contentUrl\":\"https:\/\/fundacionrafanadal.quelinka.es\/wp-content\/uploads\/2022\/09\/logo-frn-web-3.png\",\"width\":551,\"height\":140,\"caption\":\"Fundaci\u00f3n Rafa Nadal\"},\"image\":{\"@id\":\"https:\/\/fundacionrafanadal.quelinka.es\/en\/#\/schema\/logo\/image\/\"}}]}<\/script>\n<!-- \/ Yoast SEO plugin. -->","yoast_head_json":{"title":"The Rafa Nadal Foundation Announces the Winning Projects of the 3rd Rafa Nadal Foundation Awards, Sponsored by Telef\u00f3nica - Fundaci\u00f3n Rafa Nadal","robots":{"index":"noindex","follow":"follow","max-snippet":"max-snippet:-1","max-image-preview":"max-image-preview:large","max-video-preview":"max-video-preview:-1"},"og_locale":"en_US","og_type":"article","og_title":"The Rafa Nadal Foundation Announces the Winning Projects of the 3rd Rafa Nadal Foundation Awards, Sponsored by Telef\u00f3nica - Fundaci\u00f3n Rafa Nadal","og_description":"THE RAFA NADAL FOUNDATION ANNOUNCES THE WINNING PROJECTS OF THE 3RD RAFA NADAL FOUNDATION AWARDS, SPONSORED BY TELEF\u00d3NICA The Rafa Nadal Foundation ends its Study&amp;Play scholarship program after 10 years of activity in collaboration with I-Con Sports. Spain, January 27, 2025. Since its launch in 2015, the Study&amp;Play program has transformed the lives of more [&hellip;]","og_url":"https:\/\/fundacionrafanadal.quelinka.es\/en\/get-to-know\/news\/news-2025\/the-rafa-nadal-foundation-announces-the-winning-projects-of-the-3rd-rafa-nadal-foundation-awards-sponsored-by-telefonica-2\/","og_site_name":"Fundaci\u00f3n Rafa Nadal","article_modified_time":"2025-02-13T11:59:33+00:00","og_image":[{"width":1700,"height":1360,"url":"https:\/\/fundacionrafanadal.quelinka.es\/wp-content\/uploads\/2025\/02\/SP_logo.png","type":"image\/png"}],"twitter_card":"summary_large_image","twitter_misc":{"Est. reading time":"4 minutes"},"schema":{"@context":"https:\/\/schema.org","@graph":[{"@type":"WebPage","@id":"https:\/\/fundacionrafanadal.quelinka.es\/en\/get-to-know\/news\/news-2025\/the-rafa-nadal-foundation-announces-the-winning-projects-of-the-3rd-rafa-nadal-foundation-awards-sponsored-by-telefonica-2\/","url":"https:\/\/fundacionrafanadal.quelinka.es\/en\/get-to-know\/news\/news-2025\/the-rafa-nadal-foundation-announces-the-winning-projects-of-the-3rd-rafa-nadal-foundation-awards-sponsored-by-telefonica-2\/","name":"The Rafa Nadal Foundation Announces the Winning Projects of the 3rd Rafa Nadal Foundation Awards, Sponsored by Telef\u00f3nica - Fundaci\u00f3n Rafa Nadal","isPartOf":{"@id":"https:\/\/fundacionrafanadal.quelinka.es\/en\/#website"},"primaryImageOfPage":{"@id":"https:\/\/fundacionrafanadal.quelinka.es\/en\/get-to-know\/news\/news-2025\/the-rafa-nadal-foundation-announces-the-winning-projects-of-the-3rd-rafa-nadal-foundation-awards-sponsored-by-telefonica-2\/#primaryimage"},"image":{"@id":"https:\/\/fundacionrafanadal.quelinka.es\/en\/get-to-know\/news\/news-2025\/the-rafa-nadal-foundation-announces-the-winning-projects-of-the-3rd-rafa-nadal-foundation-awards-sponsored-by-telefonica-2\/#primaryimage"},"thumbnailUrl":"https:\/\/fundacionrafanadal.quelinka.es\/wp-content\/uploads\/2025\/02\/SP_logo.png","datePublished":"2025-02-13T11:59:21+00:00","dateModified":"2025-02-13T11:59:33+00:00","breadcrumb":{"@id":"https:\/\/fundacionrafanadal.quelinka.es\/en\/get-to-know\/news\/news-2025\/the-rafa-nadal-foundation-announces-the-winning-projects-of-the-3rd-rafa-nadal-foundation-awards-sponsored-by-telefonica-2\/#breadcrumb"},"inLanguage":"en-US","potentialAction":[{"@type":"ReadAction","target":["https:\/\/fundacionrafanadal.quelinka.es\/en\/get-to-know\/news\/news-2025\/the-rafa-nadal-foundation-announces-the-winning-projects-of-the-3rd-rafa-nadal-foundation-awards-sponsored-by-telefonica-2\/"]}]},{"@type":"ImageObject","inLanguage":"en-US","@id":"https:\/\/fundacionrafanadal.quelinka.es\/en\/get-to-know\/news\/news-2025\/the-rafa-nadal-foundation-announces-the-winning-projects-of-the-3rd-rafa-nadal-foundation-awards-sponsored-by-telefonica-2\/#primaryimage","url":"https:\/\/fundacionrafanadal.quelinka.es\/wp-content\/uploads\/2025\/02\/SP_logo.png","contentUrl":"https:\/\/fundacionrafanadal.quelinka.es\/wp-content\/uploads\/2025\/02\/SP_logo.png","width":1700,"height":1360},{"@type":"BreadcrumbList","@id":"https:\/\/fundacionrafanadal.quelinka.es\/en\/get-to-know\/news\/news-2025\/the-rafa-nadal-foundation-announces-the-winning-projects-of-the-3rd-rafa-nadal-foundation-awards-sponsored-by-telefonica-2\/#breadcrumb","itemListElement":[{"@type":"ListItem","position":1,"name":"Portada","item":"https:\/\/fundacionrafanadal.quelinka.es\/en\/"},{"@type":"ListItem","position":2,"name":"Get to know!","item":"https:\/\/fundacionrafanadal.quelinka.es\/en\/conocenos\/"},{"@type":"ListItem","position":3,"name":"News","item":"https:\/\/fundacionrafanadal.quelinka.es\/en\/conocenos\/noticias\/"},{"@type":"ListItem","position":4,"name":"News 2025","item":"https:\/\/fundacionrafanadal.quelinka.es\/en\/get-to-know\/news\/news-2025\/"},{"@type":"ListItem","position":5,"name":"The Rafa Nadal Foundation Announces the Winning Projects of the 3rd Rafa Nadal Foundation Awards, Sponsored by Telef\u00f3nica"}]},{"@type":"WebSite","@id":"https:\/\/fundacionrafanadal.quelinka.es\/en\/#website","url":"https:\/\/fundacionrafanadal.quelinka.es\/en\/","name":"Fundaci\u00f3n Rafa Nadal","description":"A trav\u00e9s del deporte y la educaci\u00f3n, promovemos la integraci\u00f3n y el desarrollo personal y social de ni\u00f1os y j\u00f3venes. En Espa\u00f1a y la India.","publisher":{"@id":"https:\/\/fundacionrafanadal.quelinka.es\/en\/#organization"},"potentialAction":[{"@type":"SearchAction","target":{"@type":"EntryPoint","urlTemplate":"https:\/\/fundacionrafanadal.quelinka.es\/en\/?s={search_term_string}"},"query-input":{"@type":"PropertyValueSpecification","valueRequired":true,"valueName":"search_term_string"}}],"inLanguage":"en-US"},{"@type":"Organization","@id":"https:\/\/fundacionrafanadal.quelinka.es\/en\/#organization","name":"Fundaci\u00f3n Rafa Nadal","url":"https:\/\/fundacionrafanadal.quelinka.es\/en\/","logo":{"@type":"ImageObject","inLanguage":"en-US","@id":"https:\/\/fundacionrafanadal.quelinka.es\/en\/#\/schema\/logo\/image\/","url":"https:\/\/fundacionrafanadal.quelinka.es\/wp-content\/uploads\/2022\/09\/logo-frn-web-3.png","contentUrl":"https:\/\/fundacionrafanadal.quelinka.es\/wp-content\/uploads\/2022\/09\/logo-frn-web-3.png","width":551,"height":140,"caption":"Fundaci\u00f3n Rafa Nadal"},"image":{"@id":"https:\/\/fundacionrafanadal.quelinka.es\/en\/#\/schema\/logo\/image\/"}}]}},"campaignId":"","_links":{"self":[{"href":"https:\/\/fundacionrafanadal.quelinka.es\/en\/wp-json\/wp\/v2\/pages\/24256","targetHints":{"allow":["GET"]}}],"collection":[{"href":"https:\/\/fundacionrafanadal.quelinka.es\/en\/wp-json\/wp\/v2\/pages"}],"about":[{"href":"https:\/\/fundacionrafanadal.quelinka.es\/en\/wp-json\/wp\/v2\/types\/page"}],"author":[{"embeddable":true,"href":"https:\/\/fundacionrafanadal.quelinka.es\/en\/wp-json\/wp\/v2\/users\/1"}],"replies":[{"embeddable":true,"href":"https:\/\/fundacionrafanadal.quelinka.es\/en\/wp-json\/wp\/v2\/comments?post=24256"}],"version-history":[{"count":1,"href":"https:\/\/fundacionrafanadal.quelinka.es\/en\/wp-json\/wp\/v2\/pages\/24256\/revisions"}],"predecessor-version":[{"id":24266,"href":"https:\/\/fundacionrafanadal.quelinka.es\/en\/wp-json\/wp\/v2\/pages\/24256\/revisions\/24266"}],"up":[{"embeddable":true,"href":"https:\/\/fundacionrafanadal.quelinka.es\/en\/wp-json\/wp\/v2\/pages\/24098"}],"wp:featuredmedia":[{"embeddable":true,"href":"https:\/\/fundacionrafanadal.quelinka.es\/en\/wp-json\/wp\/v2\/media\/24262"}],"wp:attachment":[{"href":"https:\/\/fundacionrafanadal.quelinka.es\/en\/wp-json\/wp\/v2\/media?parent=24256"}],"curies":[{"name":"wp","href":"https:\/\/api.w.org\/{rel}","templated":true}]}}