{"id":24693,"date":"2025-04-03T10:06:53","date_gmt":"2025-04-03T10:06:53","guid":{"rendered":"https:\/\/www.fundacionrafanadal.org\/?page_id=24693"},"modified":"2025-04-03T10:07:01","modified_gmt":"2025-04-03T10:07:01","slug":"the-rafa-nadal-foundation-present-at-the-1st-conference-on-childhood-and-youth-mental-health-and-sports","status":"publish","type":"page","link":"https:\/\/fundacionrafanadal.quelinka.es\/en\/get-to-know\/news\/news-2025\/the-rafa-nadal-foundation-present-at-the-1st-conference-on-childhood-and-youth-mental-health-and-sports\/","title":{"rendered":"The Rafa Nadal Foundation present at the 1st Conference on Childhood and Youth, Mental Health and Sports"},"content":{"rendered":"\n<div class=\"inherit-container-width wp-block-group is-layout-constrained wp-block-group-is-layout-constrained\"><div class=\"wp-block-group__inner-container\">\n<div class=\"wp-block-media-text alignfull is-stacked-on-mobile is-image-fill has-background\" style=\"background-color:#ddac31\"><figure class=\"wp-block-media-text__media\" style=\"background-image:url(https:\/\/www.fundacionrafanadal.quelinka.es\/wp-content\/uploads\/2022\/07\/ISM08879.png);background-position:50% 50%\"><img loading=\"lazy\" decoding=\"async\" width=\"900\" height=\"399\" src=\"https:\/\/www.fundacionrafanadal.quelinka.es\/wp-content\/uploads\/2022\/07\/ISM08879.png\" alt=\"\" class=\"wp-image-9879 size-full\" srcset=\"https:\/\/fundacionrafanadal.quelinka.es\/wp-content\/uploads\/2022\/07\/ISM08879.png 900w, https:\/\/fundacionrafanadal.quelinka.es\/wp-content\/uploads\/2022\/07\/ISM08879-300x133.png 300w, https:\/\/fundacionrafanadal.quelinka.es\/wp-content\/uploads\/2022\/07\/ISM08879-768x340.png 768w\" sizes=\"auto, (max-width: 900px) 100vw, 900px\" \/><\/figure><div class=\"wp-block-media-text__content\">\n<div style=\"height:30px\" aria-hidden=\"true\" class=\"wp-block-spacer\"><\/div>\n\n\n\n<h2 class=\"has-ast-global-color-5-color has-text-color wp-block-heading\" style=\"font-size:48px\"><strong>News<\/strong><\/h2>\n\n\n\n<div style=\"height:200px\" aria-hidden=\"true\" class=\"wp-block-spacer\"><\/div>\n<\/div><\/div>\n\n\n\n<p><\/p>\n\n\n<div class=\"wp-block-post-date\"><time datetime=\"2025-04-03T10:06:53+02:00\">3 de April de 2025<\/time><\/div>\n\n\n<h2 class=\"wp-block-heading has-medium-font-size\" style=\"text-transform:uppercase\"><strong><strong><strong><strong>THE RAFA NADAL FOUNDATION PRESENT AT THE 1ST CONFERENCE ON CHILDHOOD AND YOUTH, MENTAL HEALTH AND SPORTS<\/strong><\/strong><\/strong><\/strong><\/h2>\n\n\n\n<figure class=\"wp-block-image alignwide size-full\"><img loading=\"lazy\" decoding=\"async\" width=\"1333\" height=\"1066\" src=\"https:\/\/www.fundacionrafanadal.quelinka.es\/wp-content\/uploads\/2025\/04\/Portada-noticia.jpg\" alt=\"\" class=\"wp-image-24696\" srcset=\"https:\/\/fundacionrafanadal.quelinka.es\/wp-content\/uploads\/2025\/04\/Portada-noticia.jpg 1333w, https:\/\/fundacionrafanadal.quelinka.es\/wp-content\/uploads\/2025\/04\/Portada-noticia-300x240.jpg 300w, https:\/\/fundacionrafanadal.quelinka.es\/wp-content\/uploads\/2025\/04\/Portada-noticia-1024x819.jpg 1024w, https:\/\/fundacionrafanadal.quelinka.es\/wp-content\/uploads\/2025\/04\/Portada-noticia-768x614.jpg 768w\" sizes=\"auto, (max-width: 1333px) 100vw, 1333px\" \/><\/figure>\n\n\n\n<p>On Monday, March 31, 2025, the Fundaci\u00f3n F\u00fatbol M\u00e1s Espa\u00f1a organized the 1st Conference on Childhood and Youth, Mental Health and Sports at the Senate Palace in Madrid.<\/p>\n\n\n\n<p>This pioneering event brought together experts in mental health, sport, education, and childhood to analyze the role of sport in the emotional wellbeing of children and youth.<\/p>\n\n\n\n<p>The Rafa Nadal Foundation was represented by Eunate G\u00f3mez, Project Manager, who attended the conference to reinforce the Foundation&#8217;s commitment to promoting sport as a tool for personal and social development. <\/p>\n\n\n\n<h2 class=\"wp-block-heading\"><strong>The Foundation&#8217;s presence at this event reaffirms its commitment to using sport as a driver for personal development and emotional wellbeing in childhood and youth.<\/strong><\/h2>\n\n\n\n<p>Participation in events like this allows the sharing of experiences, discovering innovative initiatives, and further advancing programs that promote mental health through sport.<\/p>\n\n\n\n<p>The event&#8217;s program included various roundtables and workshops that addressed challenges and opportunities in the field of mental health and sport.<\/p>\n\n\n\n<p>The opening ceremony was led by Javier Ignacio Velasco, Ambassador of Chile to Spain, and Gonzalo Garc\u00eda Casamayor, President of Fundaci\u00f3n F\u00fatbol M\u00e1s Espa\u00f1a, who emphasized the importance of cooperation between sectors to tackle the challenges in child and youth mental health.<\/p>\n\n\n\n<p>Among the speakers were representatives from UNICEF Spain, EDUCO, Confederaci\u00f3n SALUD MENTAL ESPA\u00d1A, Gipuzkoa Football Federation, and the University of Seville, among others. Additionally, the results of the Gurea Geroa project were presented, and the Icehearts workshop was held, focusing on sport as a tool for promoting mental health in childhood and youth.<\/p>\n\n\n\n<p>In the first roundtable, moderated by Celia Dom\u00ednguez (F\u00fatbol M\u00e1s Espa\u00f1a), concerning data on youth mental health:<\/p>\n\n\n\n<p>\u2022 43% of Spanish youth between the ages of 16 and 29 have been diagnosed with mental health issues.<br>\u2022 In vulnerable situations, this percentage rises to 53%.<br>\u2022 More than 40% of surveyed young people had not shared their distress with anyone, reflecting the stigma surrounding mental health.<\/p>\n\n\n\n<p>In this context, Elisenda Gonz\u00e1lez (EDUCO) stressed the importance of ensuring safe environments for children and the need to train professionals in early intervention and prevention.<\/p>\n\n\n\n<p>The second roundtable, moderated by Juan Araya (F\u00fatbol M\u00e1s Europa), analyzed how sport can be both a tool for wellbeing and an environment of pressure and emotional stress, depending on its management and the surrounding dynamics.<\/p>\n\n\n\n<p>\u2022 I\u00f1aki Alonso (KUNINA Sports) warned that sport is not automatically a safe space and emphasized the need to create real support environments.<br>\u2022 Manuel D\u00edaz (Gipuzkoa Football Federation) denounced the lack of commitment to women&#8217;s sports in Spain and the need to promote equal opportunities.<br>\u2022 Patricia Garc\u00eda (PGR ONG) focused on the lack of women in leadership positions within Spanish sport.<br>\u2022 Nel A. Gonz\u00e1lez (Confederaci\u00f3n Salud Mental Espa\u00f1a) insisted on the need to introduce a comprehensive mental health education curriculum in schools.<\/p>\n\n\n\n<p><em>\u201cOur women\u2019s sport is a giant with feet of clay: no matter how many world championships we win, inequality still marks the reality of football in Spain,\u201d said Manuel D\u00edaz.<\/em><\/p>\n\n\n\n<p>In the final roundtable, the ICEHEARTS model was presented, a European Commission-funded initiative that adapts a Finnish mentoring and sport program to promote emotional wellbeing for children in Spain. Diego L\u00f3pez (Real Betis Foundation) explained how football becomes a vehicle to convey values like resilience, sportsmanship, and inclusion. Alison Maassen (EuroHealthNet) highlighted the importance of sharing good practices in mental health across Europe.<\/p>\n\n\n\n<p><em>\u201cWe can only be catalysts for joint action if we have actions to share; our job is to connect, spread, and ensure that best practices have a real impact in Europe,\u201d stated Maassen.<\/em><\/p>\n\n\n\n<p>The day concluded with an institutional closing by Sira Rego, Minister of Youth and Childhood, who emphasized the importance of continuing to work on public policies that integrate sport into mental health strategies. She stressed the need for a structural and collective approach to mental health and highlighted the role of youth in raising awareness of this issue.<\/p>\n\n\n\n<p>&#8220;<em>Emotional wellbeing is a right, not a luxury, and sport is a way to guarantee it,\u201d stated the Minister.<\/em><\/p>\n\n\n\n<figure class=\"wp-block-image size-full\"><img loading=\"lazy\" decoding=\"async\" width=\"926\" height=\"741\" src=\"https:\/\/www.fundacionrafanadal.quelinka.es\/wp-content\/uploads\/2025\/04\/sirarego.jpg\" alt=\"\" class=\"wp-image-24697\" srcset=\"https:\/\/fundacionrafanadal.quelinka.es\/wp-content\/uploads\/2025\/04\/sirarego.jpg 926w, https:\/\/fundacionrafanadal.quelinka.es\/wp-content\/uploads\/2025\/04\/sirarego-300x240.jpg 300w, https:\/\/fundacionrafanadal.quelinka.es\/wp-content\/uploads\/2025\/04\/sirarego-768x615.jpg 768w\" sizes=\"auto, (max-width: 926px) 100vw, 926px\" \/><\/figure>\n\n\n\n<p>The 1st Conference on Childhood and Youth, Mental Health and Sport made it clear that mental health is a shared responsibility. From institutions to communities, the wellbeing of childhood and youth requires a structural and preventive approach, where sport plays a key role.<\/p>\n\n\n\n<h2 class=\"wp-block-heading\"><strong>The Rafa Nadal Foundation celebrates this conference and reaffirms its commitment to continue promoting sport as a driver of change and wellbeing for children and youth.<\/strong><\/h2>\n<\/div><\/div>\n","protected":false},"excerpt":{"rendered":"<p>THE RAFA NADAL FOUNDATION PRESENT AT THE 1ST CONFERENCE ON CHILDHOOD AND YOUTH, MENTAL HEALTH AND SPORTS On Monday, March 31, 2025, the Fundaci\u00f3n F\u00fatbol M\u00e1s Espa\u00f1a organized the 1st Conference on Childhood and Youth, Mental Health and Sports at the Senate Palace in Madrid. This pioneering event brought together experts in mental health, sport, [&hellip;]<\/p>\n","protected":false},"author":14,"featured_media":24696,"parent":24098,"menu_order":0,"comment_status":"closed","ping_status":"closed","template":"","meta":{"_acf_changed":false,"give_campaign_id":0,"_monsterinsights_skip_tracking":false,"_monsterinsights_sitenote_active":false,"_monsterinsights_sitenote_note":"","_monsterinsights_sitenote_category":0,"site-sidebar-layout":"default","site-content-layout":"","ast-site-content-layout":"default","site-content-style":"default","site-sidebar-style":"default","ast-global-header-display":"","ast-banner-title-visibility":"","ast-main-header-display":"","ast-hfb-above-header-display":"","ast-hfb-below-header-display":"","ast-hfb-mobile-header-display":"","site-post-title":"disabled","ast-breadcrumbs-content":"","ast-featured-img":"","footer-sml-layout":"","ast-disable-related-posts":"","theme-transparent-header-meta":"","adv-header-id-meta":"","stick-header-meta":"","header-above-stick-meta":"","header-main-stick-meta":"","header-below-stick-meta":"","astra-migrate-meta-layouts":"set","ast-page-background-enabled":"default","ast-page-background-meta":{"desktop":{"background-color":"var(--ast-global-color-4)","background-image":"","background-repeat":"repeat","background-position":"center center","background-size":"auto","background-attachment":"scroll","background-type":"","background-media":"","overlay-type":"","overlay-color":"","overlay-opacity":"","overlay-gradient":""},"tablet":{"background-color":"","background-image":"","background-repeat":"repeat","background-position":"center center","background-size":"auto","background-attachment":"scroll","background-type":"","background-media":"","overlay-type":"","overlay-color":"","overlay-opacity":"","overlay-gradient":""},"mobile":{"background-color":"","background-image":"","background-repeat":"repeat","background-position":"center center","background-size":"auto","background-attachment":"scroll","background-type":"","background-media":"","overlay-type":"","overlay-color":"","overlay-opacity":"","overlay-gradient":""}},"ast-content-background-meta":{"desktop":{"background-color":"var(--ast-global-color-5)","background-image":"","background-repeat":"repeat","background-position":"center center","background-size":"auto","background-attachment":"scroll","background-type":"","background-media":"","overlay-type":"","overlay-color":"","overlay-opacity":"","overlay-gradient":""},"tablet":{"background-color":"var(--ast-global-color-5)","background-image":"","background-repeat":"repeat","background-position":"center center","background-size":"auto","background-attachment":"scroll","background-type":"","background-media":"","overlay-type":"","overlay-color":"","overlay-opacity":"","overlay-gradient":""},"mobile":{"background-color":"var(--ast-global-color-5)","background-image":"","background-repeat":"repeat","background-position":"center center","background-size":"auto","background-attachment":"scroll","background-type":"","background-media":"","overlay-type":"","overlay-color":"","overlay-opacity":"","overlay-gradient":""}},"_themeisle_gutenberg_block_has_review":false,"footnotes":""},"class_list":["post-24693","page","type-page","status-publish","has-post-thumbnail","hentry"],"acf":[],"yoast_head":"<!-- This site is optimized with the Yoast SEO plugin v26.8 - https:\/\/yoast.com\/product\/yoast-seo-wordpress\/ -->\n<title>The Rafa Nadal Foundation present at the 1st Conference on Childhood and Youth, Mental Health and Sports - Fundaci\u00f3n Rafa Nadal<\/title>\n<meta name=\"robots\" content=\"noindex, follow, max-snippet:-1, max-image-preview:large, max-video-preview:-1\" \/>\n<meta property=\"og:locale\" content=\"en_US\" \/>\n<meta property=\"og:type\" content=\"article\" \/>\n<meta property=\"og:title\" content=\"The Rafa Nadal Foundation present at the 1st Conference on Childhood and Youth, Mental Health and Sports - Fundaci\u00f3n Rafa Nadal\" \/>\n<meta property=\"og:description\" content=\"THE RAFA NADAL FOUNDATION PRESENT AT THE 1ST CONFERENCE ON CHILDHOOD AND YOUTH, MENTAL HEALTH AND SPORTS On Monday, March 31, 2025, the Fundaci\u00f3n F\u00fatbol M\u00e1s Espa\u00f1a organized the 1st Conference on Childhood and Youth, Mental Health and Sports at the Senate Palace in Madrid. This pioneering event brought together experts in mental health, sport, [&hellip;]\" \/>\n<meta property=\"og:url\" content=\"https:\/\/fundacionrafanadal.quelinka.es\/en\/get-to-know\/news\/news-2025\/the-rafa-nadal-foundation-present-at-the-1st-conference-on-childhood-and-youth-mental-health-and-sports\/\" \/>\n<meta property=\"og:site_name\" content=\"Fundaci\u00f3n Rafa Nadal\" \/>\n<meta property=\"article:modified_time\" content=\"2025-04-03T10:07:01+00:00\" \/>\n<meta property=\"og:image\" content=\"https:\/\/fundacionrafanadal.quelinka.es\/wp-content\/uploads\/2025\/04\/Portada-noticia.jpg\" \/>\n\t<meta property=\"og:image:width\" content=\"1333\" \/>\n\t<meta property=\"og:image:height\" content=\"1066\" \/>\n\t<meta property=\"og:image:type\" content=\"image\/jpeg\" \/>\n<meta name=\"twitter:card\" content=\"summary_large_image\" \/>\n<meta name=\"twitter:label1\" content=\"Est. reading time\" \/>\n\t<meta name=\"twitter:data1\" content=\"8 minutes\" \/>\n<script type=\"application\/ld+json\" class=\"yoast-schema-graph\">{\"@context\":\"https:\/\/schema.org\",\"@graph\":[{\"@type\":\"WebPage\",\"@id\":\"https:\/\/fundacionrafanadal.quelinka.es\/en\/get-to-know\/news\/news-2025\/the-rafa-nadal-foundation-present-at-the-1st-conference-on-childhood-and-youth-mental-health-and-sports\/\",\"url\":\"https:\/\/fundacionrafanadal.quelinka.es\/en\/get-to-know\/news\/news-2025\/the-rafa-nadal-foundation-present-at-the-1st-conference-on-childhood-and-youth-mental-health-and-sports\/\",\"name\":\"The Rafa Nadal Foundation present at the 1st Conference on Childhood and Youth, Mental Health and Sports - Fundaci\u00f3n Rafa Nadal\",\"isPartOf\":{\"@id\":\"https:\/\/fundacionrafanadal.quelinka.es\/en\/#website\"},\"primaryImageOfPage\":{\"@id\":\"https:\/\/fundacionrafanadal.quelinka.es\/en\/get-to-know\/news\/news-2025\/the-rafa-nadal-foundation-present-at-the-1st-conference-on-childhood-and-youth-mental-health-and-sports\/#primaryimage\"},\"image\":{\"@id\":\"https:\/\/fundacionrafanadal.quelinka.es\/en\/get-to-know\/news\/news-2025\/the-rafa-nadal-foundation-present-at-the-1st-conference-on-childhood-and-youth-mental-health-and-sports\/#primaryimage\"},\"thumbnailUrl\":\"https:\/\/fundacionrafanadal.quelinka.es\/wp-content\/uploads\/2025\/04\/Portada-noticia.jpg\",\"datePublished\":\"2025-04-03T10:06:53+00:00\",\"dateModified\":\"2025-04-03T10:07:01+00:00\",\"breadcrumb\":{\"@id\":\"https:\/\/fundacionrafanadal.quelinka.es\/en\/get-to-know\/news\/news-2025\/the-rafa-nadal-foundation-present-at-the-1st-conference-on-childhood-and-youth-mental-health-and-sports\/#breadcrumb\"},\"inLanguage\":\"en-US\",\"potentialAction\":[{\"@type\":\"ReadAction\",\"target\":[\"https:\/\/fundacionrafanadal.quelinka.es\/en\/get-to-know\/news\/news-2025\/the-rafa-nadal-foundation-present-at-the-1st-conference-on-childhood-and-youth-mental-health-and-sports\/\"]}]},{\"@type\":\"ImageObject\",\"inLanguage\":\"en-US\",\"@id\":\"https:\/\/fundacionrafanadal.quelinka.es\/en\/get-to-know\/news\/news-2025\/the-rafa-nadal-foundation-present-at-the-1st-conference-on-childhood-and-youth-mental-health-and-sports\/#primaryimage\",\"url\":\"https:\/\/fundacionrafanadal.quelinka.es\/wp-content\/uploads\/2025\/04\/Portada-noticia.jpg\",\"contentUrl\":\"https:\/\/fundacionrafanadal.quelinka.es\/wp-content\/uploads\/2025\/04\/Portada-noticia.jpg\",\"width\":1333,\"height\":1066},{\"@type\":\"BreadcrumbList\",\"@id\":\"https:\/\/fundacionrafanadal.quelinka.es\/en\/get-to-know\/news\/news-2025\/the-rafa-nadal-foundation-present-at-the-1st-conference-on-childhood-and-youth-mental-health-and-sports\/#breadcrumb\",\"itemListElement\":[{\"@type\":\"ListItem\",\"position\":1,\"name\":\"Portada\",\"item\":\"https:\/\/fundacionrafanadal.quelinka.es\/en\/\"},{\"@type\":\"ListItem\",\"position\":2,\"name\":\"Get to know!\",\"item\":\"https:\/\/fundacionrafanadal.quelinka.es\/en\/conocenos\/\"},{\"@type\":\"ListItem\",\"position\":3,\"name\":\"News\",\"item\":\"https:\/\/fundacionrafanadal.quelinka.es\/en\/conocenos\/noticias\/\"},{\"@type\":\"ListItem\",\"position\":4,\"name\":\"News 2025\",\"item\":\"https:\/\/fundacionrafanadal.quelinka.es\/en\/get-to-know\/news\/news-2025\/\"},{\"@type\":\"ListItem\",\"position\":5,\"name\":\"The Rafa Nadal Foundation present at the 1st Conference on Childhood and Youth, Mental Health and Sports\"}]},{\"@type\":\"WebSite\",\"@id\":\"https:\/\/fundacionrafanadal.quelinka.es\/en\/#website\",\"url\":\"https:\/\/fundacionrafanadal.quelinka.es\/en\/\",\"name\":\"Fundaci\u00f3n Rafa Nadal\",\"description\":\"A trav\u00e9s del deporte y la educaci\u00f3n, promovemos la integraci\u00f3n y el desarrollo personal y social de ni\u00f1os y j\u00f3venes. En Espa\u00f1a y la India.\",\"publisher\":{\"@id\":\"https:\/\/fundacionrafanadal.quelinka.es\/en\/#organization\"},\"potentialAction\":[{\"@type\":\"SearchAction\",\"target\":{\"@type\":\"EntryPoint\",\"urlTemplate\":\"https:\/\/fundacionrafanadal.quelinka.es\/en\/?s={search_term_string}\"},\"query-input\":{\"@type\":\"PropertyValueSpecification\",\"valueRequired\":true,\"valueName\":\"search_term_string\"}}],\"inLanguage\":\"en-US\"},{\"@type\":\"Organization\",\"@id\":\"https:\/\/fundacionrafanadal.quelinka.es\/en\/#organization\",\"name\":\"Fundaci\u00f3n Rafa Nadal\",\"url\":\"https:\/\/fundacionrafanadal.quelinka.es\/en\/\",\"logo\":{\"@type\":\"ImageObject\",\"inLanguage\":\"en-US\",\"@id\":\"https:\/\/fundacionrafanadal.quelinka.es\/en\/#\/schema\/logo\/image\/\",\"url\":\"https:\/\/fundacionrafanadal.quelinka.es\/wp-content\/uploads\/2022\/09\/logo-frn-web-3.png\",\"contentUrl\":\"https:\/\/fundacionrafanadal.quelinka.es\/wp-content\/uploads\/2022\/09\/logo-frn-web-3.png\",\"width\":551,\"height\":140,\"caption\":\"Fundaci\u00f3n Rafa Nadal\"},\"image\":{\"@id\":\"https:\/\/fundacionrafanadal.quelinka.es\/en\/#\/schema\/logo\/image\/\"}}]}<\/script>\n<!-- \/ Yoast SEO plugin. -->","yoast_head_json":{"title":"The Rafa Nadal Foundation present at the 1st Conference on Childhood and Youth, Mental Health and Sports - Fundaci\u00f3n Rafa Nadal","robots":{"index":"noindex","follow":"follow","max-snippet":"max-snippet:-1","max-image-preview":"max-image-preview:large","max-video-preview":"max-video-preview:-1"},"og_locale":"en_US","og_type":"article","og_title":"The Rafa Nadal Foundation present at the 1st Conference on Childhood and Youth, Mental Health and Sports - Fundaci\u00f3n Rafa Nadal","og_description":"THE RAFA NADAL FOUNDATION PRESENT AT THE 1ST CONFERENCE ON CHILDHOOD AND YOUTH, MENTAL HEALTH AND SPORTS On Monday, March 31, 2025, the Fundaci\u00f3n F\u00fatbol M\u00e1s Espa\u00f1a organized the 1st Conference on Childhood and Youth, Mental Health and Sports at the Senate Palace in Madrid. This pioneering event brought together experts in mental health, sport, [&hellip;]","og_url":"https:\/\/fundacionrafanadal.quelinka.es\/en\/get-to-know\/news\/news-2025\/the-rafa-nadal-foundation-present-at-the-1st-conference-on-childhood-and-youth-mental-health-and-sports\/","og_site_name":"Fundaci\u00f3n Rafa Nadal","article_modified_time":"2025-04-03T10:07:01+00:00","og_image":[{"width":1333,"height":1066,"url":"https:\/\/fundacionrafanadal.quelinka.es\/wp-content\/uploads\/2025\/04\/Portada-noticia.jpg","type":"image\/jpeg"}],"twitter_card":"summary_large_image","twitter_misc":{"Est. reading time":"8 minutes"},"schema":{"@context":"https:\/\/schema.org","@graph":[{"@type":"WebPage","@id":"https:\/\/fundacionrafanadal.quelinka.es\/en\/get-to-know\/news\/news-2025\/the-rafa-nadal-foundation-present-at-the-1st-conference-on-childhood-and-youth-mental-health-and-sports\/","url":"https:\/\/fundacionrafanadal.quelinka.es\/en\/get-to-know\/news\/news-2025\/the-rafa-nadal-foundation-present-at-the-1st-conference-on-childhood-and-youth-mental-health-and-sports\/","name":"The Rafa Nadal Foundation present at the 1st Conference on Childhood and Youth, Mental Health and Sports - Fundaci\u00f3n Rafa Nadal","isPartOf":{"@id":"https:\/\/fundacionrafanadal.quelinka.es\/en\/#website"},"primaryImageOfPage":{"@id":"https:\/\/fundacionrafanadal.quelinka.es\/en\/get-to-know\/news\/news-2025\/the-rafa-nadal-foundation-present-at-the-1st-conference-on-childhood-and-youth-mental-health-and-sports\/#primaryimage"},"image":{"@id":"https:\/\/fundacionrafanadal.quelinka.es\/en\/get-to-know\/news\/news-2025\/the-rafa-nadal-foundation-present-at-the-1st-conference-on-childhood-and-youth-mental-health-and-sports\/#primaryimage"},"thumbnailUrl":"https:\/\/fundacionrafanadal.quelinka.es\/wp-content\/uploads\/2025\/04\/Portada-noticia.jpg","datePublished":"2025-04-03T10:06:53+00:00","dateModified":"2025-04-03T10:07:01+00:00","breadcrumb":{"@id":"https:\/\/fundacionrafanadal.quelinka.es\/en\/get-to-know\/news\/news-2025\/the-rafa-nadal-foundation-present-at-the-1st-conference-on-childhood-and-youth-mental-health-and-sports\/#breadcrumb"},"inLanguage":"en-US","potentialAction":[{"@type":"ReadAction","target":["https:\/\/fundacionrafanadal.quelinka.es\/en\/get-to-know\/news\/news-2025\/the-rafa-nadal-foundation-present-at-the-1st-conference-on-childhood-and-youth-mental-health-and-sports\/"]}]},{"@type":"ImageObject","inLanguage":"en-US","@id":"https:\/\/fundacionrafanadal.quelinka.es\/en\/get-to-know\/news\/news-2025\/the-rafa-nadal-foundation-present-at-the-1st-conference-on-childhood-and-youth-mental-health-and-sports\/#primaryimage","url":"https:\/\/fundacionrafanadal.quelinka.es\/wp-content\/uploads\/2025\/04\/Portada-noticia.jpg","contentUrl":"https:\/\/fundacionrafanadal.quelinka.es\/wp-content\/uploads\/2025\/04\/Portada-noticia.jpg","width":1333,"height":1066},{"@type":"BreadcrumbList","@id":"https:\/\/fundacionrafanadal.quelinka.es\/en\/get-to-know\/news\/news-2025\/the-rafa-nadal-foundation-present-at-the-1st-conference-on-childhood-and-youth-mental-health-and-sports\/#breadcrumb","itemListElement":[{"@type":"ListItem","position":1,"name":"Portada","item":"https:\/\/fundacionrafanadal.quelinka.es\/en\/"},{"@type":"ListItem","position":2,"name":"Get to know!","item":"https:\/\/fundacionrafanadal.quelinka.es\/en\/conocenos\/"},{"@type":"ListItem","position":3,"name":"News","item":"https:\/\/fundacionrafanadal.quelinka.es\/en\/conocenos\/noticias\/"},{"@type":"ListItem","position":4,"name":"News 2025","item":"https:\/\/fundacionrafanadal.quelinka.es\/en\/get-to-know\/news\/news-2025\/"},{"@type":"ListItem","position":5,"name":"The Rafa Nadal Foundation present at the 1st Conference on Childhood and Youth, Mental Health and Sports"}]},{"@type":"WebSite","@id":"https:\/\/fundacionrafanadal.quelinka.es\/en\/#website","url":"https:\/\/fundacionrafanadal.quelinka.es\/en\/","name":"Fundaci\u00f3n Rafa Nadal","description":"A trav\u00e9s del deporte y la educaci\u00f3n, promovemos la integraci\u00f3n y el desarrollo personal y social de ni\u00f1os y j\u00f3venes. En Espa\u00f1a y la India.","publisher":{"@id":"https:\/\/fundacionrafanadal.quelinka.es\/en\/#organization"},"potentialAction":[{"@type":"SearchAction","target":{"@type":"EntryPoint","urlTemplate":"https:\/\/fundacionrafanadal.quelinka.es\/en\/?s={search_term_string}"},"query-input":{"@type":"PropertyValueSpecification","valueRequired":true,"valueName":"search_term_string"}}],"inLanguage":"en-US"},{"@type":"Organization","@id":"https:\/\/fundacionrafanadal.quelinka.es\/en\/#organization","name":"Fundaci\u00f3n Rafa Nadal","url":"https:\/\/fundacionrafanadal.quelinka.es\/en\/","logo":{"@type":"ImageObject","inLanguage":"en-US","@id":"https:\/\/fundacionrafanadal.quelinka.es\/en\/#\/schema\/logo\/image\/","url":"https:\/\/fundacionrafanadal.quelinka.es\/wp-content\/uploads\/2022\/09\/logo-frn-web-3.png","contentUrl":"https:\/\/fundacionrafanadal.quelinka.es\/wp-content\/uploads\/2022\/09\/logo-frn-web-3.png","width":551,"height":140,"caption":"Fundaci\u00f3n Rafa Nadal"},"image":{"@id":"https:\/\/fundacionrafanadal.quelinka.es\/en\/#\/schema\/logo\/image\/"}}]}},"campaignId":"","_links":{"self":[{"href":"https:\/\/fundacionrafanadal.quelinka.es\/en\/wp-json\/wp\/v2\/pages\/24693","targetHints":{"allow":["GET"]}}],"collection":[{"href":"https:\/\/fundacionrafanadal.quelinka.es\/en\/wp-json\/wp\/v2\/pages"}],"about":[{"href":"https:\/\/fundacionrafanadal.quelinka.es\/en\/wp-json\/wp\/v2\/types\/page"}],"author":[{"embeddable":true,"href":"https:\/\/fundacionrafanadal.quelinka.es\/en\/wp-json\/wp\/v2\/users\/14"}],"replies":[{"embeddable":true,"href":"https:\/\/fundacionrafanadal.quelinka.es\/en\/wp-json\/wp\/v2\/comments?post=24693"}],"version-history":[{"count":1,"href":"https:\/\/fundacionrafanadal.quelinka.es\/en\/wp-json\/wp\/v2\/pages\/24693\/revisions"}],"predecessor-version":[{"id":24701,"href":"https:\/\/fundacionrafanadal.quelinka.es\/en\/wp-json\/wp\/v2\/pages\/24693\/revisions\/24701"}],"up":[{"embeddable":true,"href":"https:\/\/fundacionrafanadal.quelinka.es\/en\/wp-json\/wp\/v2\/pages\/24098"}],"wp:featuredmedia":[{"embeddable":true,"href":"https:\/\/fundacionrafanadal.quelinka.es\/en\/wp-json\/wp\/v2\/media\/24696"}],"wp:attachment":[{"href":"https:\/\/fundacionrafanadal.quelinka.es\/en\/wp-json\/wp\/v2\/media?parent=24693"}],"curies":[{"name":"wp","href":"https:\/\/api.w.org\/{rel}","templated":true}]}}