{"id":25698,"date":"2025-06-17T08:55:21","date_gmt":"2025-06-17T08:55:21","guid":{"rendered":"https:\/\/www.fundacionrafanadal.org\/?page_id=25698"},"modified":"2025-06-17T09:18:12","modified_gmt":"2025-06-17T09:18:12","slug":"the-rafa-nadal-foundation-attends-the-the-power-of-postcodes-2025-gala-by-national-postcode-loterij-in-the-hague","status":"publish","type":"page","link":"https:\/\/fundacionrafanadal.quelinka.es\/en\/get-to-know\/news\/news-2025\/the-rafa-nadal-foundation-attends-the-the-power-of-postcodes-2025-gala-by-national-postcode-loterij-in-the-hague\/","title":{"rendered":"The Rafa Nadal Foundation attends the &#8220;The Power of Postcodes 2025&#8221; gala by National Postcode Loterij in The Hague"},"content":{"rendered":"\n<div class=\"inherit-container-width wp-block-group is-layout-constrained wp-block-group-is-layout-constrained\"><div class=\"wp-block-group__inner-container\">\n<div class=\"wp-block-media-text alignfull is-stacked-on-mobile is-image-fill has-background\" style=\"background-color:#ddac31\"><figure class=\"wp-block-media-text__media\" style=\"background-image:url(https:\/\/www.fundacionrafanadal.quelinka.es\/wp-content\/uploads\/2022\/07\/ISM08879.png);background-position:50% 50%\"><img loading=\"lazy\" decoding=\"async\" width=\"900\" height=\"399\" src=\"https:\/\/www.fundacionrafanadal.quelinka.es\/wp-content\/uploads\/2022\/07\/ISM08879.png\" alt=\"\" class=\"wp-image-9879 size-full\" srcset=\"https:\/\/fundacionrafanadal.quelinka.es\/wp-content\/uploads\/2022\/07\/ISM08879.png 900w, https:\/\/fundacionrafanadal.quelinka.es\/wp-content\/uploads\/2022\/07\/ISM08879-300x133.png 300w, https:\/\/fundacionrafanadal.quelinka.es\/wp-content\/uploads\/2022\/07\/ISM08879-768x340.png 768w\" sizes=\"auto, (max-width: 900px) 100vw, 900px\" \/><\/figure><div class=\"wp-block-media-text__content\">\n<div style=\"height:30px\" aria-hidden=\"true\" class=\"wp-block-spacer\"><\/div>\n\n\n\n<h2 class=\"has-ast-global-color-5-color has-text-color wp-block-heading\" style=\"font-size:48px\"><strong>News<\/strong><\/h2>\n\n\n\n<div style=\"height:200px\" aria-hidden=\"true\" class=\"wp-block-spacer\"><\/div>\n<\/div><\/div>\n\n\n\n<p><\/p>\n\n\n<div class=\"wp-block-post-date\"><time datetime=\"2025-06-17T08:55:21+02:00\">17 de June de 2025<\/time><\/div>\n\n\n<h2 class=\"wp-block-heading has-medium-font-size\" style=\"text-transform:uppercase\"><strong><strong><strong><strong>THE RAFA NADAL FOUNDATION ATTENDS THE &#8220;THE POWER OF POSTCODES 2025&#8221; GALA BY NATIONAL POSTCODE LOTERIJ IN THE HAGUE<\/strong><\/strong><\/strong><\/strong><\/h2>\n\n\n\n<figure class=\"wp-block-image alignwide size-full\"><img loading=\"lazy\" decoding=\"async\" width=\"770\" height=\"617\" src=\"https:\/\/www.fundacionrafanadal.quelinka.es\/wp-content\/uploads\/2025\/06\/Portada_noticia.jpg\" alt=\"\" class=\"wp-image-25701\" srcset=\"https:\/\/fundacionrafanadal.quelinka.es\/wp-content\/uploads\/2025\/06\/Portada_noticia.jpg 770w, https:\/\/fundacionrafanadal.quelinka.es\/wp-content\/uploads\/2025\/06\/Portada_noticia-300x240.jpg 300w, https:\/\/fundacionrafanadal.quelinka.es\/wp-content\/uploads\/2025\/06\/Portada_noticia-768x615.jpg 768w\" sizes=\"auto, (max-width: 770px) 100vw, 770px\" \/><\/figure>\n\n\n\n<h2 class=\"wp-block-heading\"><\/h2>\n\n\n\n<h2 class=\"wp-block-heading\">Jos\u00e9 Ruiz, Deputy Director of the Rafa Nadal Foundation, was present in The Hague for the annual gala <strong>&#8220;The Power of Postcodes 2025&#8221;<\/strong>, organized by our partner <strong>National Postcode Loterij<\/strong>.<\/h2>\n\n\n\n<p>This event brings together all the international social organizations supported by the <strong>Postcode Lottery Group<\/strong> to celebrate and highlight their shared commitment to social change. Under the motto <strong>\u201cTransforming lives, strengthening communities and creating a better world\u201d<\/strong>, the gala honors the global impact of this alliance.<\/p>\n\n\n\n<p><strong>National Postcode Loterij<\/strong> is one of the most important strategic partners of the Rafa Nadal Foundation. Their ongoing support has made it possible for the <strong>Rafa Nadal Foundation Centers<\/strong> to serve hundreds of children and adolescents in vulnerable situations in Spain, offering them real opportunities for personal and social development.<\/p>\n\n\n\n<p>The main goal of the <strong>Postcode Lottery Group<\/strong> is to attract as many players as possible in order to raise vital funds for social causes. Their innovative model turns every postcode into a <strong>\u201cticket for good\u201d<\/strong>, fostering solidarity, celebrating shared achievements, and contributing to a fairer, healthier, and more sustainable world.<\/p>\n\n\n\n<p>\u201cTaking part in this gala is an opportunity to reaffirm the value of alliances that truly generate impact. With the support of National Postcode Loterij, we\u2019ve been working for fifteen years to ensure that vulnerable children have access to tools that help them build a better future,\u201d said <strong>Jos\u00e9 Ruiz<\/strong>, Deputy Director of the Rafa Nadal Foundation.<\/p>\n\n\n\n<figure class=\"wp-block-image size-large\"><img loading=\"lazy\" decoding=\"async\" width=\"1024\" height=\"608\" src=\"https:\/\/www.fundacionrafanadal.quelinka.es\/wp-content\/uploads\/2025\/06\/JoseNPL-1024x608.jpg\" alt=\"\" class=\"wp-image-25704\" srcset=\"https:\/\/fundacionrafanadal.quelinka.es\/wp-content\/uploads\/2025\/06\/JoseNPL-1024x608.jpg 1024w, https:\/\/fundacionrafanadal.quelinka.es\/wp-content\/uploads\/2025\/06\/JoseNPL-300x178.jpg 300w, https:\/\/fundacionrafanadal.quelinka.es\/wp-content\/uploads\/2025\/06\/JoseNPL-768x456.jpg 768w, https:\/\/fundacionrafanadal.quelinka.es\/wp-content\/uploads\/2025\/06\/JoseNPL.jpg 1104w\" sizes=\"auto, (max-width: 1024px) 100vw, 1024px\" \/><\/figure>\n\n\n\n<h2 class=\"wp-block-heading\"><strong>At the Rafa Nadal Foundation, we are proud to be part of this global movement and to continue working together for a future full of opportunities for children.<\/strong><\/h2>\n<\/div><\/div>\n","protected":false},"excerpt":{"rendered":"<p>THE RAFA NADAL FOUNDATION ATTENDS THE &#8220;THE POWER OF POSTCODES 2025&#8221; GALA BY NATIONAL POSTCODE LOTERIJ IN THE HAGUE Jos\u00e9 Ruiz, Deputy Director of the Rafa Nadal Foundation, was present in The Hague for the annual gala &#8220;The Power of Postcodes 2025&#8221;, organized by our partner National Postcode Loterij. This event brings together all the [&hellip;]<\/p>\n","protected":false},"author":14,"featured_media":25701,"parent":24098,"menu_order":0,"comment_status":"closed","ping_status":"closed","template":"","meta":{"_acf_changed":false,"give_campaign_id":0,"_monsterinsights_skip_tracking":false,"_monsterinsights_sitenote_active":false,"_monsterinsights_sitenote_note":"","_monsterinsights_sitenote_category":0,"site-sidebar-layout":"default","site-content-layout":"","ast-site-content-layout":"default","site-content-style":"default","site-sidebar-style":"default","ast-global-header-display":"","ast-banner-title-visibility":"","ast-main-header-display":"","ast-hfb-above-header-display":"","ast-hfb-below-header-display":"","ast-hfb-mobile-header-display":"","site-post-title":"disabled","ast-breadcrumbs-content":"","ast-featured-img":"","footer-sml-layout":"","ast-disable-related-posts":"","theme-transparent-header-meta":"","adv-header-id-meta":"","stick-header-meta":"","header-above-stick-meta":"","header-main-stick-meta":"","header-below-stick-meta":"","astra-migrate-meta-layouts":"set","ast-page-background-enabled":"default","ast-page-background-meta":{"desktop":{"background-color":"var(--ast-global-color-4)","background-image":"","background-repeat":"repeat","background-position":"center center","background-size":"auto","background-attachment":"scroll","background-type":"","background-media":"","overlay-type":"","overlay-color":"","overlay-opacity":"","overlay-gradient":""},"tablet":{"background-color":"","background-image":"","background-repeat":"repeat","background-position":"center center","background-size":"auto","background-attachment":"scroll","background-type":"","background-media":"","overlay-type":"","overlay-color":"","overlay-opacity":"","overlay-gradient":""},"mobile":{"background-color":"","background-image":"","background-repeat":"repeat","background-position":"center center","background-size":"auto","background-attachment":"scroll","background-type":"","background-media":"","overlay-type":"","overlay-color":"","overlay-opacity":"","overlay-gradient":""}},"ast-content-background-meta":{"desktop":{"background-color":"var(--ast-global-color-5)","background-image":"","background-repeat":"repeat","background-position":"center center","background-size":"auto","background-attachment":"scroll","background-type":"","background-media":"","overlay-type":"","overlay-color":"","overlay-opacity":"","overlay-gradient":""},"tablet":{"background-color":"var(--ast-global-color-5)","background-image":"","background-repeat":"repeat","background-position":"center center","background-size":"auto","background-attachment":"scroll","background-type":"","background-media":"","overlay-type":"","overlay-color":"","overlay-opacity":"","overlay-gradient":""},"mobile":{"background-color":"var(--ast-global-color-5)","background-image":"","background-repeat":"repeat","background-position":"center center","background-size":"auto","background-attachment":"scroll","background-type":"","background-media":"","overlay-type":"","overlay-color":"","overlay-opacity":"","overlay-gradient":""}},"_themeisle_gutenberg_block_has_review":false,"footnotes":""},"class_list":["post-25698","page","type-page","status-publish","has-post-thumbnail","hentry"],"acf":[],"yoast_head":"<!-- This site is optimized with the Yoast SEO plugin v26.8 - https:\/\/yoast.com\/product\/yoast-seo-wordpress\/ -->\n<title>The Rafa Nadal Foundation attends the &quot;The Power of Postcodes 2025&quot; gala by National Postcode Loterij in The Hague - Fundaci\u00f3n Rafa Nadal<\/title>\n<meta name=\"robots\" content=\"noindex, follow, max-snippet:-1, max-image-preview:large, max-video-preview:-1\" \/>\n<meta property=\"og:locale\" content=\"en_US\" \/>\n<meta property=\"og:type\" content=\"article\" \/>\n<meta property=\"og:title\" content=\"The Rafa Nadal Foundation attends the &quot;The Power of Postcodes 2025&quot; gala by National Postcode Loterij in The Hague - Fundaci\u00f3n Rafa Nadal\" \/>\n<meta property=\"og:description\" content=\"THE RAFA NADAL FOUNDATION ATTENDS THE &#8220;THE POWER OF POSTCODES 2025&#8221; GALA BY NATIONAL POSTCODE LOTERIJ IN THE HAGUE Jos\u00e9 Ruiz, Deputy Director of the Rafa Nadal Foundation, was present in The Hague for the annual gala &#8220;The Power of Postcodes 2025&#8221;, organized by our partner National Postcode Loterij. This event brings together all the [&hellip;]\" \/>\n<meta property=\"og:url\" content=\"https:\/\/fundacionrafanadal.quelinka.es\/en\/get-to-know\/news\/news-2025\/the-rafa-nadal-foundation-attends-the-the-power-of-postcodes-2025-gala-by-national-postcode-loterij-in-the-hague\/\" \/>\n<meta property=\"og:site_name\" content=\"Fundaci\u00f3n Rafa Nadal\" \/>\n<meta property=\"article:modified_time\" content=\"2025-06-17T09:18:12+00:00\" \/>\n<meta property=\"og:image\" content=\"https:\/\/fundacionrafanadal.quelinka.es\/wp-content\/uploads\/2025\/06\/Portada_noticia.jpg\" \/>\n\t<meta property=\"og:image:width\" content=\"770\" \/>\n\t<meta property=\"og:image:height\" content=\"617\" \/>\n\t<meta property=\"og:image:type\" content=\"image\/jpeg\" \/>\n<meta name=\"twitter:card\" content=\"summary_large_image\" \/>\n<meta name=\"twitter:label1\" content=\"Est. reading time\" \/>\n\t<meta name=\"twitter:data1\" content=\"4 minutes\" \/>\n<script type=\"application\/ld+json\" class=\"yoast-schema-graph\">{\"@context\":\"https:\/\/schema.org\",\"@graph\":[{\"@type\":\"WebPage\",\"@id\":\"https:\/\/fundacionrafanadal.quelinka.es\/en\/get-to-know\/news\/news-2025\/the-rafa-nadal-foundation-attends-the-the-power-of-postcodes-2025-gala-by-national-postcode-loterij-in-the-hague\/\",\"url\":\"https:\/\/fundacionrafanadal.quelinka.es\/en\/get-to-know\/news\/news-2025\/the-rafa-nadal-foundation-attends-the-the-power-of-postcodes-2025-gala-by-national-postcode-loterij-in-the-hague\/\",\"name\":\"The Rafa Nadal Foundation attends the \\\"The Power of Postcodes 2025\\\" gala by National Postcode Loterij in The Hague - Fundaci\u00f3n Rafa Nadal\",\"isPartOf\":{\"@id\":\"https:\/\/fundacionrafanadal.quelinka.es\/en\/#website\"},\"primaryImageOfPage\":{\"@id\":\"https:\/\/fundacionrafanadal.quelinka.es\/en\/get-to-know\/news\/news-2025\/the-rafa-nadal-foundation-attends-the-the-power-of-postcodes-2025-gala-by-national-postcode-loterij-in-the-hague\/#primaryimage\"},\"image\":{\"@id\":\"https:\/\/fundacionrafanadal.quelinka.es\/en\/get-to-know\/news\/news-2025\/the-rafa-nadal-foundation-attends-the-the-power-of-postcodes-2025-gala-by-national-postcode-loterij-in-the-hague\/#primaryimage\"},\"thumbnailUrl\":\"https:\/\/fundacionrafanadal.quelinka.es\/wp-content\/uploads\/2025\/06\/Portada_noticia.jpg\",\"datePublished\":\"2025-06-17T08:55:21+00:00\",\"dateModified\":\"2025-06-17T09:18:12+00:00\",\"breadcrumb\":{\"@id\":\"https:\/\/fundacionrafanadal.quelinka.es\/en\/get-to-know\/news\/news-2025\/the-rafa-nadal-foundation-attends-the-the-power-of-postcodes-2025-gala-by-national-postcode-loterij-in-the-hague\/#breadcrumb\"},\"inLanguage\":\"en-US\",\"potentialAction\":[{\"@type\":\"ReadAction\",\"target\":[\"https:\/\/fundacionrafanadal.quelinka.es\/en\/get-to-know\/news\/news-2025\/the-rafa-nadal-foundation-attends-the-the-power-of-postcodes-2025-gala-by-national-postcode-loterij-in-the-hague\/\"]}]},{\"@type\":\"ImageObject\",\"inLanguage\":\"en-US\",\"@id\":\"https:\/\/fundacionrafanadal.quelinka.es\/en\/get-to-know\/news\/news-2025\/the-rafa-nadal-foundation-attends-the-the-power-of-postcodes-2025-gala-by-national-postcode-loterij-in-the-hague\/#primaryimage\",\"url\":\"https:\/\/fundacionrafanadal.quelinka.es\/wp-content\/uploads\/2025\/06\/Portada_noticia.jpg\",\"contentUrl\":\"https:\/\/fundacionrafanadal.quelinka.es\/wp-content\/uploads\/2025\/06\/Portada_noticia.jpg\",\"width\":770,\"height\":617},{\"@type\":\"BreadcrumbList\",\"@id\":\"https:\/\/fundacionrafanadal.quelinka.es\/en\/get-to-know\/news\/news-2025\/the-rafa-nadal-foundation-attends-the-the-power-of-postcodes-2025-gala-by-national-postcode-loterij-in-the-hague\/#breadcrumb\",\"itemListElement\":[{\"@type\":\"ListItem\",\"position\":1,\"name\":\"Portada\",\"item\":\"https:\/\/fundacionrafanadal.quelinka.es\/en\/\"},{\"@type\":\"ListItem\",\"position\":2,\"name\":\"Get to know!\",\"item\":\"https:\/\/fundacionrafanadal.quelinka.es\/en\/conocenos\/\"},{\"@type\":\"ListItem\",\"position\":3,\"name\":\"News\",\"item\":\"https:\/\/fundacionrafanadal.quelinka.es\/en\/conocenos\/noticias\/\"},{\"@type\":\"ListItem\",\"position\":4,\"name\":\"News 2025\",\"item\":\"https:\/\/fundacionrafanadal.quelinka.es\/en\/get-to-know\/news\/news-2025\/\"},{\"@type\":\"ListItem\",\"position\":5,\"name\":\"The Rafa Nadal Foundation attends the &#8220;The Power of Postcodes 2025&#8221; gala by National Postcode Loterij in The Hague\"}]},{\"@type\":\"WebSite\",\"@id\":\"https:\/\/fundacionrafanadal.quelinka.es\/en\/#website\",\"url\":\"https:\/\/fundacionrafanadal.quelinka.es\/en\/\",\"name\":\"Fundaci\u00f3n Rafa Nadal\",\"description\":\"A trav\u00e9s del deporte y la educaci\u00f3n, promovemos la integraci\u00f3n y el desarrollo personal y social de ni\u00f1os y j\u00f3venes. En Espa\u00f1a y la India.\",\"publisher\":{\"@id\":\"https:\/\/fundacionrafanadal.quelinka.es\/en\/#organization\"},\"potentialAction\":[{\"@type\":\"SearchAction\",\"target\":{\"@type\":\"EntryPoint\",\"urlTemplate\":\"https:\/\/fundacionrafanadal.quelinka.es\/en\/?s={search_term_string}\"},\"query-input\":{\"@type\":\"PropertyValueSpecification\",\"valueRequired\":true,\"valueName\":\"search_term_string\"}}],\"inLanguage\":\"en-US\"},{\"@type\":\"Organization\",\"@id\":\"https:\/\/fundacionrafanadal.quelinka.es\/en\/#organization\",\"name\":\"Fundaci\u00f3n Rafa Nadal\",\"url\":\"https:\/\/fundacionrafanadal.quelinka.es\/en\/\",\"logo\":{\"@type\":\"ImageObject\",\"inLanguage\":\"en-US\",\"@id\":\"https:\/\/fundacionrafanadal.quelinka.es\/en\/#\/schema\/logo\/image\/\",\"url\":\"https:\/\/fundacionrafanadal.quelinka.es\/wp-content\/uploads\/2022\/09\/logo-frn-web-3.png\",\"contentUrl\":\"https:\/\/fundacionrafanadal.quelinka.es\/wp-content\/uploads\/2022\/09\/logo-frn-web-3.png\",\"width\":551,\"height\":140,\"caption\":\"Fundaci\u00f3n Rafa Nadal\"},\"image\":{\"@id\":\"https:\/\/fundacionrafanadal.quelinka.es\/en\/#\/schema\/logo\/image\/\"}}]}<\/script>\n<!-- \/ Yoast SEO plugin. -->","yoast_head_json":{"title":"The Rafa Nadal Foundation attends the \"The Power of Postcodes 2025\" gala by National Postcode Loterij in The Hague - Fundaci\u00f3n Rafa Nadal","robots":{"index":"noindex","follow":"follow","max-snippet":"max-snippet:-1","max-image-preview":"max-image-preview:large","max-video-preview":"max-video-preview:-1"},"og_locale":"en_US","og_type":"article","og_title":"The Rafa Nadal Foundation attends the \"The Power of Postcodes 2025\" gala by National Postcode Loterij in The Hague - Fundaci\u00f3n Rafa Nadal","og_description":"THE RAFA NADAL FOUNDATION ATTENDS THE &#8220;THE POWER OF POSTCODES 2025&#8221; GALA BY NATIONAL POSTCODE LOTERIJ IN THE HAGUE Jos\u00e9 Ruiz, Deputy Director of the Rafa Nadal Foundation, was present in The Hague for the annual gala &#8220;The Power of Postcodes 2025&#8221;, organized by our partner National Postcode Loterij. This event brings together all the [&hellip;]","og_url":"https:\/\/fundacionrafanadal.quelinka.es\/en\/get-to-know\/news\/news-2025\/the-rafa-nadal-foundation-attends-the-the-power-of-postcodes-2025-gala-by-national-postcode-loterij-in-the-hague\/","og_site_name":"Fundaci\u00f3n Rafa Nadal","article_modified_time":"2025-06-17T09:18:12+00:00","og_image":[{"width":770,"height":617,"url":"https:\/\/fundacionrafanadal.quelinka.es\/wp-content\/uploads\/2025\/06\/Portada_noticia.jpg","type":"image\/jpeg"}],"twitter_card":"summary_large_image","twitter_misc":{"Est. reading time":"4 minutes"},"schema":{"@context":"https:\/\/schema.org","@graph":[{"@type":"WebPage","@id":"https:\/\/fundacionrafanadal.quelinka.es\/en\/get-to-know\/news\/news-2025\/the-rafa-nadal-foundation-attends-the-the-power-of-postcodes-2025-gala-by-national-postcode-loterij-in-the-hague\/","url":"https:\/\/fundacionrafanadal.quelinka.es\/en\/get-to-know\/news\/news-2025\/the-rafa-nadal-foundation-attends-the-the-power-of-postcodes-2025-gala-by-national-postcode-loterij-in-the-hague\/","name":"The Rafa Nadal Foundation attends the \"The Power of Postcodes 2025\" gala by National Postcode Loterij in The Hague - Fundaci\u00f3n Rafa Nadal","isPartOf":{"@id":"https:\/\/fundacionrafanadal.quelinka.es\/en\/#website"},"primaryImageOfPage":{"@id":"https:\/\/fundacionrafanadal.quelinka.es\/en\/get-to-know\/news\/news-2025\/the-rafa-nadal-foundation-attends-the-the-power-of-postcodes-2025-gala-by-national-postcode-loterij-in-the-hague\/#primaryimage"},"image":{"@id":"https:\/\/fundacionrafanadal.quelinka.es\/en\/get-to-know\/news\/news-2025\/the-rafa-nadal-foundation-attends-the-the-power-of-postcodes-2025-gala-by-national-postcode-loterij-in-the-hague\/#primaryimage"},"thumbnailUrl":"https:\/\/fundacionrafanadal.quelinka.es\/wp-content\/uploads\/2025\/06\/Portada_noticia.jpg","datePublished":"2025-06-17T08:55:21+00:00","dateModified":"2025-06-17T09:18:12+00:00","breadcrumb":{"@id":"https:\/\/fundacionrafanadal.quelinka.es\/en\/get-to-know\/news\/news-2025\/the-rafa-nadal-foundation-attends-the-the-power-of-postcodes-2025-gala-by-national-postcode-loterij-in-the-hague\/#breadcrumb"},"inLanguage":"en-US","potentialAction":[{"@type":"ReadAction","target":["https:\/\/fundacionrafanadal.quelinka.es\/en\/get-to-know\/news\/news-2025\/the-rafa-nadal-foundation-attends-the-the-power-of-postcodes-2025-gala-by-national-postcode-loterij-in-the-hague\/"]}]},{"@type":"ImageObject","inLanguage":"en-US","@id":"https:\/\/fundacionrafanadal.quelinka.es\/en\/get-to-know\/news\/news-2025\/the-rafa-nadal-foundation-attends-the-the-power-of-postcodes-2025-gala-by-national-postcode-loterij-in-the-hague\/#primaryimage","url":"https:\/\/fundacionrafanadal.quelinka.es\/wp-content\/uploads\/2025\/06\/Portada_noticia.jpg","contentUrl":"https:\/\/fundacionrafanadal.quelinka.es\/wp-content\/uploads\/2025\/06\/Portada_noticia.jpg","width":770,"height":617},{"@type":"BreadcrumbList","@id":"https:\/\/fundacionrafanadal.quelinka.es\/en\/get-to-know\/news\/news-2025\/the-rafa-nadal-foundation-attends-the-the-power-of-postcodes-2025-gala-by-national-postcode-loterij-in-the-hague\/#breadcrumb","itemListElement":[{"@type":"ListItem","position":1,"name":"Portada","item":"https:\/\/fundacionrafanadal.quelinka.es\/en\/"},{"@type":"ListItem","position":2,"name":"Get to know!","item":"https:\/\/fundacionrafanadal.quelinka.es\/en\/conocenos\/"},{"@type":"ListItem","position":3,"name":"News","item":"https:\/\/fundacionrafanadal.quelinka.es\/en\/conocenos\/noticias\/"},{"@type":"ListItem","position":4,"name":"News 2025","item":"https:\/\/fundacionrafanadal.quelinka.es\/en\/get-to-know\/news\/news-2025\/"},{"@type":"ListItem","position":5,"name":"The Rafa Nadal Foundation attends the &#8220;The Power of Postcodes 2025&#8221; gala by National Postcode Loterij in The Hague"}]},{"@type":"WebSite","@id":"https:\/\/fundacionrafanadal.quelinka.es\/en\/#website","url":"https:\/\/fundacionrafanadal.quelinka.es\/en\/","name":"Fundaci\u00f3n Rafa Nadal","description":"A trav\u00e9s del deporte y la educaci\u00f3n, promovemos la integraci\u00f3n y el desarrollo personal y social de ni\u00f1os y j\u00f3venes. En Espa\u00f1a y la India.","publisher":{"@id":"https:\/\/fundacionrafanadal.quelinka.es\/en\/#organization"},"potentialAction":[{"@type":"SearchAction","target":{"@type":"EntryPoint","urlTemplate":"https:\/\/fundacionrafanadal.quelinka.es\/en\/?s={search_term_string}"},"query-input":{"@type":"PropertyValueSpecification","valueRequired":true,"valueName":"search_term_string"}}],"inLanguage":"en-US"},{"@type":"Organization","@id":"https:\/\/fundacionrafanadal.quelinka.es\/en\/#organization","name":"Fundaci\u00f3n Rafa Nadal","url":"https:\/\/fundacionrafanadal.quelinka.es\/en\/","logo":{"@type":"ImageObject","inLanguage":"en-US","@id":"https:\/\/fundacionrafanadal.quelinka.es\/en\/#\/schema\/logo\/image\/","url":"https:\/\/fundacionrafanadal.quelinka.es\/wp-content\/uploads\/2022\/09\/logo-frn-web-3.png","contentUrl":"https:\/\/fundacionrafanadal.quelinka.es\/wp-content\/uploads\/2022\/09\/logo-frn-web-3.png","width":551,"height":140,"caption":"Fundaci\u00f3n Rafa Nadal"},"image":{"@id":"https:\/\/fundacionrafanadal.quelinka.es\/en\/#\/schema\/logo\/image\/"}}]}},"campaignId":"","_links":{"self":[{"href":"https:\/\/fundacionrafanadal.quelinka.es\/en\/wp-json\/wp\/v2\/pages\/25698","targetHints":{"allow":["GET"]}}],"collection":[{"href":"https:\/\/fundacionrafanadal.quelinka.es\/en\/wp-json\/wp\/v2\/pages"}],"about":[{"href":"https:\/\/fundacionrafanadal.quelinka.es\/en\/wp-json\/wp\/v2\/types\/page"}],"author":[{"embeddable":true,"href":"https:\/\/fundacionrafanadal.quelinka.es\/en\/wp-json\/wp\/v2\/users\/14"}],"replies":[{"embeddable":true,"href":"https:\/\/fundacionrafanadal.quelinka.es\/en\/wp-json\/wp\/v2\/comments?post=25698"}],"version-history":[{"count":2,"href":"https:\/\/fundacionrafanadal.quelinka.es\/en\/wp-json\/wp\/v2\/pages\/25698\/revisions"}],"predecessor-version":[{"id":25708,"href":"https:\/\/fundacionrafanadal.quelinka.es\/en\/wp-json\/wp\/v2\/pages\/25698\/revisions\/25708"}],"up":[{"embeddable":true,"href":"https:\/\/fundacionrafanadal.quelinka.es\/en\/wp-json\/wp\/v2\/pages\/24098"}],"wp:featuredmedia":[{"embeddable":true,"href":"https:\/\/fundacionrafanadal.quelinka.es\/en\/wp-json\/wp\/v2\/media\/25701"}],"wp:attachment":[{"href":"https:\/\/fundacionrafanadal.quelinka.es\/en\/wp-json\/wp\/v2\/media?parent=25698"}],"curies":[{"name":"wp","href":"https:\/\/api.w.org\/{rel}","templated":true}]}}