{"id":28121,"date":"2025-11-05T14:58:57","date_gmt":"2025-11-05T12:58:57","guid":{"rendered":"https:\/\/www.fundacionrafanadal.org\/?page_id=28121"},"modified":"2025-11-05T14:59:07","modified_gmt":"2025-11-05T12:59:07","slug":"a-total-of-329-social-projects-take-part-in-the-4th-rafa-nadal-foundation-awards","status":"publish","type":"page","link":"https:\/\/fundacionrafanadal.quelinka.es\/en\/get-to-know\/news\/news-2025\/a-total-of-329-social-projects-take-part-in-the-4th-rafa-nadal-foundation-awards\/","title":{"rendered":"A total of 329 social projects take part in the 4th Rafa Nadal Foundation Awards"},"content":{"rendered":"\n<div class=\"inherit-container-width wp-block-group is-layout-constrained wp-block-group-is-layout-constrained\"><div class=\"wp-block-group__inner-container\">\n<div class=\"wp-block-media-text alignfull is-stacked-on-mobile is-image-fill has-background\" style=\"background-color:#ddac31\"><figure class=\"wp-block-media-text__media\" style=\"background-image:url(https:\/\/www.fundacionrafanadal.quelinka.es\/wp-content\/uploads\/2022\/07\/ISM08879.png);background-position:50% 50%\"><img loading=\"lazy\" decoding=\"async\" width=\"900\" height=\"399\" src=\"https:\/\/www.fundacionrafanadal.quelinka.es\/wp-content\/uploads\/2022\/07\/ISM08879.png\" alt=\"\" class=\"wp-image-9879 size-full\" srcset=\"https:\/\/fundacionrafanadal.quelinka.es\/wp-content\/uploads\/2022\/07\/ISM08879.png 900w, https:\/\/fundacionrafanadal.quelinka.es\/wp-content\/uploads\/2022\/07\/ISM08879-300x133.png 300w, https:\/\/fundacionrafanadal.quelinka.es\/wp-content\/uploads\/2022\/07\/ISM08879-768x340.png 768w\" sizes=\"auto, (max-width: 900px) 100vw, 900px\" \/><\/figure><div class=\"wp-block-media-text__content\">\n<div style=\"height:30px\" aria-hidden=\"true\" class=\"wp-block-spacer\"><\/div>\n\n\n\n<h2 class=\"has-ast-global-color-5-color has-text-color wp-block-heading\" style=\"font-size:48px\"><strong>News<\/strong><\/h2>\n\n\n\n<div style=\"height:200px\" aria-hidden=\"true\" class=\"wp-block-spacer\"><\/div>\n<\/div><\/div>\n\n\n\n<p><\/p>\n\n\n<div class=\"wp-block-post-date\"><time datetime=\"2025-11-05T14:58:57+02:00\">5 de November de 2025<\/time><\/div>\n\n\n<h2 class=\"wp-block-heading has-medium-font-size\" style=\"text-transform:uppercase\"><strong><strong><strong><strong>A TOTAL OF 329 SOCIAL PROJECTS TAKE PART IN THE 4TH RAFA NADAL FOUNDATION AWARDS<\/strong><\/strong><\/strong><\/strong><\/h2>\n\n\n\n<figure class=\"wp-block-image alignwide size-full\"><img loading=\"lazy\" decoding=\"async\" width=\"2560\" height=\"2048\" src=\"https:\/\/www.fundacionrafanadal.quelinka.es\/wp-content\/uploads\/2025\/11\/IVPFRN__Mesa-de-trabajo-1-copia-scaled.png\" alt=\"\" class=\"wp-image-28116\" srcset=\"https:\/\/fundacionrafanadal.quelinka.es\/wp-content\/uploads\/2025\/11\/IVPFRN__Mesa-de-trabajo-1-copia-scaled.png 2560w, https:\/\/fundacionrafanadal.quelinka.es\/wp-content\/uploads\/2025\/11\/IVPFRN__Mesa-de-trabajo-1-copia-300x240.png 300w, https:\/\/fundacionrafanadal.quelinka.es\/wp-content\/uploads\/2025\/11\/IVPFRN__Mesa-de-trabajo-1-copia-1024x819.png 1024w, https:\/\/fundacionrafanadal.quelinka.es\/wp-content\/uploads\/2025\/11\/IVPFRN__Mesa-de-trabajo-1-copia-768x614.png 768w, https:\/\/fundacionrafanadal.quelinka.es\/wp-content\/uploads\/2025\/11\/IVPFRN__Mesa-de-trabajo-1-copia-1536x1229.png 1536w, https:\/\/fundacionrafanadal.quelinka.es\/wp-content\/uploads\/2025\/11\/IVPFRN__Mesa-de-trabajo-1-copia-2048x1638.png 2048w\" sizes=\"auto, (max-width: 2560px) 100vw, 2560px\" \/><\/figure>\n\n\n\n<h2 class=\"wp-block-heading\"><\/h2>\n\n\n\n<p>Once again, the call for entries for the <strong>Rafa Nadal Foundation Awards<\/strong> has closed with great success, consolidating itself as an inspiring initiative in support of social organizations across Spain.<\/p>\n\n\n\n<h2 class=\"wp-block-heading\">In this <strong>fourth edition<\/strong>, a total of <strong>329 projects<\/strong> have been submitted, reflecting the strong commitment of third-sector organizations to <strong>education, social innovation, health and wellbeing, development cooperation, and environmental action<\/strong>\u2014the five categories included in this year\u2019s call.<\/h2>\n\n\n\n<p>Currently, the <strong>Lealtad Foundation<\/strong> team is deeply engaged in the process of reviewing and assessing all applications, following the criteria established in the official guidelines. This work, which will continue over the coming weeks, will lead to the selection of <strong>10 finalist projects in each category<\/strong>.<\/p>\n\n\n\n<p>In <strong>December<\/strong>, the <strong>Awards Jury<\/strong>, made up of members of the <strong>Rafa Nadal Foundation\u2019s Board of Trustees<\/strong>, its <strong>President<\/strong>, and <strong>representatives from Telef\u00f3nica<\/strong>, will thoroughly evaluate the shortlisted projects, including their motivation letters and organizational information.<\/p>\n\n\n\n<p>Subsequently, between <strong>late January and early February<\/strong>, the traditional <strong>in-person jury meeting<\/strong> will be held in <strong>Madrid<\/strong>, during which the final voting will take place to determine the winners in each category.<\/p>\n\n\n\n<p>The <strong>results will be announced in early February<\/strong>, and the selected entities will be invited to take part in the <strong>Awards Ceremony<\/strong>, which will be held in <strong>March in Palma de Mallorca<\/strong>.<\/p>\n\n\n\n<p>Each winning project will receive a <strong>\u20ac15,000 grant<\/strong>, joining the list of <strong>15 organizations<\/strong> already recognized in previous editions of the Rafa Nadal Foundation Awards. In total, <strong>\u20ac225,000<\/strong> have been awarded so far, and with this year\u2019s edition, the Foundation will reach <strong>\u20ac300,000<\/strong> in grants to support outstanding social projects.<\/p>\n\n\n\n<h2 class=\"wp-block-heading\">The <strong>Rafa Nadal Foundation<\/strong> would like to express its sincere gratitude to <strong>Telef\u00f3nica<\/strong>, whose support and collaboration make this inspiring project possible, and to congratulate all participating organizations for their dedication and commitment to building a fairer, more supportive, and inclusive society.<\/h2>\n<\/div><\/div>\n","protected":false},"excerpt":{"rendered":"<p>A TOTAL OF 329 SOCIAL PROJECTS TAKE PART IN THE 4TH RAFA NADAL FOUNDATION AWARDS Once again, the call for entries for the Rafa Nadal Foundation Awards has closed with great success, consolidating itself as an inspiring initiative in support of social organizations across Spain. In this fourth edition, a total of 329 projects have [&hellip;]<\/p>\n","protected":false},"author":14,"featured_media":28116,"parent":24098,"menu_order":0,"comment_status":"closed","ping_status":"closed","template":"","meta":{"_acf_changed":false,"give_campaign_id":0,"_monsterinsights_skip_tracking":false,"_monsterinsights_sitenote_active":false,"_monsterinsights_sitenote_note":"","_monsterinsights_sitenote_category":0,"site-sidebar-layout":"default","site-content-layout":"","ast-site-content-layout":"default","site-content-style":"default","site-sidebar-style":"default","ast-global-header-display":"","ast-banner-title-visibility":"","ast-main-header-display":"","ast-hfb-above-header-display":"","ast-hfb-below-header-display":"","ast-hfb-mobile-header-display":"","site-post-title":"disabled","ast-breadcrumbs-content":"","ast-featured-img":"","footer-sml-layout":"","ast-disable-related-posts":"","theme-transparent-header-meta":"","adv-header-id-meta":"","stick-header-meta":"","header-above-stick-meta":"","header-main-stick-meta":"","header-below-stick-meta":"","astra-migrate-meta-layouts":"set","ast-page-background-enabled":"default","ast-page-background-meta":{"desktop":{"background-color":"var(--ast-global-color-4)","background-image":"","background-repeat":"repeat","background-position":"center center","background-size":"auto","background-attachment":"scroll","background-type":"","background-media":"","overlay-type":"","overlay-color":"","overlay-opacity":"","overlay-gradient":""},"tablet":{"background-color":"","background-image":"","background-repeat":"repeat","background-position":"center center","background-size":"auto","background-attachment":"scroll","background-type":"","background-media":"","overlay-type":"","overlay-color":"","overlay-opacity":"","overlay-gradient":""},"mobile":{"background-color":"","background-image":"","background-repeat":"repeat","background-position":"center center","background-size":"auto","background-attachment":"scroll","background-type":"","background-media":"","overlay-type":"","overlay-color":"","overlay-opacity":"","overlay-gradient":""}},"ast-content-background-meta":{"desktop":{"background-color":"var(--ast-global-color-5)","background-image":"","background-repeat":"repeat","background-position":"center center","background-size":"auto","background-attachment":"scroll","background-type":"","background-media":"","overlay-type":"","overlay-color":"","overlay-opacity":"","overlay-gradient":""},"tablet":{"background-color":"var(--ast-global-color-5)","background-image":"","background-repeat":"repeat","background-position":"center center","background-size":"auto","background-attachment":"scroll","background-type":"","background-media":"","overlay-type":"","overlay-color":"","overlay-opacity":"","overlay-gradient":""},"mobile":{"background-color":"var(--ast-global-color-5)","background-image":"","background-repeat":"repeat","background-position":"center center","background-size":"auto","background-attachment":"scroll","background-type":"","background-media":"","overlay-type":"","overlay-color":"","overlay-opacity":"","overlay-gradient":""}},"_themeisle_gutenberg_block_has_review":false,"footnotes":""},"class_list":["post-28121","page","type-page","status-publish","has-post-thumbnail","hentry"],"acf":[],"yoast_head":"<!-- This site is optimized with the Yoast SEO plugin v26.8 - https:\/\/yoast.com\/product\/yoast-seo-wordpress\/ -->\n<title>A total of 329 social projects take part in the 4th Rafa Nadal Foundation Awards - Fundaci\u00f3n Rafa Nadal<\/title>\n<meta name=\"robots\" content=\"noindex, follow, max-snippet:-1, max-image-preview:large, max-video-preview:-1\" \/>\n<meta property=\"og:locale\" content=\"en_US\" \/>\n<meta property=\"og:type\" content=\"article\" \/>\n<meta property=\"og:title\" content=\"A total of 329 social projects take part in the 4th Rafa Nadal Foundation Awards - Fundaci\u00f3n Rafa Nadal\" \/>\n<meta property=\"og:description\" content=\"A TOTAL OF 329 SOCIAL PROJECTS TAKE PART IN THE 4TH RAFA NADAL FOUNDATION AWARDS Once again, the call for entries for the Rafa Nadal Foundation Awards has closed with great success, consolidating itself as an inspiring initiative in support of social organizations across Spain. In this fourth edition, a total of 329 projects have [&hellip;]\" \/>\n<meta property=\"og:url\" content=\"https:\/\/fundacionrafanadal.quelinka.es\/en\/get-to-know\/news\/news-2025\/a-total-of-329-social-projects-take-part-in-the-4th-rafa-nadal-foundation-awards\/\" \/>\n<meta property=\"og:site_name\" content=\"Fundaci\u00f3n Rafa Nadal\" \/>\n<meta property=\"article:modified_time\" content=\"2025-11-05T12:59:07+00:00\" \/>\n<meta property=\"og:image\" content=\"https:\/\/fundacionrafanadal.quelinka.es\/wp-content\/uploads\/2025\/11\/IVPFRN__Mesa-de-trabajo-1-copia-scaled.png\" \/>\n\t<meta property=\"og:image:width\" content=\"2560\" \/>\n\t<meta property=\"og:image:height\" content=\"2048\" \/>\n\t<meta property=\"og:image:type\" content=\"image\/png\" \/>\n<meta name=\"twitter:card\" content=\"summary_large_image\" \/>\n<meta name=\"twitter:label1\" content=\"Est. reading time\" \/>\n\t<meta name=\"twitter:data1\" content=\"4 minutes\" \/>\n<script type=\"application\/ld+json\" class=\"yoast-schema-graph\">{\"@context\":\"https:\/\/schema.org\",\"@graph\":[{\"@type\":\"WebPage\",\"@id\":\"https:\/\/fundacionrafanadal.quelinka.es\/en\/get-to-know\/news\/news-2025\/a-total-of-329-social-projects-take-part-in-the-4th-rafa-nadal-foundation-awards\/\",\"url\":\"https:\/\/fundacionrafanadal.quelinka.es\/en\/get-to-know\/news\/news-2025\/a-total-of-329-social-projects-take-part-in-the-4th-rafa-nadal-foundation-awards\/\",\"name\":\"A total of 329 social projects take part in the 4th Rafa Nadal Foundation Awards - Fundaci\u00f3n Rafa Nadal\",\"isPartOf\":{\"@id\":\"https:\/\/fundacionrafanadal.quelinka.es\/en\/#website\"},\"primaryImageOfPage\":{\"@id\":\"https:\/\/fundacionrafanadal.quelinka.es\/en\/get-to-know\/news\/news-2025\/a-total-of-329-social-projects-take-part-in-the-4th-rafa-nadal-foundation-awards\/#primaryimage\"},\"image\":{\"@id\":\"https:\/\/fundacionrafanadal.quelinka.es\/en\/get-to-know\/news\/news-2025\/a-total-of-329-social-projects-take-part-in-the-4th-rafa-nadal-foundation-awards\/#primaryimage\"},\"thumbnailUrl\":\"https:\/\/fundacionrafanadal.quelinka.es\/wp-content\/uploads\/2025\/11\/IVPFRN__Mesa-de-trabajo-1-copia-scaled.png\",\"datePublished\":\"2025-11-05T12:58:57+00:00\",\"dateModified\":\"2025-11-05T12:59:07+00:00\",\"breadcrumb\":{\"@id\":\"https:\/\/fundacionrafanadal.quelinka.es\/en\/get-to-know\/news\/news-2025\/a-total-of-329-social-projects-take-part-in-the-4th-rafa-nadal-foundation-awards\/#breadcrumb\"},\"inLanguage\":\"en-US\",\"potentialAction\":[{\"@type\":\"ReadAction\",\"target\":[\"https:\/\/fundacionrafanadal.quelinka.es\/en\/get-to-know\/news\/news-2025\/a-total-of-329-social-projects-take-part-in-the-4th-rafa-nadal-foundation-awards\/\"]}]},{\"@type\":\"ImageObject\",\"inLanguage\":\"en-US\",\"@id\":\"https:\/\/fundacionrafanadal.quelinka.es\/en\/get-to-know\/news\/news-2025\/a-total-of-329-social-projects-take-part-in-the-4th-rafa-nadal-foundation-awards\/#primaryimage\",\"url\":\"https:\/\/fundacionrafanadal.quelinka.es\/wp-content\/uploads\/2025\/11\/IVPFRN__Mesa-de-trabajo-1-copia-scaled.png\",\"contentUrl\":\"https:\/\/fundacionrafanadal.quelinka.es\/wp-content\/uploads\/2025\/11\/IVPFRN__Mesa-de-trabajo-1-copia-scaled.png\",\"width\":2560,\"height\":2048},{\"@type\":\"BreadcrumbList\",\"@id\":\"https:\/\/fundacionrafanadal.quelinka.es\/en\/get-to-know\/news\/news-2025\/a-total-of-329-social-projects-take-part-in-the-4th-rafa-nadal-foundation-awards\/#breadcrumb\",\"itemListElement\":[{\"@type\":\"ListItem\",\"position\":1,\"name\":\"Portada\",\"item\":\"https:\/\/fundacionrafanadal.quelinka.es\/en\/\"},{\"@type\":\"ListItem\",\"position\":2,\"name\":\"Get to know!\",\"item\":\"https:\/\/fundacionrafanadal.quelinka.es\/en\/conocenos\/\"},{\"@type\":\"ListItem\",\"position\":3,\"name\":\"News\",\"item\":\"https:\/\/fundacionrafanadal.quelinka.es\/en\/conocenos\/noticias\/\"},{\"@type\":\"ListItem\",\"position\":4,\"name\":\"News 2025\",\"item\":\"https:\/\/fundacionrafanadal.quelinka.es\/en\/get-to-know\/news\/news-2025\/\"},{\"@type\":\"ListItem\",\"position\":5,\"name\":\"A total of 329 social projects take part in the 4th Rafa Nadal Foundation Awards\"}]},{\"@type\":\"WebSite\",\"@id\":\"https:\/\/fundacionrafanadal.quelinka.es\/en\/#website\",\"url\":\"https:\/\/fundacionrafanadal.quelinka.es\/en\/\",\"name\":\"Fundaci\u00f3n Rafa Nadal\",\"description\":\"A trav\u00e9s del deporte y la educaci\u00f3n, promovemos la integraci\u00f3n y el desarrollo personal y social de ni\u00f1os y j\u00f3venes. En Espa\u00f1a y la India.\",\"publisher\":{\"@id\":\"https:\/\/fundacionrafanadal.quelinka.es\/en\/#organization\"},\"potentialAction\":[{\"@type\":\"SearchAction\",\"target\":{\"@type\":\"EntryPoint\",\"urlTemplate\":\"https:\/\/fundacionrafanadal.quelinka.es\/en\/?s={search_term_string}\"},\"query-input\":{\"@type\":\"PropertyValueSpecification\",\"valueRequired\":true,\"valueName\":\"search_term_string\"}}],\"inLanguage\":\"en-US\"},{\"@type\":\"Organization\",\"@id\":\"https:\/\/fundacionrafanadal.quelinka.es\/en\/#organization\",\"name\":\"Fundaci\u00f3n Rafa Nadal\",\"url\":\"https:\/\/fundacionrafanadal.quelinka.es\/en\/\",\"logo\":{\"@type\":\"ImageObject\",\"inLanguage\":\"en-US\",\"@id\":\"https:\/\/fundacionrafanadal.quelinka.es\/en\/#\/schema\/logo\/image\/\",\"url\":\"https:\/\/fundacionrafanadal.quelinka.es\/wp-content\/uploads\/2022\/09\/logo-frn-web-3.png\",\"contentUrl\":\"https:\/\/fundacionrafanadal.quelinka.es\/wp-content\/uploads\/2022\/09\/logo-frn-web-3.png\",\"width\":551,\"height\":140,\"caption\":\"Fundaci\u00f3n Rafa Nadal\"},\"image\":{\"@id\":\"https:\/\/fundacionrafanadal.quelinka.es\/en\/#\/schema\/logo\/image\/\"}}]}<\/script>\n<!-- \/ Yoast SEO plugin. -->","yoast_head_json":{"title":"A total of 329 social projects take part in the 4th Rafa Nadal Foundation Awards - Fundaci\u00f3n Rafa Nadal","robots":{"index":"noindex","follow":"follow","max-snippet":"max-snippet:-1","max-image-preview":"max-image-preview:large","max-video-preview":"max-video-preview:-1"},"og_locale":"en_US","og_type":"article","og_title":"A total of 329 social projects take part in the 4th Rafa Nadal Foundation Awards - Fundaci\u00f3n Rafa Nadal","og_description":"A TOTAL OF 329 SOCIAL PROJECTS TAKE PART IN THE 4TH RAFA NADAL FOUNDATION AWARDS Once again, the call for entries for the Rafa Nadal Foundation Awards has closed with great success, consolidating itself as an inspiring initiative in support of social organizations across Spain. In this fourth edition, a total of 329 projects have [&hellip;]","og_url":"https:\/\/fundacionrafanadal.quelinka.es\/en\/get-to-know\/news\/news-2025\/a-total-of-329-social-projects-take-part-in-the-4th-rafa-nadal-foundation-awards\/","og_site_name":"Fundaci\u00f3n Rafa Nadal","article_modified_time":"2025-11-05T12:59:07+00:00","og_image":[{"width":2560,"height":2048,"url":"https:\/\/fundacionrafanadal.quelinka.es\/wp-content\/uploads\/2025\/11\/IVPFRN__Mesa-de-trabajo-1-copia-scaled.png","type":"image\/png"}],"twitter_card":"summary_large_image","twitter_misc":{"Est. reading time":"4 minutes"},"schema":{"@context":"https:\/\/schema.org","@graph":[{"@type":"WebPage","@id":"https:\/\/fundacionrafanadal.quelinka.es\/en\/get-to-know\/news\/news-2025\/a-total-of-329-social-projects-take-part-in-the-4th-rafa-nadal-foundation-awards\/","url":"https:\/\/fundacionrafanadal.quelinka.es\/en\/get-to-know\/news\/news-2025\/a-total-of-329-social-projects-take-part-in-the-4th-rafa-nadal-foundation-awards\/","name":"A total of 329 social projects take part in the 4th Rafa Nadal Foundation Awards - Fundaci\u00f3n Rafa Nadal","isPartOf":{"@id":"https:\/\/fundacionrafanadal.quelinka.es\/en\/#website"},"primaryImageOfPage":{"@id":"https:\/\/fundacionrafanadal.quelinka.es\/en\/get-to-know\/news\/news-2025\/a-total-of-329-social-projects-take-part-in-the-4th-rafa-nadal-foundation-awards\/#primaryimage"},"image":{"@id":"https:\/\/fundacionrafanadal.quelinka.es\/en\/get-to-know\/news\/news-2025\/a-total-of-329-social-projects-take-part-in-the-4th-rafa-nadal-foundation-awards\/#primaryimage"},"thumbnailUrl":"https:\/\/fundacionrafanadal.quelinka.es\/wp-content\/uploads\/2025\/11\/IVPFRN__Mesa-de-trabajo-1-copia-scaled.png","datePublished":"2025-11-05T12:58:57+00:00","dateModified":"2025-11-05T12:59:07+00:00","breadcrumb":{"@id":"https:\/\/fundacionrafanadal.quelinka.es\/en\/get-to-know\/news\/news-2025\/a-total-of-329-social-projects-take-part-in-the-4th-rafa-nadal-foundation-awards\/#breadcrumb"},"inLanguage":"en-US","potentialAction":[{"@type":"ReadAction","target":["https:\/\/fundacionrafanadal.quelinka.es\/en\/get-to-know\/news\/news-2025\/a-total-of-329-social-projects-take-part-in-the-4th-rafa-nadal-foundation-awards\/"]}]},{"@type":"ImageObject","inLanguage":"en-US","@id":"https:\/\/fundacionrafanadal.quelinka.es\/en\/get-to-know\/news\/news-2025\/a-total-of-329-social-projects-take-part-in-the-4th-rafa-nadal-foundation-awards\/#primaryimage","url":"https:\/\/fundacionrafanadal.quelinka.es\/wp-content\/uploads\/2025\/11\/IVPFRN__Mesa-de-trabajo-1-copia-scaled.png","contentUrl":"https:\/\/fundacionrafanadal.quelinka.es\/wp-content\/uploads\/2025\/11\/IVPFRN__Mesa-de-trabajo-1-copia-scaled.png","width":2560,"height":2048},{"@type":"BreadcrumbList","@id":"https:\/\/fundacionrafanadal.quelinka.es\/en\/get-to-know\/news\/news-2025\/a-total-of-329-social-projects-take-part-in-the-4th-rafa-nadal-foundation-awards\/#breadcrumb","itemListElement":[{"@type":"ListItem","position":1,"name":"Portada","item":"https:\/\/fundacionrafanadal.quelinka.es\/en\/"},{"@type":"ListItem","position":2,"name":"Get to know!","item":"https:\/\/fundacionrafanadal.quelinka.es\/en\/conocenos\/"},{"@type":"ListItem","position":3,"name":"News","item":"https:\/\/fundacionrafanadal.quelinka.es\/en\/conocenos\/noticias\/"},{"@type":"ListItem","position":4,"name":"News 2025","item":"https:\/\/fundacionrafanadal.quelinka.es\/en\/get-to-know\/news\/news-2025\/"},{"@type":"ListItem","position":5,"name":"A total of 329 social projects take part in the 4th Rafa Nadal Foundation Awards"}]},{"@type":"WebSite","@id":"https:\/\/fundacionrafanadal.quelinka.es\/en\/#website","url":"https:\/\/fundacionrafanadal.quelinka.es\/en\/","name":"Fundaci\u00f3n Rafa Nadal","description":"A trav\u00e9s del deporte y la educaci\u00f3n, promovemos la integraci\u00f3n y el desarrollo personal y social de ni\u00f1os y j\u00f3venes. En Espa\u00f1a y la India.","publisher":{"@id":"https:\/\/fundacionrafanadal.quelinka.es\/en\/#organization"},"potentialAction":[{"@type":"SearchAction","target":{"@type":"EntryPoint","urlTemplate":"https:\/\/fundacionrafanadal.quelinka.es\/en\/?s={search_term_string}"},"query-input":{"@type":"PropertyValueSpecification","valueRequired":true,"valueName":"search_term_string"}}],"inLanguage":"en-US"},{"@type":"Organization","@id":"https:\/\/fundacionrafanadal.quelinka.es\/en\/#organization","name":"Fundaci\u00f3n Rafa Nadal","url":"https:\/\/fundacionrafanadal.quelinka.es\/en\/","logo":{"@type":"ImageObject","inLanguage":"en-US","@id":"https:\/\/fundacionrafanadal.quelinka.es\/en\/#\/schema\/logo\/image\/","url":"https:\/\/fundacionrafanadal.quelinka.es\/wp-content\/uploads\/2022\/09\/logo-frn-web-3.png","contentUrl":"https:\/\/fundacionrafanadal.quelinka.es\/wp-content\/uploads\/2022\/09\/logo-frn-web-3.png","width":551,"height":140,"caption":"Fundaci\u00f3n Rafa Nadal"},"image":{"@id":"https:\/\/fundacionrafanadal.quelinka.es\/en\/#\/schema\/logo\/image\/"}}]}},"campaignId":"","_links":{"self":[{"href":"https:\/\/fundacionrafanadal.quelinka.es\/en\/wp-json\/wp\/v2\/pages\/28121","targetHints":{"allow":["GET"]}}],"collection":[{"href":"https:\/\/fundacionrafanadal.quelinka.es\/en\/wp-json\/wp\/v2\/pages"}],"about":[{"href":"https:\/\/fundacionrafanadal.quelinka.es\/en\/wp-json\/wp\/v2\/types\/page"}],"author":[{"embeddable":true,"href":"https:\/\/fundacionrafanadal.quelinka.es\/en\/wp-json\/wp\/v2\/users\/14"}],"replies":[{"embeddable":true,"href":"https:\/\/fundacionrafanadal.quelinka.es\/en\/wp-json\/wp\/v2\/comments?post=28121"}],"version-history":[{"count":1,"href":"https:\/\/fundacionrafanadal.quelinka.es\/en\/wp-json\/wp\/v2\/pages\/28121\/revisions"}],"predecessor-version":[{"id":28123,"href":"https:\/\/fundacionrafanadal.quelinka.es\/en\/wp-json\/wp\/v2\/pages\/28121\/revisions\/28123"}],"up":[{"embeddable":true,"href":"https:\/\/fundacionrafanadal.quelinka.es\/en\/wp-json\/wp\/v2\/pages\/24098"}],"wp:featuredmedia":[{"embeddable":true,"href":"https:\/\/fundacionrafanadal.quelinka.es\/en\/wp-json\/wp\/v2\/media\/28116"}],"wp:attachment":[{"href":"https:\/\/fundacionrafanadal.quelinka.es\/en\/wp-json\/wp\/v2\/media?parent=28121"}],"curies":[{"name":"wp","href":"https:\/\/api.w.org\/{rel}","templated":true}]}}