{"id":28287,"date":"2025-11-14T10:51:51","date_gmt":"2025-11-14T08:51:51","guid":{"rendered":"https:\/\/www.fundacionrafanadal.org\/?page_id=28287"},"modified":"2025-11-14T10:52:05","modified_gmt":"2025-11-14T08:52:05","slug":"the-rafa-nadal-foundation-and-clinica-baviera-renew-their-commitment-to-childrens-visual-health","status":"publish","type":"page","link":"https:\/\/fundacionrafanadal.quelinka.es\/en\/get-to-know\/news\/news-2025\/the-rafa-nadal-foundation-and-clinica-baviera-renew-their-commitment-to-childrens-visual-health\/","title":{"rendered":"The Rafa Nadal Foundation and Cl\u00ednica Baviera renew their commitment to children&#8217;s visual health"},"content":{"rendered":"\n<div class=\"inherit-container-width wp-block-group is-layout-constrained wp-block-group-is-layout-constrained\"><div class=\"wp-block-group__inner-container\">\n<div class=\"wp-block-media-text alignfull is-stacked-on-mobile is-image-fill has-background\" style=\"background-color:#ddac31\"><figure class=\"wp-block-media-text__media\" style=\"background-image:url(https:\/\/www.fundacionrafanadal.quelinka.es\/wp-content\/uploads\/2022\/07\/ISM08879.png);background-position:50% 50%\"><img loading=\"lazy\" decoding=\"async\" width=\"900\" height=\"399\" src=\"https:\/\/www.fundacionrafanadal.quelinka.es\/wp-content\/uploads\/2022\/07\/ISM08879.png\" alt=\"\" class=\"wp-image-9879 size-full\" srcset=\"https:\/\/fundacionrafanadal.quelinka.es\/wp-content\/uploads\/2022\/07\/ISM08879.png 900w, https:\/\/fundacionrafanadal.quelinka.es\/wp-content\/uploads\/2022\/07\/ISM08879-300x133.png 300w, https:\/\/fundacionrafanadal.quelinka.es\/wp-content\/uploads\/2022\/07\/ISM08879-768x340.png 768w\" sizes=\"auto, (max-width: 900px) 100vw, 900px\" \/><\/figure><div class=\"wp-block-media-text__content\">\n<div style=\"height:30px\" aria-hidden=\"true\" class=\"wp-block-spacer\"><\/div>\n\n\n\n<h2 class=\"has-ast-global-color-5-color has-text-color wp-block-heading\" style=\"font-size:48px\"><strong>News<\/strong><\/h2>\n\n\n\n<div style=\"height:200px\" aria-hidden=\"true\" class=\"wp-block-spacer\"><\/div>\n<\/div><\/div>\n\n\n\n<p><\/p>\n\n\n<div class=\"wp-block-post-date\"><time datetime=\"2025-11-14T10:51:51+02:00\">14 de November de 2025<\/time><\/div>\n\n\n<h2 class=\"wp-block-heading has-medium-font-size\" style=\"text-transform:uppercase\"><strong><strong><strong>THE RAFA NADAL FOUNDATION CENTER IN PALMA HOSTS THE MEETING OF THE REGIONAL COUNCIL OF THE SPANISH ASSOCIATION OF FOUNDATIONS IN THE BALEARIC ISLANDS<\/strong><\/strong><\/strong><\/h2>\n\n\n\n<figure class=\"wp-block-image alignwide size-full\"><img loading=\"lazy\" decoding=\"async\" width=\"1000\" height=\"800\" src=\"https:\/\/www.fundacionrafanadal.quelinka.es\/wp-content\/uploads\/2025\/11\/IMG_4959_b.jpg\" alt=\"\" class=\"wp-image-28290\" srcset=\"https:\/\/fundacionrafanadal.quelinka.es\/wp-content\/uploads\/2025\/11\/IMG_4959_b.jpg 1000w, https:\/\/fundacionrafanadal.quelinka.es\/wp-content\/uploads\/2025\/11\/IMG_4959_b-300x240.jpg 300w, https:\/\/fundacionrafanadal.quelinka.es\/wp-content\/uploads\/2025\/11\/IMG_4959_b-768x614.jpg 768w\" sizes=\"auto, (max-width: 1000px) 100vw, 1000px\" \/><\/figure>\n\n\n\n<h2 class=\"wp-block-heading\"><\/h2>\n\n\n\n<p>The <strong>Rafa Nadal Foundation<\/strong>, in collaboration with <strong>Cl\u00ednica Baviera<\/strong> and <strong>Fundaci\u00f3n Baviera Responsable<\/strong>, is launching a new edition of its <strong>annual eye check-ups<\/strong> for the children and adolescents who attend the <strong>Rafa Nadal Foundation Centers<\/strong> in Madrid, Valencia, and Palma.<\/p>\n\n\n\n<p>This partnership, which focuses on safeguarding children\u2019s visual health, aims to <strong>prevent and detect potential vision problems<\/strong>, essential for their proper development, learning, and overall well-being.<\/p>\n\n\n\n<p>Last year, <strong>three check-up sessions were carried out in each center<\/strong>, providing care to a total of <strong>402 children and adolescents<\/strong>. This year, the professional team from Cl\u00ednica Baviera will once again visit the three centers, underlining the importance of <strong>annual vision check-ups<\/strong> during childhood and adolescence.<\/p>\n\n\n\n<p>The scheduled dates are:<\/p>\n\n\n\n<ul class=\"wp-block-list\">\n<li><strong>November 17\u201318:<\/strong> Rafa Nadal Foundation Center in <strong>Valencia<\/strong><\/li>\n\n\n\n<li><strong>December 16\u201317:<\/strong> Rafa Nadal Foundation Center in <strong>Madrid<\/strong><\/li>\n\n\n\n<li><strong>March 9\u201310\u201311:<\/strong> Rafa Nadal Foundation Center in <strong>Palma<\/strong><\/li>\n<\/ul>\n\n\n\n<p>During the sessions, all the children will receive a pair of sunglasses to protect their eyesight. Those who show visual problems requiring a more in-depth ophthalmological examination will be attended to at <strong>Cl\u00ednica Baviera<\/strong> centers. In addition, children who need prescription glasses will be able to obtain them completely free of charge at the optical stores associated with the <strong>Ruta de la Luz Foundation<\/strong>, in collaboration with the <strong>OneSight EssilorLuxottica Foundation.<\/strong><\/p>\n\n\n\n<p>This initiative highlights the joint commitment of all three organizations to <strong>health, education, and the overall well-being of children<\/strong>. Good visual health is crucial for them to <strong>learn, study, and develop fully<\/strong>, contributing to their happiness and quality of life.<\/p>\n\n\n\n<h2 class=\"wp-block-heading\">\u201cThanks to this partnership with Cl\u00ednica Baviera and Fundaci\u00f3n Baviera Responsable, we continue to join forces to take care of the health of our children and adolescents. Seeing well also means living better,\u201d said representatives of the Rafa Nadal Foundation.<\/h2>\n<\/div><\/div>\n","protected":false},"excerpt":{"rendered":"<p>THE RAFA NADAL FOUNDATION CENTER IN PALMA HOSTS THE MEETING OF THE REGIONAL COUNCIL OF THE SPANISH ASSOCIATION OF FOUNDATIONS IN THE BALEARIC ISLANDS The Rafa Nadal Foundation, in collaboration with Cl\u00ednica Baviera and Fundaci\u00f3n Baviera Responsable, is launching a new edition of its annual eye check-ups for the children and adolescents who attend the [&hellip;]<\/p>\n","protected":false},"author":14,"featured_media":28290,"parent":24098,"menu_order":0,"comment_status":"closed","ping_status":"closed","template":"","meta":{"_acf_changed":false,"give_campaign_id":0,"_monsterinsights_skip_tracking":false,"_monsterinsights_sitenote_active":false,"_monsterinsights_sitenote_note":"","_monsterinsights_sitenote_category":0,"site-sidebar-layout":"default","site-content-layout":"","ast-site-content-layout":"default","site-content-style":"default","site-sidebar-style":"default","ast-global-header-display":"","ast-banner-title-visibility":"","ast-main-header-display":"","ast-hfb-above-header-display":"","ast-hfb-below-header-display":"","ast-hfb-mobile-header-display":"","site-post-title":"disabled","ast-breadcrumbs-content":"","ast-featured-img":"","footer-sml-layout":"","ast-disable-related-posts":"","theme-transparent-header-meta":"","adv-header-id-meta":"","stick-header-meta":"","header-above-stick-meta":"","header-main-stick-meta":"","header-below-stick-meta":"","astra-migrate-meta-layouts":"set","ast-page-background-enabled":"default","ast-page-background-meta":{"desktop":{"background-color":"var(--ast-global-color-4)","background-image":"","background-repeat":"repeat","background-position":"center center","background-size":"auto","background-attachment":"scroll","background-type":"","background-media":"","overlay-type":"","overlay-color":"","overlay-opacity":"","overlay-gradient":""},"tablet":{"background-color":"","background-image":"","background-repeat":"repeat","background-position":"center center","background-size":"auto","background-attachment":"scroll","background-type":"","background-media":"","overlay-type":"","overlay-color":"","overlay-opacity":"","overlay-gradient":""},"mobile":{"background-color":"","background-image":"","background-repeat":"repeat","background-position":"center center","background-size":"auto","background-attachment":"scroll","background-type":"","background-media":"","overlay-type":"","overlay-color":"","overlay-opacity":"","overlay-gradient":""}},"ast-content-background-meta":{"desktop":{"background-color":"var(--ast-global-color-5)","background-image":"","background-repeat":"repeat","background-position":"center center","background-size":"auto","background-attachment":"scroll","background-type":"","background-media":"","overlay-type":"","overlay-color":"","overlay-opacity":"","overlay-gradient":""},"tablet":{"background-color":"var(--ast-global-color-5)","background-image":"","background-repeat":"repeat","background-position":"center center","background-size":"auto","background-attachment":"scroll","background-type":"","background-media":"","overlay-type":"","overlay-color":"","overlay-opacity":"","overlay-gradient":""},"mobile":{"background-color":"var(--ast-global-color-5)","background-image":"","background-repeat":"repeat","background-position":"center center","background-size":"auto","background-attachment":"scroll","background-type":"","background-media":"","overlay-type":"","overlay-color":"","overlay-opacity":"","overlay-gradient":""}},"_themeisle_gutenberg_block_has_review":false,"footnotes":""},"class_list":["post-28287","page","type-page","status-publish","has-post-thumbnail","hentry"],"acf":[],"yoast_head":"<!-- This site is optimized with the Yoast SEO plugin v26.8 - https:\/\/yoast.com\/product\/yoast-seo-wordpress\/ -->\n<title>The Rafa Nadal Foundation and Cl\u00ednica Baviera renew their commitment to children&#039;s visual health - Fundaci\u00f3n Rafa Nadal<\/title>\n<meta name=\"robots\" content=\"noindex, follow, max-snippet:-1, max-image-preview:large, max-video-preview:-1\" \/>\n<meta property=\"og:locale\" content=\"en_US\" \/>\n<meta property=\"og:type\" content=\"article\" \/>\n<meta property=\"og:title\" content=\"The Rafa Nadal Foundation and Cl\u00ednica Baviera renew their commitment to children&#039;s visual health - Fundaci\u00f3n Rafa Nadal\" \/>\n<meta property=\"og:description\" content=\"THE RAFA NADAL FOUNDATION CENTER IN PALMA HOSTS THE MEETING OF THE REGIONAL COUNCIL OF THE SPANISH ASSOCIATION OF FOUNDATIONS IN THE BALEARIC ISLANDS The Rafa Nadal Foundation, in collaboration with Cl\u00ednica Baviera and Fundaci\u00f3n Baviera Responsable, is launching a new edition of its annual eye check-ups for the children and adolescents who attend the [&hellip;]\" \/>\n<meta property=\"og:url\" content=\"https:\/\/fundacionrafanadal.quelinka.es\/en\/get-to-know\/news\/news-2025\/the-rafa-nadal-foundation-and-clinica-baviera-renew-their-commitment-to-childrens-visual-health\/\" \/>\n<meta property=\"og:site_name\" content=\"Fundaci\u00f3n Rafa Nadal\" \/>\n<meta property=\"article:modified_time\" content=\"2025-11-14T08:52:05+00:00\" \/>\n<meta property=\"og:image\" content=\"https:\/\/fundacionrafanadal.quelinka.es\/wp-content\/uploads\/2025\/11\/IMG_4959_b.jpg\" \/>\n\t<meta property=\"og:image:width\" content=\"1000\" \/>\n\t<meta property=\"og:image:height\" content=\"800\" \/>\n\t<meta property=\"og:image:type\" content=\"image\/jpeg\" \/>\n<meta name=\"twitter:card\" content=\"summary_large_image\" \/>\n<meta name=\"twitter:label1\" content=\"Est. reading time\" \/>\n\t<meta name=\"twitter:data1\" content=\"4 minutes\" \/>\n<script type=\"application\/ld+json\" class=\"yoast-schema-graph\">{\"@context\":\"https:\/\/schema.org\",\"@graph\":[{\"@type\":\"WebPage\",\"@id\":\"https:\/\/fundacionrafanadal.quelinka.es\/en\/get-to-know\/news\/news-2025\/the-rafa-nadal-foundation-and-clinica-baviera-renew-their-commitment-to-childrens-visual-health\/\",\"url\":\"https:\/\/fundacionrafanadal.quelinka.es\/en\/get-to-know\/news\/news-2025\/the-rafa-nadal-foundation-and-clinica-baviera-renew-their-commitment-to-childrens-visual-health\/\",\"name\":\"The Rafa Nadal Foundation and Cl\u00ednica Baviera renew their commitment to children's visual health - Fundaci\u00f3n Rafa Nadal\",\"isPartOf\":{\"@id\":\"https:\/\/fundacionrafanadal.quelinka.es\/en\/#website\"},\"primaryImageOfPage\":{\"@id\":\"https:\/\/fundacionrafanadal.quelinka.es\/en\/get-to-know\/news\/news-2025\/the-rafa-nadal-foundation-and-clinica-baviera-renew-their-commitment-to-childrens-visual-health\/#primaryimage\"},\"image\":{\"@id\":\"https:\/\/fundacionrafanadal.quelinka.es\/en\/get-to-know\/news\/news-2025\/the-rafa-nadal-foundation-and-clinica-baviera-renew-their-commitment-to-childrens-visual-health\/#primaryimage\"},\"thumbnailUrl\":\"https:\/\/fundacionrafanadal.quelinka.es\/wp-content\/uploads\/2025\/11\/IMG_4959_b.jpg\",\"datePublished\":\"2025-11-14T08:51:51+00:00\",\"dateModified\":\"2025-11-14T08:52:05+00:00\",\"breadcrumb\":{\"@id\":\"https:\/\/fundacionrafanadal.quelinka.es\/en\/get-to-know\/news\/news-2025\/the-rafa-nadal-foundation-and-clinica-baviera-renew-their-commitment-to-childrens-visual-health\/#breadcrumb\"},\"inLanguage\":\"en-US\",\"potentialAction\":[{\"@type\":\"ReadAction\",\"target\":[\"https:\/\/fundacionrafanadal.quelinka.es\/en\/get-to-know\/news\/news-2025\/the-rafa-nadal-foundation-and-clinica-baviera-renew-their-commitment-to-childrens-visual-health\/\"]}]},{\"@type\":\"ImageObject\",\"inLanguage\":\"en-US\",\"@id\":\"https:\/\/fundacionrafanadal.quelinka.es\/en\/get-to-know\/news\/news-2025\/the-rafa-nadal-foundation-and-clinica-baviera-renew-their-commitment-to-childrens-visual-health\/#primaryimage\",\"url\":\"https:\/\/fundacionrafanadal.quelinka.es\/wp-content\/uploads\/2025\/11\/IMG_4959_b.jpg\",\"contentUrl\":\"https:\/\/fundacionrafanadal.quelinka.es\/wp-content\/uploads\/2025\/11\/IMG_4959_b.jpg\",\"width\":1000,\"height\":800},{\"@type\":\"BreadcrumbList\",\"@id\":\"https:\/\/fundacionrafanadal.quelinka.es\/en\/get-to-know\/news\/news-2025\/the-rafa-nadal-foundation-and-clinica-baviera-renew-their-commitment-to-childrens-visual-health\/#breadcrumb\",\"itemListElement\":[{\"@type\":\"ListItem\",\"position\":1,\"name\":\"Portada\",\"item\":\"https:\/\/fundacionrafanadal.quelinka.es\/en\/\"},{\"@type\":\"ListItem\",\"position\":2,\"name\":\"Get to know!\",\"item\":\"https:\/\/fundacionrafanadal.quelinka.es\/en\/conocenos\/\"},{\"@type\":\"ListItem\",\"position\":3,\"name\":\"News\",\"item\":\"https:\/\/fundacionrafanadal.quelinka.es\/en\/conocenos\/noticias\/\"},{\"@type\":\"ListItem\",\"position\":4,\"name\":\"News 2025\",\"item\":\"https:\/\/fundacionrafanadal.quelinka.es\/en\/get-to-know\/news\/news-2025\/\"},{\"@type\":\"ListItem\",\"position\":5,\"name\":\"The Rafa Nadal Foundation and Cl\u00ednica Baviera renew their commitment to children&#8217;s visual health\"}]},{\"@type\":\"WebSite\",\"@id\":\"https:\/\/fundacionrafanadal.quelinka.es\/en\/#website\",\"url\":\"https:\/\/fundacionrafanadal.quelinka.es\/en\/\",\"name\":\"Fundaci\u00f3n Rafa Nadal\",\"description\":\"A trav\u00e9s del deporte y la educaci\u00f3n, promovemos la integraci\u00f3n y el desarrollo personal y social de ni\u00f1os y j\u00f3venes. En Espa\u00f1a y la India.\",\"publisher\":{\"@id\":\"https:\/\/fundacionrafanadal.quelinka.es\/en\/#organization\"},\"potentialAction\":[{\"@type\":\"SearchAction\",\"target\":{\"@type\":\"EntryPoint\",\"urlTemplate\":\"https:\/\/fundacionrafanadal.quelinka.es\/en\/?s={search_term_string}\"},\"query-input\":{\"@type\":\"PropertyValueSpecification\",\"valueRequired\":true,\"valueName\":\"search_term_string\"}}],\"inLanguage\":\"en-US\"},{\"@type\":\"Organization\",\"@id\":\"https:\/\/fundacionrafanadal.quelinka.es\/en\/#organization\",\"name\":\"Fundaci\u00f3n Rafa Nadal\",\"url\":\"https:\/\/fundacionrafanadal.quelinka.es\/en\/\",\"logo\":{\"@type\":\"ImageObject\",\"inLanguage\":\"en-US\",\"@id\":\"https:\/\/fundacionrafanadal.quelinka.es\/en\/#\/schema\/logo\/image\/\",\"url\":\"https:\/\/fundacionrafanadal.quelinka.es\/wp-content\/uploads\/2022\/09\/logo-frn-web-3.png\",\"contentUrl\":\"https:\/\/fundacionrafanadal.quelinka.es\/wp-content\/uploads\/2022\/09\/logo-frn-web-3.png\",\"width\":551,\"height\":140,\"caption\":\"Fundaci\u00f3n Rafa Nadal\"},\"image\":{\"@id\":\"https:\/\/fundacionrafanadal.quelinka.es\/en\/#\/schema\/logo\/image\/\"}}]}<\/script>\n<!-- \/ Yoast SEO plugin. -->","yoast_head_json":{"title":"The Rafa Nadal Foundation and Cl\u00ednica Baviera renew their commitment to children's visual health - Fundaci\u00f3n Rafa Nadal","robots":{"index":"noindex","follow":"follow","max-snippet":"max-snippet:-1","max-image-preview":"max-image-preview:large","max-video-preview":"max-video-preview:-1"},"og_locale":"en_US","og_type":"article","og_title":"The Rafa Nadal Foundation and Cl\u00ednica Baviera renew their commitment to children's visual health - Fundaci\u00f3n Rafa Nadal","og_description":"THE RAFA NADAL FOUNDATION CENTER IN PALMA HOSTS THE MEETING OF THE REGIONAL COUNCIL OF THE SPANISH ASSOCIATION OF FOUNDATIONS IN THE BALEARIC ISLANDS The Rafa Nadal Foundation, in collaboration with Cl\u00ednica Baviera and Fundaci\u00f3n Baviera Responsable, is launching a new edition of its annual eye check-ups for the children and adolescents who attend the [&hellip;]","og_url":"https:\/\/fundacionrafanadal.quelinka.es\/en\/get-to-know\/news\/news-2025\/the-rafa-nadal-foundation-and-clinica-baviera-renew-their-commitment-to-childrens-visual-health\/","og_site_name":"Fundaci\u00f3n Rafa Nadal","article_modified_time":"2025-11-14T08:52:05+00:00","og_image":[{"width":1000,"height":800,"url":"https:\/\/fundacionrafanadal.quelinka.es\/wp-content\/uploads\/2025\/11\/IMG_4959_b.jpg","type":"image\/jpeg"}],"twitter_card":"summary_large_image","twitter_misc":{"Est. reading time":"4 minutes"},"schema":{"@context":"https:\/\/schema.org","@graph":[{"@type":"WebPage","@id":"https:\/\/fundacionrafanadal.quelinka.es\/en\/get-to-know\/news\/news-2025\/the-rafa-nadal-foundation-and-clinica-baviera-renew-their-commitment-to-childrens-visual-health\/","url":"https:\/\/fundacionrafanadal.quelinka.es\/en\/get-to-know\/news\/news-2025\/the-rafa-nadal-foundation-and-clinica-baviera-renew-their-commitment-to-childrens-visual-health\/","name":"The Rafa Nadal Foundation and Cl\u00ednica Baviera renew their commitment to children's visual health - Fundaci\u00f3n Rafa Nadal","isPartOf":{"@id":"https:\/\/fundacionrafanadal.quelinka.es\/en\/#website"},"primaryImageOfPage":{"@id":"https:\/\/fundacionrafanadal.quelinka.es\/en\/get-to-know\/news\/news-2025\/the-rafa-nadal-foundation-and-clinica-baviera-renew-their-commitment-to-childrens-visual-health\/#primaryimage"},"image":{"@id":"https:\/\/fundacionrafanadal.quelinka.es\/en\/get-to-know\/news\/news-2025\/the-rafa-nadal-foundation-and-clinica-baviera-renew-their-commitment-to-childrens-visual-health\/#primaryimage"},"thumbnailUrl":"https:\/\/fundacionrafanadal.quelinka.es\/wp-content\/uploads\/2025\/11\/IMG_4959_b.jpg","datePublished":"2025-11-14T08:51:51+00:00","dateModified":"2025-11-14T08:52:05+00:00","breadcrumb":{"@id":"https:\/\/fundacionrafanadal.quelinka.es\/en\/get-to-know\/news\/news-2025\/the-rafa-nadal-foundation-and-clinica-baviera-renew-their-commitment-to-childrens-visual-health\/#breadcrumb"},"inLanguage":"en-US","potentialAction":[{"@type":"ReadAction","target":["https:\/\/fundacionrafanadal.quelinka.es\/en\/get-to-know\/news\/news-2025\/the-rafa-nadal-foundation-and-clinica-baviera-renew-their-commitment-to-childrens-visual-health\/"]}]},{"@type":"ImageObject","inLanguage":"en-US","@id":"https:\/\/fundacionrafanadal.quelinka.es\/en\/get-to-know\/news\/news-2025\/the-rafa-nadal-foundation-and-clinica-baviera-renew-their-commitment-to-childrens-visual-health\/#primaryimage","url":"https:\/\/fundacionrafanadal.quelinka.es\/wp-content\/uploads\/2025\/11\/IMG_4959_b.jpg","contentUrl":"https:\/\/fundacionrafanadal.quelinka.es\/wp-content\/uploads\/2025\/11\/IMG_4959_b.jpg","width":1000,"height":800},{"@type":"BreadcrumbList","@id":"https:\/\/fundacionrafanadal.quelinka.es\/en\/get-to-know\/news\/news-2025\/the-rafa-nadal-foundation-and-clinica-baviera-renew-their-commitment-to-childrens-visual-health\/#breadcrumb","itemListElement":[{"@type":"ListItem","position":1,"name":"Portada","item":"https:\/\/fundacionrafanadal.quelinka.es\/en\/"},{"@type":"ListItem","position":2,"name":"Get to know!","item":"https:\/\/fundacionrafanadal.quelinka.es\/en\/conocenos\/"},{"@type":"ListItem","position":3,"name":"News","item":"https:\/\/fundacionrafanadal.quelinka.es\/en\/conocenos\/noticias\/"},{"@type":"ListItem","position":4,"name":"News 2025","item":"https:\/\/fundacionrafanadal.quelinka.es\/en\/get-to-know\/news\/news-2025\/"},{"@type":"ListItem","position":5,"name":"The Rafa Nadal Foundation and Cl\u00ednica Baviera renew their commitment to children&#8217;s visual health"}]},{"@type":"WebSite","@id":"https:\/\/fundacionrafanadal.quelinka.es\/en\/#website","url":"https:\/\/fundacionrafanadal.quelinka.es\/en\/","name":"Fundaci\u00f3n Rafa Nadal","description":"A trav\u00e9s del deporte y la educaci\u00f3n, promovemos la integraci\u00f3n y el desarrollo personal y social de ni\u00f1os y j\u00f3venes. En Espa\u00f1a y la India.","publisher":{"@id":"https:\/\/fundacionrafanadal.quelinka.es\/en\/#organization"},"potentialAction":[{"@type":"SearchAction","target":{"@type":"EntryPoint","urlTemplate":"https:\/\/fundacionrafanadal.quelinka.es\/en\/?s={search_term_string}"},"query-input":{"@type":"PropertyValueSpecification","valueRequired":true,"valueName":"search_term_string"}}],"inLanguage":"en-US"},{"@type":"Organization","@id":"https:\/\/fundacionrafanadal.quelinka.es\/en\/#organization","name":"Fundaci\u00f3n Rafa Nadal","url":"https:\/\/fundacionrafanadal.quelinka.es\/en\/","logo":{"@type":"ImageObject","inLanguage":"en-US","@id":"https:\/\/fundacionrafanadal.quelinka.es\/en\/#\/schema\/logo\/image\/","url":"https:\/\/fundacionrafanadal.quelinka.es\/wp-content\/uploads\/2022\/09\/logo-frn-web-3.png","contentUrl":"https:\/\/fundacionrafanadal.quelinka.es\/wp-content\/uploads\/2022\/09\/logo-frn-web-3.png","width":551,"height":140,"caption":"Fundaci\u00f3n Rafa Nadal"},"image":{"@id":"https:\/\/fundacionrafanadal.quelinka.es\/en\/#\/schema\/logo\/image\/"}}]}},"campaignId":"","_links":{"self":[{"href":"https:\/\/fundacionrafanadal.quelinka.es\/en\/wp-json\/wp\/v2\/pages\/28287","targetHints":{"allow":["GET"]}}],"collection":[{"href":"https:\/\/fundacionrafanadal.quelinka.es\/en\/wp-json\/wp\/v2\/pages"}],"about":[{"href":"https:\/\/fundacionrafanadal.quelinka.es\/en\/wp-json\/wp\/v2\/types\/page"}],"author":[{"embeddable":true,"href":"https:\/\/fundacionrafanadal.quelinka.es\/en\/wp-json\/wp\/v2\/users\/14"}],"replies":[{"embeddable":true,"href":"https:\/\/fundacionrafanadal.quelinka.es\/en\/wp-json\/wp\/v2\/comments?post=28287"}],"version-history":[{"count":1,"href":"https:\/\/fundacionrafanadal.quelinka.es\/en\/wp-json\/wp\/v2\/pages\/28287\/revisions"}],"predecessor-version":[{"id":28292,"href":"https:\/\/fundacionrafanadal.quelinka.es\/en\/wp-json\/wp\/v2\/pages\/28287\/revisions\/28292"}],"up":[{"embeddable":true,"href":"https:\/\/fundacionrafanadal.quelinka.es\/en\/wp-json\/wp\/v2\/pages\/24098"}],"wp:featuredmedia":[{"embeddable":true,"href":"https:\/\/fundacionrafanadal.quelinka.es\/en\/wp-json\/wp\/v2\/media\/28290"}],"wp:attachment":[{"href":"https:\/\/fundacionrafanadal.quelinka.es\/en\/wp-json\/wp\/v2\/media?parent=28287"}],"curies":[{"name":"wp","href":"https:\/\/api.w.org\/{rel}","templated":true}]}}