{"id":28407,"date":"2025-12-02T14:15:37","date_gmt":"2025-12-02T12:15:37","guid":{"rendered":"https:\/\/www.fundacionrafanadal.org\/?page_id=28407"},"modified":"2025-12-02T14:52:38","modified_gmt":"2025-12-02T12:52:38","slug":"rafa-nadal-foundation-awarded-the-as-positive-sport-prize-at-the-as-awards-gala-2025","status":"publish","type":"page","link":"https:\/\/fundacionrafanadal.quelinka.es\/en\/get-to-know\/news\/news-2025\/rafa-nadal-foundation-awarded-the-as-positive-sport-prize-at-the-as-awards-gala-2025\/","title":{"rendered":"Rafa Nadal Foundation, awarded the AS Positive Sport Prize at the AS Awards Gala 2025"},"content":{"rendered":"\n<div class=\"inherit-container-width wp-block-group is-layout-constrained wp-block-group-is-layout-constrained\"><div class=\"wp-block-group__inner-container\">\n<div class=\"wp-block-media-text alignfull is-stacked-on-mobile is-image-fill has-background\" style=\"background-color:#ddac31\"><figure class=\"wp-block-media-text__media\" style=\"background-image:url(https:\/\/www.fundacionrafanadal.quelinka.es\/wp-content\/uploads\/2022\/07\/ISM08879.png);background-position:50% 50%\"><img loading=\"lazy\" decoding=\"async\" width=\"900\" height=\"399\" src=\"https:\/\/www.fundacionrafanadal.quelinka.es\/wp-content\/uploads\/2022\/07\/ISM08879.png\" alt=\"\" class=\"wp-image-9879 size-full\" srcset=\"https:\/\/fundacionrafanadal.quelinka.es\/wp-content\/uploads\/2022\/07\/ISM08879.png 900w, https:\/\/fundacionrafanadal.quelinka.es\/wp-content\/uploads\/2022\/07\/ISM08879-300x133.png 300w, https:\/\/fundacionrafanadal.quelinka.es\/wp-content\/uploads\/2022\/07\/ISM08879-768x340.png 768w\" sizes=\"auto, (max-width: 900px) 100vw, 900px\" \/><\/figure><div class=\"wp-block-media-text__content\">\n<div style=\"height:30px\" aria-hidden=\"true\" class=\"wp-block-spacer\"><\/div>\n\n\n\n<h2 class=\"has-ast-global-color-5-color has-text-color wp-block-heading\" style=\"font-size:48px\"><strong>News<\/strong><\/h2>\n\n\n\n<div style=\"height:200px\" aria-hidden=\"true\" class=\"wp-block-spacer\"><\/div>\n<\/div><\/div>\n\n\n\n<p><\/p>\n\n\n<div class=\"wp-block-post-date\"><time datetime=\"2025-12-02T14:15:37+02:00\">2 de December de 2025<\/time><\/div>\n\n\n<h2 class=\"wp-block-heading has-medium-font-size\" style=\"text-transform:uppercase\"><strong><strong><strong><strong>RAFA NADAL FOUNDATION, AWARDED THE AS POSITIVE SPORT PRIZE AT THE AS AWARDS GALA 2025<\/strong><\/strong><\/strong><\/strong><\/h2>\n\n\n\n<figure class=\"wp-block-image alignwide size-full\"><img loading=\"lazy\" decoding=\"async\" width=\"1200\" height=\"960\" src=\"https:\/\/www.fundacionrafanadal.quelinka.es\/wp-content\/uploads\/2025\/12\/GALA2025_10347-251202_b.jpg\" alt=\"\" class=\"wp-image-28438\" srcset=\"https:\/\/fundacionrafanadal.quelinka.es\/wp-content\/uploads\/2025\/12\/GALA2025_10347-251202_b.jpg 1200w, https:\/\/fundacionrafanadal.quelinka.es\/wp-content\/uploads\/2025\/12\/GALA2025_10347-251202_b-300x240.jpg 300w, https:\/\/fundacionrafanadal.quelinka.es\/wp-content\/uploads\/2025\/12\/GALA2025_10347-251202_b-1024x819.jpg 1024w, https:\/\/fundacionrafanadal.quelinka.es\/wp-content\/uploads\/2025\/12\/GALA2025_10347-251202_b-768x614.jpg 768w\" sizes=\"auto, (max-width: 1200px) 100vw, 1200px\" \/><\/figure>\n\n\n\n<h2 class=\"wp-block-heading\"><\/h2>\n\n\n\n<p>The Rafa Nadal Foundation has been recognized at the 2025 AS Awards Gala with the AS Positive Sport Prize, an award that highlights our commitment to using sport as a tool for social transformation. This recognition reinforces the mission we have carried out for fifteen years: providing opportunities to children and young people in vulnerable situations through sports, educational, and well-being programs.<\/p>\n\n\n\n<p>The award was presented during a ceremony featuring prominent national and international sports figures. For us, receiving this recognition is a boost to continue working on projects that promote personal development, equal opportunities, and social inclusion.<\/p>\n\n\n\n<h2 class=\"wp-block-heading\"><strong>Awards that celebrate the values of sport<\/strong><\/h2>\n\n\n\n<p>In this edition, the AS Legend Award went to Rafa Nadal, whose career and values continue to inspire both on and off the court. In the various categories of the AS Sports Awards, athletes and entities that stood out throughout the year were also recognized:<\/p>\n\n\n\n<p>\u2022 Marc M\u00e1rquez (motorcycling)<br>\u2022 Mar\u00eda P\u00e9rez (athletics)<br>\u2022 Spanish women&#8217;s cycling<br>\u2022 Men\u2019s national water polo team<br>\u2022 Women\u2019s national basketball teams<br>\u2022 Iris Ti\u00f3 (artistic swimming)<br>\u2022 Alex Palou (motorsport)<br>\u2022 Albert Torres (track cycling)<\/p>\n\n\n\n<p>In the AS Career Awards category, the honorees were major world football icons: Rapha\u00ebl Varane, Jes\u00fas Navas, Fernando Torres, and Ra\u00fal Gonz\u00e1lez.<\/p>\n\n\n\n<p>The AS Promise Award went to athlete Ander Garaiar, while the AS Paralympic Award was given to Mart\u00edn de la Puente (tennis), an example of perseverance and sporting excellence.<\/p>\n\n\n\n<p>Alongside the Rafa Nadal Foundation, athlete Carolina Mar\u00edn was also recognized in the AS Positive Sport category for her ability to inspire and convey values through sport.<\/p>\n\n\n\n<h2 class=\"wp-block-heading\"><strong>A recognition that motivates us to continue<\/strong><\/h2>\n\n\n\n<p>At the Rafa Nadal Foundation, we sincerely thank you for this award.<\/p>\n\n\n\n<figure class=\"wp-block-gallery has-nested-images columns-default is-cropped wp-block-gallery-1 is-layout-flex wp-block-gallery-is-layout-flex\">\n<figure class=\"wp-block-image size-large\"><img loading=\"lazy\" decoding=\"async\" width=\"1024\" height=\"819\" data-id=\"28444\" src=\"https:\/\/www.fundacionrafanadal.quelinka.es\/wp-content\/uploads\/2025\/12\/todos_b-1024x819.jpg\" alt=\"\" class=\"wp-image-28444\" srcset=\"https:\/\/fundacionrafanadal.quelinka.es\/wp-content\/uploads\/2025\/12\/todos_b-1024x819.jpg 1024w, https:\/\/fundacionrafanadal.quelinka.es\/wp-content\/uploads\/2025\/12\/todos_b-300x240.jpg 300w, https:\/\/fundacionrafanadal.quelinka.es\/wp-content\/uploads\/2025\/12\/todos_b-768x614.jpg 768w, https:\/\/fundacionrafanadal.quelinka.es\/wp-content\/uploads\/2025\/12\/todos_b.jpg 1200w\" sizes=\"auto, (max-width: 1024px) 100vw, 1024px\" \/><\/figure>\n\n\n\n<figure class=\"wp-block-image size-large\"><img loading=\"lazy\" decoding=\"async\" width=\"1024\" height=\"819\" data-id=\"28441\" src=\"https:\/\/www.fundacionrafanadal.quelinka.es\/wp-content\/uploads\/2025\/12\/GALA2025_10349-251202_b-1024x819.jpg\" alt=\"\" class=\"wp-image-28441\" srcset=\"https:\/\/fundacionrafanadal.quelinka.es\/wp-content\/uploads\/2025\/12\/GALA2025_10349-251202_b-1024x819.jpg 1024w, https:\/\/fundacionrafanadal.quelinka.es\/wp-content\/uploads\/2025\/12\/GALA2025_10349-251202_b-300x240.jpg 300w, https:\/\/fundacionrafanadal.quelinka.es\/wp-content\/uploads\/2025\/12\/GALA2025_10349-251202_b-768x614.jpg 768w, https:\/\/fundacionrafanadal.quelinka.es\/wp-content\/uploads\/2025\/12\/GALA2025_10349-251202_b.jpg 1200w\" sizes=\"auto, (max-width: 1024px) 100vw, 1024px\" \/><\/figure>\n<\/figure>\n\n\n\n<h2 class=\"wp-block-heading\">We receive it on behalf of all the people who are part of our projects: participants, families, professional teams, and collaborators. This prize encourages us to keep working so that sport continues to be a vehicle for real and lasting social change<\/h2>\n<\/div><\/div>\n","protected":false},"excerpt":{"rendered":"<p>RAFA NADAL FOUNDATION, AWARDED THE AS POSITIVE SPORT PRIZE AT THE AS AWARDS GALA 2025 The Rafa Nadal Foundation has been recognized at the 2025 AS Awards Gala with the AS Positive Sport Prize, an award that highlights our commitment to using sport as a tool for social transformation. This recognition reinforces the mission we [&hellip;]<\/p>\n","protected":false},"author":14,"featured_media":28438,"parent":24098,"menu_order":0,"comment_status":"closed","ping_status":"closed","template":"","meta":{"_acf_changed":false,"give_campaign_id":0,"_monsterinsights_skip_tracking":false,"_monsterinsights_sitenote_active":false,"_monsterinsights_sitenote_note":"","_monsterinsights_sitenote_category":0,"site-sidebar-layout":"default","site-content-layout":"","ast-site-content-layout":"default","site-content-style":"default","site-sidebar-style":"default","ast-global-header-display":"","ast-banner-title-visibility":"","ast-main-header-display":"","ast-hfb-above-header-display":"","ast-hfb-below-header-display":"","ast-hfb-mobile-header-display":"","site-post-title":"disabled","ast-breadcrumbs-content":"","ast-featured-img":"","footer-sml-layout":"","ast-disable-related-posts":"","theme-transparent-header-meta":"","adv-header-id-meta":"","stick-header-meta":"","header-above-stick-meta":"","header-main-stick-meta":"","header-below-stick-meta":"","astra-migrate-meta-layouts":"set","ast-page-background-enabled":"default","ast-page-background-meta":{"desktop":{"background-color":"var(--ast-global-color-4)","background-image":"","background-repeat":"repeat","background-position":"center center","background-size":"auto","background-attachment":"scroll","background-type":"","background-media":"","overlay-type":"","overlay-color":"","overlay-opacity":"","overlay-gradient":""},"tablet":{"background-color":"","background-image":"","background-repeat":"repeat","background-position":"center center","background-size":"auto","background-attachment":"scroll","background-type":"","background-media":"","overlay-type":"","overlay-color":"","overlay-opacity":"","overlay-gradient":""},"mobile":{"background-color":"","background-image":"","background-repeat":"repeat","background-position":"center center","background-size":"auto","background-attachment":"scroll","background-type":"","background-media":"","overlay-type":"","overlay-color":"","overlay-opacity":"","overlay-gradient":""}},"ast-content-background-meta":{"desktop":{"background-color":"var(--ast-global-color-5)","background-image":"","background-repeat":"repeat","background-position":"center center","background-size":"auto","background-attachment":"scroll","background-type":"","background-media":"","overlay-type":"","overlay-color":"","overlay-opacity":"","overlay-gradient":""},"tablet":{"background-color":"var(--ast-global-color-5)","background-image":"","background-repeat":"repeat","background-position":"center center","background-size":"auto","background-attachment":"scroll","background-type":"","background-media":"","overlay-type":"","overlay-color":"","overlay-opacity":"","overlay-gradient":""},"mobile":{"background-color":"var(--ast-global-color-5)","background-image":"","background-repeat":"repeat","background-position":"center center","background-size":"auto","background-attachment":"scroll","background-type":"","background-media":"","overlay-type":"","overlay-color":"","overlay-opacity":"","overlay-gradient":""}},"_themeisle_gutenberg_block_has_review":false,"footnotes":""},"class_list":["post-28407","page","type-page","status-publish","has-post-thumbnail","hentry"],"acf":[],"yoast_head":"<!-- This site is optimized with the Yoast SEO plugin v26.8 - https:\/\/yoast.com\/product\/yoast-seo-wordpress\/ -->\n<title>Rafa Nadal Foundation, awarded the AS Positive Sport Prize at the AS Awards Gala 2025 - Fundaci\u00f3n Rafa Nadal<\/title>\n<meta name=\"robots\" content=\"noindex, follow, max-snippet:-1, max-image-preview:large, max-video-preview:-1\" \/>\n<meta property=\"og:locale\" content=\"en_US\" \/>\n<meta property=\"og:type\" content=\"article\" \/>\n<meta property=\"og:title\" content=\"Rafa Nadal Foundation, awarded the AS Positive Sport Prize at the AS Awards Gala 2025 - Fundaci\u00f3n Rafa Nadal\" \/>\n<meta property=\"og:description\" content=\"RAFA NADAL FOUNDATION, AWARDED THE AS POSITIVE SPORT PRIZE AT THE AS AWARDS GALA 2025 The Rafa Nadal Foundation has been recognized at the 2025 AS Awards Gala with the AS Positive Sport Prize, an award that highlights our commitment to using sport as a tool for social transformation. This recognition reinforces the mission we [&hellip;]\" \/>\n<meta property=\"og:url\" content=\"https:\/\/fundacionrafanadal.quelinka.es\/en\/get-to-know\/news\/news-2025\/rafa-nadal-foundation-awarded-the-as-positive-sport-prize-at-the-as-awards-gala-2025\/\" \/>\n<meta property=\"og:site_name\" content=\"Fundaci\u00f3n Rafa Nadal\" \/>\n<meta property=\"article:modified_time\" content=\"2025-12-02T12:52:38+00:00\" \/>\n<meta property=\"og:image\" content=\"https:\/\/fundacionrafanadal.quelinka.es\/wp-content\/uploads\/2025\/12\/GALA2025_10347-251202_b.jpg\" \/>\n\t<meta property=\"og:image:width\" content=\"1200\" \/>\n\t<meta property=\"og:image:height\" content=\"960\" \/>\n\t<meta property=\"og:image:type\" content=\"image\/jpeg\" \/>\n<meta name=\"twitter:card\" content=\"summary_large_image\" \/>\n<meta name=\"twitter:label1\" content=\"Est. reading time\" \/>\n\t<meta name=\"twitter:data1\" content=\"5 minutes\" \/>\n<script type=\"application\/ld+json\" class=\"yoast-schema-graph\">{\"@context\":\"https:\/\/schema.org\",\"@graph\":[{\"@type\":\"WebPage\",\"@id\":\"https:\/\/fundacionrafanadal.quelinka.es\/en\/get-to-know\/news\/news-2025\/rafa-nadal-foundation-awarded-the-as-positive-sport-prize-at-the-as-awards-gala-2025\/\",\"url\":\"https:\/\/fundacionrafanadal.quelinka.es\/en\/get-to-know\/news\/news-2025\/rafa-nadal-foundation-awarded-the-as-positive-sport-prize-at-the-as-awards-gala-2025\/\",\"name\":\"Rafa Nadal Foundation, awarded the AS Positive Sport Prize at the AS Awards Gala 2025 - Fundaci\u00f3n Rafa Nadal\",\"isPartOf\":{\"@id\":\"https:\/\/fundacionrafanadal.quelinka.es\/en\/#website\"},\"primaryImageOfPage\":{\"@id\":\"https:\/\/fundacionrafanadal.quelinka.es\/en\/get-to-know\/news\/news-2025\/rafa-nadal-foundation-awarded-the-as-positive-sport-prize-at-the-as-awards-gala-2025\/#primaryimage\"},\"image\":{\"@id\":\"https:\/\/fundacionrafanadal.quelinka.es\/en\/get-to-know\/news\/news-2025\/rafa-nadal-foundation-awarded-the-as-positive-sport-prize-at-the-as-awards-gala-2025\/#primaryimage\"},\"thumbnailUrl\":\"https:\/\/fundacionrafanadal.quelinka.es\/wp-content\/uploads\/2025\/12\/GALA2025_10347-251202_b.jpg\",\"datePublished\":\"2025-12-02T12:15:37+00:00\",\"dateModified\":\"2025-12-02T12:52:38+00:00\",\"breadcrumb\":{\"@id\":\"https:\/\/fundacionrafanadal.quelinka.es\/en\/get-to-know\/news\/news-2025\/rafa-nadal-foundation-awarded-the-as-positive-sport-prize-at-the-as-awards-gala-2025\/#breadcrumb\"},\"inLanguage\":\"en-US\",\"potentialAction\":[{\"@type\":\"ReadAction\",\"target\":[\"https:\/\/fundacionrafanadal.quelinka.es\/en\/get-to-know\/news\/news-2025\/rafa-nadal-foundation-awarded-the-as-positive-sport-prize-at-the-as-awards-gala-2025\/\"]}]},{\"@type\":\"ImageObject\",\"inLanguage\":\"en-US\",\"@id\":\"https:\/\/fundacionrafanadal.quelinka.es\/en\/get-to-know\/news\/news-2025\/rafa-nadal-foundation-awarded-the-as-positive-sport-prize-at-the-as-awards-gala-2025\/#primaryimage\",\"url\":\"https:\/\/fundacionrafanadal.quelinka.es\/wp-content\/uploads\/2025\/12\/GALA2025_10347-251202_b.jpg\",\"contentUrl\":\"https:\/\/fundacionrafanadal.quelinka.es\/wp-content\/uploads\/2025\/12\/GALA2025_10347-251202_b.jpg\",\"width\":1200,\"height\":960},{\"@type\":\"BreadcrumbList\",\"@id\":\"https:\/\/fundacionrafanadal.quelinka.es\/en\/get-to-know\/news\/news-2025\/rafa-nadal-foundation-awarded-the-as-positive-sport-prize-at-the-as-awards-gala-2025\/#breadcrumb\",\"itemListElement\":[{\"@type\":\"ListItem\",\"position\":1,\"name\":\"Portada\",\"item\":\"https:\/\/fundacionrafanadal.quelinka.es\/en\/\"},{\"@type\":\"ListItem\",\"position\":2,\"name\":\"Get to know!\",\"item\":\"https:\/\/fundacionrafanadal.quelinka.es\/en\/conocenos\/\"},{\"@type\":\"ListItem\",\"position\":3,\"name\":\"News\",\"item\":\"https:\/\/fundacionrafanadal.quelinka.es\/en\/conocenos\/noticias\/\"},{\"@type\":\"ListItem\",\"position\":4,\"name\":\"News 2025\",\"item\":\"https:\/\/fundacionrafanadal.quelinka.es\/en\/get-to-know\/news\/news-2025\/\"},{\"@type\":\"ListItem\",\"position\":5,\"name\":\"Rafa Nadal Foundation, awarded the AS Positive Sport Prize at the AS Awards Gala 2025\"}]},{\"@type\":\"WebSite\",\"@id\":\"https:\/\/fundacionrafanadal.quelinka.es\/en\/#website\",\"url\":\"https:\/\/fundacionrafanadal.quelinka.es\/en\/\",\"name\":\"Fundaci\u00f3n Rafa Nadal\",\"description\":\"A trav\u00e9s del deporte y la educaci\u00f3n, promovemos la integraci\u00f3n y el desarrollo personal y social de ni\u00f1os y j\u00f3venes. En Espa\u00f1a y la India.\",\"publisher\":{\"@id\":\"https:\/\/fundacionrafanadal.quelinka.es\/en\/#organization\"},\"potentialAction\":[{\"@type\":\"SearchAction\",\"target\":{\"@type\":\"EntryPoint\",\"urlTemplate\":\"https:\/\/fundacionrafanadal.quelinka.es\/en\/?s={search_term_string}\"},\"query-input\":{\"@type\":\"PropertyValueSpecification\",\"valueRequired\":true,\"valueName\":\"search_term_string\"}}],\"inLanguage\":\"en-US\"},{\"@type\":\"Organization\",\"@id\":\"https:\/\/fundacionrafanadal.quelinka.es\/en\/#organization\",\"name\":\"Fundaci\u00f3n Rafa Nadal\",\"url\":\"https:\/\/fundacionrafanadal.quelinka.es\/en\/\",\"logo\":{\"@type\":\"ImageObject\",\"inLanguage\":\"en-US\",\"@id\":\"https:\/\/fundacionrafanadal.quelinka.es\/en\/#\/schema\/logo\/image\/\",\"url\":\"https:\/\/fundacionrafanadal.quelinka.es\/wp-content\/uploads\/2022\/09\/logo-frn-web-3.png\",\"contentUrl\":\"https:\/\/fundacionrafanadal.quelinka.es\/wp-content\/uploads\/2022\/09\/logo-frn-web-3.png\",\"width\":551,\"height\":140,\"caption\":\"Fundaci\u00f3n Rafa Nadal\"},\"image\":{\"@id\":\"https:\/\/fundacionrafanadal.quelinka.es\/en\/#\/schema\/logo\/image\/\"}}]}<\/script>\n<!-- \/ Yoast SEO plugin. -->","yoast_head_json":{"title":"Rafa Nadal Foundation, awarded the AS Positive Sport Prize at the AS Awards Gala 2025 - Fundaci\u00f3n Rafa Nadal","robots":{"index":"noindex","follow":"follow","max-snippet":"max-snippet:-1","max-image-preview":"max-image-preview:large","max-video-preview":"max-video-preview:-1"},"og_locale":"en_US","og_type":"article","og_title":"Rafa Nadal Foundation, awarded the AS Positive Sport Prize at the AS Awards Gala 2025 - Fundaci\u00f3n Rafa Nadal","og_description":"RAFA NADAL FOUNDATION, AWARDED THE AS POSITIVE SPORT PRIZE AT THE AS AWARDS GALA 2025 The Rafa Nadal Foundation has been recognized at the 2025 AS Awards Gala with the AS Positive Sport Prize, an award that highlights our commitment to using sport as a tool for social transformation. This recognition reinforces the mission we [&hellip;]","og_url":"https:\/\/fundacionrafanadal.quelinka.es\/en\/get-to-know\/news\/news-2025\/rafa-nadal-foundation-awarded-the-as-positive-sport-prize-at-the-as-awards-gala-2025\/","og_site_name":"Fundaci\u00f3n Rafa Nadal","article_modified_time":"2025-12-02T12:52:38+00:00","og_image":[{"width":1200,"height":960,"url":"https:\/\/fundacionrafanadal.quelinka.es\/wp-content\/uploads\/2025\/12\/GALA2025_10347-251202_b.jpg","type":"image\/jpeg"}],"twitter_card":"summary_large_image","twitter_misc":{"Est. reading time":"5 minutes"},"schema":{"@context":"https:\/\/schema.org","@graph":[{"@type":"WebPage","@id":"https:\/\/fundacionrafanadal.quelinka.es\/en\/get-to-know\/news\/news-2025\/rafa-nadal-foundation-awarded-the-as-positive-sport-prize-at-the-as-awards-gala-2025\/","url":"https:\/\/fundacionrafanadal.quelinka.es\/en\/get-to-know\/news\/news-2025\/rafa-nadal-foundation-awarded-the-as-positive-sport-prize-at-the-as-awards-gala-2025\/","name":"Rafa Nadal Foundation, awarded the AS Positive Sport Prize at the AS Awards Gala 2025 - Fundaci\u00f3n Rafa Nadal","isPartOf":{"@id":"https:\/\/fundacionrafanadal.quelinka.es\/en\/#website"},"primaryImageOfPage":{"@id":"https:\/\/fundacionrafanadal.quelinka.es\/en\/get-to-know\/news\/news-2025\/rafa-nadal-foundation-awarded-the-as-positive-sport-prize-at-the-as-awards-gala-2025\/#primaryimage"},"image":{"@id":"https:\/\/fundacionrafanadal.quelinka.es\/en\/get-to-know\/news\/news-2025\/rafa-nadal-foundation-awarded-the-as-positive-sport-prize-at-the-as-awards-gala-2025\/#primaryimage"},"thumbnailUrl":"https:\/\/fundacionrafanadal.quelinka.es\/wp-content\/uploads\/2025\/12\/GALA2025_10347-251202_b.jpg","datePublished":"2025-12-02T12:15:37+00:00","dateModified":"2025-12-02T12:52:38+00:00","breadcrumb":{"@id":"https:\/\/fundacionrafanadal.quelinka.es\/en\/get-to-know\/news\/news-2025\/rafa-nadal-foundation-awarded-the-as-positive-sport-prize-at-the-as-awards-gala-2025\/#breadcrumb"},"inLanguage":"en-US","potentialAction":[{"@type":"ReadAction","target":["https:\/\/fundacionrafanadal.quelinka.es\/en\/get-to-know\/news\/news-2025\/rafa-nadal-foundation-awarded-the-as-positive-sport-prize-at-the-as-awards-gala-2025\/"]}]},{"@type":"ImageObject","inLanguage":"en-US","@id":"https:\/\/fundacionrafanadal.quelinka.es\/en\/get-to-know\/news\/news-2025\/rafa-nadal-foundation-awarded-the-as-positive-sport-prize-at-the-as-awards-gala-2025\/#primaryimage","url":"https:\/\/fundacionrafanadal.quelinka.es\/wp-content\/uploads\/2025\/12\/GALA2025_10347-251202_b.jpg","contentUrl":"https:\/\/fundacionrafanadal.quelinka.es\/wp-content\/uploads\/2025\/12\/GALA2025_10347-251202_b.jpg","width":1200,"height":960},{"@type":"BreadcrumbList","@id":"https:\/\/fundacionrafanadal.quelinka.es\/en\/get-to-know\/news\/news-2025\/rafa-nadal-foundation-awarded-the-as-positive-sport-prize-at-the-as-awards-gala-2025\/#breadcrumb","itemListElement":[{"@type":"ListItem","position":1,"name":"Portada","item":"https:\/\/fundacionrafanadal.quelinka.es\/en\/"},{"@type":"ListItem","position":2,"name":"Get to know!","item":"https:\/\/fundacionrafanadal.quelinka.es\/en\/conocenos\/"},{"@type":"ListItem","position":3,"name":"News","item":"https:\/\/fundacionrafanadal.quelinka.es\/en\/conocenos\/noticias\/"},{"@type":"ListItem","position":4,"name":"News 2025","item":"https:\/\/fundacionrafanadal.quelinka.es\/en\/get-to-know\/news\/news-2025\/"},{"@type":"ListItem","position":5,"name":"Rafa Nadal Foundation, awarded the AS Positive Sport Prize at the AS Awards Gala 2025"}]},{"@type":"WebSite","@id":"https:\/\/fundacionrafanadal.quelinka.es\/en\/#website","url":"https:\/\/fundacionrafanadal.quelinka.es\/en\/","name":"Fundaci\u00f3n Rafa Nadal","description":"A trav\u00e9s del deporte y la educaci\u00f3n, promovemos la integraci\u00f3n y el desarrollo personal y social de ni\u00f1os y j\u00f3venes. En Espa\u00f1a y la India.","publisher":{"@id":"https:\/\/fundacionrafanadal.quelinka.es\/en\/#organization"},"potentialAction":[{"@type":"SearchAction","target":{"@type":"EntryPoint","urlTemplate":"https:\/\/fundacionrafanadal.quelinka.es\/en\/?s={search_term_string}"},"query-input":{"@type":"PropertyValueSpecification","valueRequired":true,"valueName":"search_term_string"}}],"inLanguage":"en-US"},{"@type":"Organization","@id":"https:\/\/fundacionrafanadal.quelinka.es\/en\/#organization","name":"Fundaci\u00f3n Rafa Nadal","url":"https:\/\/fundacionrafanadal.quelinka.es\/en\/","logo":{"@type":"ImageObject","inLanguage":"en-US","@id":"https:\/\/fundacionrafanadal.quelinka.es\/en\/#\/schema\/logo\/image\/","url":"https:\/\/fundacionrafanadal.quelinka.es\/wp-content\/uploads\/2022\/09\/logo-frn-web-3.png","contentUrl":"https:\/\/fundacionrafanadal.quelinka.es\/wp-content\/uploads\/2022\/09\/logo-frn-web-3.png","width":551,"height":140,"caption":"Fundaci\u00f3n Rafa Nadal"},"image":{"@id":"https:\/\/fundacionrafanadal.quelinka.es\/en\/#\/schema\/logo\/image\/"}}]}},"campaignId":"","_links":{"self":[{"href":"https:\/\/fundacionrafanadal.quelinka.es\/en\/wp-json\/wp\/v2\/pages\/28407","targetHints":{"allow":["GET"]}}],"collection":[{"href":"https:\/\/fundacionrafanadal.quelinka.es\/en\/wp-json\/wp\/v2\/pages"}],"about":[{"href":"https:\/\/fundacionrafanadal.quelinka.es\/en\/wp-json\/wp\/v2\/types\/page"}],"author":[{"embeddable":true,"href":"https:\/\/fundacionrafanadal.quelinka.es\/en\/wp-json\/wp\/v2\/users\/14"}],"replies":[{"embeddable":true,"href":"https:\/\/fundacionrafanadal.quelinka.es\/en\/wp-json\/wp\/v2\/comments?post=28407"}],"version-history":[{"count":4,"href":"https:\/\/fundacionrafanadal.quelinka.es\/en\/wp-json\/wp\/v2\/pages\/28407\/revisions"}],"predecessor-version":[{"id":28449,"href":"https:\/\/fundacionrafanadal.quelinka.es\/en\/wp-json\/wp\/v2\/pages\/28407\/revisions\/28449"}],"up":[{"embeddable":true,"href":"https:\/\/fundacionrafanadal.quelinka.es\/en\/wp-json\/wp\/v2\/pages\/24098"}],"wp:featuredmedia":[{"embeddable":true,"href":"https:\/\/fundacionrafanadal.quelinka.es\/en\/wp-json\/wp\/v2\/media\/28438"}],"wp:attachment":[{"href":"https:\/\/fundacionrafanadal.quelinka.es\/en\/wp-json\/wp\/v2\/media?parent=28407"}],"curies":[{"name":"wp","href":"https:\/\/api.w.org\/{rel}","templated":true}]}}