{"id":2934,"date":"2022-03-23T16:29:32","date_gmt":"2022-03-23T16:29:32","guid":{"rendered":"https:\/\/www.fundacionrafanadal.org\/que-hacemos\/"},"modified":"2025-07-31T13:41:31","modified_gmt":"2025-07-31T13:41:31","slug":"what-do-we-do","status":"publish","type":"page","link":"https:\/\/fundacionrafanadal.quelinka.es\/en\/what-do-we-do\/","title":{"rendered":"What do we do?"},"content":{"rendered":"\n<div class=\"wp-block-media-text alignfull is-stacked-on-mobile cabecera-patronato has-ast-global-color-8-background-color has-background\" style=\"grid-template-columns:47% auto\"><figure class=\"wp-block-media-text__media\"><img loading=\"lazy\" decoding=\"async\" width=\"1000\" height=\"800\" src=\"https:\/\/www.fundacionrafanadal.quelinka.es\/wp-content\/uploads\/2024\/07\/PROYECTOS_blog.jpg\" alt=\"\" class=\"wp-image-21390 size-full\" srcset=\"https:\/\/fundacionrafanadal.quelinka.es\/wp-content\/uploads\/2024\/07\/PROYECTOS_blog.jpg 1000w, https:\/\/fundacionrafanadal.quelinka.es\/wp-content\/uploads\/2024\/07\/PROYECTOS_blog-300x240.jpg 300w, https:\/\/fundacionrafanadal.quelinka.es\/wp-content\/uploads\/2024\/07\/PROYECTOS_blog-768x614.jpg 768w\" sizes=\"auto, (max-width: 1000px) 100vw, 1000px\" \/><\/figure><div class=\"wp-block-media-text__content\">\n<h2 class=\"wp-block-heading has-ast-global-color-5-color has-text-color\"><strong>Transformative<\/strong> <strong>impact<\/strong><\/h2>\n\n\n\n<p class=\"has-ast-global-color-5-color has-text-color\">We cause a transformation in society through our actions, projects and programs, and thus contribute to the Sustainable Development Goals (SDG) set by the UN in the 2030 Agenda.<\/p>\n\n\n\n<p class=\"lnk-white has-ast-global-color-5-color has-text-color\"><a href=\"https:\/\/www.fundacionrafanadal.quelinka.es\/en\/what-do-we-do\/transformative-impact\/\">Know More<\/a><\/p>\n<\/div><\/div>\n\n\n\n<div class=\"inherit-container-width wp-block-group alignfull hacemos-blck-proyectos-items has-background is-layout-constrained wp-block-group-is-layout-constrained\" style=\"background-color:#9caf88\"><div class=\"wp-block-group__inner-container\">\n<p class=\"has-text-align-center has-ast-global-color-5-color has-text-color\" style=\"font-size:24px\"><a href=\"https:\/\/www.fundacionrafanadal.quelinka.es\/en\/what-do-we-do\/projects\/\">Projects<\/a><\/p>\n\n\n\n<h2 class=\"wp-block-heading has-text-align-center has-ast-global-color-5-color has-text-color\" style=\"font-size:34px\"><strong>We want to accompany girls, boys and young people on their way to a quality future<\/strong><\/h2>\n\n\n\n<div style=\"height:100px\" aria-hidden=\"true\" class=\"wp-block-spacer\"><\/div>\n\n\n\n<div class=\"wp-block-columns alignwide hacemos-blck-proyectos is-layout-flex wp-container-core-columns-is-layout-28f84493 wp-block-columns-is-layout-flex\">\n<div class=\"wp-block-column is-layout-flow wp-block-column-is-layout-flow\">\n<figure class=\"wp-block-image aligncenter size-full\"><img loading=\"lazy\" decoding=\"async\" width=\"300\" height=\"300\" src=\"https:\/\/www.fundacionrafanadal.quelinka.es\/wp-content\/uploads\/2025\/07\/CFRN_cuadrado.png\" alt=\"\" class=\"wp-image-26846\" srcset=\"https:\/\/fundacionrafanadal.quelinka.es\/wp-content\/uploads\/2025\/07\/CFRN_cuadrado.png 300w, https:\/\/fundacionrafanadal.quelinka.es\/wp-content\/uploads\/2025\/07\/CFRN_cuadrado-150x150.png 150w, https:\/\/fundacionrafanadal.quelinka.es\/wp-content\/uploads\/2025\/07\/CFRN_cuadrado-45x45.png 45w\" sizes=\"auto, (max-width: 300px) 100vw, 300px\" \/><figcaption class=\"wp-element-caption\"><strong><strong>RAFA NADAL<\/strong><\/strong> <strong>FOUNDATION CENTERS<\/strong><\/figcaption><\/figure>\n\n\n\n<p class=\"has-text-align-center has-ast-global-color-5-color has-text-color has-small-font-size\">Centers for <strong>minors in vulnerable situations<\/strong> whom we attend through sports, educational activities and psychosocial support<\/p>\n\n\n\n<p class=\"has-text-align-center lnk-white has-ast-global-color-5-color has-text-color\"><a href=\"https:\/\/www.fundacionrafanadal.quelinka.es\/en\/what-do-we-do\/projects\/rafa-nadal-foundation-centers\/\">Know More<\/a><\/p>\n<\/div>\n\n\n\n<div class=\"wp-block-column is-layout-flow wp-block-column-is-layout-flow\">\n<figure class=\"wp-block-image aligncenter size-full\"><img loading=\"lazy\" decoding=\"async\" width=\"300\" height=\"300\" src=\"https:\/\/www.fundacionrafanadal.quelinka.es\/wp-content\/uploads\/2025\/07\/NETS_cuadrado.png\" alt=\"\" class=\"wp-image-26850\" srcset=\"https:\/\/fundacionrafanadal.quelinka.es\/wp-content\/uploads\/2025\/07\/NETS_cuadrado.png 300w, https:\/\/fundacionrafanadal.quelinka.es\/wp-content\/uploads\/2025\/07\/NETS_cuadrado-150x150.png 150w, https:\/\/fundacionrafanadal.quelinka.es\/wp-content\/uploads\/2025\/07\/NETS_cuadrado-45x45.png 45w\" sizes=\"auto, (max-width: 300px) 100vw, 300px\" \/><figcaption class=\"wp-element-caption\"><strong>NETS (NADAL EDUCATIONAL TENNIS SCHOOL)<\/strong><\/figcaption><\/figure>\n\n\n\n<p class=\"has-text-align-center has-ast-global-color-5-color has-text-color\">Center for <strong>vulnerable minors in rural India<\/strong> whom we attend through sports activities related to tennis and computer and English educational activities.<\/p>\n\n\n\n<p class=\"has-text-align-center lnk-white has-ast-global-color-5-color has-text-color\"><a href=\"https:\/\/www.fundacionrafanadal.quelinka.es\/en\/what-do-we-do\/projects\/nets\/\">Know More<\/a><\/p>\n<\/div>\n\n\n\n<div class=\"wp-block-column is-layout-flow wp-block-column-is-layout-flow\">\n<figure class=\"wp-block-image aligncenter size-full\"><img loading=\"lazy\" decoding=\"async\" width=\"300\" height=\"300\" src=\"https:\/\/www.fundacionrafanadal.quelinka.es\/wp-content\/uploads\/2025\/07\/MQT_cuadrado.png\" alt=\"\" class=\"wp-image-26853\" srcset=\"https:\/\/fundacionrafanadal.quelinka.es\/wp-content\/uploads\/2025\/07\/MQT_cuadrado.png 300w, https:\/\/fundacionrafanadal.quelinka.es\/wp-content\/uploads\/2025\/07\/MQT_cuadrado-150x150.png 150w, https:\/\/fundacionrafanadal.quelinka.es\/wp-content\/uploads\/2025\/07\/MQT_cuadrado-45x45.png 45w\" sizes=\"auto, (max-width: 300px) 100vw, 300px\" \/><figcaption class=\"wp-element-caption\"><strong>MORE THAN TENNIS<\/strong><br>&nbsp;<\/figcaption><\/figure>\n\n\n\n<p class=\"has-text-align-center has-ast-global-color-5-color has-text-color\">Program for <strong>athletes with intellectual disabilities<\/strong> to whom we provide regular tennis training in schools throughout <strong>Spain.<\/strong><\/p>\n\n\n\n<p class=\"has-text-align-center lnk-white has-ast-global-color-5-color has-text-color\"><a href=\"https:\/\/www.fundacionrafanadal.quelinka.es\/en\/what-do-we-do\/projects\/more-than-tennis\/\">Know More<\/a><\/p>\n<\/div>\n\n\n\n<div class=\"wp-block-column is-layout-flow wp-block-column-is-layout-flow\">\n<figure class=\"wp-block-image aligncenter size-full\"><img loading=\"lazy\" decoding=\"async\" width=\"300\" height=\"300\" src=\"https:\/\/www.fundacionrafanadal.quelinka.es\/wp-content\/uploads\/2025\/07\/PlayAll_cuadrado.png\" alt=\"\" class=\"wp-image-26856\" srcset=\"https:\/\/fundacionrafanadal.quelinka.es\/wp-content\/uploads\/2025\/07\/PlayAll_cuadrado.png 300w, https:\/\/fundacionrafanadal.quelinka.es\/wp-content\/uploads\/2025\/07\/PlayAll_cuadrado-150x150.png 150w, https:\/\/fundacionrafanadal.quelinka.es\/wp-content\/uploads\/2025\/07\/PlayAll_cuadrado-45x45.png 45w\" sizes=\"auto, (max-width: 300px) 100vw, 300px\" \/><figcaption class=\"wp-element-caption\"><strong>PLAY<\/strong> <strong>ALL<\/strong><br>&nbsp;<\/figcaption><\/figure>\n\n\n\n<p class=\"has-text-align-center has-ast-global-color-5-color has-text-color\">Support program for<strong> minors in situations of vulnerability <\/strong>through regular <strong>tennis<\/strong> training.<\/p>\n\n\n\n<p class=\"has-text-align-center has-ast-global-color-5-color has-text-color\"><a href=\"https:\/\/www.fundacionrafanadal.quelinka.es\/en\/what-do-we-do\/\">Know More<\/a><\/p>\n<\/div>\n<\/div>\n<\/div><\/div>\n\n\n\n<div class=\"wp-block-columns alignfull frn-blck-patronato frn-blck-medio-texto is-layout-flex wp-container-core-columns-is-layout-28f84493 wp-block-columns-is-layout-flex\">\n<div class=\"wp-block-column is-layout-flow wp-block-column-is-layout-flow\" style=\"flex-basis:50%\">\n<div style=\"height:40px\" aria-hidden=\"true\" class=\"wp-block-spacer\"><\/div>\n\n\n\n<h2 class=\"wp-block-heading\">Partners<\/h2>\n\n\n\n<p>The projects of the Rafa Nadal Foundation would not be possible without our colleagues, with whom we work hand in hand.<\/p>\n\n\n\n<p class=\"frn-lnk-patronato\"><a href=\"ehttps:\/\/www.fundacionrafanadal.quelinka.es\/en\/what-do-we-do\/partners\/\">Know More<\/a><\/p>\n\n\n\n<div style=\"height:37px\" aria-hidden=\"true\" class=\"wp-block-spacer\"><\/div>\n<\/div>\n\n\n\n<div class=\"wp-block-column col-slide-frn-partners has-ast-global-color-5-background-color has-background is-layout-flow wp-block-column-is-layout-flow\" style=\"flex-basis:50%\"><\/div>\n<\/div>\n\n\n\n<div class=\"wp-block-columns alignfull is-layout-flex wp-container-core-columns-is-layout-28f84493 wp-block-columns-is-layout-flex\">\n<div class=\"wp-block-column is-layout-flow wp-block-column-is-layout-flow\" style=\"padding-top:0;padding-bottom:0\">\n<div class=\"wp-block-group alignfull is-layout-flow wp-container-core-group-is-layout-61acd9b0 wp-block-group-is-layout-flow has-background\" style=\"min-height:370px;padding-top:var(--wp--preset--spacing--80);padding-right:var(--wp--preset--spacing--50);padding-bottom:var(--wp--preset--spacing--80);padding-left:var(--wp--preset--spacing--50);background-image:url(&apos;https:\/\/www.fundacionrafanadal.quelinka.es\/wp-content\/uploads\/2025\/04\/IMG_2343_b.jpg&apos;);background-position:46% 18%;background-size:cover;\"><div class=\"wp-block-group__inner-container\">\n<p class=\"has-text-align-center textInterliniat2 has-ast-global-color-8-color has-text-color\" style=\"font-size:28px\"><strong>Behind every project there are human beings, life stories that drive us to provide answers and seek solutions to the different challenges we encounter.<\/strong><\/p>\n<\/div><\/div>\n<\/div>\n<\/div>\n\n\n\n<div class=\"inherit-container-width wp-block-group alignfull hacemos-blck-eventos is-layout-constrained wp-block-group-is-layout-constrained\"><div class=\"wp-block-group__inner-container\">\n<div class=\"wp-block-columns alignwide is-layout-flex wp-container-core-columns-is-layout-28f84493 wp-block-columns-is-layout-flex\">\n<div class=\"wp-block-column is-layout-flow wp-block-column-is-layout-flow\">\n<figure class=\"wp-block-image size-full\"><img loading=\"lazy\" decoding=\"async\" width=\"684\" height=\"690\" src=\"https:\/\/www.fundacionrafanadal.quelinka.es\/wp-content\/uploads\/2022\/03\/que-hacemos-eventos.jpg\" alt=\"\" class=\"wp-image-3644\" srcset=\"https:\/\/fundacionrafanadal.quelinka.es\/wp-content\/uploads\/2022\/03\/que-hacemos-eventos.jpg 684w, https:\/\/fundacionrafanadal.quelinka.es\/wp-content\/uploads\/2022\/03\/que-hacemos-eventos-297x300.jpg 297w, https:\/\/fundacionrafanadal.quelinka.es\/wp-content\/uploads\/2022\/03\/que-hacemos-eventos-150x150.jpg 150w\" sizes=\"auto, (max-width: 684px) 100vw, 684px\" \/><\/figure>\n<\/div>\n\n\n\n<div class=\"wp-block-column hacemos-eventos-col2 is-layout-flow wp-block-column-is-layout-flow\">\n<h2 class=\"wp-block-heading\" style=\"font-size:28px\">Events<\/h2>\n\n\n\n<h3 class=\"wp-block-heading\"><strong>We organize social and sports events that serve to promote healthy physical activity and raise funds<\/strong><\/h3>\n\n\n\n<p class=\"has-text-align-left lnk-green has-ast-global-color-8-color has-text-color\"><a href=\"https:\/\/www.fundacionrafanadal.quelinka.es\/en\/what-do-we-do\/events\/\">Know More<\/a><\/p>\n<\/div>\n<\/div>\n<\/div><\/div>\n\n\n\n<div class=\"wp-block-media-text alignfull has-media-on-the-right is-stacked-on-mobile is-image-fill-element hacemos-rnt\"><div class=\"wp-block-media-text__content\">\n<figure class=\"wp-block-image size-full\"><img loading=\"lazy\" decoding=\"async\" width=\"347\" height=\"151\" src=\"https:\/\/www.fundacionrafanadal.quelinka.es\/wp-content\/uploads\/2022\/03\/que-hacemos-logo-rnt.png\" alt=\"\" class=\"wp-image-3686\" srcset=\"https:\/\/fundacionrafanadal.quelinka.es\/wp-content\/uploads\/2022\/03\/que-hacemos-logo-rnt.png 347w, https:\/\/fundacionrafanadal.quelinka.es\/wp-content\/uploads\/2022\/03\/que-hacemos-logo-rnt-300x131.png 300w\" sizes=\"auto, (max-width: 347px) 100vw, 347px\" \/><\/figure>\n\n\n\n<p><\/p>\n\n\n\n<p>The Rafa Nadal Tour by Santander is a solidarity youth tennis circuit,<br>to benefit the projects of the <strong>Rafa Nadal Foundation<\/strong>, which<br>celebrated every year in Spain.<\/p>\n\n\n\n<p><br>Currently it has become a tournament of national reference and<br>was created with the aim of completing sports competition with<br>an educational aspect based on values-based activities.<\/p>\n\n\n\n<p><\/p>\n\n\n\n<p class=\"has-text-align-left lnk-green has-ast-global-color-8-color has-text-color\"><a href=\"https:\/\/www.rafanadaltour.com\/esp\/default.asp\">Know More<\/a><\/p>\n\n\n\n<div style=\"height:36px\" aria-hidden=\"true\" class=\"wp-block-spacer\"><\/div>\n<\/div><figure class=\"wp-block-media-text__media\"><img loading=\"lazy\" decoding=\"async\" width=\"1024\" height=\"819\" src=\"https:\/\/www.fundacionrafanadal.quelinka.es\/wp-content\/uploads\/2025\/07\/RNT_2025-1024x819.png\" alt=\"\" class=\"wp-image-26866 size-full\" style=\"object-position:50% 50%\" srcset=\"https:\/\/fundacionrafanadal.quelinka.es\/wp-content\/uploads\/2025\/07\/RNT_2025-1024x819.png 1024w, https:\/\/fundacionrafanadal.quelinka.es\/wp-content\/uploads\/2025\/07\/RNT_2025-300x240.png 300w, https:\/\/fundacionrafanadal.quelinka.es\/wp-content\/uploads\/2025\/07\/RNT_2025-768x614.png 768w, https:\/\/fundacionrafanadal.quelinka.es\/wp-content\/uploads\/2025\/07\/RNT_2025.png 1200w\" sizes=\"auto, (max-width: 1024px) 100vw, 1024px\" \/><\/figure><\/div>\n","protected":false},"excerpt":{"rendered":"<p>Transformative impact We cause a transformation in society through our actions, projects and programs, and thus contribute to the Sustainable Development Goals (SDG) set by the UN in the 2030 Agenda. Know More Projects We want to accompany girls, boys and young people on their way to a quality future Centers for minors in vulnerable [&hellip;]<\/p>\n","protected":false},"author":1,"featured_media":0,"parent":0,"menu_order":0,"comment_status":"closed","ping_status":"closed","template":"","meta":{"_acf_changed":false,"give_campaign_id":0,"_monsterinsights_skip_tracking":false,"_monsterinsights_sitenote_active":false,"_monsterinsights_sitenote_note":"","_monsterinsights_sitenote_category":0,"site-sidebar-layout":"default","site-content-layout":"","ast-site-content-layout":"default","site-content-style":"default","site-sidebar-style":"default","ast-global-header-display":"","ast-banner-title-visibility":"","ast-main-header-display":"","ast-hfb-above-header-display":"","ast-hfb-below-header-display":"","ast-hfb-mobile-header-display":"","site-post-title":"disabled","ast-breadcrumbs-content":"","ast-featured-img":"","footer-sml-layout":"","ast-disable-related-posts":"","theme-transparent-header-meta":"","adv-header-id-meta":"","stick-header-meta":"","header-above-stick-meta":"","header-main-stick-meta":"","header-below-stick-meta":"","astra-migrate-meta-layouts":"set","ast-page-background-enabled":"default","ast-page-background-meta":{"desktop":{"background-color":"var(--ast-global-color-4)","background-image":"","background-repeat":"repeat","background-position":"center center","background-size":"auto","background-attachment":"scroll","background-type":"","background-media":"","overlay-type":"","overlay-color":"","overlay-opacity":"","overlay-gradient":""},"tablet":{"background-color":"","background-image":"","background-repeat":"repeat","background-position":"center center","background-size":"auto","background-attachment":"scroll","background-type":"","background-media":"","overlay-type":"","overlay-color":"","overlay-opacity":"","overlay-gradient":""},"mobile":{"background-color":"","background-image":"","background-repeat":"repeat","background-position":"center center","background-size":"auto","background-attachment":"scroll","background-type":"","background-media":"","overlay-type":"","overlay-color":"","overlay-opacity":"","overlay-gradient":""}},"ast-content-background-meta":{"desktop":{"background-color":"var(--ast-global-color-5)","background-image":"","background-repeat":"repeat","background-position":"center center","background-size":"auto","background-attachment":"scroll","background-type":"","background-media":"","overlay-type":"","overlay-color":"","overlay-opacity":"","overlay-gradient":""},"tablet":{"background-color":"var(--ast-global-color-5)","background-image":"","background-repeat":"repeat","background-position":"center center","background-size":"auto","background-attachment":"scroll","background-type":"","background-media":"","overlay-type":"","overlay-color":"","overlay-opacity":"","overlay-gradient":""},"mobile":{"background-color":"var(--ast-global-color-5)","background-image":"","background-repeat":"repeat","background-position":"center center","background-size":"auto","background-attachment":"scroll","background-type":"","background-media":"","overlay-type":"","overlay-color":"","overlay-opacity":"","overlay-gradient":""}},"_themeisle_gutenberg_block_has_review":false,"footnotes":""},"class_list":["post-2934","page","type-page","status-publish","hentry"],"acf":[],"yoast_head":"<!-- This site is optimized with the Yoast SEO plugin v26.8 - https:\/\/yoast.com\/product\/yoast-seo-wordpress\/ -->\n<title>What do we do? - Fundaci\u00f3n Rafa Nadal<\/title>\n<meta name=\"robots\" content=\"noindex, follow, max-snippet:-1, max-image-preview:large, max-video-preview:-1\" \/>\n<meta property=\"og:locale\" content=\"en_US\" \/>\n<meta property=\"og:type\" content=\"article\" \/>\n<meta property=\"og:title\" content=\"What do we do? - Fundaci\u00f3n Rafa Nadal\" \/>\n<meta property=\"og:description\" content=\"Transformative impact We cause a transformation in society through our actions, projects and programs, and thus contribute to the Sustainable Development Goals (SDG) set by the UN in the 2030 Agenda. Know More Projects We want to accompany girls, boys and young people on their way to a quality future Centers for minors in vulnerable [&hellip;]\" \/>\n<meta property=\"og:url\" content=\"https:\/\/fundacionrafanadal.quelinka.es\/en\/what-do-we-do\/\" \/>\n<meta property=\"og:site_name\" content=\"Fundaci\u00f3n Rafa Nadal\" \/>\n<meta property=\"article:modified_time\" content=\"2025-07-31T13:41:31+00:00\" \/>\n<meta property=\"og:image\" content=\"https:\/\/www.fundacionrafanadal.quelinka.es\/wp-content\/uploads\/2024\/07\/PROYECTOS_blog.jpg\" \/>\n<meta name=\"twitter:card\" content=\"summary_large_image\" \/>\n<meta name=\"twitter:label1\" content=\"Est. reading time\" \/>\n\t<meta name=\"twitter:data1\" content=\"3 minutes\" \/>\n<script type=\"application\/ld+json\" class=\"yoast-schema-graph\">{\"@context\":\"https:\/\/schema.org\",\"@graph\":[{\"@type\":\"WebPage\",\"@id\":\"https:\/\/fundacionrafanadal.quelinka.es\/en\/what-do-we-do\/\",\"url\":\"https:\/\/fundacionrafanadal.quelinka.es\/en\/what-do-we-do\/\",\"name\":\"What do we do? - Fundaci\u00f3n Rafa Nadal\",\"isPartOf\":{\"@id\":\"https:\/\/fundacionrafanadal.quelinka.es\/en\/#website\"},\"primaryImageOfPage\":{\"@id\":\"https:\/\/fundacionrafanadal.quelinka.es\/en\/what-do-we-do\/#primaryimage\"},\"image\":{\"@id\":\"https:\/\/fundacionrafanadal.quelinka.es\/en\/what-do-we-do\/#primaryimage\"},\"thumbnailUrl\":\"https:\/\/www.fundacionrafanadal.quelinka.es\/wp-content\/uploads\/2024\/07\/PROYECTOS_blog.jpg\",\"datePublished\":\"2022-03-23T16:29:32+00:00\",\"dateModified\":\"2025-07-31T13:41:31+00:00\",\"breadcrumb\":{\"@id\":\"https:\/\/fundacionrafanadal.quelinka.es\/en\/what-do-we-do\/#breadcrumb\"},\"inLanguage\":\"en-US\",\"potentialAction\":[{\"@type\":\"ReadAction\",\"target\":[\"https:\/\/fundacionrafanadal.quelinka.es\/en\/what-do-we-do\/\"]}]},{\"@type\":\"ImageObject\",\"inLanguage\":\"en-US\",\"@id\":\"https:\/\/fundacionrafanadal.quelinka.es\/en\/what-do-we-do\/#primaryimage\",\"url\":\"https:\/\/www.fundacionrafanadal.quelinka.es\/wp-content\/uploads\/2024\/07\/PROYECTOS_blog.jpg\",\"contentUrl\":\"https:\/\/www.fundacionrafanadal.quelinka.es\/wp-content\/uploads\/2024\/07\/PROYECTOS_blog.jpg\"},{\"@type\":\"BreadcrumbList\",\"@id\":\"https:\/\/fundacionrafanadal.quelinka.es\/en\/what-do-we-do\/#breadcrumb\",\"itemListElement\":[{\"@type\":\"ListItem\",\"position\":1,\"name\":\"Portada\",\"item\":\"https:\/\/fundacionrafanadal.quelinka.es\/en\/\"},{\"@type\":\"ListItem\",\"position\":2,\"name\":\"What do we do?\"}]},{\"@type\":\"WebSite\",\"@id\":\"https:\/\/fundacionrafanadal.quelinka.es\/en\/#website\",\"url\":\"https:\/\/fundacionrafanadal.quelinka.es\/en\/\",\"name\":\"Fundaci\u00f3n Rafa Nadal\",\"description\":\"A trav\u00e9s del deporte y la educaci\u00f3n, promovemos la integraci\u00f3n y el desarrollo personal y social de ni\u00f1os y j\u00f3venes. En Espa\u00f1a y la India.\",\"publisher\":{\"@id\":\"https:\/\/fundacionrafanadal.quelinka.es\/en\/#organization\"},\"potentialAction\":[{\"@type\":\"SearchAction\",\"target\":{\"@type\":\"EntryPoint\",\"urlTemplate\":\"https:\/\/fundacionrafanadal.quelinka.es\/en\/?s={search_term_string}\"},\"query-input\":{\"@type\":\"PropertyValueSpecification\",\"valueRequired\":true,\"valueName\":\"search_term_string\"}}],\"inLanguage\":\"en-US\"},{\"@type\":\"Organization\",\"@id\":\"https:\/\/fundacionrafanadal.quelinka.es\/en\/#organization\",\"name\":\"Fundaci\u00f3n Rafa Nadal\",\"url\":\"https:\/\/fundacionrafanadal.quelinka.es\/en\/\",\"logo\":{\"@type\":\"ImageObject\",\"inLanguage\":\"en-US\",\"@id\":\"https:\/\/fundacionrafanadal.quelinka.es\/en\/#\/schema\/logo\/image\/\",\"url\":\"https:\/\/fundacionrafanadal.quelinka.es\/wp-content\/uploads\/2022\/09\/logo-frn-web-3.png\",\"contentUrl\":\"https:\/\/fundacionrafanadal.quelinka.es\/wp-content\/uploads\/2022\/09\/logo-frn-web-3.png\",\"width\":551,\"height\":140,\"caption\":\"Fundaci\u00f3n Rafa Nadal\"},\"image\":{\"@id\":\"https:\/\/fundacionrafanadal.quelinka.es\/en\/#\/schema\/logo\/image\/\"}}]}<\/script>\n<!-- \/ Yoast SEO plugin. -->","yoast_head_json":{"title":"What do we do? - Fundaci\u00f3n Rafa Nadal","robots":{"index":"noindex","follow":"follow","max-snippet":"max-snippet:-1","max-image-preview":"max-image-preview:large","max-video-preview":"max-video-preview:-1"},"og_locale":"en_US","og_type":"article","og_title":"What do we do? - Fundaci\u00f3n Rafa Nadal","og_description":"Transformative impact We cause a transformation in society through our actions, projects and programs, and thus contribute to the Sustainable Development Goals (SDG) set by the UN in the 2030 Agenda. Know More Projects We want to accompany girls, boys and young people on their way to a quality future Centers for minors in vulnerable [&hellip;]","og_url":"https:\/\/fundacionrafanadal.quelinka.es\/en\/what-do-we-do\/","og_site_name":"Fundaci\u00f3n Rafa Nadal","article_modified_time":"2025-07-31T13:41:31+00:00","og_image":[{"url":"https:\/\/www.fundacionrafanadal.quelinka.es\/wp-content\/uploads\/2024\/07\/PROYECTOS_blog.jpg","type":"","width":"","height":""}],"twitter_card":"summary_large_image","twitter_misc":{"Est. reading time":"3 minutes"},"schema":{"@context":"https:\/\/schema.org","@graph":[{"@type":"WebPage","@id":"https:\/\/fundacionrafanadal.quelinka.es\/en\/what-do-we-do\/","url":"https:\/\/fundacionrafanadal.quelinka.es\/en\/what-do-we-do\/","name":"What do we do? - Fundaci\u00f3n Rafa Nadal","isPartOf":{"@id":"https:\/\/fundacionrafanadal.quelinka.es\/en\/#website"},"primaryImageOfPage":{"@id":"https:\/\/fundacionrafanadal.quelinka.es\/en\/what-do-we-do\/#primaryimage"},"image":{"@id":"https:\/\/fundacionrafanadal.quelinka.es\/en\/what-do-we-do\/#primaryimage"},"thumbnailUrl":"https:\/\/www.fundacionrafanadal.quelinka.es\/wp-content\/uploads\/2024\/07\/PROYECTOS_blog.jpg","datePublished":"2022-03-23T16:29:32+00:00","dateModified":"2025-07-31T13:41:31+00:00","breadcrumb":{"@id":"https:\/\/fundacionrafanadal.quelinka.es\/en\/what-do-we-do\/#breadcrumb"},"inLanguage":"en-US","potentialAction":[{"@type":"ReadAction","target":["https:\/\/fundacionrafanadal.quelinka.es\/en\/what-do-we-do\/"]}]},{"@type":"ImageObject","inLanguage":"en-US","@id":"https:\/\/fundacionrafanadal.quelinka.es\/en\/what-do-we-do\/#primaryimage","url":"https:\/\/www.fundacionrafanadal.quelinka.es\/wp-content\/uploads\/2024\/07\/PROYECTOS_blog.jpg","contentUrl":"https:\/\/www.fundacionrafanadal.quelinka.es\/wp-content\/uploads\/2024\/07\/PROYECTOS_blog.jpg"},{"@type":"BreadcrumbList","@id":"https:\/\/fundacionrafanadal.quelinka.es\/en\/what-do-we-do\/#breadcrumb","itemListElement":[{"@type":"ListItem","position":1,"name":"Portada","item":"https:\/\/fundacionrafanadal.quelinka.es\/en\/"},{"@type":"ListItem","position":2,"name":"What do we do?"}]},{"@type":"WebSite","@id":"https:\/\/fundacionrafanadal.quelinka.es\/en\/#website","url":"https:\/\/fundacionrafanadal.quelinka.es\/en\/","name":"Fundaci\u00f3n Rafa Nadal","description":"A trav\u00e9s del deporte y la educaci\u00f3n, promovemos la integraci\u00f3n y el desarrollo personal y social de ni\u00f1os y j\u00f3venes. En Espa\u00f1a y la India.","publisher":{"@id":"https:\/\/fundacionrafanadal.quelinka.es\/en\/#organization"},"potentialAction":[{"@type":"SearchAction","target":{"@type":"EntryPoint","urlTemplate":"https:\/\/fundacionrafanadal.quelinka.es\/en\/?s={search_term_string}"},"query-input":{"@type":"PropertyValueSpecification","valueRequired":true,"valueName":"search_term_string"}}],"inLanguage":"en-US"},{"@type":"Organization","@id":"https:\/\/fundacionrafanadal.quelinka.es\/en\/#organization","name":"Fundaci\u00f3n Rafa Nadal","url":"https:\/\/fundacionrafanadal.quelinka.es\/en\/","logo":{"@type":"ImageObject","inLanguage":"en-US","@id":"https:\/\/fundacionrafanadal.quelinka.es\/en\/#\/schema\/logo\/image\/","url":"https:\/\/fundacionrafanadal.quelinka.es\/wp-content\/uploads\/2022\/09\/logo-frn-web-3.png","contentUrl":"https:\/\/fundacionrafanadal.quelinka.es\/wp-content\/uploads\/2022\/09\/logo-frn-web-3.png","width":551,"height":140,"caption":"Fundaci\u00f3n Rafa Nadal"},"image":{"@id":"https:\/\/fundacionrafanadal.quelinka.es\/en\/#\/schema\/logo\/image\/"}}]}},"campaignId":"","_links":{"self":[{"href":"https:\/\/fundacionrafanadal.quelinka.es\/en\/wp-json\/wp\/v2\/pages\/2934","targetHints":{"allow":["GET"]}}],"collection":[{"href":"https:\/\/fundacionrafanadal.quelinka.es\/en\/wp-json\/wp\/v2\/pages"}],"about":[{"href":"https:\/\/fundacionrafanadal.quelinka.es\/en\/wp-json\/wp\/v2\/types\/page"}],"author":[{"embeddable":true,"href":"https:\/\/fundacionrafanadal.quelinka.es\/en\/wp-json\/wp\/v2\/users\/1"}],"replies":[{"embeddable":true,"href":"https:\/\/fundacionrafanadal.quelinka.es\/en\/wp-json\/wp\/v2\/comments?post=2934"}],"version-history":[{"count":20,"href":"https:\/\/fundacionrafanadal.quelinka.es\/en\/wp-json\/wp\/v2\/pages\/2934\/revisions"}],"predecessor-version":[{"id":26869,"href":"https:\/\/fundacionrafanadal.quelinka.es\/en\/wp-json\/wp\/v2\/pages\/2934\/revisions\/26869"}],"wp:attachment":[{"href":"https:\/\/fundacionrafanadal.quelinka.es\/en\/wp-json\/wp\/v2\/media?parent=2934"}],"curies":[{"name":"wp","href":"https:\/\/api.w.org\/{rel}","templated":true}]}}