{"id":3122,"date":"2022-03-24T09:25:14","date_gmt":"2022-03-24T09:25:14","guid":{"rendered":"https:\/\/www.fundacionrafanadal.org\/?page_id=3122"},"modified":"2022-09-13T08:18:06","modified_gmt":"2022-09-13T08:18:06","slug":"legal-note","status":"publish","type":"page","link":"https:\/\/fundacionrafanadal.quelinka.es\/en\/legal-note\/","title":{"rendered":"Legal note"},"content":{"rendered":"\n<p>These conditions may be amended for the purpose of adapting them to any regulatory changes which may occur. In the event of amending the legal conditions of the portal, this fact will be placed on record in this section.<\/p>\n\n\n\n<p><strong>I.- INFORMATION PROVIDED IN COMPLIANCE WITH LAW 34\/2002, GOVERNING INFORMATION SOCIETY SERVICES AND E-COMMERCE (LSSICE):<\/strong><br><br>The Rafa Nadal Foundation is the party responsible for the www.fundacionrafanadal.com portal.<\/p>\n\n\n\n<p>The Rafa Nadal Foundation was incorporated through a public deed dated 20 November 2007, authorised by the notary public of Palma, Majorca, Miguel Mulet Ferragut. The Foundation is filed with the Registro de Fundaciones Asistenciales (Register of Welfare Foundations) of the Ministry of Employment and Social Affairs under number 07-0053. Users may write to the following postal address:<\/p>\n\n\n\n<p>RAFA NADAL FOUNDATION<br>Ctra. Cales de Mallorca KM 1,2<br>07500, Manacor (Espa\u00f1a)<\/p>\n\n\n\n<p>The Tax Identification Code \/ VAT No. of the Rafa Nadal Foundation is G-57533473<\/p>\n\n\n\n<p><strong>II.- INTELLECTUAL PROPERTY:<\/strong><br><br>The user is hereby notified that all elements of the www.fundacionrafanadal.com portal are protected by intellectual and industrial property legislation, and therefore the text, design, pictures, trademarks, trade names, logos, etc. belong to the Rafa Nadal Foundation or have been assigned or licensed to this enterprise. As a consequence, they cannot be used without the consent of the corresponding holders of the rights.<\/p>\n\n\n\n<p><strong>III.- COOKIES:<\/strong><br><br>The cookies employed on the portal do not permit the capture of personal data.<\/p>\n\n\n\n<p><strong>IV.- LINKS:<\/strong><br><br>Links on another portal that connect to the www.fundacionrafanadal.com portal must be expressly authorised in writing by the Rafa Nadal Foundation.<\/p>\n\n\n\n<p>A link on the www.fundacionrafanadal.com portal that directs the user to another portal does not entail acceptance or approval by the Rafa Nadal Foundation of the contents of the other portal. In compliance with current regulations, in the event of becoming aware of any illegal content, the Rafa Nadal Foundation will remove the link and notify the relevant authorities.<\/p>\n\n\n\n<p><strong>V.- PERSONAL DATA PUBLISHED THROUGH THE PORTAL:<\/strong><br><br>The data of natural persons published through the www.fundacionrafanadal.com portal cannot be used under any circumstances without the consent of the holders. The Rafa Nadal Foundation has consent solely to enter these data on the portal, but does not grant any licence whatsoever for the use of these data by third parties.<\/p>\n\n\n\n<p><strong>VI.- RESPONSIBILITY OF THE RAFA NADAL FOUNDATION AS PROVIDER OF AN INFORMATION SOCIETY SERVICE:<\/strong><br><br>As owner of the www.fundacionrafanadal.com portal, the Rafa Nadal Foundation will be responsible under the terms of and with the limits established in Articles 13 et seq of Law 34\/2002, of 11 July 2002, governing Information Society Services and E-commerce.<\/p>\n\n\n\n<p><strong>VII.- APPLICABLE LEGISLATION AND COMPETENT JURISDICTION:<\/strong><br><br>The relations established as a consequence of using the www.fundacionrafanadal.com portal will be governed by the provisions set forth in current Spanish regulations that apply.<\/p>\n\n\n\n<p>The parties waive any other jurisdiction to which they may be entitled and hereby agree to submit any dispute concerning the use of the www.fundacionrafanadal.com portal to the courts and tribunals of Barcelona. Access to the portal implies express acceptance of this legal policy.<\/p>\n\n\n\n<div style=\"height:100px\" aria-hidden=\"true\" class=\"wp-block-spacer\"><\/div>\n","protected":false},"excerpt":{"rendered":"<p>These conditions may be amended for the purpose of adapting them to any regulatory changes which may occur. In the event of amending the legal conditions of the portal, this fact will be placed on record in this section. I.- INFORMATION PROVIDED IN COMPLIANCE WITH LAW 34\/2002, GOVERNING INFORMATION SOCIETY SERVICES AND E-COMMERCE (LSSICE): The [&hellip;]<\/p>\n","protected":false},"author":1,"featured_media":0,"parent":0,"menu_order":0,"comment_status":"closed","ping_status":"closed","template":"","meta":{"_acf_changed":false,"give_campaign_id":0,"_monsterinsights_skip_tracking":false,"_monsterinsights_sitenote_active":false,"_monsterinsights_sitenote_note":"","_monsterinsights_sitenote_category":0,"site-sidebar-layout":"default","site-content-layout":"plain-container","ast-site-content-layout":"default","site-content-style":"default","site-sidebar-style":"default","ast-global-header-display":"","ast-banner-title-visibility":"","ast-main-header-display":"","ast-hfb-above-header-display":"","ast-hfb-below-header-display":"","ast-hfb-mobile-header-display":"","site-post-title":"","ast-breadcrumbs-content":"","ast-featured-img":"","footer-sml-layout":"","ast-disable-related-posts":"","theme-transparent-header-meta":"","adv-header-id-meta":"","stick-header-meta":"","header-above-stick-meta":"","header-main-stick-meta":"","header-below-stick-meta":"","astra-migrate-meta-layouts":"default","ast-page-background-enabled":"default","ast-page-background-meta":{"desktop":{"background-color":"var(--ast-global-color-4)","background-image":"","background-repeat":"repeat","background-position":"center center","background-size":"auto","background-attachment":"scroll","background-type":"","background-media":"","overlay-type":"","overlay-color":"","overlay-opacity":"","overlay-gradient":""},"tablet":{"background-color":"","background-image":"","background-repeat":"repeat","background-position":"center center","background-size":"auto","background-attachment":"scroll","background-type":"","background-media":"","overlay-type":"","overlay-color":"","overlay-opacity":"","overlay-gradient":""},"mobile":{"background-color":"","background-image":"","background-repeat":"repeat","background-position":"center center","background-size":"auto","background-attachment":"scroll","background-type":"","background-media":"","overlay-type":"","overlay-color":"","overlay-opacity":"","overlay-gradient":""}},"ast-content-background-meta":{"desktop":{"background-color":"var(--ast-global-color-5)","background-image":"","background-repeat":"repeat","background-position":"center center","background-size":"auto","background-attachment":"scroll","background-type":"","background-media":"","overlay-type":"","overlay-color":"","overlay-opacity":"","overlay-gradient":""},"tablet":{"background-color":"var(--ast-global-color-5)","background-image":"","background-repeat":"repeat","background-position":"center center","background-size":"auto","background-attachment":"scroll","background-type":"","background-media":"","overlay-type":"","overlay-color":"","overlay-opacity":"","overlay-gradient":""},"mobile":{"background-color":"var(--ast-global-color-5)","background-image":"","background-repeat":"repeat","background-position":"center center","background-size":"auto","background-attachment":"scroll","background-type":"","background-media":"","overlay-type":"","overlay-color":"","overlay-opacity":"","overlay-gradient":""}},"_themeisle_gutenberg_block_has_review":false,"footnotes":""},"class_list":["post-3122","page","type-page","status-publish","hentry"],"acf":[],"yoast_head":"<!-- This site is optimized with the Yoast SEO plugin v26.8 - https:\/\/yoast.com\/product\/yoast-seo-wordpress\/ -->\n<title>Legal note - Fundaci\u00f3n Rafa Nadal<\/title>\n<meta name=\"robots\" content=\"noindex, follow, max-snippet:-1, max-image-preview:large, max-video-preview:-1\" \/>\n<meta property=\"og:locale\" content=\"en_US\" \/>\n<meta property=\"og:type\" content=\"article\" \/>\n<meta property=\"og:title\" content=\"Legal note - Fundaci\u00f3n Rafa Nadal\" \/>\n<meta property=\"og:description\" content=\"These conditions may be amended for the purpose of adapting them to any regulatory changes which may occur. In the event of amending the legal conditions of the portal, this fact will be placed on record in this section. I.- INFORMATION PROVIDED IN COMPLIANCE WITH LAW 34\/2002, GOVERNING INFORMATION SOCIETY SERVICES AND E-COMMERCE (LSSICE): The [&hellip;]\" \/>\n<meta property=\"og:url\" content=\"https:\/\/fundacionrafanadal.quelinka.es\/en\/legal-note\/\" \/>\n<meta property=\"og:site_name\" content=\"Fundaci\u00f3n Rafa Nadal\" \/>\n<meta property=\"article:modified_time\" content=\"2022-09-13T08:18:06+00:00\" \/>\n<meta name=\"twitter:card\" content=\"summary_large_image\" \/>\n<meta name=\"twitter:label1\" content=\"Est. reading time\" \/>\n\t<meta name=\"twitter:data1\" content=\"3 minutes\" \/>\n<script type=\"application\/ld+json\" class=\"yoast-schema-graph\">{\"@context\":\"https:\/\/schema.org\",\"@graph\":[{\"@type\":\"WebPage\",\"@id\":\"https:\/\/fundacionrafanadal.quelinka.es\/en\/legal-note\/\",\"url\":\"https:\/\/fundacionrafanadal.quelinka.es\/en\/legal-note\/\",\"name\":\"Legal note - Fundaci\u00f3n Rafa Nadal\",\"isPartOf\":{\"@id\":\"https:\/\/fundacionrafanadal.quelinka.es\/en\/#website\"},\"datePublished\":\"2022-03-24T09:25:14+00:00\",\"dateModified\":\"2022-09-13T08:18:06+00:00\",\"breadcrumb\":{\"@id\":\"https:\/\/fundacionrafanadal.quelinka.es\/en\/legal-note\/#breadcrumb\"},\"inLanguage\":\"en-US\",\"potentialAction\":[{\"@type\":\"ReadAction\",\"target\":[\"https:\/\/fundacionrafanadal.quelinka.es\/en\/legal-note\/\"]}]},{\"@type\":\"BreadcrumbList\",\"@id\":\"https:\/\/fundacionrafanadal.quelinka.es\/en\/legal-note\/#breadcrumb\",\"itemListElement\":[{\"@type\":\"ListItem\",\"position\":1,\"name\":\"Portada\",\"item\":\"https:\/\/fundacionrafanadal.quelinka.es\/en\/\"},{\"@type\":\"ListItem\",\"position\":2,\"name\":\"Legal note\"}]},{\"@type\":\"WebSite\",\"@id\":\"https:\/\/fundacionrafanadal.quelinka.es\/en\/#website\",\"url\":\"https:\/\/fundacionrafanadal.quelinka.es\/en\/\",\"name\":\"Fundaci\u00f3n Rafa Nadal\",\"description\":\"A trav\u00e9s del deporte y la educaci\u00f3n, promovemos la integraci\u00f3n y el desarrollo personal y social de ni\u00f1os y j\u00f3venes. En Espa\u00f1a y la India.\",\"publisher\":{\"@id\":\"https:\/\/fundacionrafanadal.quelinka.es\/en\/#organization\"},\"potentialAction\":[{\"@type\":\"SearchAction\",\"target\":{\"@type\":\"EntryPoint\",\"urlTemplate\":\"https:\/\/fundacionrafanadal.quelinka.es\/en\/?s={search_term_string}\"},\"query-input\":{\"@type\":\"PropertyValueSpecification\",\"valueRequired\":true,\"valueName\":\"search_term_string\"}}],\"inLanguage\":\"en-US\"},{\"@type\":\"Organization\",\"@id\":\"https:\/\/fundacionrafanadal.quelinka.es\/en\/#organization\",\"name\":\"Fundaci\u00f3n Rafa Nadal\",\"url\":\"https:\/\/fundacionrafanadal.quelinka.es\/en\/\",\"logo\":{\"@type\":\"ImageObject\",\"inLanguage\":\"en-US\",\"@id\":\"https:\/\/fundacionrafanadal.quelinka.es\/en\/#\/schema\/logo\/image\/\",\"url\":\"https:\/\/fundacionrafanadal.quelinka.es\/wp-content\/uploads\/2022\/09\/logo-frn-web-3.png\",\"contentUrl\":\"https:\/\/fundacionrafanadal.quelinka.es\/wp-content\/uploads\/2022\/09\/logo-frn-web-3.png\",\"width\":551,\"height\":140,\"caption\":\"Fundaci\u00f3n Rafa Nadal\"},\"image\":{\"@id\":\"https:\/\/fundacionrafanadal.quelinka.es\/en\/#\/schema\/logo\/image\/\"}}]}<\/script>\n<!-- \/ Yoast SEO plugin. -->","yoast_head_json":{"title":"Legal note - Fundaci\u00f3n Rafa Nadal","robots":{"index":"noindex","follow":"follow","max-snippet":"max-snippet:-1","max-image-preview":"max-image-preview:large","max-video-preview":"max-video-preview:-1"},"og_locale":"en_US","og_type":"article","og_title":"Legal note - Fundaci\u00f3n Rafa Nadal","og_description":"These conditions may be amended for the purpose of adapting them to any regulatory changes which may occur. In the event of amending the legal conditions of the portal, this fact will be placed on record in this section. I.- INFORMATION PROVIDED IN COMPLIANCE WITH LAW 34\/2002, GOVERNING INFORMATION SOCIETY SERVICES AND E-COMMERCE (LSSICE): The [&hellip;]","og_url":"https:\/\/fundacionrafanadal.quelinka.es\/en\/legal-note\/","og_site_name":"Fundaci\u00f3n Rafa Nadal","article_modified_time":"2022-09-13T08:18:06+00:00","twitter_card":"summary_large_image","twitter_misc":{"Est. reading time":"3 minutes"},"schema":{"@context":"https:\/\/schema.org","@graph":[{"@type":"WebPage","@id":"https:\/\/fundacionrafanadal.quelinka.es\/en\/legal-note\/","url":"https:\/\/fundacionrafanadal.quelinka.es\/en\/legal-note\/","name":"Legal note - Fundaci\u00f3n Rafa Nadal","isPartOf":{"@id":"https:\/\/fundacionrafanadal.quelinka.es\/en\/#website"},"datePublished":"2022-03-24T09:25:14+00:00","dateModified":"2022-09-13T08:18:06+00:00","breadcrumb":{"@id":"https:\/\/fundacionrafanadal.quelinka.es\/en\/legal-note\/#breadcrumb"},"inLanguage":"en-US","potentialAction":[{"@type":"ReadAction","target":["https:\/\/fundacionrafanadal.quelinka.es\/en\/legal-note\/"]}]},{"@type":"BreadcrumbList","@id":"https:\/\/fundacionrafanadal.quelinka.es\/en\/legal-note\/#breadcrumb","itemListElement":[{"@type":"ListItem","position":1,"name":"Portada","item":"https:\/\/fundacionrafanadal.quelinka.es\/en\/"},{"@type":"ListItem","position":2,"name":"Legal note"}]},{"@type":"WebSite","@id":"https:\/\/fundacionrafanadal.quelinka.es\/en\/#website","url":"https:\/\/fundacionrafanadal.quelinka.es\/en\/","name":"Fundaci\u00f3n Rafa Nadal","description":"A trav\u00e9s del deporte y la educaci\u00f3n, promovemos la integraci\u00f3n y el desarrollo personal y social de ni\u00f1os y j\u00f3venes. En Espa\u00f1a y la India.","publisher":{"@id":"https:\/\/fundacionrafanadal.quelinka.es\/en\/#organization"},"potentialAction":[{"@type":"SearchAction","target":{"@type":"EntryPoint","urlTemplate":"https:\/\/fundacionrafanadal.quelinka.es\/en\/?s={search_term_string}"},"query-input":{"@type":"PropertyValueSpecification","valueRequired":true,"valueName":"search_term_string"}}],"inLanguage":"en-US"},{"@type":"Organization","@id":"https:\/\/fundacionrafanadal.quelinka.es\/en\/#organization","name":"Fundaci\u00f3n Rafa Nadal","url":"https:\/\/fundacionrafanadal.quelinka.es\/en\/","logo":{"@type":"ImageObject","inLanguage":"en-US","@id":"https:\/\/fundacionrafanadal.quelinka.es\/en\/#\/schema\/logo\/image\/","url":"https:\/\/fundacionrafanadal.quelinka.es\/wp-content\/uploads\/2022\/09\/logo-frn-web-3.png","contentUrl":"https:\/\/fundacionrafanadal.quelinka.es\/wp-content\/uploads\/2022\/09\/logo-frn-web-3.png","width":551,"height":140,"caption":"Fundaci\u00f3n Rafa Nadal"},"image":{"@id":"https:\/\/fundacionrafanadal.quelinka.es\/en\/#\/schema\/logo\/image\/"}}]}},"campaignId":"","_links":{"self":[{"href":"https:\/\/fundacionrafanadal.quelinka.es\/en\/wp-json\/wp\/v2\/pages\/3122","targetHints":{"allow":["GET"]}}],"collection":[{"href":"https:\/\/fundacionrafanadal.quelinka.es\/en\/wp-json\/wp\/v2\/pages"}],"about":[{"href":"https:\/\/fundacionrafanadal.quelinka.es\/en\/wp-json\/wp\/v2\/types\/page"}],"author":[{"embeddable":true,"href":"https:\/\/fundacionrafanadal.quelinka.es\/en\/wp-json\/wp\/v2\/users\/1"}],"replies":[{"embeddable":true,"href":"https:\/\/fundacionrafanadal.quelinka.es\/en\/wp-json\/wp\/v2\/comments?post=3122"}],"version-history":[{"count":3,"href":"https:\/\/fundacionrafanadal.quelinka.es\/en\/wp-json\/wp\/v2\/pages\/3122\/revisions"}],"predecessor-version":[{"id":11525,"href":"https:\/\/fundacionrafanadal.quelinka.es\/en\/wp-json\/wp\/v2\/pages\/3122\/revisions\/11525"}],"wp:attachment":[{"href":"https:\/\/fundacionrafanadal.quelinka.es\/en\/wp-json\/wp\/v2\/media?parent=3122"}],"curies":[{"name":"wp","href":"https:\/\/api.w.org\/{rel}","templated":true}]}}