{"id":7728,"date":"2020-09-23T13:33:00","date_gmt":"2020-09-23T13:33:00","guid":{"rendered":"https:\/\/www.fundacionrafanadal.org\/?page_id=7728"},"modified":"2022-05-31T13:38:17","modified_gmt":"2022-05-31T13:38:17","slug":"rafa-nadal-will-collaborate-with-the-food-bank-of-mallorca-through-his-organization-and-academy","status":"publish","type":"page","link":"https:\/\/fundacionrafanadal.quelinka.es\/en\/get-to-know\/news\/news-2020\/rafa-nadal-will-collaborate-with-the-food-bank-of-mallorca-through-his-organization-and-academy\/","title":{"rendered":"Rafa Nadal will collaborate with the Food Bank of Mallorca through his organization and academy"},"content":{"rendered":"\n<div class=\"wp-block-media-text alignfull is-stacked-on-mobile is-image-fill has-background\" style=\"background-color:#ddac31\"><figure class=\"wp-block-media-text__media\" style=\"background-image:url(https:\/\/www.fundacionrafanadal.quelinka.es\/wp-content\/uploads\/2022\/07\/ISM08879.png);background-position:50% 50%\"><img loading=\"lazy\" decoding=\"async\" width=\"900\" height=\"399\" src=\"https:\/\/www.fundacionrafanadal.quelinka.es\/wp-content\/uploads\/2022\/07\/ISM08879.png\" alt=\"\" class=\"wp-image-9879 size-full\" srcset=\"https:\/\/fundacionrafanadal.quelinka.es\/wp-content\/uploads\/2022\/07\/ISM08879.png 900w, https:\/\/fundacionrafanadal.quelinka.es\/wp-content\/uploads\/2022\/07\/ISM08879-300x133.png 300w, https:\/\/fundacionrafanadal.quelinka.es\/wp-content\/uploads\/2022\/07\/ISM08879-768x340.png 768w\" sizes=\"auto, (max-width: 900px) 100vw, 900px\" \/><\/figure><div class=\"wp-block-media-text__content\">\n<div style=\"height:30px\" aria-hidden=\"true\" class=\"wp-block-spacer\"><\/div>\n\n\n\n<h2 class=\"has-ast-global-color-5-color has-text-color wp-block-heading\" style=\"font-size:48px\"><strong>News<\/strong><\/h2>\n\n\n\n<div style=\"height:200px\" aria-hidden=\"true\" class=\"wp-block-spacer\"><\/div>\n<\/div><\/div>\n\n\n\n<div style=\"height:100px\" aria-hidden=\"true\" class=\"wp-block-spacer\"><\/div>\n\n\n\n<div class=\"inherit-container-width wp-block-group is-layout-constrained wp-block-group-is-layout-constrained\"><div class=\"wp-block-group__inner-container\"><div class=\"wp-block-post-date\"><time datetime=\"2020-09-23T13:33:00+02:00\">23 de September de 2020<\/time><\/div>\n\n\n<h2 class=\"alignwide has-medium-font-size wp-block-heading\" style=\"text-transform:uppercase\"><strong>Rafa Nadal will collaborate with the Food Bank of Mallorca through his organization and academy<\/strong><\/h2>\n\n\n\n<figure class=\"wp-block-image alignwide size-large\"><img loading=\"lazy\" decoding=\"async\" width=\"1024\" height=\"484\" src=\"https:\/\/www.fundacionrafanadal.quelinka.es\/wp-content\/uploads\/2022\/05\/2020-banco-alimentos-1024x484.jpg\" alt=\"\" class=\"wp-image-7450\" srcset=\"https:\/\/fundacionrafanadal.quelinka.es\/wp-content\/uploads\/2022\/05\/2020-banco-alimentos-1024x484.jpg 1024w, https:\/\/fundacionrafanadal.quelinka.es\/wp-content\/uploads\/2022\/05\/2020-banco-alimentos-300x142.jpg 300w, https:\/\/fundacionrafanadal.quelinka.es\/wp-content\/uploads\/2022\/05\/2020-banco-alimentos-768x363.jpg 768w, https:\/\/fundacionrafanadal.quelinka.es\/wp-content\/uploads\/2022\/05\/2020-banco-alimentos-1536x727.jpg 1536w, https:\/\/fundacionrafanadal.quelinka.es\/wp-content\/uploads\/2022\/05\/2020-banco-alimentos.jpg 1600w\" sizes=\"auto, (max-width: 1024px) 100vw, 1024px\" \/><\/figure>\n\n\n\n<p>Tennis player Rafa Nadal, who has been recently appointed as honorary ambassador of the Food Bank of Mallorca, will collaborate with this entity through his organization and academy, with the desire to help many families and people in vulnerable situations meet such a basic need as food is.<\/p>\n\n\n\n<p>Rafa Nadal declared: \u201cTogether with my foundation and my academy, we will join the work of the Food Bank. We understand that the effort that this organization is making is always important, and it\u2019s even more essential today, given the situation we are living in, which is known to all\u201d.<\/p>\n\n\n\n<p>Due to the health, social and economic crisis we are going through, caused by the pandemic, there are more than 25,000 people in Mallorca who are receiving food products from the Food Bank, which is 24% higher than at the beginning of the year.<\/p>\n\n\n\n<p>On one hand, the Rafa Nadal Foundation will donate essential goods worth 3,000 kg of food. \u201cThe Food Bank of Mallorca has been doing amazing work for many years, which is now more necessary than ever. It is very satisfying for us to participate in making possible that people around us can count on this food aid\u201d, explains Mar\u00eda Francisca Perell\u00f3, director of the Rafa Nadal Foundation.<\/p>\n\n\n\n<p>The Foundation, which celebrates its 10th anniversary this year, also contributes to promoting a healthier diet for children and young within the context of its projects. An example is the&nbsp;<a href=\"https:\/\/www.fundacionrafanadal.quelinka.es\/en\/proyecto-centro-fundacion-rafa-nadal.asp\" target=\"_blank\" rel=\"noreferrer noopener\">Rafa Nadal Foundation Center in Palma<\/a>, located in La Soledat district, where 250 vulnerable children are assisted regarding different areas such as sports, educational, and psychotherapeutic, besides the nutritional aid.<\/p>\n\n\n\n<p>In parallel, the&nbsp;<a href=\"https:\/\/www.rafanadalacademy.com\/\" target=\"_blank\" rel=\"noreferrer noopener\">Rafa Nadal Academy by Movistar<\/a>&nbsp;is planning to carry out several food drives at different times during the year, promoting at the same time the volunteer work as part of its training and educational program.<\/p>\n\n\n\n<p>\u201cIt is an honor for the Food Bank of Mallorca that Rafa Nadal accepted to be our honorary ambassador, the first one in these 25 years. We really appreciate his great human quality, which is even greater in these times we have to live in\u201d, says Raimundo de Montis, president of the organization.<\/p>\n\n\n\n<p>The Food Bank of Mallorca is a non-profit organization that has been active since 1995 with the aim of helping residents in Mallorca who, for some reason or another, need to be supported to meet their most basic need: eating.<\/p>\n<\/div><\/div>\n","protected":false},"excerpt":{"rendered":"<p>Rafa Nadal will collaborate with the Food Bank of Mallorca through his organization and academy Tennis player Rafa Nadal, who has been recently appointed as honorary ambassador of the Food Bank of Mallorca, will collaborate with this entity through his organization and academy, with the desire to help many families and people in vulnerable situations [&hellip;]<\/p>\n","protected":false},"author":1,"featured_media":7453,"parent":7432,"menu_order":0,"comment_status":"closed","ping_status":"closed","template":"","meta":{"_acf_changed":false,"give_campaign_id":0,"_monsterinsights_skip_tracking":false,"_monsterinsights_sitenote_active":false,"_monsterinsights_sitenote_note":"","_monsterinsights_sitenote_category":0,"site-sidebar-layout":"default","site-content-layout":"","ast-site-content-layout":"default","site-content-style":"default","site-sidebar-style":"default","ast-global-header-display":"","ast-banner-title-visibility":"","ast-main-header-display":"","ast-hfb-above-header-display":"","ast-hfb-below-header-display":"","ast-hfb-mobile-header-display":"","site-post-title":"disabled","ast-breadcrumbs-content":"","ast-featured-img":"disabled","footer-sml-layout":"","ast-disable-related-posts":"","theme-transparent-header-meta":"","adv-header-id-meta":"","stick-header-meta":"","header-above-stick-meta":"","header-main-stick-meta":"","header-below-stick-meta":"","astra-migrate-meta-layouts":"default","ast-page-background-enabled":"default","ast-page-background-meta":{"desktop":{"background-color":"var(--ast-global-color-4)","background-image":"","background-repeat":"repeat","background-position":"center center","background-size":"auto","background-attachment":"scroll","background-type":"","background-media":"","overlay-type":"","overlay-color":"","overlay-opacity":"","overlay-gradient":""},"tablet":{"background-color":"","background-image":"","background-repeat":"repeat","background-position":"center center","background-size":"auto","background-attachment":"scroll","background-type":"","background-media":"","overlay-type":"","overlay-color":"","overlay-opacity":"","overlay-gradient":""},"mobile":{"background-color":"","background-image":"","background-repeat":"repeat","background-position":"center center","background-size":"auto","background-attachment":"scroll","background-type":"","background-media":"","overlay-type":"","overlay-color":"","overlay-opacity":"","overlay-gradient":""}},"ast-content-background-meta":{"desktop":{"background-color":"var(--ast-global-color-5)","background-image":"","background-repeat":"repeat","background-position":"center center","background-size":"auto","background-attachment":"scroll","background-type":"","background-media":"","overlay-type":"","overlay-color":"","overlay-opacity":"","overlay-gradient":""},"tablet":{"background-color":"var(--ast-global-color-5)","background-image":"","background-repeat":"repeat","background-position":"center center","background-size":"auto","background-attachment":"scroll","background-type":"","background-media":"","overlay-type":"","overlay-color":"","overlay-opacity":"","overlay-gradient":""},"mobile":{"background-color":"var(--ast-global-color-5)","background-image":"","background-repeat":"repeat","background-position":"center center","background-size":"auto","background-attachment":"scroll","background-type":"","background-media":"","overlay-type":"","overlay-color":"","overlay-opacity":"","overlay-gradient":""}},"_themeisle_gutenberg_block_has_review":false,"footnotes":""},"class_list":["post-7728","page","type-page","status-publish","has-post-thumbnail","hentry"],"acf":[],"yoast_head":"<!-- This site is optimized with the Yoast SEO plugin v26.8 - https:\/\/yoast.com\/product\/yoast-seo-wordpress\/ -->\n<title>Rafa Nadal will collaborate with the Food Bank of Mallorca through his organization and academy - Fundaci\u00f3n Rafa Nadal<\/title>\n<meta name=\"robots\" content=\"noindex, follow, max-snippet:-1, max-image-preview:large, max-video-preview:-1\" \/>\n<meta property=\"og:locale\" content=\"en_US\" \/>\n<meta property=\"og:type\" content=\"article\" \/>\n<meta property=\"og:title\" content=\"Rafa Nadal will collaborate with the Food Bank of Mallorca through his organization and academy - Fundaci\u00f3n Rafa Nadal\" \/>\n<meta property=\"og:description\" content=\"Rafa Nadal will collaborate with the Food Bank of Mallorca through his organization and academy Tennis player Rafa Nadal, who has been recently appointed as honorary ambassador of the Food Bank of Mallorca, will collaborate with this entity through his organization and academy, with the desire to help many families and people in vulnerable situations [&hellip;]\" \/>\n<meta property=\"og:url\" content=\"https:\/\/fundacionrafanadal.quelinka.es\/en\/get-to-know\/news\/news-2020\/rafa-nadal-will-collaborate-with-the-food-bank-of-mallorca-through-his-organization-and-academy\/\" \/>\n<meta property=\"og:site_name\" content=\"Fundaci\u00f3n Rafa Nadal\" \/>\n<meta property=\"article:modified_time\" content=\"2022-05-31T13:38:17+00:00\" \/>\n<meta property=\"og:image\" content=\"https:\/\/fundacionrafanadal.quelinka.es\/wp-content\/uploads\/2022\/05\/2020-banco-alimentos-th.jpg\" \/>\n\t<meta property=\"og:image:width\" content=\"300\" \/>\n\t<meta property=\"og:image:height\" content=\"199\" \/>\n\t<meta property=\"og:image:type\" content=\"image\/jpeg\" \/>\n<meta name=\"twitter:card\" content=\"summary_large_image\" \/>\n<meta name=\"twitter:label1\" content=\"Est. reading time\" \/>\n\t<meta name=\"twitter:data1\" content=\"3 minutes\" \/>\n<script type=\"application\/ld+json\" class=\"yoast-schema-graph\">{\"@context\":\"https:\/\/schema.org\",\"@graph\":[{\"@type\":\"WebPage\",\"@id\":\"https:\/\/fundacionrafanadal.quelinka.es\/en\/get-to-know\/news\/news-2020\/rafa-nadal-will-collaborate-with-the-food-bank-of-mallorca-through-his-organization-and-academy\/\",\"url\":\"https:\/\/fundacionrafanadal.quelinka.es\/en\/get-to-know\/news\/news-2020\/rafa-nadal-will-collaborate-with-the-food-bank-of-mallorca-through-his-organization-and-academy\/\",\"name\":\"Rafa Nadal will collaborate with the Food Bank of Mallorca through his organization and academy - Fundaci\u00f3n Rafa Nadal\",\"isPartOf\":{\"@id\":\"https:\/\/fundacionrafanadal.quelinka.es\/en\/#website\"},\"primaryImageOfPage\":{\"@id\":\"https:\/\/fundacionrafanadal.quelinka.es\/en\/get-to-know\/news\/news-2020\/rafa-nadal-will-collaborate-with-the-food-bank-of-mallorca-through-his-organization-and-academy\/#primaryimage\"},\"image\":{\"@id\":\"https:\/\/fundacionrafanadal.quelinka.es\/en\/get-to-know\/news\/news-2020\/rafa-nadal-will-collaborate-with-the-food-bank-of-mallorca-through-his-organization-and-academy\/#primaryimage\"},\"thumbnailUrl\":\"https:\/\/fundacionrafanadal.quelinka.es\/wp-content\/uploads\/2022\/05\/2020-banco-alimentos-th.jpg\",\"datePublished\":\"2020-09-23T13:33:00+00:00\",\"dateModified\":\"2022-05-31T13:38:17+00:00\",\"breadcrumb\":{\"@id\":\"https:\/\/fundacionrafanadal.quelinka.es\/en\/get-to-know\/news\/news-2020\/rafa-nadal-will-collaborate-with-the-food-bank-of-mallorca-through-his-organization-and-academy\/#breadcrumb\"},\"inLanguage\":\"en-US\",\"potentialAction\":[{\"@type\":\"ReadAction\",\"target\":[\"https:\/\/fundacionrafanadal.quelinka.es\/en\/get-to-know\/news\/news-2020\/rafa-nadal-will-collaborate-with-the-food-bank-of-mallorca-through-his-organization-and-academy\/\"]}]},{\"@type\":\"ImageObject\",\"inLanguage\":\"en-US\",\"@id\":\"https:\/\/fundacionrafanadal.quelinka.es\/en\/get-to-know\/news\/news-2020\/rafa-nadal-will-collaborate-with-the-food-bank-of-mallorca-through-his-organization-and-academy\/#primaryimage\",\"url\":\"https:\/\/fundacionrafanadal.quelinka.es\/wp-content\/uploads\/2022\/05\/2020-banco-alimentos-th.jpg\",\"contentUrl\":\"https:\/\/fundacionrafanadal.quelinka.es\/wp-content\/uploads\/2022\/05\/2020-banco-alimentos-th.jpg\",\"width\":300,\"height\":199},{\"@type\":\"BreadcrumbList\",\"@id\":\"https:\/\/fundacionrafanadal.quelinka.es\/en\/get-to-know\/news\/news-2020\/rafa-nadal-will-collaborate-with-the-food-bank-of-mallorca-through-his-organization-and-academy\/#breadcrumb\",\"itemListElement\":[{\"@type\":\"ListItem\",\"position\":1,\"name\":\"Portada\",\"item\":\"https:\/\/fundacionrafanadal.quelinka.es\/en\/\"},{\"@type\":\"ListItem\",\"position\":2,\"name\":\"Get to know!\",\"item\":\"https:\/\/fundacionrafanadal.quelinka.es\/en\/conocenos\/\"},{\"@type\":\"ListItem\",\"position\":3,\"name\":\"News\",\"item\":\"https:\/\/fundacionrafanadal.quelinka.es\/en\/conocenos\/noticias\/\"},{\"@type\":\"ListItem\",\"position\":4,\"name\":\"News 2020\",\"item\":\"https:\/\/fundacionrafanadal.quelinka.es\/en\/get-to-know\/news\/news-2020\/\"},{\"@type\":\"ListItem\",\"position\":5,\"name\":\"Rafa Nadal will collaborate with the Food Bank of Mallorca through his organization and academy\"}]},{\"@type\":\"WebSite\",\"@id\":\"https:\/\/fundacionrafanadal.quelinka.es\/en\/#website\",\"url\":\"https:\/\/fundacionrafanadal.quelinka.es\/en\/\",\"name\":\"Fundaci\u00f3n Rafa Nadal\",\"description\":\"A trav\u00e9s del deporte y la educaci\u00f3n, promovemos la integraci\u00f3n y el desarrollo personal y social de ni\u00f1os y j\u00f3venes. En Espa\u00f1a y la India.\",\"publisher\":{\"@id\":\"https:\/\/fundacionrafanadal.quelinka.es\/en\/#organization\"},\"potentialAction\":[{\"@type\":\"SearchAction\",\"target\":{\"@type\":\"EntryPoint\",\"urlTemplate\":\"https:\/\/fundacionrafanadal.quelinka.es\/en\/?s={search_term_string}\"},\"query-input\":{\"@type\":\"PropertyValueSpecification\",\"valueRequired\":true,\"valueName\":\"search_term_string\"}}],\"inLanguage\":\"en-US\"},{\"@type\":\"Organization\",\"@id\":\"https:\/\/fundacionrafanadal.quelinka.es\/en\/#organization\",\"name\":\"Fundaci\u00f3n Rafa Nadal\",\"url\":\"https:\/\/fundacionrafanadal.quelinka.es\/en\/\",\"logo\":{\"@type\":\"ImageObject\",\"inLanguage\":\"en-US\",\"@id\":\"https:\/\/fundacionrafanadal.quelinka.es\/en\/#\/schema\/logo\/image\/\",\"url\":\"https:\/\/fundacionrafanadal.quelinka.es\/wp-content\/uploads\/2022\/09\/logo-frn-web-3.png\",\"contentUrl\":\"https:\/\/fundacionrafanadal.quelinka.es\/wp-content\/uploads\/2022\/09\/logo-frn-web-3.png\",\"width\":551,\"height\":140,\"caption\":\"Fundaci\u00f3n Rafa Nadal\"},\"image\":{\"@id\":\"https:\/\/fundacionrafanadal.quelinka.es\/en\/#\/schema\/logo\/image\/\"}}]}<\/script>\n<!-- \/ Yoast SEO plugin. -->","yoast_head_json":{"title":"Rafa Nadal will collaborate with the Food Bank of Mallorca through his organization and academy - Fundaci\u00f3n Rafa Nadal","robots":{"index":"noindex","follow":"follow","max-snippet":"max-snippet:-1","max-image-preview":"max-image-preview:large","max-video-preview":"max-video-preview:-1"},"og_locale":"en_US","og_type":"article","og_title":"Rafa Nadal will collaborate with the Food Bank of Mallorca through his organization and academy - Fundaci\u00f3n Rafa Nadal","og_description":"Rafa Nadal will collaborate with the Food Bank of Mallorca through his organization and academy Tennis player Rafa Nadal, who has been recently appointed as honorary ambassador of the Food Bank of Mallorca, will collaborate with this entity through his organization and academy, with the desire to help many families and people in vulnerable situations [&hellip;]","og_url":"https:\/\/fundacionrafanadal.quelinka.es\/en\/get-to-know\/news\/news-2020\/rafa-nadal-will-collaborate-with-the-food-bank-of-mallorca-through-his-organization-and-academy\/","og_site_name":"Fundaci\u00f3n Rafa Nadal","article_modified_time":"2022-05-31T13:38:17+00:00","og_image":[{"width":300,"height":199,"url":"https:\/\/fundacionrafanadal.quelinka.es\/wp-content\/uploads\/2022\/05\/2020-banco-alimentos-th.jpg","type":"image\/jpeg"}],"twitter_card":"summary_large_image","twitter_misc":{"Est. reading time":"3 minutes"},"schema":{"@context":"https:\/\/schema.org","@graph":[{"@type":"WebPage","@id":"https:\/\/fundacionrafanadal.quelinka.es\/en\/get-to-know\/news\/news-2020\/rafa-nadal-will-collaborate-with-the-food-bank-of-mallorca-through-his-organization-and-academy\/","url":"https:\/\/fundacionrafanadal.quelinka.es\/en\/get-to-know\/news\/news-2020\/rafa-nadal-will-collaborate-with-the-food-bank-of-mallorca-through-his-organization-and-academy\/","name":"Rafa Nadal will collaborate with the Food Bank of Mallorca through his organization and academy - Fundaci\u00f3n Rafa Nadal","isPartOf":{"@id":"https:\/\/fundacionrafanadal.quelinka.es\/en\/#website"},"primaryImageOfPage":{"@id":"https:\/\/fundacionrafanadal.quelinka.es\/en\/get-to-know\/news\/news-2020\/rafa-nadal-will-collaborate-with-the-food-bank-of-mallorca-through-his-organization-and-academy\/#primaryimage"},"image":{"@id":"https:\/\/fundacionrafanadal.quelinka.es\/en\/get-to-know\/news\/news-2020\/rafa-nadal-will-collaborate-with-the-food-bank-of-mallorca-through-his-organization-and-academy\/#primaryimage"},"thumbnailUrl":"https:\/\/fundacionrafanadal.quelinka.es\/wp-content\/uploads\/2022\/05\/2020-banco-alimentos-th.jpg","datePublished":"2020-09-23T13:33:00+00:00","dateModified":"2022-05-31T13:38:17+00:00","breadcrumb":{"@id":"https:\/\/fundacionrafanadal.quelinka.es\/en\/get-to-know\/news\/news-2020\/rafa-nadal-will-collaborate-with-the-food-bank-of-mallorca-through-his-organization-and-academy\/#breadcrumb"},"inLanguage":"en-US","potentialAction":[{"@type":"ReadAction","target":["https:\/\/fundacionrafanadal.quelinka.es\/en\/get-to-know\/news\/news-2020\/rafa-nadal-will-collaborate-with-the-food-bank-of-mallorca-through-his-organization-and-academy\/"]}]},{"@type":"ImageObject","inLanguage":"en-US","@id":"https:\/\/fundacionrafanadal.quelinka.es\/en\/get-to-know\/news\/news-2020\/rafa-nadal-will-collaborate-with-the-food-bank-of-mallorca-through-his-organization-and-academy\/#primaryimage","url":"https:\/\/fundacionrafanadal.quelinka.es\/wp-content\/uploads\/2022\/05\/2020-banco-alimentos-th.jpg","contentUrl":"https:\/\/fundacionrafanadal.quelinka.es\/wp-content\/uploads\/2022\/05\/2020-banco-alimentos-th.jpg","width":300,"height":199},{"@type":"BreadcrumbList","@id":"https:\/\/fundacionrafanadal.quelinka.es\/en\/get-to-know\/news\/news-2020\/rafa-nadal-will-collaborate-with-the-food-bank-of-mallorca-through-his-organization-and-academy\/#breadcrumb","itemListElement":[{"@type":"ListItem","position":1,"name":"Portada","item":"https:\/\/fundacionrafanadal.quelinka.es\/en\/"},{"@type":"ListItem","position":2,"name":"Get to know!","item":"https:\/\/fundacionrafanadal.quelinka.es\/en\/conocenos\/"},{"@type":"ListItem","position":3,"name":"News","item":"https:\/\/fundacionrafanadal.quelinka.es\/en\/conocenos\/noticias\/"},{"@type":"ListItem","position":4,"name":"News 2020","item":"https:\/\/fundacionrafanadal.quelinka.es\/en\/get-to-know\/news\/news-2020\/"},{"@type":"ListItem","position":5,"name":"Rafa Nadal will collaborate with the Food Bank of Mallorca through his organization and academy"}]},{"@type":"WebSite","@id":"https:\/\/fundacionrafanadal.quelinka.es\/en\/#website","url":"https:\/\/fundacionrafanadal.quelinka.es\/en\/","name":"Fundaci\u00f3n Rafa Nadal","description":"A trav\u00e9s del deporte y la educaci\u00f3n, promovemos la integraci\u00f3n y el desarrollo personal y social de ni\u00f1os y j\u00f3venes. En Espa\u00f1a y la India.","publisher":{"@id":"https:\/\/fundacionrafanadal.quelinka.es\/en\/#organization"},"potentialAction":[{"@type":"SearchAction","target":{"@type":"EntryPoint","urlTemplate":"https:\/\/fundacionrafanadal.quelinka.es\/en\/?s={search_term_string}"},"query-input":{"@type":"PropertyValueSpecification","valueRequired":true,"valueName":"search_term_string"}}],"inLanguage":"en-US"},{"@type":"Organization","@id":"https:\/\/fundacionrafanadal.quelinka.es\/en\/#organization","name":"Fundaci\u00f3n Rafa Nadal","url":"https:\/\/fundacionrafanadal.quelinka.es\/en\/","logo":{"@type":"ImageObject","inLanguage":"en-US","@id":"https:\/\/fundacionrafanadal.quelinka.es\/en\/#\/schema\/logo\/image\/","url":"https:\/\/fundacionrafanadal.quelinka.es\/wp-content\/uploads\/2022\/09\/logo-frn-web-3.png","contentUrl":"https:\/\/fundacionrafanadal.quelinka.es\/wp-content\/uploads\/2022\/09\/logo-frn-web-3.png","width":551,"height":140,"caption":"Fundaci\u00f3n Rafa Nadal"},"image":{"@id":"https:\/\/fundacionrafanadal.quelinka.es\/en\/#\/schema\/logo\/image\/"}}]}},"campaignId":"","_links":{"self":[{"href":"https:\/\/fundacionrafanadal.quelinka.es\/en\/wp-json\/wp\/v2\/pages\/7728","targetHints":{"allow":["GET"]}}],"collection":[{"href":"https:\/\/fundacionrafanadal.quelinka.es\/en\/wp-json\/wp\/v2\/pages"}],"about":[{"href":"https:\/\/fundacionrafanadal.quelinka.es\/en\/wp-json\/wp\/v2\/types\/page"}],"author":[{"embeddable":true,"href":"https:\/\/fundacionrafanadal.quelinka.es\/en\/wp-json\/wp\/v2\/users\/1"}],"replies":[{"embeddable":true,"href":"https:\/\/fundacionrafanadal.quelinka.es\/en\/wp-json\/wp\/v2\/comments?post=7728"}],"version-history":[{"count":1,"href":"https:\/\/fundacionrafanadal.quelinka.es\/en\/wp-json\/wp\/v2\/pages\/7728\/revisions"}],"predecessor-version":[{"id":7731,"href":"https:\/\/fundacionrafanadal.quelinka.es\/en\/wp-json\/wp\/v2\/pages\/7728\/revisions\/7731"}],"up":[{"embeddable":true,"href":"https:\/\/fundacionrafanadal.quelinka.es\/en\/wp-json\/wp\/v2\/pages\/7432"}],"wp:featuredmedia":[{"embeddable":true,"href":"https:\/\/fundacionrafanadal.quelinka.es\/en\/wp-json\/wp\/v2\/media\/7453"}],"wp:attachment":[{"href":"https:\/\/fundacionrafanadal.quelinka.es\/en\/wp-json\/wp\/v2\/media?parent=7728"}],"curies":[{"name":"wp","href":"https:\/\/api.w.org\/{rel}","templated":true}]}}