{"id":7769,"date":"2020-07-08T14:08:00","date_gmt":"2020-07-08T14:08:00","guid":{"rendered":"https:\/\/www.fundacionrafanadal.org\/?page_id=7769"},"modified":"2022-06-23T13:52:04","modified_gmt":"2022-06-23T13:52:04","slug":"summer-school-2020-start-up-at-the-rafa-nadal-foundation-centers","status":"publish","type":"page","link":"https:\/\/fundacionrafanadal.quelinka.es\/en\/get-to-know\/news\/news-2020\/summer-school-2020-start-up-at-the-rafa-nadal-foundation-centers\/","title":{"rendered":"Summer School 2020 start-up at the Rafa Nadal Foundation Centers"},"content":{"rendered":"\n<div class=\"wp-block-media-text alignfull is-stacked-on-mobile is-image-fill has-background\" style=\"background-color:#ddac31\"><figure class=\"wp-block-media-text__media\" style=\"background-image:url(https:\/\/www.fundacionrafanadal.quelinka.es\/wp-content\/uploads\/2022\/07\/ISM08879.png);background-position:50% 50%\"><img loading=\"lazy\" decoding=\"async\" width=\"900\" height=\"399\" src=\"https:\/\/www.fundacionrafanadal.quelinka.es\/wp-content\/uploads\/2022\/07\/ISM08879.png\" alt=\"\" class=\"wp-image-9879 size-full\" srcset=\"https:\/\/fundacionrafanadal.quelinka.es\/wp-content\/uploads\/2022\/07\/ISM08879.png 900w, https:\/\/fundacionrafanadal.quelinka.es\/wp-content\/uploads\/2022\/07\/ISM08879-300x133.png 300w, https:\/\/fundacionrafanadal.quelinka.es\/wp-content\/uploads\/2022\/07\/ISM08879-768x340.png 768w\" sizes=\"auto, (max-width: 900px) 100vw, 900px\" \/><\/figure><div class=\"wp-block-media-text__content\">\n<div style=\"height:30px\" aria-hidden=\"true\" class=\"wp-block-spacer\"><\/div>\n\n\n\n<h2 class=\"has-ast-global-color-5-color has-text-color wp-block-heading\" style=\"font-size:48px\"><strong>News<\/strong><\/h2>\n\n\n\n<div style=\"height:200px\" aria-hidden=\"true\" class=\"wp-block-spacer\"><\/div>\n<\/div><\/div>\n\n\n\n<div style=\"height:100px\" aria-hidden=\"true\" class=\"wp-block-spacer\"><\/div>\n\n\n\n<div class=\"inherit-container-width wp-block-group is-layout-constrained wp-block-group-is-layout-constrained\"><div class=\"wp-block-group__inner-container\"><div class=\"wp-block-post-date\"><time datetime=\"2020-07-08T14:08:00+02:00\">8 de July de 2020<\/time><\/div>\n\n\n<h2 class=\"alignwide has-medium-font-size wp-block-heading\" style=\"text-transform:uppercase\"><strong>Summer School 2020 start-up at the Rafa Nadal Foundation Centers<\/strong><\/h2>\n\n\n\n<figure class=\"wp-block-image alignwide size-large\"><img loading=\"lazy\" decoding=\"async\" width=\"1024\" height=\"768\" src=\"https:\/\/www.fundacionrafanadal.quelinka.es\/wp-content\/uploads\/2022\/05\/2020-escuela-verano-1024x768.jpg\" alt=\"\" class=\"wp-image-7513\" srcset=\"https:\/\/fundacionrafanadal.quelinka.es\/wp-content\/uploads\/2022\/05\/2020-escuela-verano-1024x768.jpg 1024w, https:\/\/fundacionrafanadal.quelinka.es\/wp-content\/uploads\/2022\/05\/2020-escuela-verano-300x225.jpg 300w, https:\/\/fundacionrafanadal.quelinka.es\/wp-content\/uploads\/2022\/05\/2020-escuela-verano-768x576.jpg 768w, https:\/\/fundacionrafanadal.quelinka.es\/wp-content\/uploads\/2022\/05\/2020-escuela-verano-1536x1152.jpg 1536w, https:\/\/fundacionrafanadal.quelinka.es\/wp-content\/uploads\/2022\/05\/2020-escuela-verano.jpg 1600w\" sizes=\"auto, (max-width: 1024px) 100vw, 1024px\" \/><\/figure>\n\n\n\n<p>The Summer Schools have started this week at the&nbsp;<a href=\"https:\/\/www.fundacionrafanadal.quelinka.es\/en\/proyecto-centro-fundacion-rafa-nadal.asp\" target=\"_blank\" rel=\"noreferrer noopener\">Rafa Nadal Foundation Centers in Palma<\/a>&nbsp;<a href=\"https:\/\/www.fundacionrafanadal.quelinka.es\/en\/proyecto-centro-fundacion-rafa-nadal-valencia.asp\" target=\"_blank\" rel=\"noreferrer noopener\">and Valencia<\/a>. This year, the activity program has been designed to meet the health guidelines and the emotional and physical needs of children and young who will participate.<\/p>\n\n\n\n<p>We are presenting a comprehensive program in which children can both enjoy and learn through all kinds of recreational, cultural, educational and sports activities, which will also be adapted to the different maturation levels as well as to the children\u2019s diverse tastes and interests, so they can feel involved while interacting and sharing experiences with other children of the same age.<\/p>\n\n\n\n<p>This year, the activities in the Rafa Nadal Foundation Center in Palma will be focused on working on resilience, through activities and games that will benefit the individual and group well-being of the children. The common thread is the idea of \u201csmile time\u201d, used to encourage and focus attention on the smile. Additionally, a space of academic support has been included to compensate for the possible educational disadvantages and for preventing school dropout and failure next year.<\/p>\n\n\n\n<p>The Summer School is the means by which we can attend the need to reconcile family and work life during the holidays as well as offering an appealing choice of healthy leisure for the vulnerable children who are assisted in our centers. This year, 120 children in Palma and 40 in Valencia will participate in the summer program.<\/p>\n\n\n\n<figure class=\"wp-block-gallery alignwide has-nested-images columns-default is-cropped wp-block-gallery-1 is-layout-flex wp-block-gallery-is-layout-flex\">\n<figure class=\"wp-block-image size-large\"><img loading=\"lazy\" decoding=\"async\" width=\"900\" height=\"675\" data-id=\"9367\" src=\"https:\/\/www.fundacionrafanadal.quelinka.es\/wp-content\/uploads\/2022\/06\/escuela-verano-2020-1.jpg\" alt=\"\" class=\"wp-image-9367\" srcset=\"https:\/\/fundacionrafanadal.quelinka.es\/wp-content\/uploads\/2022\/06\/escuela-verano-2020-1.jpg 900w, https:\/\/fundacionrafanadal.quelinka.es\/wp-content\/uploads\/2022\/06\/escuela-verano-2020-1-300x225.jpg 300w, https:\/\/fundacionrafanadal.quelinka.es\/wp-content\/uploads\/2022\/06\/escuela-verano-2020-1-768x576.jpg 768w\" sizes=\"auto, (max-width: 900px) 100vw, 900px\" \/><\/figure>\n\n\n\n<figure class=\"wp-block-image size-large\"><img loading=\"lazy\" decoding=\"async\" width=\"900\" height=\"675\" data-id=\"9368\" src=\"https:\/\/www.fundacionrafanadal.quelinka.es\/wp-content\/uploads\/2022\/06\/escuela-verano-2020-2.jpg\" alt=\"\" class=\"wp-image-9368\" srcset=\"https:\/\/fundacionrafanadal.quelinka.es\/wp-content\/uploads\/2022\/06\/escuela-verano-2020-2.jpg 900w, https:\/\/fundacionrafanadal.quelinka.es\/wp-content\/uploads\/2022\/06\/escuela-verano-2020-2-300x225.jpg 300w, https:\/\/fundacionrafanadal.quelinka.es\/wp-content\/uploads\/2022\/06\/escuela-verano-2020-2-768x576.jpg 768w\" sizes=\"auto, (max-width: 900px) 100vw, 900px\" \/><\/figure>\n<\/figure>\n<\/div><\/div>\n","protected":false},"excerpt":{"rendered":"<p>Summer School 2020 start-up at the Rafa Nadal Foundation Centers The Summer Schools have started this week at the&nbsp;Rafa Nadal Foundation Centers in Palma&nbsp;and Valencia. This year, the activity program has been designed to meet the health guidelines and the emotional and physical needs of children and young who will participate. We are presenting a [&hellip;]<\/p>\n","protected":false},"author":1,"featured_media":7516,"parent":7432,"menu_order":0,"comment_status":"closed","ping_status":"closed","template":"","meta":{"_acf_changed":false,"give_campaign_id":0,"_monsterinsights_skip_tracking":false,"_monsterinsights_sitenote_active":false,"_monsterinsights_sitenote_note":"","_monsterinsights_sitenote_category":0,"site-sidebar-layout":"default","site-content-layout":"","ast-site-content-layout":"default","site-content-style":"default","site-sidebar-style":"default","ast-global-header-display":"","ast-banner-title-visibility":"","ast-main-header-display":"","ast-hfb-above-header-display":"","ast-hfb-below-header-display":"","ast-hfb-mobile-header-display":"","site-post-title":"disabled","ast-breadcrumbs-content":"","ast-featured-img":"disabled","footer-sml-layout":"","ast-disable-related-posts":"","theme-transparent-header-meta":"","adv-header-id-meta":"","stick-header-meta":"","header-above-stick-meta":"","header-main-stick-meta":"","header-below-stick-meta":"","astra-migrate-meta-layouts":"default","ast-page-background-enabled":"default","ast-page-background-meta":{"desktop":{"background-color":"var(--ast-global-color-4)","background-image":"","background-repeat":"repeat","background-position":"center center","background-size":"auto","background-attachment":"scroll","background-type":"","background-media":"","overlay-type":"","overlay-color":"","overlay-opacity":"","overlay-gradient":""},"tablet":{"background-color":"","background-image":"","background-repeat":"repeat","background-position":"center center","background-size":"auto","background-attachment":"scroll","background-type":"","background-media":"","overlay-type":"","overlay-color":"","overlay-opacity":"","overlay-gradient":""},"mobile":{"background-color":"","background-image":"","background-repeat":"repeat","background-position":"center center","background-size":"auto","background-attachment":"scroll","background-type":"","background-media":"","overlay-type":"","overlay-color":"","overlay-opacity":"","overlay-gradient":""}},"ast-content-background-meta":{"desktop":{"background-color":"var(--ast-global-color-5)","background-image":"","background-repeat":"repeat","background-position":"center center","background-size":"auto","background-attachment":"scroll","background-type":"","background-media":"","overlay-type":"","overlay-color":"","overlay-opacity":"","overlay-gradient":""},"tablet":{"background-color":"var(--ast-global-color-5)","background-image":"","background-repeat":"repeat","background-position":"center center","background-size":"auto","background-attachment":"scroll","background-type":"","background-media":"","overlay-type":"","overlay-color":"","overlay-opacity":"","overlay-gradient":""},"mobile":{"background-color":"var(--ast-global-color-5)","background-image":"","background-repeat":"repeat","background-position":"center center","background-size":"auto","background-attachment":"scroll","background-type":"","background-media":"","overlay-type":"","overlay-color":"","overlay-opacity":"","overlay-gradient":""}},"_themeisle_gutenberg_block_has_review":false,"footnotes":""},"class_list":["post-7769","page","type-page","status-publish","has-post-thumbnail","hentry"],"acf":[],"yoast_head":"<!-- This site is optimized with the Yoast SEO plugin v26.8 - https:\/\/yoast.com\/product\/yoast-seo-wordpress\/ -->\n<title>Summer School 2020 start-up at the Rafa Nadal Foundation Centers - Fundaci\u00f3n Rafa Nadal<\/title>\n<meta name=\"robots\" content=\"noindex, follow, max-snippet:-1, max-image-preview:large, max-video-preview:-1\" \/>\n<meta property=\"og:locale\" content=\"en_US\" \/>\n<meta property=\"og:type\" content=\"article\" \/>\n<meta property=\"og:title\" content=\"Summer School 2020 start-up at the Rafa Nadal Foundation Centers - Fundaci\u00f3n Rafa Nadal\" \/>\n<meta property=\"og:description\" content=\"Summer School 2020 start-up at the Rafa Nadal Foundation Centers The Summer Schools have started this week at the&nbsp;Rafa Nadal Foundation Centers in Palma&nbsp;and Valencia. This year, the activity program has been designed to meet the health guidelines and the emotional and physical needs of children and young who will participate. We are presenting a [&hellip;]\" \/>\n<meta property=\"og:url\" content=\"https:\/\/fundacionrafanadal.quelinka.es\/en\/get-to-know\/news\/news-2020\/summer-school-2020-start-up-at-the-rafa-nadal-foundation-centers\/\" \/>\n<meta property=\"og:site_name\" content=\"Fundaci\u00f3n Rafa Nadal\" \/>\n<meta property=\"article:modified_time\" content=\"2022-06-23T13:52:04+00:00\" \/>\n<meta property=\"og:image\" content=\"https:\/\/fundacionrafanadal.quelinka.es\/wp-content\/uploads\/2022\/05\/2020-escuela-verano-th.jpg\" \/>\n\t<meta property=\"og:image:width\" content=\"300\" \/>\n\t<meta property=\"og:image:height\" content=\"199\" \/>\n\t<meta property=\"og:image:type\" content=\"image\/jpeg\" \/>\n<meta name=\"twitter:card\" content=\"summary_large_image\" \/>\n<meta name=\"twitter:label1\" content=\"Est. reading time\" \/>\n\t<meta name=\"twitter:data1\" content=\"2 minutes\" \/>\n<script type=\"application\/ld+json\" class=\"yoast-schema-graph\">{\"@context\":\"https:\/\/schema.org\",\"@graph\":[{\"@type\":\"WebPage\",\"@id\":\"https:\/\/fundacionrafanadal.quelinka.es\/en\/get-to-know\/news\/news-2020\/summer-school-2020-start-up-at-the-rafa-nadal-foundation-centers\/\",\"url\":\"https:\/\/fundacionrafanadal.quelinka.es\/en\/get-to-know\/news\/news-2020\/summer-school-2020-start-up-at-the-rafa-nadal-foundation-centers\/\",\"name\":\"Summer School 2020 start-up at the Rafa Nadal Foundation Centers - Fundaci\u00f3n Rafa Nadal\",\"isPartOf\":{\"@id\":\"https:\/\/fundacionrafanadal.quelinka.es\/en\/#website\"},\"primaryImageOfPage\":{\"@id\":\"https:\/\/fundacionrafanadal.quelinka.es\/en\/get-to-know\/news\/news-2020\/summer-school-2020-start-up-at-the-rafa-nadal-foundation-centers\/#primaryimage\"},\"image\":{\"@id\":\"https:\/\/fundacionrafanadal.quelinka.es\/en\/get-to-know\/news\/news-2020\/summer-school-2020-start-up-at-the-rafa-nadal-foundation-centers\/#primaryimage\"},\"thumbnailUrl\":\"https:\/\/fundacionrafanadal.quelinka.es\/wp-content\/uploads\/2022\/05\/2020-escuela-verano-th.jpg\",\"datePublished\":\"2020-07-08T14:08:00+00:00\",\"dateModified\":\"2022-06-23T13:52:04+00:00\",\"breadcrumb\":{\"@id\":\"https:\/\/fundacionrafanadal.quelinka.es\/en\/get-to-know\/news\/news-2020\/summer-school-2020-start-up-at-the-rafa-nadal-foundation-centers\/#breadcrumb\"},\"inLanguage\":\"en-US\",\"potentialAction\":[{\"@type\":\"ReadAction\",\"target\":[\"https:\/\/fundacionrafanadal.quelinka.es\/en\/get-to-know\/news\/news-2020\/summer-school-2020-start-up-at-the-rafa-nadal-foundation-centers\/\"]}]},{\"@type\":\"ImageObject\",\"inLanguage\":\"en-US\",\"@id\":\"https:\/\/fundacionrafanadal.quelinka.es\/en\/get-to-know\/news\/news-2020\/summer-school-2020-start-up-at-the-rafa-nadal-foundation-centers\/#primaryimage\",\"url\":\"https:\/\/fundacionrafanadal.quelinka.es\/wp-content\/uploads\/2022\/05\/2020-escuela-verano-th.jpg\",\"contentUrl\":\"https:\/\/fundacionrafanadal.quelinka.es\/wp-content\/uploads\/2022\/05\/2020-escuela-verano-th.jpg\",\"width\":300,\"height\":199},{\"@type\":\"BreadcrumbList\",\"@id\":\"https:\/\/fundacionrafanadal.quelinka.es\/en\/get-to-know\/news\/news-2020\/summer-school-2020-start-up-at-the-rafa-nadal-foundation-centers\/#breadcrumb\",\"itemListElement\":[{\"@type\":\"ListItem\",\"position\":1,\"name\":\"Portada\",\"item\":\"https:\/\/fundacionrafanadal.quelinka.es\/en\/\"},{\"@type\":\"ListItem\",\"position\":2,\"name\":\"Get to know!\",\"item\":\"https:\/\/fundacionrafanadal.quelinka.es\/en\/conocenos\/\"},{\"@type\":\"ListItem\",\"position\":3,\"name\":\"News\",\"item\":\"https:\/\/fundacionrafanadal.quelinka.es\/en\/conocenos\/noticias\/\"},{\"@type\":\"ListItem\",\"position\":4,\"name\":\"News 2020\",\"item\":\"https:\/\/fundacionrafanadal.quelinka.es\/en\/get-to-know\/news\/news-2020\/\"},{\"@type\":\"ListItem\",\"position\":5,\"name\":\"Summer School 2020 start-up at the Rafa Nadal Foundation Centers\"}]},{\"@type\":\"WebSite\",\"@id\":\"https:\/\/fundacionrafanadal.quelinka.es\/en\/#website\",\"url\":\"https:\/\/fundacionrafanadal.quelinka.es\/en\/\",\"name\":\"Fundaci\u00f3n Rafa Nadal\",\"description\":\"A trav\u00e9s del deporte y la educaci\u00f3n, promovemos la integraci\u00f3n y el desarrollo personal y social de ni\u00f1os y j\u00f3venes. En Espa\u00f1a y la India.\",\"publisher\":{\"@id\":\"https:\/\/fundacionrafanadal.quelinka.es\/en\/#organization\"},\"potentialAction\":[{\"@type\":\"SearchAction\",\"target\":{\"@type\":\"EntryPoint\",\"urlTemplate\":\"https:\/\/fundacionrafanadal.quelinka.es\/en\/?s={search_term_string}\"},\"query-input\":{\"@type\":\"PropertyValueSpecification\",\"valueRequired\":true,\"valueName\":\"search_term_string\"}}],\"inLanguage\":\"en-US\"},{\"@type\":\"Organization\",\"@id\":\"https:\/\/fundacionrafanadal.quelinka.es\/en\/#organization\",\"name\":\"Fundaci\u00f3n Rafa Nadal\",\"url\":\"https:\/\/fundacionrafanadal.quelinka.es\/en\/\",\"logo\":{\"@type\":\"ImageObject\",\"inLanguage\":\"en-US\",\"@id\":\"https:\/\/fundacionrafanadal.quelinka.es\/en\/#\/schema\/logo\/image\/\",\"url\":\"https:\/\/fundacionrafanadal.quelinka.es\/wp-content\/uploads\/2022\/09\/logo-frn-web-3.png\",\"contentUrl\":\"https:\/\/fundacionrafanadal.quelinka.es\/wp-content\/uploads\/2022\/09\/logo-frn-web-3.png\",\"width\":551,\"height\":140,\"caption\":\"Fundaci\u00f3n Rafa Nadal\"},\"image\":{\"@id\":\"https:\/\/fundacionrafanadal.quelinka.es\/en\/#\/schema\/logo\/image\/\"}}]}<\/script>\n<!-- \/ Yoast SEO plugin. -->","yoast_head_json":{"title":"Summer School 2020 start-up at the Rafa Nadal Foundation Centers - Fundaci\u00f3n Rafa Nadal","robots":{"index":"noindex","follow":"follow","max-snippet":"max-snippet:-1","max-image-preview":"max-image-preview:large","max-video-preview":"max-video-preview:-1"},"og_locale":"en_US","og_type":"article","og_title":"Summer School 2020 start-up at the Rafa Nadal Foundation Centers - Fundaci\u00f3n Rafa Nadal","og_description":"Summer School 2020 start-up at the Rafa Nadal Foundation Centers The Summer Schools have started this week at the&nbsp;Rafa Nadal Foundation Centers in Palma&nbsp;and Valencia. This year, the activity program has been designed to meet the health guidelines and the emotional and physical needs of children and young who will participate. We are presenting a [&hellip;]","og_url":"https:\/\/fundacionrafanadal.quelinka.es\/en\/get-to-know\/news\/news-2020\/summer-school-2020-start-up-at-the-rafa-nadal-foundation-centers\/","og_site_name":"Fundaci\u00f3n Rafa Nadal","article_modified_time":"2022-06-23T13:52:04+00:00","og_image":[{"width":300,"height":199,"url":"https:\/\/fundacionrafanadal.quelinka.es\/wp-content\/uploads\/2022\/05\/2020-escuela-verano-th.jpg","type":"image\/jpeg"}],"twitter_card":"summary_large_image","twitter_misc":{"Est. reading time":"2 minutes"},"schema":{"@context":"https:\/\/schema.org","@graph":[{"@type":"WebPage","@id":"https:\/\/fundacionrafanadal.quelinka.es\/en\/get-to-know\/news\/news-2020\/summer-school-2020-start-up-at-the-rafa-nadal-foundation-centers\/","url":"https:\/\/fundacionrafanadal.quelinka.es\/en\/get-to-know\/news\/news-2020\/summer-school-2020-start-up-at-the-rafa-nadal-foundation-centers\/","name":"Summer School 2020 start-up at the Rafa Nadal Foundation Centers - Fundaci\u00f3n Rafa Nadal","isPartOf":{"@id":"https:\/\/fundacionrafanadal.quelinka.es\/en\/#website"},"primaryImageOfPage":{"@id":"https:\/\/fundacionrafanadal.quelinka.es\/en\/get-to-know\/news\/news-2020\/summer-school-2020-start-up-at-the-rafa-nadal-foundation-centers\/#primaryimage"},"image":{"@id":"https:\/\/fundacionrafanadal.quelinka.es\/en\/get-to-know\/news\/news-2020\/summer-school-2020-start-up-at-the-rafa-nadal-foundation-centers\/#primaryimage"},"thumbnailUrl":"https:\/\/fundacionrafanadal.quelinka.es\/wp-content\/uploads\/2022\/05\/2020-escuela-verano-th.jpg","datePublished":"2020-07-08T14:08:00+00:00","dateModified":"2022-06-23T13:52:04+00:00","breadcrumb":{"@id":"https:\/\/fundacionrafanadal.quelinka.es\/en\/get-to-know\/news\/news-2020\/summer-school-2020-start-up-at-the-rafa-nadal-foundation-centers\/#breadcrumb"},"inLanguage":"en-US","potentialAction":[{"@type":"ReadAction","target":["https:\/\/fundacionrafanadal.quelinka.es\/en\/get-to-know\/news\/news-2020\/summer-school-2020-start-up-at-the-rafa-nadal-foundation-centers\/"]}]},{"@type":"ImageObject","inLanguage":"en-US","@id":"https:\/\/fundacionrafanadal.quelinka.es\/en\/get-to-know\/news\/news-2020\/summer-school-2020-start-up-at-the-rafa-nadal-foundation-centers\/#primaryimage","url":"https:\/\/fundacionrafanadal.quelinka.es\/wp-content\/uploads\/2022\/05\/2020-escuela-verano-th.jpg","contentUrl":"https:\/\/fundacionrafanadal.quelinka.es\/wp-content\/uploads\/2022\/05\/2020-escuela-verano-th.jpg","width":300,"height":199},{"@type":"BreadcrumbList","@id":"https:\/\/fundacionrafanadal.quelinka.es\/en\/get-to-know\/news\/news-2020\/summer-school-2020-start-up-at-the-rafa-nadal-foundation-centers\/#breadcrumb","itemListElement":[{"@type":"ListItem","position":1,"name":"Portada","item":"https:\/\/fundacionrafanadal.quelinka.es\/en\/"},{"@type":"ListItem","position":2,"name":"Get to know!","item":"https:\/\/fundacionrafanadal.quelinka.es\/en\/conocenos\/"},{"@type":"ListItem","position":3,"name":"News","item":"https:\/\/fundacionrafanadal.quelinka.es\/en\/conocenos\/noticias\/"},{"@type":"ListItem","position":4,"name":"News 2020","item":"https:\/\/fundacionrafanadal.quelinka.es\/en\/get-to-know\/news\/news-2020\/"},{"@type":"ListItem","position":5,"name":"Summer School 2020 start-up at the Rafa Nadal Foundation Centers"}]},{"@type":"WebSite","@id":"https:\/\/fundacionrafanadal.quelinka.es\/en\/#website","url":"https:\/\/fundacionrafanadal.quelinka.es\/en\/","name":"Fundaci\u00f3n Rafa Nadal","description":"A trav\u00e9s del deporte y la educaci\u00f3n, promovemos la integraci\u00f3n y el desarrollo personal y social de ni\u00f1os y j\u00f3venes. En Espa\u00f1a y la India.","publisher":{"@id":"https:\/\/fundacionrafanadal.quelinka.es\/en\/#organization"},"potentialAction":[{"@type":"SearchAction","target":{"@type":"EntryPoint","urlTemplate":"https:\/\/fundacionrafanadal.quelinka.es\/en\/?s={search_term_string}"},"query-input":{"@type":"PropertyValueSpecification","valueRequired":true,"valueName":"search_term_string"}}],"inLanguage":"en-US"},{"@type":"Organization","@id":"https:\/\/fundacionrafanadal.quelinka.es\/en\/#organization","name":"Fundaci\u00f3n Rafa Nadal","url":"https:\/\/fundacionrafanadal.quelinka.es\/en\/","logo":{"@type":"ImageObject","inLanguage":"en-US","@id":"https:\/\/fundacionrafanadal.quelinka.es\/en\/#\/schema\/logo\/image\/","url":"https:\/\/fundacionrafanadal.quelinka.es\/wp-content\/uploads\/2022\/09\/logo-frn-web-3.png","contentUrl":"https:\/\/fundacionrafanadal.quelinka.es\/wp-content\/uploads\/2022\/09\/logo-frn-web-3.png","width":551,"height":140,"caption":"Fundaci\u00f3n Rafa Nadal"},"image":{"@id":"https:\/\/fundacionrafanadal.quelinka.es\/en\/#\/schema\/logo\/image\/"}}]}},"campaignId":"","_links":{"self":[{"href":"https:\/\/fundacionrafanadal.quelinka.es\/en\/wp-json\/wp\/v2\/pages\/7769","targetHints":{"allow":["GET"]}}],"collection":[{"href":"https:\/\/fundacionrafanadal.quelinka.es\/en\/wp-json\/wp\/v2\/pages"}],"about":[{"href":"https:\/\/fundacionrafanadal.quelinka.es\/en\/wp-json\/wp\/v2\/types\/page"}],"author":[{"embeddable":true,"href":"https:\/\/fundacionrafanadal.quelinka.es\/en\/wp-json\/wp\/v2\/users\/1"}],"replies":[{"embeddable":true,"href":"https:\/\/fundacionrafanadal.quelinka.es\/en\/wp-json\/wp\/v2\/comments?post=7769"}],"version-history":[{"count":2,"href":"https:\/\/fundacionrafanadal.quelinka.es\/en\/wp-json\/wp\/v2\/pages\/7769\/revisions"}],"predecessor-version":[{"id":9486,"href":"https:\/\/fundacionrafanadal.quelinka.es\/en\/wp-json\/wp\/v2\/pages\/7769\/revisions\/9486"}],"up":[{"embeddable":true,"href":"https:\/\/fundacionrafanadal.quelinka.es\/en\/wp-json\/wp\/v2\/pages\/7432"}],"wp:featuredmedia":[{"embeddable":true,"href":"https:\/\/fundacionrafanadal.quelinka.es\/en\/wp-json\/wp\/v2\/media\/7516"}],"wp:attachment":[{"href":"https:\/\/fundacionrafanadal.quelinka.es\/en\/wp-json\/wp\/v2\/media?parent=7769"}],"curies":[{"name":"wp","href":"https:\/\/api.w.org\/{rel}","templated":true}]}}