{"id":7980,"date":"2019-09-23T07:40:00","date_gmt":"2019-09-23T07:40:00","guid":{"rendered":"https:\/\/www.fundacionrafanadal.org\/?page_id=7980"},"modified":"2022-06-23T13:21:41","modified_gmt":"2022-06-23T13:21:41","slug":"the-6th-edition-of-the-rafa-nadal-tour-by-mapfre-held-to-the-benefit-of-the-foundation-celebrates-its-final-tournament","status":"publish","type":"page","link":"https:\/\/fundacionrafanadal.quelinka.es\/en\/get-to-know\/news\/news-2019\/the-6th-edition-of-the-rafa-nadal-tour-by-mapfre-held-to-the-benefit-of-the-foundation-celebrates-its-final-tournament\/","title":{"rendered":"The 6th edition of the Rafa Nadal Tour by Mapfre, held to the benefit of the Foundation, celebrates its final tournament."},"content":{"rendered":"\n<div class=\"wp-block-media-text alignfull is-stacked-on-mobile is-image-fill has-background\" style=\"background-color:#ddac31\"><figure class=\"wp-block-media-text__media\" style=\"background-image:url(https:\/\/www.fundacionrafanadal.quelinka.es\/wp-content\/uploads\/2022\/07\/ISM08879.png);background-position:50% 50%\"><img loading=\"lazy\" decoding=\"async\" width=\"900\" height=\"399\" src=\"https:\/\/www.fundacionrafanadal.quelinka.es\/wp-content\/uploads\/2022\/07\/ISM08879.png\" alt=\"\" class=\"wp-image-9879 size-full\" srcset=\"https:\/\/fundacionrafanadal.quelinka.es\/wp-content\/uploads\/2022\/07\/ISM08879.png 900w, https:\/\/fundacionrafanadal.quelinka.es\/wp-content\/uploads\/2022\/07\/ISM08879-300x133.png 300w, https:\/\/fundacionrafanadal.quelinka.es\/wp-content\/uploads\/2022\/07\/ISM08879-768x340.png 768w\" sizes=\"auto, (max-width: 900px) 100vw, 900px\" \/><\/figure><div class=\"wp-block-media-text__content\">\n<div style=\"height:30px\" aria-hidden=\"true\" class=\"wp-block-spacer\"><\/div>\n\n\n\n<h2 class=\"has-ast-global-color-5-color has-text-color wp-block-heading\" style=\"font-size:48px\"><strong>News<\/strong><\/h2>\n\n\n\n<div style=\"height:200px\" aria-hidden=\"true\" class=\"wp-block-spacer\"><\/div>\n<\/div><\/div>\n\n\n\n<div style=\"height:100px\" aria-hidden=\"true\" class=\"wp-block-spacer\"><\/div>\n\n\n\n<div class=\"inherit-container-width wp-block-group is-layout-constrained wp-block-group-is-layout-constrained\"><div class=\"wp-block-group__inner-container\"><div class=\"wp-block-post-date\"><time datetime=\"2019-09-23T07:40:00+02:00\">23 de September de 2019<\/time><\/div>\n\n\n<h2 class=\"alignwide has-medium-font-size wp-block-heading\" style=\"text-transform:uppercase\">The 6th edition of the Rafa Nadal Tour by Mapfre, held to the benefit of the Foundation, celebrates its final tournament.<\/h2>\n\n\n\n<figure class=\"wp-block-image alignwide size-large\"><img loading=\"lazy\" decoding=\"async\" width=\"1024\" height=\"576\" src=\"https:\/\/www.fundacionrafanadal.quelinka.es\/wp-content\/uploads\/2022\/06\/2019-6a-edicion-rafanadaltour-1024x576.jpg\" alt=\"\" class=\"wp-image-7983\" srcset=\"https:\/\/fundacionrafanadal.quelinka.es\/wp-content\/uploads\/2022\/06\/2019-6a-edicion-rafanadaltour-1024x576.jpg 1024w, https:\/\/fundacionrafanadal.quelinka.es\/wp-content\/uploads\/2022\/06\/2019-6a-edicion-rafanadaltour-300x169.jpg 300w, https:\/\/fundacionrafanadal.quelinka.es\/wp-content\/uploads\/2022\/06\/2019-6a-edicion-rafanadaltour-768x432.jpg 768w, https:\/\/fundacionrafanadal.quelinka.es\/wp-content\/uploads\/2022\/06\/2019-6a-edicion-rafanadaltour-1536x864.jpg 1536w, https:\/\/fundacionrafanadal.quelinka.es\/wp-content\/uploads\/2022\/06\/2019-6a-edicion-rafanadaltour.jpg 1600w\" sizes=\"auto, (max-width: 1024px) 100vw, 1024px\" \/><\/figure>\n\n\n\n<p>The 6th edition of the&nbsp;<strong>junior tennis tournament&nbsp;<a href=\"http:\/\/www.rafanadaltour.com\/\">Rafa Nadal Tour by Mapfre<\/a><\/strong>&nbsp;came to an end after six competitions and a final master held in different Spanish cities. The final phase of the tour, the master, took place at the facilities of the&nbsp;<strong><a href=\"https:\/\/www.rafanadalacademy.com\/en\/about-us\">Rafa Nadal Academy by Movistar<\/a><\/strong>&nbsp;in Manacor (Mallorca), from the 18th to the 20th of September, where 32 qualified players participated. One aspect to be emphasized is that the Rafa Nadal Tour by Mapfre is a&nbsp;<strong>charity tournament<\/strong>, since all economic profits are allocated to fund educational and sport projects carried out by the Rafa Nadal Foundation.<\/p>\n\n\n\n<p>\u201cI hope that, besides competing, you can also enjoy along with other players, take the most of the experience and, most importantly, have a good time\u201d,&nbsp;<strong>Rafa Nadal told the participants via video message<\/strong>, since he could not be present as he is playing the Laver Cup in Geneva. \u201cI encourage you to do you your best, push yourselves and compete with the right attitude. I wish you the best of luck\u201d, added the tennis player.<\/p>\n\n\n\n<p>Additionally, during the master tournament there were other activities parallel to the competition, such as dynamic games and a gymkhana to&nbsp;<strong>promote sport values<\/strong>, which are the main focus and one of the special features of the tour. In fact, out of the 32 participants in the master, 4 of them were qualified by winning the&nbsp;<strong>Values Trophy<\/strong>&nbsp;\u2015those who acted with positive values and an appropriate attitude and behavior.<\/p>\n\n\n\n<p>Before this last tournament that took place in Mallorca, the Rafa Nadal Tour by Mapfre 2019 has been also held in Barcelona, Seville, Valldoreix (Barcelona), Valencia, Alicante and Bilbao. In all,&nbsp;<strong>1400 young players from 56 different nationalities<\/strong>&nbsp;have participated in the tour, exceeding&nbsp;<strong>2500 applications<\/strong>.<\/p>\n\n\n\n<figure class=\"wp-block-gallery alignwide has-nested-images columns-2 is-cropped wp-block-gallery-1 is-layout-flex wp-block-gallery-is-layout-flex\">\n<figure class=\"wp-block-image size-large\"><img loading=\"lazy\" decoding=\"async\" width=\"900\" height=\"675\" data-id=\"9434\" src=\"https:\/\/www.fundacionrafanadal.quelinka.es\/wp-content\/uploads\/2022\/06\/2019-6a-edicion-rafanadaltour-2-1.jpg\" alt=\"\" class=\"wp-image-9434\" srcset=\"https:\/\/fundacionrafanadal.quelinka.es\/wp-content\/uploads\/2022\/06\/2019-6a-edicion-rafanadaltour-2-1.jpg 900w, https:\/\/fundacionrafanadal.quelinka.es\/wp-content\/uploads\/2022\/06\/2019-6a-edicion-rafanadaltour-2-1-300x225.jpg 300w, https:\/\/fundacionrafanadal.quelinka.es\/wp-content\/uploads\/2022\/06\/2019-6a-edicion-rafanadaltour-2-1-768x576.jpg 768w\" sizes=\"auto, (max-width: 900px) 100vw, 900px\" \/><\/figure>\n\n\n\n<figure class=\"wp-block-image size-large\"><img loading=\"lazy\" decoding=\"async\" width=\"900\" height=\"600\" data-id=\"9436\" src=\"https:\/\/www.fundacionrafanadal.quelinka.es\/wp-content\/uploads\/2022\/06\/2019-6a-edicion-rafanadaltour-3-1.jpg\" alt=\"\" class=\"wp-image-9436\" srcset=\"https:\/\/fundacionrafanadal.quelinka.es\/wp-content\/uploads\/2022\/06\/2019-6a-edicion-rafanadaltour-3-1.jpg 900w, https:\/\/fundacionrafanadal.quelinka.es\/wp-content\/uploads\/2022\/06\/2019-6a-edicion-rafanadaltour-3-1-300x200.jpg 300w, https:\/\/fundacionrafanadal.quelinka.es\/wp-content\/uploads\/2022\/06\/2019-6a-edicion-rafanadaltour-3-1-768x512.jpg 768w\" sizes=\"auto, (max-width: 900px) 100vw, 900px\" \/><\/figure>\n\n\n\n<figure class=\"wp-block-image size-large\"><img loading=\"lazy\" decoding=\"async\" width=\"900\" height=\"600\" data-id=\"9445\" src=\"https:\/\/www.fundacionrafanadal.quelinka.es\/wp-content\/uploads\/2022\/06\/2019-6a-edicion-rafanadaltour-4-1.jpg\" alt=\"\" class=\"wp-image-9445\" srcset=\"https:\/\/fundacionrafanadal.quelinka.es\/wp-content\/uploads\/2022\/06\/2019-6a-edicion-rafanadaltour-4-1.jpg 900w, https:\/\/fundacionrafanadal.quelinka.es\/wp-content\/uploads\/2022\/06\/2019-6a-edicion-rafanadaltour-4-1-300x200.jpg 300w, https:\/\/fundacionrafanadal.quelinka.es\/wp-content\/uploads\/2022\/06\/2019-6a-edicion-rafanadaltour-4-1-768x512.jpg 768w\" sizes=\"auto, (max-width: 900px) 100vw, 900px\" \/><\/figure>\n\n\n\n<figure class=\"wp-block-image size-large\"><img loading=\"lazy\" decoding=\"async\" width=\"900\" height=\"600\" data-id=\"9441\" src=\"https:\/\/www.fundacionrafanadal.quelinka.es\/wp-content\/uploads\/2022\/06\/2019-6a-edicion-rafanadaltour-5-1.jpg\" alt=\"\" class=\"wp-image-9441\" srcset=\"https:\/\/fundacionrafanadal.quelinka.es\/wp-content\/uploads\/2022\/06\/2019-6a-edicion-rafanadaltour-5-1.jpg 900w, https:\/\/fundacionrafanadal.quelinka.es\/wp-content\/uploads\/2022\/06\/2019-6a-edicion-rafanadaltour-5-1-300x200.jpg 300w, https:\/\/fundacionrafanadal.quelinka.es\/wp-content\/uploads\/2022\/06\/2019-6a-edicion-rafanadaltour-5-1-768x512.jpg 768w\" sizes=\"auto, (max-width: 900px) 100vw, 900px\" \/><\/figure>\n\n\n\n<figure class=\"wp-block-image size-large\"><img loading=\"lazy\" decoding=\"async\" width=\"900\" height=\"598\" data-id=\"9435\" src=\"https:\/\/www.fundacionrafanadal.quelinka.es\/wp-content\/uploads\/2022\/06\/2019-6a-edicion-rafanadaltour-1-1.jpg\" alt=\"\" class=\"wp-image-9435\" srcset=\"https:\/\/fundacionrafanadal.quelinka.es\/wp-content\/uploads\/2022\/06\/2019-6a-edicion-rafanadaltour-1-1.jpg 900w, https:\/\/fundacionrafanadal.quelinka.es\/wp-content\/uploads\/2022\/06\/2019-6a-edicion-rafanadaltour-1-1-300x199.jpg 300w, https:\/\/fundacionrafanadal.quelinka.es\/wp-content\/uploads\/2022\/06\/2019-6a-edicion-rafanadaltour-1-1-768x510.jpg 768w\" sizes=\"auto, (max-width: 900px) 100vw, 900px\" \/><\/figure>\n<\/figure>\n<\/div><\/div>\n","protected":false},"excerpt":{"rendered":"<p>The 6th edition of the Rafa Nadal Tour by Mapfre, held to the benefit of the Foundation, celebrates its final tournament. The 6th edition of the&nbsp;junior tennis tournament&nbsp;Rafa Nadal Tour by Mapfre&nbsp;came to an end after six competitions and a final master held in different Spanish cities. The final phase of the tour, the master, [&hellip;]<\/p>\n","protected":false},"author":1,"featured_media":7986,"parent":7829,"menu_order":0,"comment_status":"closed","ping_status":"closed","template":"","meta":{"_acf_changed":false,"give_campaign_id":0,"_monsterinsights_skip_tracking":false,"_monsterinsights_sitenote_active":false,"_monsterinsights_sitenote_note":"","_monsterinsights_sitenote_category":0,"site-sidebar-layout":"default","site-content-layout":"","ast-site-content-layout":"default","site-content-style":"default","site-sidebar-style":"default","ast-global-header-display":"","ast-banner-title-visibility":"","ast-main-header-display":"","ast-hfb-above-header-display":"","ast-hfb-below-header-display":"","ast-hfb-mobile-header-display":"","site-post-title":"disabled","ast-breadcrumbs-content":"","ast-featured-img":"disabled","footer-sml-layout":"","ast-disable-related-posts":"","theme-transparent-header-meta":"","adv-header-id-meta":"","stick-header-meta":"","header-above-stick-meta":"","header-main-stick-meta":"","header-below-stick-meta":"","astra-migrate-meta-layouts":"default","ast-page-background-enabled":"default","ast-page-background-meta":{"desktop":{"background-color":"var(--ast-global-color-4)","background-image":"","background-repeat":"repeat","background-position":"center center","background-size":"auto","background-attachment":"scroll","background-type":"","background-media":"","overlay-type":"","overlay-color":"","overlay-opacity":"","overlay-gradient":""},"tablet":{"background-color":"","background-image":"","background-repeat":"repeat","background-position":"center center","background-size":"auto","background-attachment":"scroll","background-type":"","background-media":"","overlay-type":"","overlay-color":"","overlay-opacity":"","overlay-gradient":""},"mobile":{"background-color":"","background-image":"","background-repeat":"repeat","background-position":"center center","background-size":"auto","background-attachment":"scroll","background-type":"","background-media":"","overlay-type":"","overlay-color":"","overlay-opacity":"","overlay-gradient":""}},"ast-content-background-meta":{"desktop":{"background-color":"var(--ast-global-color-5)","background-image":"","background-repeat":"repeat","background-position":"center center","background-size":"auto","background-attachment":"scroll","background-type":"","background-media":"","overlay-type":"","overlay-color":"","overlay-opacity":"","overlay-gradient":""},"tablet":{"background-color":"var(--ast-global-color-5)","background-image":"","background-repeat":"repeat","background-position":"center center","background-size":"auto","background-attachment":"scroll","background-type":"","background-media":"","overlay-type":"","overlay-color":"","overlay-opacity":"","overlay-gradient":""},"mobile":{"background-color":"var(--ast-global-color-5)","background-image":"","background-repeat":"repeat","background-position":"center center","background-size":"auto","background-attachment":"scroll","background-type":"","background-media":"","overlay-type":"","overlay-color":"","overlay-opacity":"","overlay-gradient":""}},"_themeisle_gutenberg_block_has_review":false,"footnotes":""},"class_list":["post-7980","page","type-page","status-publish","has-post-thumbnail","hentry"],"acf":[],"yoast_head":"<!-- This site is optimized with the Yoast SEO plugin v26.8 - https:\/\/yoast.com\/product\/yoast-seo-wordpress\/ -->\n<title>The 6th edition of the Rafa Nadal Tour by Mapfre, held to the benefit of the Foundation, celebrates its final tournament. - Fundaci\u00f3n Rafa Nadal<\/title>\n<meta name=\"robots\" content=\"noindex, follow, max-snippet:-1, max-image-preview:large, max-video-preview:-1\" \/>\n<meta property=\"og:locale\" content=\"en_US\" \/>\n<meta property=\"og:type\" content=\"article\" \/>\n<meta property=\"og:title\" content=\"The 6th edition of the Rafa Nadal Tour by Mapfre, held to the benefit of the Foundation, celebrates its final tournament. - Fundaci\u00f3n Rafa Nadal\" \/>\n<meta property=\"og:description\" content=\"The 6th edition of the Rafa Nadal Tour by Mapfre, held to the benefit of the Foundation, celebrates its final tournament. The 6th edition of the&nbsp;junior tennis tournament&nbsp;Rafa Nadal Tour by Mapfre&nbsp;came to an end after six competitions and a final master held in different Spanish cities. The final phase of the tour, the master, [&hellip;]\" \/>\n<meta property=\"og:url\" content=\"https:\/\/fundacionrafanadal.quelinka.es\/en\/get-to-know\/news\/news-2019\/the-6th-edition-of-the-rafa-nadal-tour-by-mapfre-held-to-the-benefit-of-the-foundation-celebrates-its-final-tournament\/\" \/>\n<meta property=\"og:site_name\" content=\"Fundaci\u00f3n Rafa Nadal\" \/>\n<meta property=\"article:modified_time\" content=\"2022-06-23T13:21:41+00:00\" \/>\n<meta property=\"og:image\" content=\"https:\/\/fundacionrafanadal.quelinka.es\/wp-content\/uploads\/2022\/06\/2019-6a-edicion-rafanadaltour-th.jpg\" \/>\n\t<meta property=\"og:image:width\" content=\"300\" \/>\n\t<meta property=\"og:image:height\" content=\"199\" \/>\n\t<meta property=\"og:image:type\" content=\"image\/jpeg\" \/>\n<meta name=\"twitter:card\" content=\"summary_large_image\" \/>\n<meta name=\"twitter:label1\" content=\"Est. reading time\" \/>\n\t<meta name=\"twitter:data1\" content=\"3 minutes\" \/>\n<script type=\"application\/ld+json\" class=\"yoast-schema-graph\">{\"@context\":\"https:\/\/schema.org\",\"@graph\":[{\"@type\":\"WebPage\",\"@id\":\"https:\/\/fundacionrafanadal.quelinka.es\/en\/get-to-know\/news\/news-2019\/the-6th-edition-of-the-rafa-nadal-tour-by-mapfre-held-to-the-benefit-of-the-foundation-celebrates-its-final-tournament\/\",\"url\":\"https:\/\/fundacionrafanadal.quelinka.es\/en\/get-to-know\/news\/news-2019\/the-6th-edition-of-the-rafa-nadal-tour-by-mapfre-held-to-the-benefit-of-the-foundation-celebrates-its-final-tournament\/\",\"name\":\"The 6th edition of the Rafa Nadal Tour by Mapfre, held to the benefit of the Foundation, celebrates its final tournament. - Fundaci\u00f3n Rafa Nadal\",\"isPartOf\":{\"@id\":\"https:\/\/fundacionrafanadal.quelinka.es\/en\/#website\"},\"primaryImageOfPage\":{\"@id\":\"https:\/\/fundacionrafanadal.quelinka.es\/en\/get-to-know\/news\/news-2019\/the-6th-edition-of-the-rafa-nadal-tour-by-mapfre-held-to-the-benefit-of-the-foundation-celebrates-its-final-tournament\/#primaryimage\"},\"image\":{\"@id\":\"https:\/\/fundacionrafanadal.quelinka.es\/en\/get-to-know\/news\/news-2019\/the-6th-edition-of-the-rafa-nadal-tour-by-mapfre-held-to-the-benefit-of-the-foundation-celebrates-its-final-tournament\/#primaryimage\"},\"thumbnailUrl\":\"https:\/\/fundacionrafanadal.quelinka.es\/wp-content\/uploads\/2022\/06\/2019-6a-edicion-rafanadaltour-th.jpg\",\"datePublished\":\"2019-09-23T07:40:00+00:00\",\"dateModified\":\"2022-06-23T13:21:41+00:00\",\"breadcrumb\":{\"@id\":\"https:\/\/fundacionrafanadal.quelinka.es\/en\/get-to-know\/news\/news-2019\/the-6th-edition-of-the-rafa-nadal-tour-by-mapfre-held-to-the-benefit-of-the-foundation-celebrates-its-final-tournament\/#breadcrumb\"},\"inLanguage\":\"en-US\",\"potentialAction\":[{\"@type\":\"ReadAction\",\"target\":[\"https:\/\/fundacionrafanadal.quelinka.es\/en\/get-to-know\/news\/news-2019\/the-6th-edition-of-the-rafa-nadal-tour-by-mapfre-held-to-the-benefit-of-the-foundation-celebrates-its-final-tournament\/\"]}]},{\"@type\":\"ImageObject\",\"inLanguage\":\"en-US\",\"@id\":\"https:\/\/fundacionrafanadal.quelinka.es\/en\/get-to-know\/news\/news-2019\/the-6th-edition-of-the-rafa-nadal-tour-by-mapfre-held-to-the-benefit-of-the-foundation-celebrates-its-final-tournament\/#primaryimage\",\"url\":\"https:\/\/fundacionrafanadal.quelinka.es\/wp-content\/uploads\/2022\/06\/2019-6a-edicion-rafanadaltour-th.jpg\",\"contentUrl\":\"https:\/\/fundacionrafanadal.quelinka.es\/wp-content\/uploads\/2022\/06\/2019-6a-edicion-rafanadaltour-th.jpg\",\"width\":300,\"height\":199},{\"@type\":\"BreadcrumbList\",\"@id\":\"https:\/\/fundacionrafanadal.quelinka.es\/en\/get-to-know\/news\/news-2019\/the-6th-edition-of-the-rafa-nadal-tour-by-mapfre-held-to-the-benefit-of-the-foundation-celebrates-its-final-tournament\/#breadcrumb\",\"itemListElement\":[{\"@type\":\"ListItem\",\"position\":1,\"name\":\"Portada\",\"item\":\"https:\/\/fundacionrafanadal.quelinka.es\/en\/\"},{\"@type\":\"ListItem\",\"position\":2,\"name\":\"Get to know!\",\"item\":\"https:\/\/fundacionrafanadal.quelinka.es\/en\/conocenos\/\"},{\"@type\":\"ListItem\",\"position\":3,\"name\":\"News\",\"item\":\"https:\/\/fundacionrafanadal.quelinka.es\/en\/conocenos\/noticias\/\"},{\"@type\":\"ListItem\",\"position\":4,\"name\":\"News 2019\",\"item\":\"https:\/\/fundacionrafanadal.quelinka.es\/en\/conocenos\/noticias\/noticias-2019\/\"},{\"@type\":\"ListItem\",\"position\":5,\"name\":\"The 6th edition of the Rafa Nadal Tour by Mapfre, held to the benefit of the Foundation, celebrates its final tournament.\"}]},{\"@type\":\"WebSite\",\"@id\":\"https:\/\/fundacionrafanadal.quelinka.es\/en\/#website\",\"url\":\"https:\/\/fundacionrafanadal.quelinka.es\/en\/\",\"name\":\"Fundaci\u00f3n Rafa Nadal\",\"description\":\"A trav\u00e9s del deporte y la educaci\u00f3n, promovemos la integraci\u00f3n y el desarrollo personal y social de ni\u00f1os y j\u00f3venes. En Espa\u00f1a y la India.\",\"publisher\":{\"@id\":\"https:\/\/fundacionrafanadal.quelinka.es\/en\/#organization\"},\"potentialAction\":[{\"@type\":\"SearchAction\",\"target\":{\"@type\":\"EntryPoint\",\"urlTemplate\":\"https:\/\/fundacionrafanadal.quelinka.es\/en\/?s={search_term_string}\"},\"query-input\":{\"@type\":\"PropertyValueSpecification\",\"valueRequired\":true,\"valueName\":\"search_term_string\"}}],\"inLanguage\":\"en-US\"},{\"@type\":\"Organization\",\"@id\":\"https:\/\/fundacionrafanadal.quelinka.es\/en\/#organization\",\"name\":\"Fundaci\u00f3n Rafa Nadal\",\"url\":\"https:\/\/fundacionrafanadal.quelinka.es\/en\/\",\"logo\":{\"@type\":\"ImageObject\",\"inLanguage\":\"en-US\",\"@id\":\"https:\/\/fundacionrafanadal.quelinka.es\/en\/#\/schema\/logo\/image\/\",\"url\":\"https:\/\/fundacionrafanadal.quelinka.es\/wp-content\/uploads\/2022\/09\/logo-frn-web-3.png\",\"contentUrl\":\"https:\/\/fundacionrafanadal.quelinka.es\/wp-content\/uploads\/2022\/09\/logo-frn-web-3.png\",\"width\":551,\"height\":140,\"caption\":\"Fundaci\u00f3n Rafa Nadal\"},\"image\":{\"@id\":\"https:\/\/fundacionrafanadal.quelinka.es\/en\/#\/schema\/logo\/image\/\"}}]}<\/script>\n<!-- \/ Yoast SEO plugin. -->","yoast_head_json":{"title":"The 6th edition of the Rafa Nadal Tour by Mapfre, held to the benefit of the Foundation, celebrates its final tournament. - Fundaci\u00f3n Rafa Nadal","robots":{"index":"noindex","follow":"follow","max-snippet":"max-snippet:-1","max-image-preview":"max-image-preview:large","max-video-preview":"max-video-preview:-1"},"og_locale":"en_US","og_type":"article","og_title":"The 6th edition of the Rafa Nadal Tour by Mapfre, held to the benefit of the Foundation, celebrates its final tournament. - Fundaci\u00f3n Rafa Nadal","og_description":"The 6th edition of the Rafa Nadal Tour by Mapfre, held to the benefit of the Foundation, celebrates its final tournament. The 6th edition of the&nbsp;junior tennis tournament&nbsp;Rafa Nadal Tour by Mapfre&nbsp;came to an end after six competitions and a final master held in different Spanish cities. The final phase of the tour, the master, [&hellip;]","og_url":"https:\/\/fundacionrafanadal.quelinka.es\/en\/get-to-know\/news\/news-2019\/the-6th-edition-of-the-rafa-nadal-tour-by-mapfre-held-to-the-benefit-of-the-foundation-celebrates-its-final-tournament\/","og_site_name":"Fundaci\u00f3n Rafa Nadal","article_modified_time":"2022-06-23T13:21:41+00:00","og_image":[{"width":300,"height":199,"url":"https:\/\/fundacionrafanadal.quelinka.es\/wp-content\/uploads\/2022\/06\/2019-6a-edicion-rafanadaltour-th.jpg","type":"image\/jpeg"}],"twitter_card":"summary_large_image","twitter_misc":{"Est. reading time":"3 minutes"},"schema":{"@context":"https:\/\/schema.org","@graph":[{"@type":"WebPage","@id":"https:\/\/fundacionrafanadal.quelinka.es\/en\/get-to-know\/news\/news-2019\/the-6th-edition-of-the-rafa-nadal-tour-by-mapfre-held-to-the-benefit-of-the-foundation-celebrates-its-final-tournament\/","url":"https:\/\/fundacionrafanadal.quelinka.es\/en\/get-to-know\/news\/news-2019\/the-6th-edition-of-the-rafa-nadal-tour-by-mapfre-held-to-the-benefit-of-the-foundation-celebrates-its-final-tournament\/","name":"The 6th edition of the Rafa Nadal Tour by Mapfre, held to the benefit of the Foundation, celebrates its final tournament. - Fundaci\u00f3n Rafa Nadal","isPartOf":{"@id":"https:\/\/fundacionrafanadal.quelinka.es\/en\/#website"},"primaryImageOfPage":{"@id":"https:\/\/fundacionrafanadal.quelinka.es\/en\/get-to-know\/news\/news-2019\/the-6th-edition-of-the-rafa-nadal-tour-by-mapfre-held-to-the-benefit-of-the-foundation-celebrates-its-final-tournament\/#primaryimage"},"image":{"@id":"https:\/\/fundacionrafanadal.quelinka.es\/en\/get-to-know\/news\/news-2019\/the-6th-edition-of-the-rafa-nadal-tour-by-mapfre-held-to-the-benefit-of-the-foundation-celebrates-its-final-tournament\/#primaryimage"},"thumbnailUrl":"https:\/\/fundacionrafanadal.quelinka.es\/wp-content\/uploads\/2022\/06\/2019-6a-edicion-rafanadaltour-th.jpg","datePublished":"2019-09-23T07:40:00+00:00","dateModified":"2022-06-23T13:21:41+00:00","breadcrumb":{"@id":"https:\/\/fundacionrafanadal.quelinka.es\/en\/get-to-know\/news\/news-2019\/the-6th-edition-of-the-rafa-nadal-tour-by-mapfre-held-to-the-benefit-of-the-foundation-celebrates-its-final-tournament\/#breadcrumb"},"inLanguage":"en-US","potentialAction":[{"@type":"ReadAction","target":["https:\/\/fundacionrafanadal.quelinka.es\/en\/get-to-know\/news\/news-2019\/the-6th-edition-of-the-rafa-nadal-tour-by-mapfre-held-to-the-benefit-of-the-foundation-celebrates-its-final-tournament\/"]}]},{"@type":"ImageObject","inLanguage":"en-US","@id":"https:\/\/fundacionrafanadal.quelinka.es\/en\/get-to-know\/news\/news-2019\/the-6th-edition-of-the-rafa-nadal-tour-by-mapfre-held-to-the-benefit-of-the-foundation-celebrates-its-final-tournament\/#primaryimage","url":"https:\/\/fundacionrafanadal.quelinka.es\/wp-content\/uploads\/2022\/06\/2019-6a-edicion-rafanadaltour-th.jpg","contentUrl":"https:\/\/fundacionrafanadal.quelinka.es\/wp-content\/uploads\/2022\/06\/2019-6a-edicion-rafanadaltour-th.jpg","width":300,"height":199},{"@type":"BreadcrumbList","@id":"https:\/\/fundacionrafanadal.quelinka.es\/en\/get-to-know\/news\/news-2019\/the-6th-edition-of-the-rafa-nadal-tour-by-mapfre-held-to-the-benefit-of-the-foundation-celebrates-its-final-tournament\/#breadcrumb","itemListElement":[{"@type":"ListItem","position":1,"name":"Portada","item":"https:\/\/fundacionrafanadal.quelinka.es\/en\/"},{"@type":"ListItem","position":2,"name":"Get to know!","item":"https:\/\/fundacionrafanadal.quelinka.es\/en\/conocenos\/"},{"@type":"ListItem","position":3,"name":"News","item":"https:\/\/fundacionrafanadal.quelinka.es\/en\/conocenos\/noticias\/"},{"@type":"ListItem","position":4,"name":"News 2019","item":"https:\/\/fundacionrafanadal.quelinka.es\/en\/conocenos\/noticias\/noticias-2019\/"},{"@type":"ListItem","position":5,"name":"The 6th edition of the Rafa Nadal Tour by Mapfre, held to the benefit of the Foundation, celebrates its final tournament."}]},{"@type":"WebSite","@id":"https:\/\/fundacionrafanadal.quelinka.es\/en\/#website","url":"https:\/\/fundacionrafanadal.quelinka.es\/en\/","name":"Fundaci\u00f3n Rafa Nadal","description":"A trav\u00e9s del deporte y la educaci\u00f3n, promovemos la integraci\u00f3n y el desarrollo personal y social de ni\u00f1os y j\u00f3venes. En Espa\u00f1a y la India.","publisher":{"@id":"https:\/\/fundacionrafanadal.quelinka.es\/en\/#organization"},"potentialAction":[{"@type":"SearchAction","target":{"@type":"EntryPoint","urlTemplate":"https:\/\/fundacionrafanadal.quelinka.es\/en\/?s={search_term_string}"},"query-input":{"@type":"PropertyValueSpecification","valueRequired":true,"valueName":"search_term_string"}}],"inLanguage":"en-US"},{"@type":"Organization","@id":"https:\/\/fundacionrafanadal.quelinka.es\/en\/#organization","name":"Fundaci\u00f3n Rafa Nadal","url":"https:\/\/fundacionrafanadal.quelinka.es\/en\/","logo":{"@type":"ImageObject","inLanguage":"en-US","@id":"https:\/\/fundacionrafanadal.quelinka.es\/en\/#\/schema\/logo\/image\/","url":"https:\/\/fundacionrafanadal.quelinka.es\/wp-content\/uploads\/2022\/09\/logo-frn-web-3.png","contentUrl":"https:\/\/fundacionrafanadal.quelinka.es\/wp-content\/uploads\/2022\/09\/logo-frn-web-3.png","width":551,"height":140,"caption":"Fundaci\u00f3n Rafa Nadal"},"image":{"@id":"https:\/\/fundacionrafanadal.quelinka.es\/en\/#\/schema\/logo\/image\/"}}]}},"campaignId":"","_links":{"self":[{"href":"https:\/\/fundacionrafanadal.quelinka.es\/en\/wp-json\/wp\/v2\/pages\/7980","targetHints":{"allow":["GET"]}}],"collection":[{"href":"https:\/\/fundacionrafanadal.quelinka.es\/en\/wp-json\/wp\/v2\/pages"}],"about":[{"href":"https:\/\/fundacionrafanadal.quelinka.es\/en\/wp-json\/wp\/v2\/types\/page"}],"author":[{"embeddable":true,"href":"https:\/\/fundacionrafanadal.quelinka.es\/en\/wp-json\/wp\/v2\/users\/1"}],"replies":[{"embeddable":true,"href":"https:\/\/fundacionrafanadal.quelinka.es\/en\/wp-json\/wp\/v2\/comments?post=7980"}],"version-history":[{"count":2,"href":"https:\/\/fundacionrafanadal.quelinka.es\/en\/wp-json\/wp\/v2\/pages\/7980\/revisions"}],"predecessor-version":[{"id":9452,"href":"https:\/\/fundacionrafanadal.quelinka.es\/en\/wp-json\/wp\/v2\/pages\/7980\/revisions\/9452"}],"up":[{"embeddable":true,"href":"https:\/\/fundacionrafanadal.quelinka.es\/en\/wp-json\/wp\/v2\/pages\/7829"}],"wp:featuredmedia":[{"embeddable":true,"href":"https:\/\/fundacionrafanadal.quelinka.es\/en\/wp-json\/wp\/v2\/media\/7986"}],"wp:attachment":[{"href":"https:\/\/fundacionrafanadal.quelinka.es\/en\/wp-json\/wp\/v2\/media?parent=7980"}],"curies":[{"name":"wp","href":"https:\/\/api.w.org\/{rel}","templated":true}]}}