{"id":8489,"date":"2017-04-05T15:49:00","date_gmt":"2017-04-05T15:49:00","guid":{"rendered":"https:\/\/www.fundacionrafanadal.org\/?page_id=8489"},"modified":"2022-06-01T15:57:10","modified_gmt":"2022-06-01T15:57:10","slug":"sport-time-joins-the-lets-move-challenge-in-aid-of-the-rafa-nadal-foundation","status":"publish","type":"page","link":"https:\/\/fundacionrafanadal.quelinka.es\/en\/get-to-know\/news\/news-2017\/sport-time-joins-the-lets-move-challenge-in-aid-of-the-rafa-nadal-foundation\/","title":{"rendered":"Sport Time joins the \u2018LET\u2019S MOVE\u2019 challenge in aid of the Rafa Nadal Foundation"},"content":{"rendered":"\n<div class=\"wp-block-media-text alignfull is-stacked-on-mobile is-image-fill has-background\" style=\"background-color:#ddac31\"><figure class=\"wp-block-media-text__media\" style=\"background-image:url(https:\/\/www.fundacionrafanadal.quelinka.es\/wp-content\/uploads\/2022\/07\/ISM08879.png);background-position:50% 50%\"><img loading=\"lazy\" decoding=\"async\" width=\"900\" height=\"399\" src=\"https:\/\/www.fundacionrafanadal.quelinka.es\/wp-content\/uploads\/2022\/07\/ISM08879.png\" alt=\"\" class=\"wp-image-9879 size-full\" srcset=\"https:\/\/fundacionrafanadal.quelinka.es\/wp-content\/uploads\/2022\/07\/ISM08879.png 900w, https:\/\/fundacionrafanadal.quelinka.es\/wp-content\/uploads\/2022\/07\/ISM08879-300x133.png 300w, https:\/\/fundacionrafanadal.quelinka.es\/wp-content\/uploads\/2022\/07\/ISM08879-768x340.png 768w\" sizes=\"auto, (max-width: 900px) 100vw, 900px\" \/><\/figure><div class=\"wp-block-media-text__content\">\n<div style=\"height:30px\" aria-hidden=\"true\" class=\"wp-block-spacer\"><\/div>\n\n\n\n<h2 class=\"has-ast-global-color-5-color has-text-color wp-block-heading\" style=\"font-size:48px\"><strong>News<\/strong><\/h2>\n\n\n\n<div style=\"height:200px\" aria-hidden=\"true\" class=\"wp-block-spacer\"><\/div>\n<\/div><\/div>\n\n\n\n<div style=\"height:100px\" aria-hidden=\"true\" class=\"wp-block-spacer\"><\/div>\n\n\n\n<div class=\"inherit-container-width wp-block-group is-layout-constrained wp-block-group-is-layout-constrained\"><div class=\"wp-block-group__inner-container\"><div class=\"wp-block-post-date\"><time datetime=\"2017-04-05T15:49:00+02:00\">5 de April de 2017<\/time><\/div>\n\n\n<h2 class=\"alignwide has-medium-font-size wp-block-heading\" style=\"text-transform:uppercase\"><strong>Sport Time joins the \u2018LET\u2019S MOVE\u2019 challenge in aid of the Rafa Nadal Foundation<\/strong><\/h2>\n\n\n\n<figure class=\"wp-block-image alignwide size-large\"><img loading=\"lazy\" decoding=\"async\" width=\"1024\" height=\"640\" src=\"https:\/\/www.fundacionrafanadal.quelinka.es\/wp-content\/uploads\/2022\/06\/fundacion-rafa-nadal-sport-time-lets-move-2017-1024x640.jpg\" alt=\"\" class=\"wp-image-8492\" srcset=\"https:\/\/fundacionrafanadal.quelinka.es\/wp-content\/uploads\/2022\/06\/fundacion-rafa-nadal-sport-time-lets-move-2017-1024x640.jpg 1024w, https:\/\/fundacionrafanadal.quelinka.es\/wp-content\/uploads\/2022\/06\/fundacion-rafa-nadal-sport-time-lets-move-2017-300x188.jpg 300w, https:\/\/fundacionrafanadal.quelinka.es\/wp-content\/uploads\/2022\/06\/fundacion-rafa-nadal-sport-time-lets-move-2017-768x480.jpg 768w, https:\/\/fundacionrafanadal.quelinka.es\/wp-content\/uploads\/2022\/06\/fundacion-rafa-nadal-sport-time-lets-move-2017-1536x960.jpg 1536w, https:\/\/fundacionrafanadal.quelinka.es\/wp-content\/uploads\/2022\/06\/fundacion-rafa-nadal-sport-time-lets-move-2017.jpg 1600w\" sizes=\"auto, (max-width: 1024px) 100vw, 1024px\" \/><\/figure>\n\n\n\n<p>During the month of March, the Sport Time fitness centre, located at the&nbsp;<a href=\"https:\/\/rnsportscentre.com\/\" target=\"_blank\" rel=\"noreferrer noopener\"><strong>Rafa Nadal Sports Centre<\/strong><\/a>, took part in the \u2018Let\u2019s Move for a Better World\u2019 challenge, organised by sporting equipment firm Technogym with the dual aims of helping the Rafa Nadal Foundation and promoting a healthy lifestyle.<\/p>\n\n\n\n<p>The members of the fitness centre worked together to achieve the biggest possible donation of \u2018moves\u2019 (a unit of movement measurement used by Techonogym) in aid of the Rafa Nadal Foundation, finally winning the second prize. Thanks to them, the Foundation will receive sports equipment valued at \u20ac3,000.<\/p>\n<\/div><\/div>\n","protected":false},"excerpt":{"rendered":"<p>Sport Time joins the \u2018LET\u2019S MOVE\u2019 challenge in aid of the Rafa Nadal Foundation During the month of March, the Sport Time fitness centre, located at the&nbsp;Rafa Nadal Sports Centre, took part in the \u2018Let\u2019s Move for a Better World\u2019 challenge, organised by sporting equipment firm Technogym with the dual aims of helping the Rafa [&hellip;]<\/p>\n","protected":false},"author":1,"featured_media":8495,"parent":8345,"menu_order":0,"comment_status":"closed","ping_status":"closed","template":"","meta":{"_acf_changed":false,"give_campaign_id":0,"_monsterinsights_skip_tracking":false,"_monsterinsights_sitenote_active":false,"_monsterinsights_sitenote_note":"","_monsterinsights_sitenote_category":0,"site-sidebar-layout":"default","site-content-layout":"","ast-site-content-layout":"default","site-content-style":"default","site-sidebar-style":"default","ast-global-header-display":"","ast-banner-title-visibility":"","ast-main-header-display":"","ast-hfb-above-header-display":"","ast-hfb-below-header-display":"","ast-hfb-mobile-header-display":"","site-post-title":"disabled","ast-breadcrumbs-content":"","ast-featured-img":"disabled","footer-sml-layout":"","ast-disable-related-posts":"","theme-transparent-header-meta":"","adv-header-id-meta":"","stick-header-meta":"","header-above-stick-meta":"","header-main-stick-meta":"","header-below-stick-meta":"","astra-migrate-meta-layouts":"default","ast-page-background-enabled":"default","ast-page-background-meta":{"desktop":{"background-color":"var(--ast-global-color-4)","background-image":"","background-repeat":"repeat","background-position":"center center","background-size":"auto","background-attachment":"scroll","background-type":"","background-media":"","overlay-type":"","overlay-color":"","overlay-opacity":"","overlay-gradient":""},"tablet":{"background-color":"","background-image":"","background-repeat":"repeat","background-position":"center center","background-size":"auto","background-attachment":"scroll","background-type":"","background-media":"","overlay-type":"","overlay-color":"","overlay-opacity":"","overlay-gradient":""},"mobile":{"background-color":"","background-image":"","background-repeat":"repeat","background-position":"center center","background-size":"auto","background-attachment":"scroll","background-type":"","background-media":"","overlay-type":"","overlay-color":"","overlay-opacity":"","overlay-gradient":""}},"ast-content-background-meta":{"desktop":{"background-color":"var(--ast-global-color-5)","background-image":"","background-repeat":"repeat","background-position":"center center","background-size":"auto","background-attachment":"scroll","background-type":"","background-media":"","overlay-type":"","overlay-color":"","overlay-opacity":"","overlay-gradient":""},"tablet":{"background-color":"var(--ast-global-color-5)","background-image":"","background-repeat":"repeat","background-position":"center center","background-size":"auto","background-attachment":"scroll","background-type":"","background-media":"","overlay-type":"","overlay-color":"","overlay-opacity":"","overlay-gradient":""},"mobile":{"background-color":"var(--ast-global-color-5)","background-image":"","background-repeat":"repeat","background-position":"center center","background-size":"auto","background-attachment":"scroll","background-type":"","background-media":"","overlay-type":"","overlay-color":"","overlay-opacity":"","overlay-gradient":""}},"_themeisle_gutenberg_block_has_review":false,"footnotes":""},"class_list":["post-8489","page","type-page","status-publish","has-post-thumbnail","hentry"],"acf":[],"yoast_head":"<!-- This site is optimized with the Yoast SEO plugin v26.8 - https:\/\/yoast.com\/product\/yoast-seo-wordpress\/ -->\n<title>Sport Time joins the \u2018LET\u2019S MOVE\u2019 challenge in aid of the Rafa Nadal Foundation - Fundaci\u00f3n Rafa Nadal<\/title>\n<meta name=\"robots\" content=\"noindex, follow, max-snippet:-1, max-image-preview:large, max-video-preview:-1\" \/>\n<meta property=\"og:locale\" content=\"en_US\" \/>\n<meta property=\"og:type\" content=\"article\" \/>\n<meta property=\"og:title\" content=\"Sport Time joins the \u2018LET\u2019S MOVE\u2019 challenge in aid of the Rafa Nadal Foundation - Fundaci\u00f3n Rafa Nadal\" \/>\n<meta property=\"og:description\" content=\"Sport Time joins the \u2018LET\u2019S MOVE\u2019 challenge in aid of the Rafa Nadal Foundation During the month of March, the Sport Time fitness centre, located at the&nbsp;Rafa Nadal Sports Centre, took part in the \u2018Let\u2019s Move for a Better World\u2019 challenge, organised by sporting equipment firm Technogym with the dual aims of helping the Rafa [&hellip;]\" \/>\n<meta property=\"og:url\" content=\"https:\/\/fundacionrafanadal.quelinka.es\/en\/get-to-know\/news\/news-2017\/sport-time-joins-the-lets-move-challenge-in-aid-of-the-rafa-nadal-foundation\/\" \/>\n<meta property=\"og:site_name\" content=\"Fundaci\u00f3n Rafa Nadal\" \/>\n<meta property=\"article:modified_time\" content=\"2022-06-01T15:57:10+00:00\" \/>\n<meta property=\"og:image\" content=\"https:\/\/fundacionrafanadal.quelinka.es\/wp-content\/uploads\/2022\/06\/fundacion-rafa-nadal-sport-time-lets-move-2017-th.jpg\" \/>\n\t<meta property=\"og:image:width\" content=\"300\" \/>\n\t<meta property=\"og:image:height\" content=\"199\" \/>\n\t<meta property=\"og:image:type\" content=\"image\/jpeg\" \/>\n<meta name=\"twitter:card\" content=\"summary_large_image\" \/>\n<meta name=\"twitter:label1\" content=\"Est. reading time\" \/>\n\t<meta name=\"twitter:data1\" content=\"1 minute\" \/>\n<script type=\"application\/ld+json\" class=\"yoast-schema-graph\">{\"@context\":\"https:\/\/schema.org\",\"@graph\":[{\"@type\":\"WebPage\",\"@id\":\"https:\/\/fundacionrafanadal.quelinka.es\/en\/get-to-know\/news\/news-2017\/sport-time-joins-the-lets-move-challenge-in-aid-of-the-rafa-nadal-foundation\/\",\"url\":\"https:\/\/fundacionrafanadal.quelinka.es\/en\/get-to-know\/news\/news-2017\/sport-time-joins-the-lets-move-challenge-in-aid-of-the-rafa-nadal-foundation\/\",\"name\":\"Sport Time joins the \u2018LET\u2019S MOVE\u2019 challenge in aid of the Rafa Nadal Foundation - Fundaci\u00f3n Rafa Nadal\",\"isPartOf\":{\"@id\":\"https:\/\/fundacionrafanadal.quelinka.es\/en\/#website\"},\"primaryImageOfPage\":{\"@id\":\"https:\/\/fundacionrafanadal.quelinka.es\/en\/get-to-know\/news\/news-2017\/sport-time-joins-the-lets-move-challenge-in-aid-of-the-rafa-nadal-foundation\/#primaryimage\"},\"image\":{\"@id\":\"https:\/\/fundacionrafanadal.quelinka.es\/en\/get-to-know\/news\/news-2017\/sport-time-joins-the-lets-move-challenge-in-aid-of-the-rafa-nadal-foundation\/#primaryimage\"},\"thumbnailUrl\":\"https:\/\/fundacionrafanadal.quelinka.es\/wp-content\/uploads\/2022\/06\/fundacion-rafa-nadal-sport-time-lets-move-2017-th.jpg\",\"datePublished\":\"2017-04-05T15:49:00+00:00\",\"dateModified\":\"2022-06-01T15:57:10+00:00\",\"breadcrumb\":{\"@id\":\"https:\/\/fundacionrafanadal.quelinka.es\/en\/get-to-know\/news\/news-2017\/sport-time-joins-the-lets-move-challenge-in-aid-of-the-rafa-nadal-foundation\/#breadcrumb\"},\"inLanguage\":\"en-US\",\"potentialAction\":[{\"@type\":\"ReadAction\",\"target\":[\"https:\/\/fundacionrafanadal.quelinka.es\/en\/get-to-know\/news\/news-2017\/sport-time-joins-the-lets-move-challenge-in-aid-of-the-rafa-nadal-foundation\/\"]}]},{\"@type\":\"ImageObject\",\"inLanguage\":\"en-US\",\"@id\":\"https:\/\/fundacionrafanadal.quelinka.es\/en\/get-to-know\/news\/news-2017\/sport-time-joins-the-lets-move-challenge-in-aid-of-the-rafa-nadal-foundation\/#primaryimage\",\"url\":\"https:\/\/fundacionrafanadal.quelinka.es\/wp-content\/uploads\/2022\/06\/fundacion-rafa-nadal-sport-time-lets-move-2017-th.jpg\",\"contentUrl\":\"https:\/\/fundacionrafanadal.quelinka.es\/wp-content\/uploads\/2022\/06\/fundacion-rafa-nadal-sport-time-lets-move-2017-th.jpg\",\"width\":300,\"height\":199},{\"@type\":\"BreadcrumbList\",\"@id\":\"https:\/\/fundacionrafanadal.quelinka.es\/en\/get-to-know\/news\/news-2017\/sport-time-joins-the-lets-move-challenge-in-aid-of-the-rafa-nadal-foundation\/#breadcrumb\",\"itemListElement\":[{\"@type\":\"ListItem\",\"position\":1,\"name\":\"Portada\",\"item\":\"https:\/\/fundacionrafanadal.quelinka.es\/en\/\"},{\"@type\":\"ListItem\",\"position\":2,\"name\":\"Get to know!\",\"item\":\"https:\/\/fundacionrafanadal.quelinka.es\/en\/conocenos\/\"},{\"@type\":\"ListItem\",\"position\":3,\"name\":\"News\",\"item\":\"https:\/\/fundacionrafanadal.quelinka.es\/en\/conocenos\/noticias\/\"},{\"@type\":\"ListItem\",\"position\":4,\"name\":\"News 2017\",\"item\":\"https:\/\/fundacionrafanadal.quelinka.es\/en\/get-to-know\/news\/news-2017\/\"},{\"@type\":\"ListItem\",\"position\":5,\"name\":\"Sport Time joins the \u2018LET\u2019S MOVE\u2019 challenge in aid of the Rafa Nadal Foundation\"}]},{\"@type\":\"WebSite\",\"@id\":\"https:\/\/fundacionrafanadal.quelinka.es\/en\/#website\",\"url\":\"https:\/\/fundacionrafanadal.quelinka.es\/en\/\",\"name\":\"Fundaci\u00f3n Rafa Nadal\",\"description\":\"A trav\u00e9s del deporte y la educaci\u00f3n, promovemos la integraci\u00f3n y el desarrollo personal y social de ni\u00f1os y j\u00f3venes. En Espa\u00f1a y la India.\",\"publisher\":{\"@id\":\"https:\/\/fundacionrafanadal.quelinka.es\/en\/#organization\"},\"potentialAction\":[{\"@type\":\"SearchAction\",\"target\":{\"@type\":\"EntryPoint\",\"urlTemplate\":\"https:\/\/fundacionrafanadal.quelinka.es\/en\/?s={search_term_string}\"},\"query-input\":{\"@type\":\"PropertyValueSpecification\",\"valueRequired\":true,\"valueName\":\"search_term_string\"}}],\"inLanguage\":\"en-US\"},{\"@type\":\"Organization\",\"@id\":\"https:\/\/fundacionrafanadal.quelinka.es\/en\/#organization\",\"name\":\"Fundaci\u00f3n Rafa Nadal\",\"url\":\"https:\/\/fundacionrafanadal.quelinka.es\/en\/\",\"logo\":{\"@type\":\"ImageObject\",\"inLanguage\":\"en-US\",\"@id\":\"https:\/\/fundacionrafanadal.quelinka.es\/en\/#\/schema\/logo\/image\/\",\"url\":\"https:\/\/fundacionrafanadal.quelinka.es\/wp-content\/uploads\/2022\/09\/logo-frn-web-3.png\",\"contentUrl\":\"https:\/\/fundacionrafanadal.quelinka.es\/wp-content\/uploads\/2022\/09\/logo-frn-web-3.png\",\"width\":551,\"height\":140,\"caption\":\"Fundaci\u00f3n Rafa Nadal\"},\"image\":{\"@id\":\"https:\/\/fundacionrafanadal.quelinka.es\/en\/#\/schema\/logo\/image\/\"}}]}<\/script>\n<!-- \/ Yoast SEO plugin. -->","yoast_head_json":{"title":"Sport Time joins the \u2018LET\u2019S MOVE\u2019 challenge in aid of the Rafa Nadal Foundation - Fundaci\u00f3n Rafa Nadal","robots":{"index":"noindex","follow":"follow","max-snippet":"max-snippet:-1","max-image-preview":"max-image-preview:large","max-video-preview":"max-video-preview:-1"},"og_locale":"en_US","og_type":"article","og_title":"Sport Time joins the \u2018LET\u2019S MOVE\u2019 challenge in aid of the Rafa Nadal Foundation - Fundaci\u00f3n Rafa Nadal","og_description":"Sport Time joins the \u2018LET\u2019S MOVE\u2019 challenge in aid of the Rafa Nadal Foundation During the month of March, the Sport Time fitness centre, located at the&nbsp;Rafa Nadal Sports Centre, took part in the \u2018Let\u2019s Move for a Better World\u2019 challenge, organised by sporting equipment firm Technogym with the dual aims of helping the Rafa [&hellip;]","og_url":"https:\/\/fundacionrafanadal.quelinka.es\/en\/get-to-know\/news\/news-2017\/sport-time-joins-the-lets-move-challenge-in-aid-of-the-rafa-nadal-foundation\/","og_site_name":"Fundaci\u00f3n Rafa Nadal","article_modified_time":"2022-06-01T15:57:10+00:00","og_image":[{"width":300,"height":199,"url":"https:\/\/fundacionrafanadal.quelinka.es\/wp-content\/uploads\/2022\/06\/fundacion-rafa-nadal-sport-time-lets-move-2017-th.jpg","type":"image\/jpeg"}],"twitter_card":"summary_large_image","twitter_misc":{"Est. reading time":"1 minute"},"schema":{"@context":"https:\/\/schema.org","@graph":[{"@type":"WebPage","@id":"https:\/\/fundacionrafanadal.quelinka.es\/en\/get-to-know\/news\/news-2017\/sport-time-joins-the-lets-move-challenge-in-aid-of-the-rafa-nadal-foundation\/","url":"https:\/\/fundacionrafanadal.quelinka.es\/en\/get-to-know\/news\/news-2017\/sport-time-joins-the-lets-move-challenge-in-aid-of-the-rafa-nadal-foundation\/","name":"Sport Time joins the \u2018LET\u2019S MOVE\u2019 challenge in aid of the Rafa Nadal Foundation - Fundaci\u00f3n Rafa Nadal","isPartOf":{"@id":"https:\/\/fundacionrafanadal.quelinka.es\/en\/#website"},"primaryImageOfPage":{"@id":"https:\/\/fundacionrafanadal.quelinka.es\/en\/get-to-know\/news\/news-2017\/sport-time-joins-the-lets-move-challenge-in-aid-of-the-rafa-nadal-foundation\/#primaryimage"},"image":{"@id":"https:\/\/fundacionrafanadal.quelinka.es\/en\/get-to-know\/news\/news-2017\/sport-time-joins-the-lets-move-challenge-in-aid-of-the-rafa-nadal-foundation\/#primaryimage"},"thumbnailUrl":"https:\/\/fundacionrafanadal.quelinka.es\/wp-content\/uploads\/2022\/06\/fundacion-rafa-nadal-sport-time-lets-move-2017-th.jpg","datePublished":"2017-04-05T15:49:00+00:00","dateModified":"2022-06-01T15:57:10+00:00","breadcrumb":{"@id":"https:\/\/fundacionrafanadal.quelinka.es\/en\/get-to-know\/news\/news-2017\/sport-time-joins-the-lets-move-challenge-in-aid-of-the-rafa-nadal-foundation\/#breadcrumb"},"inLanguage":"en-US","potentialAction":[{"@type":"ReadAction","target":["https:\/\/fundacionrafanadal.quelinka.es\/en\/get-to-know\/news\/news-2017\/sport-time-joins-the-lets-move-challenge-in-aid-of-the-rafa-nadal-foundation\/"]}]},{"@type":"ImageObject","inLanguage":"en-US","@id":"https:\/\/fundacionrafanadal.quelinka.es\/en\/get-to-know\/news\/news-2017\/sport-time-joins-the-lets-move-challenge-in-aid-of-the-rafa-nadal-foundation\/#primaryimage","url":"https:\/\/fundacionrafanadal.quelinka.es\/wp-content\/uploads\/2022\/06\/fundacion-rafa-nadal-sport-time-lets-move-2017-th.jpg","contentUrl":"https:\/\/fundacionrafanadal.quelinka.es\/wp-content\/uploads\/2022\/06\/fundacion-rafa-nadal-sport-time-lets-move-2017-th.jpg","width":300,"height":199},{"@type":"BreadcrumbList","@id":"https:\/\/fundacionrafanadal.quelinka.es\/en\/get-to-know\/news\/news-2017\/sport-time-joins-the-lets-move-challenge-in-aid-of-the-rafa-nadal-foundation\/#breadcrumb","itemListElement":[{"@type":"ListItem","position":1,"name":"Portada","item":"https:\/\/fundacionrafanadal.quelinka.es\/en\/"},{"@type":"ListItem","position":2,"name":"Get to know!","item":"https:\/\/fundacionrafanadal.quelinka.es\/en\/conocenos\/"},{"@type":"ListItem","position":3,"name":"News","item":"https:\/\/fundacionrafanadal.quelinka.es\/en\/conocenos\/noticias\/"},{"@type":"ListItem","position":4,"name":"News 2017","item":"https:\/\/fundacionrafanadal.quelinka.es\/en\/get-to-know\/news\/news-2017\/"},{"@type":"ListItem","position":5,"name":"Sport Time joins the \u2018LET\u2019S MOVE\u2019 challenge in aid of the Rafa Nadal Foundation"}]},{"@type":"WebSite","@id":"https:\/\/fundacionrafanadal.quelinka.es\/en\/#website","url":"https:\/\/fundacionrafanadal.quelinka.es\/en\/","name":"Fundaci\u00f3n Rafa Nadal","description":"A trav\u00e9s del deporte y la educaci\u00f3n, promovemos la integraci\u00f3n y el desarrollo personal y social de ni\u00f1os y j\u00f3venes. En Espa\u00f1a y la India.","publisher":{"@id":"https:\/\/fundacionrafanadal.quelinka.es\/en\/#organization"},"potentialAction":[{"@type":"SearchAction","target":{"@type":"EntryPoint","urlTemplate":"https:\/\/fundacionrafanadal.quelinka.es\/en\/?s={search_term_string}"},"query-input":{"@type":"PropertyValueSpecification","valueRequired":true,"valueName":"search_term_string"}}],"inLanguage":"en-US"},{"@type":"Organization","@id":"https:\/\/fundacionrafanadal.quelinka.es\/en\/#organization","name":"Fundaci\u00f3n Rafa Nadal","url":"https:\/\/fundacionrafanadal.quelinka.es\/en\/","logo":{"@type":"ImageObject","inLanguage":"en-US","@id":"https:\/\/fundacionrafanadal.quelinka.es\/en\/#\/schema\/logo\/image\/","url":"https:\/\/fundacionrafanadal.quelinka.es\/wp-content\/uploads\/2022\/09\/logo-frn-web-3.png","contentUrl":"https:\/\/fundacionrafanadal.quelinka.es\/wp-content\/uploads\/2022\/09\/logo-frn-web-3.png","width":551,"height":140,"caption":"Fundaci\u00f3n Rafa Nadal"},"image":{"@id":"https:\/\/fundacionrafanadal.quelinka.es\/en\/#\/schema\/logo\/image\/"}}]}},"campaignId":"","_links":{"self":[{"href":"https:\/\/fundacionrafanadal.quelinka.es\/en\/wp-json\/wp\/v2\/pages\/8489","targetHints":{"allow":["GET"]}}],"collection":[{"href":"https:\/\/fundacionrafanadal.quelinka.es\/en\/wp-json\/wp\/v2\/pages"}],"about":[{"href":"https:\/\/fundacionrafanadal.quelinka.es\/en\/wp-json\/wp\/v2\/types\/page"}],"author":[{"embeddable":true,"href":"https:\/\/fundacionrafanadal.quelinka.es\/en\/wp-json\/wp\/v2\/users\/1"}],"replies":[{"embeddable":true,"href":"https:\/\/fundacionrafanadal.quelinka.es\/en\/wp-json\/wp\/v2\/comments?post=8489"}],"version-history":[{"count":1,"href":"https:\/\/fundacionrafanadal.quelinka.es\/en\/wp-json\/wp\/v2\/pages\/8489\/revisions"}],"predecessor-version":[{"id":8501,"href":"https:\/\/fundacionrafanadal.quelinka.es\/en\/wp-json\/wp\/v2\/pages\/8489\/revisions\/8501"}],"up":[{"embeddable":true,"href":"https:\/\/fundacionrafanadal.quelinka.es\/en\/wp-json\/wp\/v2\/pages\/8345"}],"wp:featuredmedia":[{"embeddable":true,"href":"https:\/\/fundacionrafanadal.quelinka.es\/en\/wp-json\/wp\/v2\/media\/8495"}],"wp:attachment":[{"href":"https:\/\/fundacionrafanadal.quelinka.es\/en\/wp-json\/wp\/v2\/media?parent=8489"}],"curies":[{"name":"wp","href":"https:\/\/api.w.org\/{rel}","templated":true}]}}