{"id":9068,"date":"2022-06-15T14:47:18","date_gmt":"2022-06-15T14:47:18","guid":{"rendered":"https:\/\/www.fundacionrafanadal.org\/?page_id=9068"},"modified":"2022-06-15T14:54:11","modified_gmt":"2022-06-15T14:54:11","slug":"la-fundacion-rafa-nadal-ha-sido-galardonada-en-los-premios-rompe-el-circulo-del-alto-comisionado-contra-la-pobreza-infantil","status":"publish","type":"page","link":"https:\/\/fundacionrafanadal.quelinka.es\/en\/get-to-know\/news\/news-2022\/la-fundacion-rafa-nadal-ha-sido-galardonada-en-los-premios-rompe-el-circulo-del-alto-comisionado-contra-la-pobreza-infantil\/","title":{"rendered":"The Rafa Nadal Foundation has been awarded at the &#8216;Break the circle&#8217; awards of the High Commissioner against child poverty"},"content":{"rendered":"\n<div class=\"wp-block-media-text alignfull is-stacked-on-mobile is-image-fill has-background\" style=\"background-color:#ddac31\"><figure class=\"wp-block-media-text__media\" style=\"background-image:url(https:\/\/www.fundacionrafanadal.quelinka.es\/wp-content\/uploads\/2022\/07\/ISM08879.png);background-position:50% 50%\"><img loading=\"lazy\" decoding=\"async\" width=\"900\" height=\"399\" src=\"https:\/\/www.fundacionrafanadal.quelinka.es\/wp-content\/uploads\/2022\/07\/ISM08879.png\" alt=\"\" class=\"wp-image-9879 size-full\" srcset=\"https:\/\/fundacionrafanadal.quelinka.es\/wp-content\/uploads\/2022\/07\/ISM08879.png 900w, https:\/\/fundacionrafanadal.quelinka.es\/wp-content\/uploads\/2022\/07\/ISM08879-300x133.png 300w, https:\/\/fundacionrafanadal.quelinka.es\/wp-content\/uploads\/2022\/07\/ISM08879-768x340.png 768w\" sizes=\"auto, (max-width: 900px) 100vw, 900px\" \/><\/figure><div class=\"wp-block-media-text__content\">\n<div style=\"height:30px\" aria-hidden=\"true\" class=\"wp-block-spacer\"><\/div>\n\n\n\n<h2 class=\"has-ast-global-color-5-color has-text-color wp-block-heading\" style=\"font-size:48px\"><strong>News<\/strong><\/h2>\n\n\n\n<div style=\"height:200px\" aria-hidden=\"true\" class=\"wp-block-spacer\"><\/div>\n<\/div><\/div>\n\n\n\n<div style=\"height:50px\" aria-hidden=\"true\" class=\"wp-block-spacer\"><\/div>\n\n\n\n<div class=\"inherit-container-width wp-block-group is-layout-constrained wp-block-group-is-layout-constrained\"><div class=\"wp-block-group__inner-container\"><div class=\"wp-block-post-date\"><time datetime=\"2022-06-15T14:47:18+02:00\">15 de June de 2022<\/time><\/div>\n\n\n<h2 class=\"has-medium-font-size wp-block-heading\" style=\"text-transform:uppercase\"><strong>The Rafa Nadal Foundation has been awarded at the &#8216;Break the circle&#8217; awards of the High Commissioner against child poverty<\/strong><\/h2>\n\n\n\n<figure class=\"wp-block-image alignwide size-large\"><img loading=\"lazy\" decoding=\"async\" width=\"1024\" height=\"683\" src=\"https:\/\/www.fundacionrafanadal.quelinka.es\/wp-content\/uploads\/2022\/06\/premios-alto-comisionado-2022-1024x683.jpg\" alt=\"\" class=\"wp-image-9055\" srcset=\"https:\/\/fundacionrafanadal.quelinka.es\/wp-content\/uploads\/2022\/06\/premios-alto-comisionado-2022-1024x683.jpg 1024w, https:\/\/fundacionrafanadal.quelinka.es\/wp-content\/uploads\/2022\/06\/premios-alto-comisionado-2022-300x200.jpg 300w, https:\/\/fundacionrafanadal.quelinka.es\/wp-content\/uploads\/2022\/06\/premios-alto-comisionado-2022-768x512.jpg 768w, https:\/\/fundacionrafanadal.quelinka.es\/wp-content\/uploads\/2022\/06\/premios-alto-comisionado-2022-1536x1024.jpg 1536w, https:\/\/fundacionrafanadal.quelinka.es\/wp-content\/uploads\/2022\/06\/premios-alto-comisionado-2022.jpg 1600w\" sizes=\"auto, (max-width: 1024px) 100vw, 1024px\" \/><\/figure>\n\n\n\n<p>The&nbsp;<a href=\"https:\/\/www.comisionadopobrezainfantil.gob.es\/\">High Commissioner against Child Poverty<\/a>&nbsp;has promoted the&nbsp;<strong>&#8216;Break the Circle Awards&#8217;&nbsp;<\/strong>with which it recognizes the work of organizations, companies and people who have achieved, through their projects,&nbsp;<strong>substantial changes in the fight against child poverty in Spain.<\/strong><\/p>\n\n\n\n<p>These awards have been divided into categories and the&nbsp;<strong>Rafa Nadal Foundation<\/strong>&nbsp;has been recognized as&nbsp;<strong>the best initiative for the development of healthy lifestyles in childhood.<\/strong><\/p>\n\n\n\n<p>On Tuesday, June 14, the award ceremony was held at the Reina Sof\u00eda Museum in Madrid with the presence of&nbsp;<strong>Ernesto Gasto<\/strong>, High Commissioner and&nbsp;<strong>Jos\u00e9 Luis Escriv\u00e1<\/strong>, Minister of Inclusion, among other personalities from the sports and business world such as Almudena Cid, Marc Tur or Carolina Martinez.<\/p>\n\n\n\n<p>In this act,&nbsp;<em>Pau Gasol, the Inspiring Girls Foundation, the Fundaci\u00f3n Secretariado Gitano, the La Caixa Foundation, the Autonomous University of Barcelona, \u200b\u200bthe Banco Santander Foundation, the Garaje Association, the Municipal Council for Children and Adolescents of Logro\u00f1o and the Community of Services to Communities SL, in addition to the Rafa Nadal Foundation.<\/em><\/p>\n\n\n\n<p>It has been an event promoted with the aim of socially recognizing initiatives in the fight against child poverty, identifying best practices, highlighting the scale of the projects and their social impact, highlighting those disruptive innovations based on knowledge and identifying those people whose commitment with the fight against child poverty they position them as leaders and agents of change.<\/p>\n\n\n\n<p>The event was hosted by Marta Solano, a journalist from RTVE, and enlivened with musical performances by the likes of Conchita.<\/p>\n\n\n\n<p>Representing the Rafa Nadal Foundation, Fani Ginard, responsible for strategic alliances, attended the event, thanking the entire team for this important honorary recognition.<\/p>\n<\/div><\/div>\n","protected":false},"excerpt":{"rendered":"<p>The Rafa Nadal Foundation has been awarded at the &#8216;Break the circle&#8217; awards of the High Commissioner against child poverty The&nbsp;High Commissioner against Child Poverty&nbsp;has promoted the&nbsp;&#8216;Break the Circle Awards&#8217;&nbsp;with which it recognizes the work of organizations, companies and people who have achieved, through their projects,&nbsp;substantial changes in the fight against child poverty in Spain. [&hellip;]<\/p>\n","protected":false},"author":1,"featured_media":9048,"parent":7300,"menu_order":0,"comment_status":"closed","ping_status":"closed","template":"","meta":{"_acf_changed":false,"give_campaign_id":0,"_monsterinsights_skip_tracking":false,"_monsterinsights_sitenote_active":false,"_monsterinsights_sitenote_note":"","_monsterinsights_sitenote_category":0,"site-sidebar-layout":"default","site-content-layout":"","ast-site-content-layout":"default","site-content-style":"default","site-sidebar-style":"default","ast-global-header-display":"","ast-banner-title-visibility":"","ast-main-header-display":"","ast-hfb-above-header-display":"","ast-hfb-below-header-display":"","ast-hfb-mobile-header-display":"","site-post-title":"disabled","ast-breadcrumbs-content":"","ast-featured-img":"disabled","footer-sml-layout":"","ast-disable-related-posts":"","theme-transparent-header-meta":"","adv-header-id-meta":"","stick-header-meta":"","header-above-stick-meta":"","header-main-stick-meta":"","header-below-stick-meta":"","astra-migrate-meta-layouts":"default","ast-page-background-enabled":"default","ast-page-background-meta":{"desktop":{"background-color":"var(--ast-global-color-4)","background-image":"","background-repeat":"repeat","background-position":"center center","background-size":"auto","background-attachment":"scroll","background-type":"","background-media":"","overlay-type":"","overlay-color":"","overlay-opacity":"","overlay-gradient":""},"tablet":{"background-color":"","background-image":"","background-repeat":"repeat","background-position":"center center","background-size":"auto","background-attachment":"scroll","background-type":"","background-media":"","overlay-type":"","overlay-color":"","overlay-opacity":"","overlay-gradient":""},"mobile":{"background-color":"","background-image":"","background-repeat":"repeat","background-position":"center center","background-size":"auto","background-attachment":"scroll","background-type":"","background-media":"","overlay-type":"","overlay-color":"","overlay-opacity":"","overlay-gradient":""}},"ast-content-background-meta":{"desktop":{"background-color":"var(--ast-global-color-5)","background-image":"","background-repeat":"repeat","background-position":"center center","background-size":"auto","background-attachment":"scroll","background-type":"","background-media":"","overlay-type":"","overlay-color":"","overlay-opacity":"","overlay-gradient":""},"tablet":{"background-color":"var(--ast-global-color-5)","background-image":"","background-repeat":"repeat","background-position":"center center","background-size":"auto","background-attachment":"scroll","background-type":"","background-media":"","overlay-type":"","overlay-color":"","overlay-opacity":"","overlay-gradient":""},"mobile":{"background-color":"var(--ast-global-color-5)","background-image":"","background-repeat":"repeat","background-position":"center center","background-size":"auto","background-attachment":"scroll","background-type":"","background-media":"","overlay-type":"","overlay-color":"","overlay-opacity":"","overlay-gradient":""}},"_themeisle_gutenberg_block_has_review":false,"footnotes":""},"class_list":["post-9068","page","type-page","status-publish","has-post-thumbnail","hentry"],"acf":[],"yoast_head":"<!-- This site is optimized with the Yoast SEO plugin v26.8 - https:\/\/yoast.com\/product\/yoast-seo-wordpress\/ -->\n<title>The Rafa Nadal Foundation has been awarded at the &#039;Break the circle&#039; awards of the High Commissioner against child poverty - Fundaci\u00f3n Rafa Nadal<\/title>\n<meta name=\"robots\" content=\"noindex, follow, max-snippet:-1, max-image-preview:large, max-video-preview:-1\" \/>\n<meta property=\"og:locale\" content=\"en_US\" \/>\n<meta property=\"og:type\" content=\"article\" \/>\n<meta property=\"og:title\" content=\"The Rafa Nadal Foundation has been awarded at the &#039;Break the circle&#039; awards of the High Commissioner against child poverty - Fundaci\u00f3n Rafa Nadal\" \/>\n<meta property=\"og:description\" content=\"The Rafa Nadal Foundation has been awarded at the &#8216;Break the circle&#8217; awards of the High Commissioner against child poverty The&nbsp;High Commissioner against Child Poverty&nbsp;has promoted the&nbsp;&#8216;Break the Circle Awards&#8217;&nbsp;with which it recognizes the work of organizations, companies and people who have achieved, through their projects,&nbsp;substantial changes in the fight against child poverty in Spain. [&hellip;]\" \/>\n<meta property=\"og:url\" content=\"https:\/\/fundacionrafanadal.quelinka.es\/en\/get-to-know\/news\/news-2022\/la-fundacion-rafa-nadal-ha-sido-galardonada-en-los-premios-rompe-el-circulo-del-alto-comisionado-contra-la-pobreza-infantil\/\" \/>\n<meta property=\"og:site_name\" content=\"Fundaci\u00f3n Rafa Nadal\" \/>\n<meta property=\"article:modified_time\" content=\"2022-06-15T14:54:11+00:00\" \/>\n<meta property=\"og:image\" content=\"https:\/\/fundacionrafanadal.quelinka.es\/wp-content\/uploads\/2022\/06\/premios-alto-comisionado-2022-th.jpg\" \/>\n\t<meta property=\"og:image:width\" content=\"364\" \/>\n\t<meta property=\"og:image:height\" content=\"241\" \/>\n\t<meta property=\"og:image:type\" content=\"image\/jpeg\" \/>\n<meta name=\"twitter:card\" content=\"summary_large_image\" \/>\n<meta name=\"twitter:label1\" content=\"Est. reading time\" \/>\n\t<meta name=\"twitter:data1\" content=\"2 minutes\" \/>\n<script type=\"application\/ld+json\" class=\"yoast-schema-graph\">{\"@context\":\"https:\/\/schema.org\",\"@graph\":[{\"@type\":\"WebPage\",\"@id\":\"https:\/\/fundacionrafanadal.quelinka.es\/en\/get-to-know\/news\/news-2022\/la-fundacion-rafa-nadal-ha-sido-galardonada-en-los-premios-rompe-el-circulo-del-alto-comisionado-contra-la-pobreza-infantil\/\",\"url\":\"https:\/\/fundacionrafanadal.quelinka.es\/en\/get-to-know\/news\/news-2022\/la-fundacion-rafa-nadal-ha-sido-galardonada-en-los-premios-rompe-el-circulo-del-alto-comisionado-contra-la-pobreza-infantil\/\",\"name\":\"The Rafa Nadal Foundation has been awarded at the 'Break the circle' awards of the High Commissioner against child poverty - Fundaci\u00f3n Rafa Nadal\",\"isPartOf\":{\"@id\":\"https:\/\/fundacionrafanadal.quelinka.es\/en\/#website\"},\"primaryImageOfPage\":{\"@id\":\"https:\/\/fundacionrafanadal.quelinka.es\/en\/get-to-know\/news\/news-2022\/la-fundacion-rafa-nadal-ha-sido-galardonada-en-los-premios-rompe-el-circulo-del-alto-comisionado-contra-la-pobreza-infantil\/#primaryimage\"},\"image\":{\"@id\":\"https:\/\/fundacionrafanadal.quelinka.es\/en\/get-to-know\/news\/news-2022\/la-fundacion-rafa-nadal-ha-sido-galardonada-en-los-premios-rompe-el-circulo-del-alto-comisionado-contra-la-pobreza-infantil\/#primaryimage\"},\"thumbnailUrl\":\"https:\/\/fundacionrafanadal.quelinka.es\/wp-content\/uploads\/2022\/06\/premios-alto-comisionado-2022-th.jpg\",\"datePublished\":\"2022-06-15T14:47:18+00:00\",\"dateModified\":\"2022-06-15T14:54:11+00:00\",\"breadcrumb\":{\"@id\":\"https:\/\/fundacionrafanadal.quelinka.es\/en\/get-to-know\/news\/news-2022\/la-fundacion-rafa-nadal-ha-sido-galardonada-en-los-premios-rompe-el-circulo-del-alto-comisionado-contra-la-pobreza-infantil\/#breadcrumb\"},\"inLanguage\":\"en-US\",\"potentialAction\":[{\"@type\":\"ReadAction\",\"target\":[\"https:\/\/fundacionrafanadal.quelinka.es\/en\/get-to-know\/news\/news-2022\/la-fundacion-rafa-nadal-ha-sido-galardonada-en-los-premios-rompe-el-circulo-del-alto-comisionado-contra-la-pobreza-infantil\/\"]}]},{\"@type\":\"ImageObject\",\"inLanguage\":\"en-US\",\"@id\":\"https:\/\/fundacionrafanadal.quelinka.es\/en\/get-to-know\/news\/news-2022\/la-fundacion-rafa-nadal-ha-sido-galardonada-en-los-premios-rompe-el-circulo-del-alto-comisionado-contra-la-pobreza-infantil\/#primaryimage\",\"url\":\"https:\/\/fundacionrafanadal.quelinka.es\/wp-content\/uploads\/2022\/06\/premios-alto-comisionado-2022-th.jpg\",\"contentUrl\":\"https:\/\/fundacionrafanadal.quelinka.es\/wp-content\/uploads\/2022\/06\/premios-alto-comisionado-2022-th.jpg\",\"width\":364,\"height\":241},{\"@type\":\"BreadcrumbList\",\"@id\":\"https:\/\/fundacionrafanadal.quelinka.es\/en\/get-to-know\/news\/news-2022\/la-fundacion-rafa-nadal-ha-sido-galardonada-en-los-premios-rompe-el-circulo-del-alto-comisionado-contra-la-pobreza-infantil\/#breadcrumb\",\"itemListElement\":[{\"@type\":\"ListItem\",\"position\":1,\"name\":\"Portada\",\"item\":\"https:\/\/fundacionrafanadal.quelinka.es\/en\/\"},{\"@type\":\"ListItem\",\"position\":2,\"name\":\"Get to know!\",\"item\":\"https:\/\/fundacionrafanadal.quelinka.es\/en\/conocenos\/\"},{\"@type\":\"ListItem\",\"position\":3,\"name\":\"News\",\"item\":\"https:\/\/fundacionrafanadal.quelinka.es\/en\/conocenos\/noticias\/\"},{\"@type\":\"ListItem\",\"position\":4,\"name\":\"News 2022\",\"item\":\"https:\/\/fundacionrafanadal.quelinka.es\/en\/conocenos\/noticias\/noticias-2022\/\"},{\"@type\":\"ListItem\",\"position\":5,\"name\":\"The Rafa Nadal Foundation has been awarded at the &#8216;Break the circle&#8217; awards of the High Commissioner against child poverty\"}]},{\"@type\":\"WebSite\",\"@id\":\"https:\/\/fundacionrafanadal.quelinka.es\/en\/#website\",\"url\":\"https:\/\/fundacionrafanadal.quelinka.es\/en\/\",\"name\":\"Fundaci\u00f3n Rafa Nadal\",\"description\":\"A trav\u00e9s del deporte y la educaci\u00f3n, promovemos la integraci\u00f3n y el desarrollo personal y social de ni\u00f1os y j\u00f3venes. En Espa\u00f1a y la India.\",\"publisher\":{\"@id\":\"https:\/\/fundacionrafanadal.quelinka.es\/en\/#organization\"},\"potentialAction\":[{\"@type\":\"SearchAction\",\"target\":{\"@type\":\"EntryPoint\",\"urlTemplate\":\"https:\/\/fundacionrafanadal.quelinka.es\/en\/?s={search_term_string}\"},\"query-input\":{\"@type\":\"PropertyValueSpecification\",\"valueRequired\":true,\"valueName\":\"search_term_string\"}}],\"inLanguage\":\"en-US\"},{\"@type\":\"Organization\",\"@id\":\"https:\/\/fundacionrafanadal.quelinka.es\/en\/#organization\",\"name\":\"Fundaci\u00f3n Rafa Nadal\",\"url\":\"https:\/\/fundacionrafanadal.quelinka.es\/en\/\",\"logo\":{\"@type\":\"ImageObject\",\"inLanguage\":\"en-US\",\"@id\":\"https:\/\/fundacionrafanadal.quelinka.es\/en\/#\/schema\/logo\/image\/\",\"url\":\"https:\/\/fundacionrafanadal.quelinka.es\/wp-content\/uploads\/2022\/09\/logo-frn-web-3.png\",\"contentUrl\":\"https:\/\/fundacionrafanadal.quelinka.es\/wp-content\/uploads\/2022\/09\/logo-frn-web-3.png\",\"width\":551,\"height\":140,\"caption\":\"Fundaci\u00f3n Rafa Nadal\"},\"image\":{\"@id\":\"https:\/\/fundacionrafanadal.quelinka.es\/en\/#\/schema\/logo\/image\/\"}}]}<\/script>\n<!-- \/ Yoast SEO plugin. -->","yoast_head_json":{"title":"The Rafa Nadal Foundation has been awarded at the 'Break the circle' awards of the High Commissioner against child poverty - Fundaci\u00f3n Rafa Nadal","robots":{"index":"noindex","follow":"follow","max-snippet":"max-snippet:-1","max-image-preview":"max-image-preview:large","max-video-preview":"max-video-preview:-1"},"og_locale":"en_US","og_type":"article","og_title":"The Rafa Nadal Foundation has been awarded at the 'Break the circle' awards of the High Commissioner against child poverty - Fundaci\u00f3n Rafa Nadal","og_description":"The Rafa Nadal Foundation has been awarded at the &#8216;Break the circle&#8217; awards of the High Commissioner against child poverty The&nbsp;High Commissioner against Child Poverty&nbsp;has promoted the&nbsp;&#8216;Break the Circle Awards&#8217;&nbsp;with which it recognizes the work of organizations, companies and people who have achieved, through their projects,&nbsp;substantial changes in the fight against child poverty in Spain. [&hellip;]","og_url":"https:\/\/fundacionrafanadal.quelinka.es\/en\/get-to-know\/news\/news-2022\/la-fundacion-rafa-nadal-ha-sido-galardonada-en-los-premios-rompe-el-circulo-del-alto-comisionado-contra-la-pobreza-infantil\/","og_site_name":"Fundaci\u00f3n Rafa Nadal","article_modified_time":"2022-06-15T14:54:11+00:00","og_image":[{"width":364,"height":241,"url":"https:\/\/fundacionrafanadal.quelinka.es\/wp-content\/uploads\/2022\/06\/premios-alto-comisionado-2022-th.jpg","type":"image\/jpeg"}],"twitter_card":"summary_large_image","twitter_misc":{"Est. reading time":"2 minutes"},"schema":{"@context":"https:\/\/schema.org","@graph":[{"@type":"WebPage","@id":"https:\/\/fundacionrafanadal.quelinka.es\/en\/get-to-know\/news\/news-2022\/la-fundacion-rafa-nadal-ha-sido-galardonada-en-los-premios-rompe-el-circulo-del-alto-comisionado-contra-la-pobreza-infantil\/","url":"https:\/\/fundacionrafanadal.quelinka.es\/en\/get-to-know\/news\/news-2022\/la-fundacion-rafa-nadal-ha-sido-galardonada-en-los-premios-rompe-el-circulo-del-alto-comisionado-contra-la-pobreza-infantil\/","name":"The Rafa Nadal Foundation has been awarded at the 'Break the circle' awards of the High Commissioner against child poverty - Fundaci\u00f3n Rafa Nadal","isPartOf":{"@id":"https:\/\/fundacionrafanadal.quelinka.es\/en\/#website"},"primaryImageOfPage":{"@id":"https:\/\/fundacionrafanadal.quelinka.es\/en\/get-to-know\/news\/news-2022\/la-fundacion-rafa-nadal-ha-sido-galardonada-en-los-premios-rompe-el-circulo-del-alto-comisionado-contra-la-pobreza-infantil\/#primaryimage"},"image":{"@id":"https:\/\/fundacionrafanadal.quelinka.es\/en\/get-to-know\/news\/news-2022\/la-fundacion-rafa-nadal-ha-sido-galardonada-en-los-premios-rompe-el-circulo-del-alto-comisionado-contra-la-pobreza-infantil\/#primaryimage"},"thumbnailUrl":"https:\/\/fundacionrafanadal.quelinka.es\/wp-content\/uploads\/2022\/06\/premios-alto-comisionado-2022-th.jpg","datePublished":"2022-06-15T14:47:18+00:00","dateModified":"2022-06-15T14:54:11+00:00","breadcrumb":{"@id":"https:\/\/fundacionrafanadal.quelinka.es\/en\/get-to-know\/news\/news-2022\/la-fundacion-rafa-nadal-ha-sido-galardonada-en-los-premios-rompe-el-circulo-del-alto-comisionado-contra-la-pobreza-infantil\/#breadcrumb"},"inLanguage":"en-US","potentialAction":[{"@type":"ReadAction","target":["https:\/\/fundacionrafanadal.quelinka.es\/en\/get-to-know\/news\/news-2022\/la-fundacion-rafa-nadal-ha-sido-galardonada-en-los-premios-rompe-el-circulo-del-alto-comisionado-contra-la-pobreza-infantil\/"]}]},{"@type":"ImageObject","inLanguage":"en-US","@id":"https:\/\/fundacionrafanadal.quelinka.es\/en\/get-to-know\/news\/news-2022\/la-fundacion-rafa-nadal-ha-sido-galardonada-en-los-premios-rompe-el-circulo-del-alto-comisionado-contra-la-pobreza-infantil\/#primaryimage","url":"https:\/\/fundacionrafanadal.quelinka.es\/wp-content\/uploads\/2022\/06\/premios-alto-comisionado-2022-th.jpg","contentUrl":"https:\/\/fundacionrafanadal.quelinka.es\/wp-content\/uploads\/2022\/06\/premios-alto-comisionado-2022-th.jpg","width":364,"height":241},{"@type":"BreadcrumbList","@id":"https:\/\/fundacionrafanadal.quelinka.es\/en\/get-to-know\/news\/news-2022\/la-fundacion-rafa-nadal-ha-sido-galardonada-en-los-premios-rompe-el-circulo-del-alto-comisionado-contra-la-pobreza-infantil\/#breadcrumb","itemListElement":[{"@type":"ListItem","position":1,"name":"Portada","item":"https:\/\/fundacionrafanadal.quelinka.es\/en\/"},{"@type":"ListItem","position":2,"name":"Get to know!","item":"https:\/\/fundacionrafanadal.quelinka.es\/en\/conocenos\/"},{"@type":"ListItem","position":3,"name":"News","item":"https:\/\/fundacionrafanadal.quelinka.es\/en\/conocenos\/noticias\/"},{"@type":"ListItem","position":4,"name":"News 2022","item":"https:\/\/fundacionrafanadal.quelinka.es\/en\/conocenos\/noticias\/noticias-2022\/"},{"@type":"ListItem","position":5,"name":"The Rafa Nadal Foundation has been awarded at the &#8216;Break the circle&#8217; awards of the High Commissioner against child poverty"}]},{"@type":"WebSite","@id":"https:\/\/fundacionrafanadal.quelinka.es\/en\/#website","url":"https:\/\/fundacionrafanadal.quelinka.es\/en\/","name":"Fundaci\u00f3n Rafa Nadal","description":"A trav\u00e9s del deporte y la educaci\u00f3n, promovemos la integraci\u00f3n y el desarrollo personal y social de ni\u00f1os y j\u00f3venes. En Espa\u00f1a y la India.","publisher":{"@id":"https:\/\/fundacionrafanadal.quelinka.es\/en\/#organization"},"potentialAction":[{"@type":"SearchAction","target":{"@type":"EntryPoint","urlTemplate":"https:\/\/fundacionrafanadal.quelinka.es\/en\/?s={search_term_string}"},"query-input":{"@type":"PropertyValueSpecification","valueRequired":true,"valueName":"search_term_string"}}],"inLanguage":"en-US"},{"@type":"Organization","@id":"https:\/\/fundacionrafanadal.quelinka.es\/en\/#organization","name":"Fundaci\u00f3n Rafa Nadal","url":"https:\/\/fundacionrafanadal.quelinka.es\/en\/","logo":{"@type":"ImageObject","inLanguage":"en-US","@id":"https:\/\/fundacionrafanadal.quelinka.es\/en\/#\/schema\/logo\/image\/","url":"https:\/\/fundacionrafanadal.quelinka.es\/wp-content\/uploads\/2022\/09\/logo-frn-web-3.png","contentUrl":"https:\/\/fundacionrafanadal.quelinka.es\/wp-content\/uploads\/2022\/09\/logo-frn-web-3.png","width":551,"height":140,"caption":"Fundaci\u00f3n Rafa Nadal"},"image":{"@id":"https:\/\/fundacionrafanadal.quelinka.es\/en\/#\/schema\/logo\/image\/"}}]}},"campaignId":"","_links":{"self":[{"href":"https:\/\/fundacionrafanadal.quelinka.es\/en\/wp-json\/wp\/v2\/pages\/9068","targetHints":{"allow":["GET"]}}],"collection":[{"href":"https:\/\/fundacionrafanadal.quelinka.es\/en\/wp-json\/wp\/v2\/pages"}],"about":[{"href":"https:\/\/fundacionrafanadal.quelinka.es\/en\/wp-json\/wp\/v2\/types\/page"}],"author":[{"embeddable":true,"href":"https:\/\/fundacionrafanadal.quelinka.es\/en\/wp-json\/wp\/v2\/users\/1"}],"replies":[{"embeddable":true,"href":"https:\/\/fundacionrafanadal.quelinka.es\/en\/wp-json\/wp\/v2\/comments?post=9068"}],"version-history":[{"count":2,"href":"https:\/\/fundacionrafanadal.quelinka.es\/en\/wp-json\/wp\/v2\/pages\/9068\/revisions"}],"predecessor-version":[{"id":9073,"href":"https:\/\/fundacionrafanadal.quelinka.es\/en\/wp-json\/wp\/v2\/pages\/9068\/revisions\/9073"}],"up":[{"embeddable":true,"href":"https:\/\/fundacionrafanadal.quelinka.es\/en\/wp-json\/wp\/v2\/pages\/7300"}],"wp:featuredmedia":[{"embeddable":true,"href":"https:\/\/fundacionrafanadal.quelinka.es\/en\/wp-json\/wp\/v2\/media\/9048"}],"wp:attachment":[{"href":"https:\/\/fundacionrafanadal.quelinka.es\/en\/wp-json\/wp\/v2\/media?parent=9068"}],"curies":[{"name":"wp","href":"https:\/\/api.w.org\/{rel}","templated":true}]}}